{"id":7482,"date":"2022-01-12T07:28:33","date_gmt":"2022-01-12T07:28:33","guid":{"rendered":"https:\/\/resasports.com\/home\/"},"modified":"2024-06-24T11:01:22","modified_gmt":"2024-06-24T11:01:22","slug":"home","status":"publish","type":"page","link":"https:\/\/resasports.com\/fr\/","title":{"rendered":"Home"},"content":{"rendered":"<p>[et_pb_section fb_built=\u00a0\u00bb1&Prime; disabled_on=\u00a0\u00bbon|off|off\u00a0\u00bb admin_label=\u00a0\u00bbintro desktop\u00a0\u00bb _builder_version=\u00a0\u00bb4.16&Prime; _module_preset=\u00a0\u00bbdefault\u00a0\u00bb custom_margin=\u00a0\u00bb0px||0px||true|false\u00a0\u00bb custom_padding=\u00a0\u00bb0px||0px||true|false\u00a0\u00bb hover_transition_delay=\u00a0\u00bb100ms\u00a0\u00bb locked=\u00a0\u00bboff\u00a0\u00bb global_colors_info=\u00a0\u00bb{}\u00a0\u00bb][et_pb_row column_structure=\u00a0\u00bb1_2,1_2&Prime; use_custom_gutter=\u00a0\u00bbon\u00a0\u00bb gutter_width=\u00a0\u00bb1&Prime; _builder_version=\u00a0\u00bb4.16&Prime; _module_preset=\u00a0\u00bbdefault\u00a0\u00bb width=\u00a0\u00bb100%\u00a0\u00bb max_width=\u00a0\u00bb100%\u00a0\u00bb height=\u00a0\u00bb97vh\u00a0\u00bb max_height=\u00a0\u00bb100vh\u00a0\u00bb custom_padding=\u00a0\u00bb0px||0px||true|false\u00a0\u00bb global_colors_info=\u00a0\u00bb{}\u00a0\u00bb][et_pb_column type=\u00a0\u00bb1_2&Prime; module_class=\u00a0\u00bbcursor\u00a0\u00bb admin_label=\u00a0\u00bbLeft\u00a0\u00bb _builder_version=\u00a0\u00bb4.16&Prime; _module_preset=\u00a0\u00bbdefault\u00a0\u00bb link_option_url=\u00a0\u00bbhttps:\/\/social.resasports.com\/fr\/\u00a0\u00bb global_colors_info=\u00a0\u00bb{}\u00a0\u00bb][et_pb_text module_class=\u00a0\u00bbnetwork cursor\u00a0\u00bb _builder_version=\u00a0\u00bb4.22.1&Prime; _module_preset=\u00a0\u00bbdefault\u00a0\u00bb text_font=\u00a0\u00bbRaleway|500|||||||\u00a0\u00bb text_text_color=\u00a0\u00bb#122c34&Prime; header_font=\u00a0\u00bbRaleway|900|||||||\u00a0\u00bb header_text_color=\u00a0\u00bb#122c34&Prime; header_font_size=\u00a0\u00bb35px\u00a0\u00bb background_color=\u00a0\u00bb#e6faef\u00a0\u00bb background_enable_image=\u00a0\u00bboff\u00a0\u00bb height=\u00a0\u00bb97vh\u00a0\u00bb max_height=\u00a0\u00bb97vh\u00a0\u00bb custom_margin=\u00a0\u00bb||||true|false\u00a0\u00bb custom_padding=\u00a0\u00bb10%|10%||10%|false|false\u00a0\u00bb link_option_url=\u00a0\u00bbhttps:\/\/social.resasports.com\/fr\/\u00a0\u00bb hover_enabled=\u00a0\u00bb0&Prime; border_width_left=\u00a0\u00bb1px\u00a0\u00bb border_color_left=\u00a0\u00bb#FFFFFF\u00a0\u00bb locked=\u00a0\u00bboff\u00a0\u00bb global_colors_info=\u00a0\u00bb{}\u00a0\u00bb background__hover_enabled=\u00a0\u00bboff|desktop\u00a0\u00bb background_image__hover=\u00a0\u00bbhttps:\/\/resawod.com\/old\/wp-content\/uploads\/sites\/2\/2021\/09\/RS-active-BG.png\u00a0\u00bb background_enable_image__hover=\u00a0\u00bbon\u00a0\u00bb sticky_enabled=\u00a0\u00bb0&Prime;]<\/p>\n<p><img decoding=\"async\" class=\"intro-logo\" src=\"https:\/\/resasports.com\/wp-content\/uploads\/2022\/01\/RS-network-logo.png\" \/><\/p>\n<h1>Vous cherchez un Centre Sportif<\/h1>\n<h1>pr\u00e8s de chez vous ?<\/h1>\n<p>Pratiquez votre sport pr\u00e9f\u00e9r\u00e9 o\u00f9 et quand vous le voulez avec Resasports.<\/p>\n<p><a href=\"https:\/\/social.resasports.com\/fr\/\"><button class=\"intro-btn cursor-pointer\">Explorer<\/button><\/a><\/p>\n<p>[\/et_pb_text][\/et_pb_column][et_pb_column type=\u00a0\u00bb1_2&Prime; module_class=\u00a0\u00bbcursor\u00a0\u00bb admin_label=\u00a0\u00bbRight\u00a0\u00bb _builder_version=\u00a0\u00bb4.16&Prime; _dynamic_attributes=\u00a0\u00bblink_option_url\u00a0\u00bb _module_preset=\u00a0\u00bbdefault\u00a0\u00bb link_option_url=\u00a0\u00bb@ET-DC@eyJkeW5hbWljIjp0cnVlLCJjb250ZW50IjoicG9zdF9saW5rX3VybF9wYWdlIiwic2V0dGluZ3MiOnsicG9zdF9pZCI6IjE1ODkifX0=@\u00a0\u00bb global_colors_info=\u00a0\u00bb{}\u00a0\u00bb][et_pb_text module_class=\u00a0\u00bbsoftware cursor\u00a0\u00bb _builder_version=\u00a0\u00bb4.21.0&Prime; _module_preset=\u00a0\u00bbdefault\u00a0\u00bb text_font=\u00a0\u00bbRaleway|500|||||||\u00a0\u00bb text_text_color=\u00a0\u00bb#122c34&Prime; header_font=\u00a0\u00bbRaleway|900|||||||\u00a0\u00bb header_text_color=\u00a0\u00bb#122c34&Prime; header_font_size=\u00a0\u00bb35px\u00a0\u00bb background_color=\u00a0\u00bb#e8eaeb\u00a0\u00bb background_enable_image=\u00a0\u00bboff\u00a0\u00bb height=\u00a0\u00bb97vh\u00a0\u00bb max_height=\u00a0\u00bb97vh\u00a0\u00bb custom_margin=\u00a0\u00bb||||true|false\u00a0\u00bb custom_padding=\u00a0\u00bb10%|10%||10%|false|false\u00a0\u00bb link_option_url=\u00a0\u00bbhttps:\/\/resasports.com\/fr\/logiciel\/\u00a0\u00bb border_width_right=\u00a0\u00bb1px\u00a0\u00bb border_color_right=\u00a0\u00bb#FFFFFF\u00a0\u00bb global_colors_info=\u00a0\u00bb{}\u00a0\u00bb background__hover_enabled=\u00a0\u00bboff|desktop\u00a0\u00bb background_image__hover=\u00a0\u00bbhttps:\/\/resawod.com\/old\/wp-content\/uploads\/sites\/2\/2021\/09\/RW-active-BG-02.png\u00a0\u00bb background_enable_image__hover=\u00a0\u00bbon\u00a0\u00bb]<\/p>\n<p><img decoding=\"async\" class=\"intro-logo\" src=\"https:\/\/resasports.com\/wp-content\/uploads\/2022\/01\/RS-intro-logo.png\" \/><\/p>\n<h1>Vous g\u00e9rez un<\/h1>\n<h1>Centre Sportif ?<\/h1>\n<p>D\u00e9couvrez Resasports, le logiciel<br \/>sp\u00e9cialis\u00e9 dans la gestion des<br \/>Centres Sportifs.<\/p>\n<p><a href=\"https:\/\/resasports.com\/fr\/logiciel\/\"><button class=\"intro-btn cursor-pointer\">Je veux conna\u00eetre le logiciel<\/button><\/a><\/p>\n<p>[\/et_pb_text][\/et_pb_column][\/et_pb_row][\/et_pb_section][et_pb_section fb_built=\u00a0\u00bb1&Prime; disabled_on=\u00a0\u00bboff|on|on\u00a0\u00bb admin_label=\u00a0\u00bbintro mobile\u00a0\u00bb _builder_version=\u00a0\u00bb4.16&Prime; _module_preset=\u00a0\u00bbdefault\u00a0\u00bb custom_margin=\u00a0\u00bb0px||0px||true|false\u00a0\u00bb custom_padding=\u00a0\u00bb0px||0px||true|false\u00a0\u00bb locked=\u00a0\u00bboff\u00a0\u00bb global_colors_info=\u00a0\u00bb{}\u00a0\u00bb][et_pb_row column_structure=\u00a0\u00bb1_2,1_2&Prime; use_custom_gutter=\u00a0\u00bbon\u00a0\u00bb gutter_width=\u00a0\u00bb1&Prime; _builder_version=\u00a0\u00bb4.16&Prime; _module_preset=\u00a0\u00bbdefault\u00a0\u00bb width=\u00a0\u00bb100%\u00a0\u00bb max_width=\u00a0\u00bb100%\u00a0\u00bb height=\u00a0\u00bb60vh\u00a0\u00bb max_height=\u00a0\u00bb100vh\u00a0\u00bb custom_padding=\u00a0\u00bb0px||0px||true|false\u00a0\u00bb global_colors_info=\u00a0\u00bb{}\u00a0\u00bb][et_pb_column type=\u00a0\u00bb1_2&Prime; admin_label=\u00a0\u00bbLeft\u00a0\u00bb _builder_version=\u00a0\u00bb4.16&Prime; _module_preset=\u00a0\u00bbdefault\u00a0\u00bb link_option_url=\u00a0\u00bbhttps:\/\/social.resasports.com\/fr\/\u00a0\u00bb global_colors_info=\u00a0\u00bb{}\u00a0\u00bb][et_pb_text _builder_version=\u00a0\u00bb4.16&Prime; _module_preset=\u00a0\u00bbdefault\u00a0\u00bb text_font=\u00a0\u00bbRaleway|500|||||||\u00a0\u00bb text_text_color=\u00a0\u00bb#122c34&Prime; header_font=\u00a0\u00bbRaleway|800|||||||\u00a0\u00bb header_text_color=\u00a0\u00bb#122c34&Prime; background_color=\u00a0\u00bb#e6faef\u00a0\u00bb background_image=\u00a0\u00bbhttps:\/\/resawod.com\/old\/wp-content\/uploads\/sites\/2\/2021\/09\/network-device-BG-02.png\u00a0\u00bb height=\u00a0\u00bb55vh\u00a0\u00bb max_height=\u00a0\u00bb97vh\u00a0\u00bb custom_margin=\u00a0\u00bb||||true|false\u00a0\u00bb custom_padding=\u00a0\u00bb3%|35%||10%|false|false\u00a0\u00bb link_option_url=\u00a0\u00bbhttps:\/\/social.resasports.com\/fr\/\u00a0\u00bb border_color_all=\u00a0\u00bbRGBA(0,0,0,0)\u00a0\u00bb border_width_top=\u00a0\u00bb1px\u00a0\u00bb border_color_top=\u00a0\u00bb#FFFFFF\u00a0\u00bb border_color_right=\u00a0\u00bb#FFFFFF\u00a0\u00bb border_color_bottom=\u00a0\u00bb#FFFFFF\u00a0\u00bb border_color_left=\u00a0\u00bb#FFFFFF\u00a0\u00bb locked=\u00a0\u00bboff\u00a0\u00bb global_colors_info=\u00a0\u00bb{}\u00a0\u00bb background_image__hover=\u00a0\u00bbhttps:\/\/resawod.com\/old\/wp-content\/uploads\/sites\/2\/2021\/09\/RS-active-mobile-BG-01.png\u00a0\u00bb background_enable_image__hover=\u00a0\u00bbon\u00a0\u00bb background__hover_enabled=\u00a0\u00bboff|hover\u00a0\u00bb height__hover=\u00a0\u00bb97vh\u00a0\u00bb height__hover_enabled=\u00a0\u00bboff|desktop\u00a0\u00bb parallax__hover=\u00a0\u00bboff\u00a0\u00bb background_size__hover=\u00a0\u00bbcover\u00a0\u00bb]<\/p>\n<p><img decoding=\"async\" class=\"intro-logo-mobile\" src=\"https:\/\/resasports.com\/wp-content\/uploads\/2022\/01\/RS-network-logo.png\" \/><\/p>\n<h1>Vous cherchez un Centre Sportif pr\u00e8s de chez vous ?<\/h1>\n<p>Pratiquez votre sport pr\u00e9f\u00e9r\u00e9<br \/>o\u00f9 et quand vous le voulez avec<br \/>Resasports.<\/p>\n<p><a href=\"https:\/\/social.resasports.com\/fr\/\"><button class=\"intro-btn\">Explorer<\/button><\/a><\/p>\n<p>[\/et_pb_text][\/et_pb_column][et_pb_column type=\u00a0\u00bb1_2&Prime; admin_label=\u00a0\u00bbRight\u00a0\u00bb _builder_version=\u00a0\u00bb4.16&Prime; _module_preset=\u00a0\u00bbdefault\u00a0\u00bb global_colors_info=\u00a0\u00bb{}\u00a0\u00bb][et_pb_text _builder_version=\u00a0\u00bb4.21.0&Prime; _dynamic_attributes=\u00a0\u00bblink_option_url\u00a0\u00bb _module_preset=\u00a0\u00bbdefault\u00a0\u00bb text_font=\u00a0\u00bbRaleway|500|||||||\u00a0\u00bb text_text_color=\u00a0\u00bb#122c34&Prime; header_font=\u00a0\u00bbRaleway|800|||||||\u00a0\u00bb header_text_color=\u00a0\u00bb#122c34&Prime; background_color=\u00a0\u00bb#e8eaeb\u00a0\u00bb background_image=\u00a0\u00bbhttps:\/\/resawod.com\/old\/wp-content\/uploads\/sites\/2\/2021\/09\/software-device-BG.png\u00a0\u00bb height=\u00a0\u00bb55vh\u00a0\u00bb max_height=\u00a0\u00bb97vh\u00a0\u00bb custom_margin=\u00a0\u00bb||||true|false\u00a0\u00bb custom_padding=\u00a0\u00bb3%|40%||10%|false|false\u00a0\u00bb link_option_url=\u00a0\u00bb@ET-DC@eyJkeW5hbWljIjp0cnVlLCJjb250ZW50IjoicG9zdF9saW5rX3VybF9wYWdlIiwic2V0dGluZ3MiOnsicG9zdF9pZCI6IjkyNDQifX0=@\u00a0\u00bb background_last_edited=\u00a0\u00bboff|desktop\u00a0\u00bb background_image_phone=\u00a0\u00bbhttps:\/\/resawod.com\/old\/wp-content\/uploads\/sites\/2\/2021\/09\/RW-active-mobile-BG.png\u00a0\u00bb background_enable_image_phone=\u00a0\u00bbon\u00a0\u00bb border_color_all=\u00a0\u00bbRGBA(0,0,0,0)\u00a0\u00bb border_color_right=\u00a0\u00bb#FFFFFF\u00a0\u00bb border_width_bottom=\u00a0\u00bb1px\u00a0\u00bb border_color_bottom=\u00a0\u00bb#FFFFFF\u00a0\u00bb global_colors_info=\u00a0\u00bb{}\u00a0\u00bb background__hover_enabled=\u00a0\u00bboff|hover\u00a0\u00bb background_image__hover=\u00a0\u00bbhttps:\/\/resawod.com\/old\/wp-content\/uploads\/sites\/2\/2021\/09\/RW-active-BG-04.png\u00a0\u00bb background_enable_image__hover=\u00a0\u00bbon\u00a0\u00bb height__hover_enabled=\u00a0\u00bboff|desktop\u00a0\u00bb height__hover=\u00a0\u00bb97vh\u00a0\u00bb background_size__hover=\u00a0\u00bbcover\u00a0\u00bb parallax__hover=\u00a0\u00bboff\u00a0\u00bb]<\/p>\n<p><img decoding=\"async\" class=\"intro-logo-mobile\" src=\"https:\/\/resasports.com\/wp-content\/uploads\/2022\/01\/RS-intro-logo.png\" \/><\/p>\n<h1>Vous g\u00e9rez un Centre Sportif ?<\/h1>\n<p>D\u00e9couvrez Resasports, le logiciel sp\u00e9cialis\u00e9 dans la gestion des Centres<br \/>Sportifs.<\/p>\n<p><a href=\"https:\/\/resasports.com\/fr\/logiciel\/\"><button class=\"intro-btn\">Je veux conna\u00eetre le logiciel<\/button><\/a><\/p>\n<p>[\/et_pb_text][\/et_pb_column][\/et_pb_row][\/et_pb_section]<\/p>\n","protected":false},"excerpt":{"rendered":"<p>Vous cherchez un Centre Sportif pr\u00e8s de chez vous ? Pratiquez votre sport pr\u00e9f\u00e9r\u00e9 o\u00f9 et quand vous le voulez avec Resasports. Explorer Vous g\u00e9rez un Centre Sportif ? D\u00e9couvrez Resasports, le logicielsp\u00e9cialis\u00e9 dans la gestion desCentres Sportifs. Je veux conna\u00eetre le logiciel Vous cherchez un Centre Sportif pr\u00e8s de chez vous ? Pratiquez votre [&hellip;]<\/p>\n","protected":false},"author":3,"featured_media":0,"parent":0,"menu_order":0,"comment_status":"closed","ping_status":"closed","template":"page-template-blank.php","meta":{"_et_pb_use_builder":"on","_et_pb_old_content":"","_et_gb_content_width":"","content-type":"","footnotes":""},"class_list":["post-7482","page","type-page","status-publish","hentry"],"yoast_head":"<!-- This site is optimized with the Yoast SEO plugin v25.7 - https:\/\/yoast.com\/wordpress\/plugins\/seo\/ -->\n<title>D\u00e9couvrez Resasports<\/title>\n<meta name=\"description\" content=\"Vous cherchez une centre sportif pr\u00e8s de chez vous ? Pratiquez votre sport pr\u00e9f\u00e9r\u00e9 o\u00f9 et quand vous le voulez avec Resasports.\" \/>\n<meta name=\"robots\" content=\"index, follow, max-snippet:-1, max-image-preview:large, max-video-preview:-1\" \/>\n<link rel=\"canonical\" href=\"https:\/\/resasports.com\/fr\/\" \/>\n<meta property=\"og:locale\" content=\"fr_FR\" \/>\n<meta property=\"og:type\" content=\"article\" \/>\n<meta property=\"og:title\" content=\"D\u00e9couvrez Resasports\" \/>\n<meta property=\"og:description\" content=\"Vous cherchez une centre sportif pr\u00e8s de chez vous ? Pratiquez votre sport pr\u00e9f\u00e9r\u00e9 o\u00f9 et quand vous le voulez avec Resasports.\" \/>\n<meta property=\"og:url\" content=\"https:\/\/resasports.com\/fr\/\" \/>\n<meta property=\"og:site_name\" content=\"Resasports\" \/>\n<meta property=\"article:modified_time\" content=\"2024-06-24T11:01:22+00:00\" \/>\n<meta property=\"og:image\" content=\"https:\/\/resasports.com\/wp-content\/uploads\/2022\/01\/RS-network-logo.png\" \/>\n<meta name=\"twitter:card\" content=\"summary_large_image\" \/>\n<meta name=\"twitter:label1\" content=\"Dur\u00e9e de lecture estim\u00e9e\" \/>\n\t<meta name=\"twitter:data1\" content=\"3 minutes\" \/>\n<script type=\"application\/ld+json\" class=\"yoast-schema-graph\">{\"@context\":\"https:\/\/schema.org\",\"@graph\":[{\"@type\":\"WebPage\",\"@id\":\"https:\/\/resasports.com\/fr\/\",\"url\":\"https:\/\/resasports.com\/fr\/\",\"name\":\"D\u00e9couvrez Resasports\",\"isPartOf\":{\"@id\":\"https:\/\/resasports.com\/fr\/#website\"},\"primaryImageOfPage\":{\"@id\":\"https:\/\/resasports.com\/fr\/#primaryimage\"},\"image\":{\"@id\":\"https:\/\/resasports.com\/fr\/#primaryimage\"},\"thumbnailUrl\":\"https:\/\/resasports.com\/wp-content\/uploads\/2022\/01\/RS-network-logo.png\",\"datePublished\":\"2022-01-12T07:28:33+00:00\",\"dateModified\":\"2024-06-24T11:01:22+00:00\",\"description\":\"Vous cherchez une centre sportif pr\u00e8s de chez vous ? Pratiquez votre sport pr\u00e9f\u00e9r\u00e9 o\u00f9 et quand vous le voulez avec Resasports.\",\"breadcrumb\":{\"@id\":\"https:\/\/resasports.com\/fr\/#breadcrumb\"},\"inLanguage\":\"fr-FR\",\"potentialAction\":[{\"@type\":\"ReadAction\",\"target\":[\"https:\/\/resasports.com\/fr\/\"]}]},{\"@type\":\"ImageObject\",\"inLanguage\":\"fr-FR\",\"@id\":\"https:\/\/resasports.com\/fr\/#primaryimage\",\"url\":\"https:\/\/resasports.com\/wp-content\/uploads\/2022\/01\/RS-network-logo.png\",\"contentUrl\":\"https:\/\/resasports.com\/wp-content\/uploads\/2022\/01\/RS-network-logo.png\"},{\"@type\":\"BreadcrumbList\",\"@id\":\"https:\/\/resasports.com\/fr\/#breadcrumb\",\"itemListElement\":[{\"@type\":\"ListItem\",\"position\":1,\"name\":\"Portada\",\"item\":\"https:\/\/resasports.com\/fr\/\"},{\"@type\":\"ListItem\",\"position\":2,\"name\":\"Home\"}]},{\"@type\":\"WebSite\",\"@id\":\"https:\/\/resasports.com\/fr\/#website\",\"url\":\"https:\/\/resasports.com\/fr\/\",\"name\":\"Resasports\",\"description\":\"\",\"potentialAction\":[{\"@type\":\"SearchAction\",\"target\":{\"@type\":\"EntryPoint\",\"urlTemplate\":\"https:\/\/resasports.com\/fr\/?s={search_term_string}\"},\"query-input\":{\"@type\":\"PropertyValueSpecification\",\"valueRequired\":true,\"valueName\":\"search_term_string\"}}],\"inLanguage\":\"fr-FR\"}]}<\/script>\n<!-- \/ Yoast SEO plugin. -->","yoast_head_json":{"title":"D\u00e9couvrez Resasports","description":"Vous cherchez une centre sportif pr\u00e8s de chez vous ? Pratiquez votre sport pr\u00e9f\u00e9r\u00e9 o\u00f9 et quand vous le voulez avec Resasports.","robots":{"index":"index","follow":"follow","max-snippet":"max-snippet:-1","max-image-preview":"max-image-preview:large","max-video-preview":"max-video-preview:-1"},"canonical":"https:\/\/resasports.com\/fr\/","og_locale":"fr_FR","og_type":"article","og_title":"D\u00e9couvrez Resasports","og_description":"Vous cherchez une centre sportif pr\u00e8s de chez vous ? Pratiquez votre sport pr\u00e9f\u00e9r\u00e9 o\u00f9 et quand vous le voulez avec Resasports.","og_url":"https:\/\/resasports.com\/fr\/","og_site_name":"Resasports","article_modified_time":"2024-06-24T11:01:22+00:00","og_image":[{"url":"https:\/\/resasports.com\/wp-content\/uploads\/2022\/01\/RS-network-logo.png","type":"","width":"","height":""}],"twitter_card":"summary_large_image","twitter_misc":{"Dur\u00e9e de lecture estim\u00e9e":"3 minutes"},"schema":{"@context":"https:\/\/schema.org","@graph":[{"@type":"WebPage","@id":"https:\/\/resasports.com\/fr\/","url":"https:\/\/resasports.com\/fr\/","name":"D\u00e9couvrez Resasports","isPartOf":{"@id":"https:\/\/resasports.com\/fr\/#website"},"primaryImageOfPage":{"@id":"https:\/\/resasports.com\/fr\/#primaryimage"},"image":{"@id":"https:\/\/resasports.com\/fr\/#primaryimage"},"thumbnailUrl":"https:\/\/resasports.com\/wp-content\/uploads\/2022\/01\/RS-network-logo.png","datePublished":"2022-01-12T07:28:33+00:00","dateModified":"2024-06-24T11:01:22+00:00","description":"Vous cherchez une centre sportif pr\u00e8s de chez vous ? Pratiquez votre sport pr\u00e9f\u00e9r\u00e9 o\u00f9 et quand vous le voulez avec Resasports.","breadcrumb":{"@id":"https:\/\/resasports.com\/fr\/#breadcrumb"},"inLanguage":"fr-FR","potentialAction":[{"@type":"ReadAction","target":["https:\/\/resasports.com\/fr\/"]}]},{"@type":"ImageObject","inLanguage":"fr-FR","@id":"https:\/\/resasports.com\/fr\/#primaryimage","url":"https:\/\/resasports.com\/wp-content\/uploads\/2022\/01\/RS-network-logo.png","contentUrl":"https:\/\/resasports.com\/wp-content\/uploads\/2022\/01\/RS-network-logo.png"},{"@type":"BreadcrumbList","@id":"https:\/\/resasports.com\/fr\/#breadcrumb","itemListElement":[{"@type":"ListItem","position":1,"name":"Portada","item":"https:\/\/resasports.com\/fr\/"},{"@type":"ListItem","position":2,"name":"Home"}]},{"@type":"WebSite","@id":"https:\/\/resasports.com\/fr\/#website","url":"https:\/\/resasports.com\/fr\/","name":"Resasports","description":"","potentialAction":[{"@type":"SearchAction","target":{"@type":"EntryPoint","urlTemplate":"https:\/\/resasports.com\/fr\/?s={search_term_string}"},"query-input":{"@type":"PropertyValueSpecification","valueRequired":true,"valueName":"search_term_string"}}],"inLanguage":"fr-FR"}]}},"_links":{"self":[{"href":"https:\/\/resasports.com\/fr\/wp-json\/wp\/v2\/pages\/7482","targetHints":{"allow":["GET"]}}],"collection":[{"href":"https:\/\/resasports.com\/fr\/wp-json\/wp\/v2\/pages"}],"about":[{"href":"https:\/\/resasports.com\/fr\/wp-json\/wp\/v2\/types\/page"}],"author":[{"embeddable":true,"href":"https:\/\/resasports.com\/fr\/wp-json\/wp\/v2\/users\/3"}],"replies":[{"embeddable":true,"href":"https:\/\/resasports.com\/fr\/wp-json\/wp\/v2\/comments?post=7482"}],"version-history":[{"count":60,"href":"https:\/\/resasports.com\/fr\/wp-json\/wp\/v2\/pages\/7482\/revisions"}],"predecessor-version":[{"id":24670,"href":"https:\/\/resasports.com\/fr\/wp-json\/wp\/v2\/pages\/7482\/revisions\/24670"}],"wp:attachment":[{"href":"https:\/\/resasports.com\/fr\/wp-json\/wp\/v2\/media?parent=7482"}],"curies":[{"name":"wp","href":"https:\/\/api.w.org\/{rel}","templated":true}]}}