{"id":27597,"date":"2025-06-26T10:23:28","date_gmt":"2025-06-26T09:23:28","guid":{"rendered":"https:\/\/resasports.com\/salles-de-sport\/solicitar-demo\/"},"modified":"2025-09-18T10:54:03","modified_gmt":"2025-09-18T09:54:03","slug":"demandez-demo","status":"publish","type":"page","link":"https:\/\/resasports.com\/fr\/salles-de-sport\/demandez-demo\/","title":{"rendered":"Demo &#8211; Salle sport"},"content":{"rendered":"<p>[et_pb_section fb_built=\u00a0\u00bb1&Prime; admin_label=\u00a0\u00bbCaja &#8211; Texto Formulario\u00a0\u00bb _builder_version=\u00a0\u00bb4.27.4&Prime; _module_preset=\u00a0\u00bbdefault\u00a0\u00bb collapsed=\u00a0\u00bboff\u00a0\u00bb global_colors_info=\u00a0\u00bb{}\u00a0\u00bb][et_pb_row column_structure=\u00a0\u00bb1_2,1_2&Prime; _builder_version=\u00a0\u00bb4.27.4&Prime; _module_preset=\u00a0\u00bbdefault\u00a0\u00bb max_width=\u00a0\u00bbnone\u00a0\u00bb custom_padding=\u00a0\u00bb||||false|false\u00a0\u00bb border_color_top=\u00a0\u00bbrgba(9,133,88,0.5)\u00a0\u00bb global_colors_info=\u00a0\u00bb{}\u00a0\u00bb][et_pb_column type=\u00a0\u00bb1_2&Prime; _builder_version=\u00a0\u00bb4.17.4&Prime; _module_preset=\u00a0\u00bbdefault\u00a0\u00bb global_colors_info=\u00a0\u00bb{}\u00a0\u00bb][et_pb_text _builder_version=\u00a0\u00bb4.27.4&Prime; _module_preset=\u00a0\u00bbdefault\u00a0\u00bb header_font=\u00a0\u00bbRaleway||||||||\u00a0\u00bb header_text_align=\u00a0\u00bbleft\u00a0\u00bb header_text_color=\u00a0\u00bb#098558&Prime; header_font_size=\u00a0\u00bb15px\u00a0\u00bb background_color=\u00a0\u00bbRGBA(255,255,255,0)\u00a0\u00bb custom_margin=\u00a0\u00bb||10px||false|false\u00a0\u00bb custom_padding=\u00a0\u00bb10px||||false|true\u00a0\u00bb border_color_top=\u00a0\u00bb#098558&Prime; border_width_bottom=\u00a0\u00bb1px\u00a0\u00bb border_color_bottom=\u00a0\u00bb#098558&Prime; global_colors_info=\u00a0\u00bb{}\u00a0\u00bb]<\/p>\n<h1 style=\"text-align: left;\">Logiciel de gestion pour salles de sport<\/h1>\n<p>[\/et_pb_text][et_pb_text content_tablet=\u00a0\u00bb<\/p>\n<h2><span>Haz crecer tu centro deportivo<strong> automatizando tareas con Resasports<\/strong><\/span><\/h2>\n<p>\u00a0\u00bb content_phone=\u00a0\u00bb<\/p>\n<h2><span>Haz crecer tu centro deportivo<strong> automatizando tareas con Resasports<\/strong><\/span><\/h2>\n<p>\u00a0\u00bb content_last_edited=\u00a0\u00bbon|phone\u00a0\u00bb _builder_version=\u00a0\u00bb4.27.4&Prime; _module_preset=\u00a0\u00bbdefault\u00a0\u00bb header_font=\u00a0\u00bbRaleway|500||on|||||\u00a0\u00bb header_text_color=\u00a0\u00bb#098558&Prime; header_font_size=\u00a0\u00bb34px\u00a0\u00bb header_2_font=\u00a0\u00bbRaleway||||||||\u00a0\u00bb header_2_text_color=\u00a0\u00bb#098558&Prime; header_2_font_size=\u00a0\u00bb34px\u00a0\u00bb header_2_font_size_tablet=\u00a0\u00bb34px\u00a0\u00bb header_2_font_size_phone=\u00a0\u00bb28px\u00a0\u00bb header_2_font_size_last_edited=\u00a0\u00bbon|phone\u00a0\u00bb locked=\u00a0\u00bboff\u00a0\u00bb global_colors_info=\u00a0\u00bb{}\u00a0\u00bb]<\/p>\n<h2 style=\"text-align: left;\">D\u00e9veloppez votre salle de sport  <span style=\"font-weight: 900;\">en automatisant les t\u00e2ches avec Resasports<\/span><\/h2>\n<p>[\/et_pb_text][et_pb_text content_tablet=\u00a0\u00bb<\/p>\n<p><span>Consigue aumentar la satisfacci\u00f3n de tus clientes mejorando lo m\u00e1s importante de tu negocio: la relaci\u00f3n con ellos.<\/span><\/p>\n<p>\u00a0\u00bb content_last_edited=\u00a0\u00bboff|desktop\u00a0\u00bb _builder_version=\u00a0\u00bb4.27.4&Prime; _module_preset=\u00a0\u00bbdefault\u00a0\u00bb text_font=\u00a0\u00bbRaleway||||||||\u00a0\u00bb text_text_color=\u00a0\u00bb#098558&Prime; text_font_size=\u00a0\u00bb16px\u00a0\u00bb locked=\u00a0\u00bboff\u00a0\u00bb global_colors_info=\u00a0\u00bb{}\u00a0\u00bb]<\/p>\n<p style=\"text-align: left;\"><span data-metadata=\"&lt;!--(figmeta)eyJmaWxlS2V5IjoiblpQZG82bkpsV3B6aWlGV1Q4Mmw2TiIsInBhc3RlSUQiOjE1NTEzMDc3NzEsImRhdGFUeXBlIjoic2NlbmUifQo=(\/figmeta)--&gt;\"><\/span><span>Augmentez la satisfaction de vos clients en am\u00e9liorant l&rsquo;aspect le plus important de votre activit\u00e9 : <strong>la relation que vous entretenez avec eux.<\/strong><\/span><\/p>\n<p>[\/et_pb_text][et_pb_image src=\u00a0\u00bbhttps:\/\/resasports.com\/wp-content\/uploads\/2025\/06\/gimnasio-resasports-demo.jpg\u00a0\u00bb title_text=\u00a0\u00bbgimnasio-resasports-demo\u00a0\u00bb _builder_version=\u00a0\u00bb4.27.4&Prime; _module_preset=\u00a0\u00bbdefault\u00a0\u00bb locked=\u00a0\u00bboff\u00a0\u00bb global_colors_info=\u00a0\u00bb{}\u00a0\u00bb][\/et_pb_image][\/et_pb_column][et_pb_column type=\u00a0\u00bb1_2&Prime; _builder_version=\u00a0\u00bb4.27.4&Prime; _module_preset=\u00a0\u00bbdefault\u00a0\u00bb custom_padding=\u00a0\u00bb39px|39px|39px|39px|false|false\u00a0\u00bb border_radii=\u00a0\u00bbon|32px|32px|32px|32px\u00a0\u00bb box_shadow_style=\u00a0\u00bbpreset3&Prime; box_shadow_color=\u00a0\u00bbrgba(9,133,88,0.65)\u00a0\u00bb global_colors_info=\u00a0\u00bb{}\u00a0\u00bb][et_pb_text _builder_version=\u00a0\u00bb4.27.4&Prime; _module_preset=\u00a0\u00bbdefault\u00a0\u00bb global_colors_info=\u00a0\u00bb{}\u00a0\u00bb][\/et_pb_text][et_pb_text _builder_version=\u00a0\u00bb4.27.4&Prime; _module_preset=\u00a0\u00bbdefault\u00a0\u00bb header_font_size=\u00a0\u00bb35px\u00a0\u00bb header_2_font=\u00a0\u00bbRaleway|500|||||||\u00a0\u00bb header_2_text_color=\u00a0\u00bb#098558&Prime; header_2_font_size=\u00a0\u00bb42px\u00a0\u00bb background_enable_color=\u00a0\u00bboff\u00a0\u00bb width=\u00a0\u00bb100%\u00a0\u00bb max_width=\u00a0\u00bb100%\u00a0\u00bb custom_padding=\u00a0\u00bb||||false|false\u00a0\u00bb locked=\u00a0\u00bboff\u00a0\u00bb global_colors_info=\u00a0\u00bb{}\u00a0\u00bb]<\/p>\n<h2 style=\"text-align: center;\">Je souhaite demander <span style=\"font-weight: bold;\">une d\u00e9mo<\/span> <img loading=\"lazy\" decoding=\"async\" class=\"wp-image-9476 alignnone size-medium\" src=\"https:\/\/resasports.com\/wp-content\/uploads\/2022\/07\/01-300x300.png\" alt=\"\" width=\"31\" height=\"31\" \/><\/h2>\n<div class=\"divi-row-destination-right\"><\/div>\n<p>[\/et_pb_text][et_pb_text _builder_version=\u00a0\u00bb4.27.4&Prime; _module_preset=\u00a0\u00bbdefault\u00a0\u00bb text_font=\u00a0\u00bbRaleway||||||||\u00a0\u00bb text_text_color=\u00a0\u00bb#098558&Prime; text_font_size=\u00a0\u00bb16px\u00a0\u00bb locked=\u00a0\u00bboff\u00a0\u00bb global_colors_info=\u00a0\u00bb{}\u00a0\u00bb]<\/p>\n<p style=\"text-align: center;\"><span style=\"font-weight: 400;\">Nous vous pr\u00e9senterons Resasports <\/span><b>en direct et en temps r\u00e9el<\/b><span style=\"font-weight: 400;\">, et r\u00e9pondrons \u00e0 toutes les questions que vous pourriez vous poser \u00e0 son sujet.<\/span><\/p>\n<p>[\/et_pb_text][et_pb_text admin_label=\u00a0\u00bbForm\u00a0\u00bb _builder_version=\u00a0\u00bb4.27.4&Prime; _module_preset=\u00a0\u00bbdefault\u00a0\u00bb custom_padding=\u00a0\u00bb||||false|true\u00a0\u00bb hover_enabled=\u00a0\u00bb0&Prime; locked=\u00a0\u00bboff\u00a0\u00bb global_colors_info=\u00a0\u00bb{}\u00a0\u00bb sticky_enabled=\u00a0\u00bb0&Prime;]\n\t\t\t\t\t<script>\n\t\t\t\t\t\twindow.hsFormsOnReady = window.hsFormsOnReady || [];\n\t\t\t\t\t\twindow.hsFormsOnReady.push(()=>{\n\t\t\t\t\t\t\thbspt.forms.create({\n\t\t\t\t\t\t\t\tportalId: 6234568,\n\t\t\t\t\t\t\t\tformId: \"84e5531b-6339-47ad-b120-488813fb7949\",\n\t\t\t\t\t\t\t\ttarget: \"#hbspt-form-1775750233000-7887401101\",\n\t\t\t\t\t\t\t\tregion: \"na1\",\n\t\t\t\t\t\t\t\t\n\t\t\t\t\t\t})});\n\t\t\t\t\t<\/script>\n\t\t\t\t\t<div class=\"hbspt-form\" id=\"hbspt-form-1775750233000-7887401101\"><\/div>[\/et_pb_text][\/et_pb_column][\/et_pb_row][\/et_pb_section]<\/p>\n","protected":false},"excerpt":{"rendered":"<p>Logiciel de gestion pour salles de sportD\u00e9veloppez votre salle de sport en automatisant les t\u00e2ches avec ResasportsAugmentez la satisfaction de vos clients en am\u00e9liorant l&rsquo;aspect le plus important de votre activit\u00e9 : la relation que vous entretenez avec eux.Je souhaite demander une d\u00e9mo Nous vous pr\u00e9senterons Resasports en direct et en temps r\u00e9el, et r\u00e9pondrons [&hellip;]<\/p>\n","protected":false},"author":12,"featured_media":0,"parent":26798,"menu_order":0,"comment_status":"closed","ping_status":"closed","template":"","meta":{"_et_pb_use_builder":"on","_et_pb_old_content":"","_et_gb_content_width":"","content-type":"","footnotes":""},"class_list":["post-27597","page","type-page","status-publish","hentry"],"yoast_head":"<!-- This site is optimized with the Yoast SEO plugin v25.7 - https:\/\/yoast.com\/wordpress\/plugins\/seo\/ -->\n<title>Demo - Salle sport - Resasports<\/title>\n<meta name=\"robots\" content=\"index, follow, max-snippet:-1, max-image-preview:large, max-video-preview:-1\" \/>\n<link rel=\"canonical\" href=\"https:\/\/resasports.com\/fr\/salles-de-sport\/demandez-demo\/\" \/>\n<meta property=\"og:locale\" content=\"fr_FR\" \/>\n<meta property=\"og:type\" content=\"article\" \/>\n<meta property=\"og:title\" content=\"Demo - Salle sport - Resasports\" \/>\n<meta property=\"og:description\" content=\"Logiciel de gestion pour salles de sportD\u00e9veloppez votre salle de sport en automatisant les t\u00e2ches avec ResasportsAugmentez la satisfaction de vos clients en am\u00e9liorant l&#039;aspect le plus important de votre activit\u00e9 : la relation que vous entretenez avec eux.Je souhaite demander une d\u00e9mo Nous vous pr\u00e9senterons Resasports en direct et en temps r\u00e9el, et r\u00e9pondrons [&hellip;]\" \/>\n<meta property=\"og:url\" content=\"https:\/\/resasports.com\/fr\/salles-de-sport\/demandez-demo\/\" \/>\n<meta property=\"og:site_name\" content=\"Resasports\" \/>\n<meta property=\"article:modified_time\" content=\"2025-09-18T09:54:03+00:00\" \/>\n<meta property=\"og:image\" content=\"https:\/\/resasports.com\/wp-content\/uploads\/2022\/07\/01-300x300.png\" \/>\n<meta name=\"twitter:card\" content=\"summary_large_image\" \/>\n<script type=\"application\/ld+json\" class=\"yoast-schema-graph\">{\"@context\":\"https:\/\/schema.org\",\"@graph\":[{\"@type\":\"WebPage\",\"@id\":\"https:\/\/resasports.com\/fr\/salles-de-sport\/demandez-demo\/\",\"url\":\"https:\/\/resasports.com\/fr\/salles-de-sport\/demandez-demo\/\",\"name\":\"Demo - Salle sport - Resasports\",\"isPartOf\":{\"@id\":\"https:\/\/resasports.com\/fr\/#website\"},\"primaryImageOfPage\":{\"@id\":\"https:\/\/resasports.com\/fr\/salles-de-sport\/demandez-demo\/#primaryimage\"},\"image\":{\"@id\":\"https:\/\/resasports.com\/fr\/salles-de-sport\/demandez-demo\/#primaryimage\"},\"thumbnailUrl\":\"https:\/\/resasports.com\/wp-content\/uploads\/2022\/07\/01-300x300.png\",\"datePublished\":\"2025-06-26T09:23:28+00:00\",\"dateModified\":\"2025-09-18T09:54:03+00:00\",\"breadcrumb\":{\"@id\":\"https:\/\/resasports.com\/fr\/salles-de-sport\/demandez-demo\/#breadcrumb\"},\"inLanguage\":\"fr-FR\",\"potentialAction\":[{\"@type\":\"ReadAction\",\"target\":[\"https:\/\/resasports.com\/fr\/salles-de-sport\/demandez-demo\/\"]}]},{\"@type\":\"ImageObject\",\"inLanguage\":\"fr-FR\",\"@id\":\"https:\/\/resasports.com\/fr\/salles-de-sport\/demandez-demo\/#primaryimage\",\"url\":\"https:\/\/resasports.com\/wp-content\/uploads\/2022\/07\/01-300x300.png\",\"contentUrl\":\"https:\/\/resasports.com\/wp-content\/uploads\/2022\/07\/01-300x300.png\"},{\"@type\":\"BreadcrumbList\",\"@id\":\"https:\/\/resasports.com\/fr\/salles-de-sport\/demandez-demo\/#breadcrumb\",\"itemListElement\":[{\"@type\":\"ListItem\",\"position\":1,\"name\":\"Portada\",\"item\":\"https:\/\/resasports.com\/fr\/\"},{\"@type\":\"ListItem\",\"position\":2,\"name\":\"Salles de sport\",\"item\":\"https:\/\/resasports.com\/fr\/?page_id=26799\"},{\"@type\":\"ListItem\",\"position\":3,\"name\":\"Demo &#8211; Salle sport\"}]},{\"@type\":\"WebSite\",\"@id\":\"https:\/\/resasports.com\/fr\/#website\",\"url\":\"https:\/\/resasports.com\/fr\/\",\"name\":\"Resasports\",\"description\":\"\",\"potentialAction\":[{\"@type\":\"SearchAction\",\"target\":{\"@type\":\"EntryPoint\",\"urlTemplate\":\"https:\/\/resasports.com\/fr\/?s={search_term_string}\"},\"query-input\":{\"@type\":\"PropertyValueSpecification\",\"valueRequired\":true,\"valueName\":\"search_term_string\"}}],\"inLanguage\":\"fr-FR\"}]}<\/script>\n<!-- \/ Yoast SEO plugin. -->","yoast_head_json":{"title":"Demo - Salle sport - Resasports","robots":{"index":"index","follow":"follow","max-snippet":"max-snippet:-1","max-image-preview":"max-image-preview:large","max-video-preview":"max-video-preview:-1"},"canonical":"https:\/\/resasports.com\/fr\/salles-de-sport\/demandez-demo\/","og_locale":"fr_FR","og_type":"article","og_title":"Demo - Salle sport - Resasports","og_description":"Logiciel de gestion pour salles de sportD\u00e9veloppez votre salle de sport en automatisant les t\u00e2ches avec ResasportsAugmentez la satisfaction de vos clients en am\u00e9liorant l'aspect le plus important de votre activit\u00e9 : la relation que vous entretenez avec eux.Je souhaite demander une d\u00e9mo Nous vous pr\u00e9senterons Resasports en direct et en temps r\u00e9el, et r\u00e9pondrons [&hellip;]","og_url":"https:\/\/resasports.com\/fr\/salles-de-sport\/demandez-demo\/","og_site_name":"Resasports","article_modified_time":"2025-09-18T09:54:03+00:00","og_image":[{"url":"https:\/\/resasports.com\/wp-content\/uploads\/2022\/07\/01-300x300.png","type":"","width":"","height":""}],"twitter_card":"summary_large_image","schema":{"@context":"https:\/\/schema.org","@graph":[{"@type":"WebPage","@id":"https:\/\/resasports.com\/fr\/salles-de-sport\/demandez-demo\/","url":"https:\/\/resasports.com\/fr\/salles-de-sport\/demandez-demo\/","name":"Demo - Salle sport - Resasports","isPartOf":{"@id":"https:\/\/resasports.com\/fr\/#website"},"primaryImageOfPage":{"@id":"https:\/\/resasports.com\/fr\/salles-de-sport\/demandez-demo\/#primaryimage"},"image":{"@id":"https:\/\/resasports.com\/fr\/salles-de-sport\/demandez-demo\/#primaryimage"},"thumbnailUrl":"https:\/\/resasports.com\/wp-content\/uploads\/2022\/07\/01-300x300.png","datePublished":"2025-06-26T09:23:28+00:00","dateModified":"2025-09-18T09:54:03+00:00","breadcrumb":{"@id":"https:\/\/resasports.com\/fr\/salles-de-sport\/demandez-demo\/#breadcrumb"},"inLanguage":"fr-FR","potentialAction":[{"@type":"ReadAction","target":["https:\/\/resasports.com\/fr\/salles-de-sport\/demandez-demo\/"]}]},{"@type":"ImageObject","inLanguage":"fr-FR","@id":"https:\/\/resasports.com\/fr\/salles-de-sport\/demandez-demo\/#primaryimage","url":"https:\/\/resasports.com\/wp-content\/uploads\/2022\/07\/01-300x300.png","contentUrl":"https:\/\/resasports.com\/wp-content\/uploads\/2022\/07\/01-300x300.png"},{"@type":"BreadcrumbList","@id":"https:\/\/resasports.com\/fr\/salles-de-sport\/demandez-demo\/#breadcrumb","itemListElement":[{"@type":"ListItem","position":1,"name":"Portada","item":"https:\/\/resasports.com\/fr\/"},{"@type":"ListItem","position":2,"name":"Salles de sport","item":"https:\/\/resasports.com\/fr\/?page_id=26799"},{"@type":"ListItem","position":3,"name":"Demo &#8211; Salle sport"}]},{"@type":"WebSite","@id":"https:\/\/resasports.com\/fr\/#website","url":"https:\/\/resasports.com\/fr\/","name":"Resasports","description":"","potentialAction":[{"@type":"SearchAction","target":{"@type":"EntryPoint","urlTemplate":"https:\/\/resasports.com\/fr\/?s={search_term_string}"},"query-input":{"@type":"PropertyValueSpecification","valueRequired":true,"valueName":"search_term_string"}}],"inLanguage":"fr-FR"}]}},"_links":{"self":[{"href":"https:\/\/resasports.com\/fr\/wp-json\/wp\/v2\/pages\/27597","targetHints":{"allow":["GET"]}}],"collection":[{"href":"https:\/\/resasports.com\/fr\/wp-json\/wp\/v2\/pages"}],"about":[{"href":"https:\/\/resasports.com\/fr\/wp-json\/wp\/v2\/types\/page"}],"author":[{"embeddable":true,"href":"https:\/\/resasports.com\/fr\/wp-json\/wp\/v2\/users\/12"}],"replies":[{"embeddable":true,"href":"https:\/\/resasports.com\/fr\/wp-json\/wp\/v2\/comments?post=27597"}],"version-history":[{"count":5,"href":"https:\/\/resasports.com\/fr\/wp-json\/wp\/v2\/pages\/27597\/revisions"}],"predecessor-version":[{"id":27614,"href":"https:\/\/resasports.com\/fr\/wp-json\/wp\/v2\/pages\/27597\/revisions\/27614"}],"up":[{"embeddable":true,"href":"https:\/\/resasports.com\/fr\/wp-json\/wp\/v2\/pages\/26798"}],"wp:attachment":[{"href":"https:\/\/resasports.com\/fr\/wp-json\/wp\/v2\/media?parent=27597"}],"curies":[{"name":"wp","href":"https:\/\/api.w.org\/{rel}","templated":true}]}}