{"id":17651,"date":"2023-02-17T12:36:10","date_gmt":"2023-02-17T12:36:10","guid":{"rendered":"https:\/\/resasports.com\/?page_id=17651"},"modified":"2024-08-19T07:42:52","modified_gmt":"2024-08-19T07:42:52","slug":"guide-ameliorer-retention-centre-sportif","status":"publish","type":"page","link":"https:\/\/resasports.com\/fr\/guide-ameliorer-retention-centre-sportif\/","title":{"rendered":"Guide pour am\u00e9liorer la r\u00e9tention dans votre centre sportif"},"content":{"rendered":"<p>[et_pb_section fb_built=\u00a0\u00bb1&Prime; disabled_on=\u00a0\u00bboff|off|off\u00a0\u00bb admin_label=\u00a0\u00bbSection\u00a0\u00bb _builder_version=\u00a0\u00bb4.19.4&Prime; _module_preset=\u00a0\u00bbdefault\u00a0\u00bb use_background_color_gradient=\u00a0\u00bbon\u00a0\u00bb background_color_gradient_direction=\u00a0\u00bb90deg\u00a0\u00bb background_color_gradient_stops=\u00a0\u00bbrgba(205,245,221,0.8) 0%|rgba(243,249,246,0.6) 100%\u00a0\u00bb background_color_gradient_overlays_image=\u00a0\u00bbon\u00a0\u00bb background_image=\u00a0\u00bbhttps:\/\/resasports.com\/wp-content\/uploads\/2022\/09\/Rocodromo-image-home-01.png\u00a0\u00bb custom_margin=\u00a0\u00bb-100px||||false|false\u00a0\u00bb background_color_phone=\u00a0\u00bb#182b44&Prime; background_last_edited=\u00a0\u00bbon|phone\u00a0\u00bb background_enable_color_phone=\u00a0\u00bbon\u00a0\u00bb background_enable_image_phone=\u00a0\u00bboff\u00a0\u00bb parallax_phone=\u00a0\u00bboff\u00a0\u00bb background_size_phone=\u00a0\u00bbcover\u00a0\u00bb background_position_phone=\u00a0\u00bbtop_left\u00a0\u00bb locked=\u00a0\u00bboff\u00a0\u00bb global_colors_info=\u00a0\u00bb{}\u00a0\u00bb][et_pb_row column_structure=\u00a0\u00bb1_2,1_2&Prime; admin_label=\u00a0\u00bb1on1&Prime; _builder_version=\u00a0\u00bb4.19.4&Prime; _module_preset=\u00a0\u00bbdefault\u00a0\u00bb background_color=\u00a0\u00bbRGBA(0,0,0,0)\u00a0\u00bb use_background_color_gradient=\u00a0\u00bbon\u00a0\u00bb background_color_gradient_stops=\u00a0\u00bb#cdf5dd 39%|rgba(243,249,246,0.15) 92%\u00a0\u00bb background_color_gradient_start=\u00a0\u00bb#21405a\u00a0\u00bb background_color_gradient_start_position=\u00a0\u00bb39%\u00a0\u00bb background_color_gradient_end=\u00a0\u00bbrgba(255,255,255,0)\u00a0\u00bb background_color_gradient_end_position=\u00a0\u00bb92%\u00a0\u00bb background_enable_image=\u00a0\u00bboff\u00a0\u00bb background_position=\u00a0\u00bbtop_center\u00a0\u00bb positioning=\u00a0\u00bbnone\u00a0\u00bb vertical_offset=\u00a0\u00bb-410px\u00a0\u00bb horizontal_offset=\u00a0\u00bb-186px\u00a0\u00bb z_index=\u00a0\u00bb5&Prime; width=\u00a0\u00bb100%\u00a0\u00bb module_alignment=\u00a0\u00bbcenter\u00a0\u00bb custom_margin=\u00a0\u00bb80px|411px||411px|false|true\u00a0\u00bb custom_padding=\u00a0\u00bb5%|5%|5%|5%|true|true\u00a0\u00bb animation_direction=\u00a0\u00bbbottom\u00a0\u00bb border_radii=\u00a0\u00bbon|25px|25px|25px|25px\u00a0\u00bb collapsed=\u00a0\u00bboff\u00a0\u00bb global_colors_info=\u00a0\u00bb{}\u00a0\u00bb][et_pb_column type=\u00a0\u00bb1_2&Prime; _builder_version=\u00a0\u00bb4.16&Prime; _module_preset=\u00a0\u00bbdefault\u00a0\u00bb global_colors_info=\u00a0\u00bb{}\u00a0\u00bb][et_pb_text _builder_version=\u00a0\u00bb4.19.4&Prime; _module_preset=\u00a0\u00bbdefault\u00a0\u00bb text_font=\u00a0\u00bbRaleway||||||||\u00a0\u00bb text_text_color=\u00a0\u00bb#FFFFFF\u00a0\u00bb header_font=\u00a0\u00bbRaleway|700|||||||\u00a0\u00bb header_text_color=\u00a0\u00bb#122C34&Prime; header_font_size=\u00a0\u00bb45px\u00a0\u00bb header_2_text_color=\u00a0\u00bb#122C34&Prime; header_2_font_size=\u00a0\u00bb25px\u00a0\u00bb custom_padding=\u00a0\u00bb|25px|||false|false\u00a0\u00bb custom_padding_tablet=\u00a0\u00bb\u00a0\u00bb custom_padding_phone=\u00a0\u00bb|0%|||false|false\u00a0\u00bb custom_padding_last_edited=\u00a0\u00bbon|phone\u00a0\u00bb text_font_size_tablet=\u00a0\u00bb\u00a0\u00bb text_font_size_phone=\u00a0\u00bb\u00a0\u00bb text_font_size_last_edited=\u00a0\u00bbon|phone\u00a0\u00bb header_font_size_tablet=\u00a0\u00bb\u00a0\u00bb header_font_size_phone=\u00a0\u00bb2.3em\u00a0\u00bb header_font_size_last_edited=\u00a0\u00bbon|desktop\u00a0\u00bb global_colors_info=\u00a0\u00bb{}\u00a0\u00bb]<\/p>\n<h1>Vous cherchez des strat\u00e9gies pour am\u00e9liorer <span style=\"color: #098558\">la r\u00e9tention dans votre centre sportif ?<\/span><\/h1>\n<h2>Obtenez-le gr\u00e2ce \u00e0 notre Guide pour am\u00e9liorer la r\u00e9tention des clients dans le centre sportif <strong>!<\/strong><\/h2>\n<p>[\/et_pb_text][et_pb_divider color=\u00a0\u00bb#098558&Prime; divider_position=\u00a0\u00bbcenter\u00a0\u00bb divider_weight=\u00a0\u00bb2px\u00a0\u00bb _builder_version=\u00a0\u00bb4.19.4&Prime; _module_preset=\u00a0\u00bbdefault\u00a0\u00bb width=\u00a0\u00bb50%\u00a0\u00bb module_alignment=\u00a0\u00bbleft\u00a0\u00bb global_colors_info=\u00a0\u00bb{}\u00a0\u00bb][\/et_pb_divider][et_pb_text _builder_version=\u00a0\u00bb4.19.4&Prime; _module_preset=\u00a0\u00bbdefault\u00a0\u00bb text_font=\u00a0\u00bbRaleway|500|||||||\u00a0\u00bb text_text_color=\u00a0\u00bb#f8af20&Prime; header_3_font=\u00a0\u00bb|700|||||||\u00a0\u00bb header_3_text_color=\u00a0\u00bb#098558&Prime; custom_padding=\u00a0\u00bb||3vh||false|false\u00a0\u00bb global_colors_info=\u00a0\u00bb{}\u00a0\u00bb]<\/p>\n<h3 style=\"text-align: left\">Gr\u00e2ce \u00e0 ce guide, vous apprendrez \u00e0 :<\/h3>\n<p>[\/et_pb_text][et_pb_blurb title=\u00a0\u00bbQu&rsquo;est-ce que la rotation et pourquoi est-il important de l&rsquo;analyser\u00a0\u00bb use_icon=\u00a0\u00bbon\u00a0\u00bb font_icon=\u00a0\u00bb&#x52;||divi||400&Prime; icon_color=\u00a0\u00bb#37D17A\u00a0\u00bb icon_placement=\u00a0\u00bbleft\u00a0\u00bb _builder_version=\u00a0\u00bb4.19.4&Prime; _module_preset=\u00a0\u00bbdefault\u00a0\u00bb header_font=\u00a0\u00bbRaleway|600|||||||\u00a0\u00bb header_text_color=\u00a0\u00bb#122C34&Prime; header_font_size=\u00a0\u00bb20px\u00a0\u00bb body_text_color=\u00a0\u00bb#dddfeb\u00a0\u00bb body_font_size=\u00a0\u00bb16px\u00a0\u00bb body_line_height=\u00a0\u00bb1.6em\u00a0\u00bb global_colors_info=\u00a0\u00bb{}\u00a0\u00bb][\/et_pb_blurb][et_pb_blurb title=\u00a0\u00bbComment calculer le taux de rotation de votre centre sportif\u00a0\u00bb use_icon=\u00a0\u00bbon\u00a0\u00bb font_icon=\u00a0\u00bb&#x52;||divi||400&Prime; icon_color=\u00a0\u00bb#37D17A\u00a0\u00bb icon_placement=\u00a0\u00bbleft\u00a0\u00bb _builder_version=\u00a0\u00bb4.19.4&Prime; _module_preset=\u00a0\u00bbdefault\u00a0\u00bb header_font=\u00a0\u00bbRaleway|600|||||||\u00a0\u00bb header_text_color=\u00a0\u00bb#122C34&Prime; header_font_size=\u00a0\u00bb20px\u00a0\u00bb body_text_color=\u00a0\u00bb#dddfeb\u00a0\u00bb body_font_size=\u00a0\u00bb16px\u00a0\u00bb body_line_height=\u00a0\u00bb1.6em\u00a0\u00bb global_colors_info=\u00a0\u00bb{}\u00a0\u00bb][\/et_pb_blurb][et_pb_blurb title=\u00a0\u00bbStrat\u00e9gies efficaces pour g\u00e9rer les d\u00e9sabonnements et am\u00e9liorer la fid\u00e9lit\u00e9 des clients\u00a0\u00bb use_icon=\u00a0\u00bbon\u00a0\u00bb font_icon=\u00a0\u00bb&#x52;||divi||400&Prime; icon_color=\u00a0\u00bb#37D17A\u00a0\u00bb icon_placement=\u00a0\u00bbleft\u00a0\u00bb _builder_version=\u00a0\u00bb4.17.4&Prime; _module_preset=\u00a0\u00bbdefault\u00a0\u00bb header_font=\u00a0\u00bbRaleway|600|||||||\u00a0\u00bb header_text_color=\u00a0\u00bb#122C34&Prime; header_font_size=\u00a0\u00bb20px\u00a0\u00bb body_text_color=\u00a0\u00bb#dddfeb\u00a0\u00bb body_font_size=\u00a0\u00bb16px\u00a0\u00bb body_line_height=\u00a0\u00bb1.6em\u00a0\u00bb global_colors_info=\u00a0\u00bb{}\u00a0\u00bb][\/et_pb_blurb][et_pb_text _builder_version=\u00a0\u00bb4.19.4&Prime; _module_preset=\u00a0\u00bbdefault\u00a0\u00bb text_text_color=\u00a0\u00bb#f8af20&Prime; header_font=\u00a0\u00bbRaleway|800|||||||\u00a0\u00bb header_text_color=\u00a0\u00bb#f8af20&Prime; header_font_size=\u00a0\u00bb24px\u00a0\u00bb header_3_font=\u00a0\u00bb|600|||||||\u00a0\u00bb header_3_text_color=\u00a0\u00bb#098558&Prime; global_colors_info=\u00a0\u00bb{}\u00a0\u00bb]<\/p>\n<h3 style=\"text-align: center\"><strong>T\u00e9l\u00e9chargez votre guide !<br \/><\/strong><\/h3>\n<p>[\/et_pb_text][\/et_pb_column][et_pb_column type=\u00a0\u00bb1_2&Prime; _builder_version=\u00a0\u00bb4.16&Prime; _module_preset=\u00a0\u00bbdefault\u00a0\u00bb global_colors_info=\u00a0\u00bb{}\u00a0\u00bb][et_pb_text _builder_version=\u00a0\u00bb4.19.4&Prime; _module_preset=\u00a0\u00bbdefault\u00a0\u00bb background_color=\u00a0\u00bb#E8F9EF\u00a0\u00bb custom_padding=\u00a0\u00bb2.5%|5%|2.5%|5%|true|true\u00a0\u00bb hover_enabled=\u00a0\u00bb0&Prime; border_radii=\u00a0\u00bbon|10px|10px|10px|10px\u00a0\u00bb global_colors_info=\u00a0\u00bb{}\u00a0\u00bb sticky_enabled=\u00a0\u00bb0&Prime;]<\/p>\n\n\t\t\t\t\t<script>\n\t\t\t\t\t\twindow.hsFormsOnReady = window.hsFormsOnReady || [];\n\t\t\t\t\t\twindow.hsFormsOnReady.push(()=>{\n\t\t\t\t\t\t\thbspt.forms.create({\n\t\t\t\t\t\t\t\tportalId: 6234568,\n\t\t\t\t\t\t\t\tformId: \"83f361c0-3b5d-40b9-a9a0-c070cf1cd30c\",\n\t\t\t\t\t\t\t\ttarget: \"#hbspt-form-1776903747000-3874411282\",\n\t\t\t\t\t\t\t\tregion: \"na1\",\n\t\t\t\t\t\t\t\t\n\t\t\t\t\t\t})});\n\t\t\t\t\t<\/script>\n\t\t\t\t\t<div class=\"hbspt-form\" id=\"hbspt-form-1776903747000-3874411282\"><\/div>\n<p>[\/et_pb_text][\/et_pb_column][\/et_pb_row][\/et_pb_section]<\/p>\n","protected":false},"excerpt":{"rendered":"<p>Vous cherchez des strat\u00e9gies pour am\u00e9liorer la r\u00e9tention dans votre centre sportif ? Obtenez-le gr\u00e2ce \u00e0 notre Guide pour am\u00e9liorer la r\u00e9tention des clients dans le centre sportif !Gr\u00e2ce \u00e0 ce guide, vous apprendrez \u00e0 :T\u00e9l\u00e9chargez votre guide !\n\t\t\t\t\t<script>\n\t\t\t\t\t\twindow.hsFormsOnReady = window.hsFormsOnReady || [];\n\t\t\t\t\t\twindow.hsFormsOnReady.push(()=>{\n\t\t\t\t\t\t\thbspt.forms.create({\n\t\t\t\t\t\t\t\tportalId: 6234568,\n\t\t\t\t\t\t\t\tformId: \"83f361c0-3b5d-40b9-a9a0-c070cf1cd30c\",\n\t\t\t\t\t\t\t\ttarget: \"#hbspt-form-1776903747000-7490313355\",\n\t\t\t\t\t\t\t\tregion: \"na1\",\n\t\t\t\t\t\t\t\t\n\t\t\t\t\t\t})});\n\t\t\t\t\t<\/script>\n\t\t\t\t\t<div class=\"hbspt-form\" id=\"hbspt-form-1776903747000-7490313355\"><\/div><\/p>\n","protected":false},"author":5,"featured_media":21776,"parent":0,"menu_order":0,"comment_status":"closed","ping_status":"closed","template":"","meta":{"_et_pb_use_builder":"on","_et_pb_old_content":"","_et_gb_content_width":"","content-type":"","footnotes":""},"class_list":["post-17651","page","type-page","status-publish","has-post-thumbnail","hentry"],"yoast_head":"<!-- This site is optimized with the Yoast SEO plugin v25.7 - https:\/\/yoast.com\/wordpress\/plugins\/seo\/ -->\n<title>Guide pour am\u00e9liorer la r\u00e9tention dans votre centre sportif<\/title>\n<meta name=\"description\" content=\"Vous cherchez des strat\u00e9gies pour am\u00e9liorer la r\u00e9tention dans votre centre sportif ? T\u00e9l\u00e9chargez notre guide pour am\u00e9liorer la r\u00e9tention !\" \/>\n<meta name=\"robots\" content=\"index, follow, max-snippet:-1, max-image-preview:large, max-video-preview:-1\" \/>\n<link rel=\"canonical\" href=\"https:\/\/resasports.com\/fr\/guide-ameliorer-retention-centre-sportif\/\" \/>\n<meta property=\"og:locale\" content=\"fr_FR\" \/>\n<meta property=\"og:type\" content=\"article\" \/>\n<meta property=\"og:title\" content=\"Guide pour am\u00e9liorer la r\u00e9tention dans votre centre sportif\" \/>\n<meta property=\"og:description\" content=\"Vous cherchez des strat\u00e9gies pour am\u00e9liorer la r\u00e9tention dans votre centre sportif ? T\u00e9l\u00e9chargez notre guide pour am\u00e9liorer la r\u00e9tention !\" \/>\n<meta property=\"og:url\" content=\"https:\/\/resasports.com\/fr\/guide-ameliorer-retention-centre-sportif\/\" \/>\n<meta property=\"og:site_name\" content=\"Resasports\" \/>\n<meta property=\"article:modified_time\" content=\"2024-08-19T07:42:52+00:00\" \/>\n<meta property=\"og:image\" content=\"https:\/\/resasports.com\/wp-content\/uploads\/2023\/11\/smartmockups_le8gn45e.png\" \/>\n\t<meta property=\"og:image:width\" content=\"1006\" \/>\n\t<meta property=\"og:image:height\" content=\"785\" \/>\n\t<meta property=\"og:image:type\" content=\"image\/png\" \/>\n<meta name=\"twitter:card\" content=\"summary_large_image\" \/>\n<meta name=\"twitter:label1\" content=\"Dur\u00e9e de lecture estim\u00e9e\" \/>\n\t<meta name=\"twitter:data1\" content=\"2 minutes\" \/>\n<script type=\"application\/ld+json\" class=\"yoast-schema-graph\">{\"@context\":\"https:\/\/schema.org\",\"@graph\":[{\"@type\":\"WebPage\",\"@id\":\"https:\/\/resasports.com\/fr\/guide-ameliorer-retention-centre-sportif\/\",\"url\":\"https:\/\/resasports.com\/fr\/guide-ameliorer-retention-centre-sportif\/\",\"name\":\"Guide pour am\u00e9liorer la r\u00e9tention dans votre centre sportif\",\"isPartOf\":{\"@id\":\"https:\/\/resasports.com\/fr\/#website\"},\"primaryImageOfPage\":{\"@id\":\"https:\/\/resasports.com\/fr\/guide-ameliorer-retention-centre-sportif\/#primaryimage\"},\"image\":{\"@id\":\"https:\/\/resasports.com\/fr\/guide-ameliorer-retention-centre-sportif\/#primaryimage\"},\"thumbnailUrl\":\"https:\/\/resasports.com\/wp-content\/uploads\/2023\/11\/smartmockups_le8gn45e.png\",\"datePublished\":\"2023-02-17T12:36:10+00:00\",\"dateModified\":\"2024-08-19T07:42:52+00:00\",\"description\":\"Vous cherchez des strat\u00e9gies pour am\u00e9liorer la r\u00e9tention dans votre centre sportif ? T\u00e9l\u00e9chargez notre guide pour am\u00e9liorer la r\u00e9tention !\",\"breadcrumb\":{\"@id\":\"https:\/\/resasports.com\/fr\/guide-ameliorer-retention-centre-sportif\/#breadcrumb\"},\"inLanguage\":\"fr-FR\",\"potentialAction\":[{\"@type\":\"ReadAction\",\"target\":[\"https:\/\/resasports.com\/fr\/guide-ameliorer-retention-centre-sportif\/\"]}]},{\"@type\":\"ImageObject\",\"inLanguage\":\"fr-FR\",\"@id\":\"https:\/\/resasports.com\/fr\/guide-ameliorer-retention-centre-sportif\/#primaryimage\",\"url\":\"https:\/\/resasports.com\/wp-content\/uploads\/2023\/11\/smartmockups_le8gn45e.png\",\"contentUrl\":\"https:\/\/resasports.com\/wp-content\/uploads\/2023\/11\/smartmockups_le8gn45e.png\",\"width\":1006,\"height\":785,\"caption\":\"Ameliorer retention centre sportif\"},{\"@type\":\"BreadcrumbList\",\"@id\":\"https:\/\/resasports.com\/fr\/guide-ameliorer-retention-centre-sportif\/#breadcrumb\",\"itemListElement\":[{\"@type\":\"ListItem\",\"position\":1,\"name\":\"Portada\",\"item\":\"https:\/\/resasports.com\/fr\/\"},{\"@type\":\"ListItem\",\"position\":2,\"name\":\"Guide pour am\u00e9liorer la r\u00e9tention dans votre centre sportif\"}]},{\"@type\":\"WebSite\",\"@id\":\"https:\/\/resasports.com\/fr\/#website\",\"url\":\"https:\/\/resasports.com\/fr\/\",\"name\":\"Resasports\",\"description\":\"\",\"potentialAction\":[{\"@type\":\"SearchAction\",\"target\":{\"@type\":\"EntryPoint\",\"urlTemplate\":\"https:\/\/resasports.com\/fr\/?s={search_term_string}\"},\"query-input\":{\"@type\":\"PropertyValueSpecification\",\"valueRequired\":true,\"valueName\":\"search_term_string\"}}],\"inLanguage\":\"fr-FR\"}]}<\/script>\n<!-- \/ Yoast SEO plugin. -->","yoast_head_json":{"title":"Guide pour am\u00e9liorer la r\u00e9tention dans votre centre sportif","description":"Vous cherchez des strat\u00e9gies pour am\u00e9liorer la r\u00e9tention dans votre centre sportif ? T\u00e9l\u00e9chargez notre guide pour am\u00e9liorer la r\u00e9tention !","robots":{"index":"index","follow":"follow","max-snippet":"max-snippet:-1","max-image-preview":"max-image-preview:large","max-video-preview":"max-video-preview:-1"},"canonical":"https:\/\/resasports.com\/fr\/guide-ameliorer-retention-centre-sportif\/","og_locale":"fr_FR","og_type":"article","og_title":"Guide pour am\u00e9liorer la r\u00e9tention dans votre centre sportif","og_description":"Vous cherchez des strat\u00e9gies pour am\u00e9liorer la r\u00e9tention dans votre centre sportif ? T\u00e9l\u00e9chargez notre guide pour am\u00e9liorer la r\u00e9tention !","og_url":"https:\/\/resasports.com\/fr\/guide-ameliorer-retention-centre-sportif\/","og_site_name":"Resasports","article_modified_time":"2024-08-19T07:42:52+00:00","og_image":[{"width":1006,"height":785,"url":"https:\/\/resasports.com\/wp-content\/uploads\/2023\/11\/smartmockups_le8gn45e.png","type":"image\/png"}],"twitter_card":"summary_large_image","twitter_misc":{"Dur\u00e9e de lecture estim\u00e9e":"2 minutes"},"schema":{"@context":"https:\/\/schema.org","@graph":[{"@type":"WebPage","@id":"https:\/\/resasports.com\/fr\/guide-ameliorer-retention-centre-sportif\/","url":"https:\/\/resasports.com\/fr\/guide-ameliorer-retention-centre-sportif\/","name":"Guide pour am\u00e9liorer la r\u00e9tention dans votre centre sportif","isPartOf":{"@id":"https:\/\/resasports.com\/fr\/#website"},"primaryImageOfPage":{"@id":"https:\/\/resasports.com\/fr\/guide-ameliorer-retention-centre-sportif\/#primaryimage"},"image":{"@id":"https:\/\/resasports.com\/fr\/guide-ameliorer-retention-centre-sportif\/#primaryimage"},"thumbnailUrl":"https:\/\/resasports.com\/wp-content\/uploads\/2023\/11\/smartmockups_le8gn45e.png","datePublished":"2023-02-17T12:36:10+00:00","dateModified":"2024-08-19T07:42:52+00:00","description":"Vous cherchez des strat\u00e9gies pour am\u00e9liorer la r\u00e9tention dans votre centre sportif ? T\u00e9l\u00e9chargez notre guide pour am\u00e9liorer la r\u00e9tention !","breadcrumb":{"@id":"https:\/\/resasports.com\/fr\/guide-ameliorer-retention-centre-sportif\/#breadcrumb"},"inLanguage":"fr-FR","potentialAction":[{"@type":"ReadAction","target":["https:\/\/resasports.com\/fr\/guide-ameliorer-retention-centre-sportif\/"]}]},{"@type":"ImageObject","inLanguage":"fr-FR","@id":"https:\/\/resasports.com\/fr\/guide-ameliorer-retention-centre-sportif\/#primaryimage","url":"https:\/\/resasports.com\/wp-content\/uploads\/2023\/11\/smartmockups_le8gn45e.png","contentUrl":"https:\/\/resasports.com\/wp-content\/uploads\/2023\/11\/smartmockups_le8gn45e.png","width":1006,"height":785,"caption":"Ameliorer retention centre sportif"},{"@type":"BreadcrumbList","@id":"https:\/\/resasports.com\/fr\/guide-ameliorer-retention-centre-sportif\/#breadcrumb","itemListElement":[{"@type":"ListItem","position":1,"name":"Portada","item":"https:\/\/resasports.com\/fr\/"},{"@type":"ListItem","position":2,"name":"Guide pour am\u00e9liorer la r\u00e9tention dans votre centre sportif"}]},{"@type":"WebSite","@id":"https:\/\/resasports.com\/fr\/#website","url":"https:\/\/resasports.com\/fr\/","name":"Resasports","description":"","potentialAction":[{"@type":"SearchAction","target":{"@type":"EntryPoint","urlTemplate":"https:\/\/resasports.com\/fr\/?s={search_term_string}"},"query-input":{"@type":"PropertyValueSpecification","valueRequired":true,"valueName":"search_term_string"}}],"inLanguage":"fr-FR"}]}},"_links":{"self":[{"href":"https:\/\/resasports.com\/fr\/wp-json\/wp\/v2\/pages\/17651","targetHints":{"allow":["GET"]}}],"collection":[{"href":"https:\/\/resasports.com\/fr\/wp-json\/wp\/v2\/pages"}],"about":[{"href":"https:\/\/resasports.com\/fr\/wp-json\/wp\/v2\/types\/page"}],"author":[{"embeddable":true,"href":"https:\/\/resasports.com\/fr\/wp-json\/wp\/v2\/users\/5"}],"replies":[{"embeddable":true,"href":"https:\/\/resasports.com\/fr\/wp-json\/wp\/v2\/comments?post=17651"}],"version-history":[{"count":19,"href":"https:\/\/resasports.com\/fr\/wp-json\/wp\/v2\/pages\/17651\/revisions"}],"predecessor-version":[{"id":25283,"href":"https:\/\/resasports.com\/fr\/wp-json\/wp\/v2\/pages\/17651\/revisions\/25283"}],"wp:featuredmedia":[{"embeddable":true,"href":"https:\/\/resasports.com\/fr\/wp-json\/wp\/v2\/media\/21776"}],"wp:attachment":[{"href":"https:\/\/resasports.com\/fr\/wp-json\/wp\/v2\/media?parent=17651"}],"curies":[{"name":"wp","href":"https:\/\/api.w.org\/{rel}","templated":true}]}}