{"id":14291,"date":"2023-01-17T12:05:46","date_gmt":"2023-01-17T12:05:46","guid":{"rendered":"https:\/\/resasports.com\/?page_id=14291"},"modified":"2023-10-26T07:52:28","modified_gmt":"2023-10-26T07:52:28","slug":"partner-singular-wod","status":"publish","type":"page","link":"https:\/\/resasports.com\/fr\/partner-singular-wod\/","title":{"rendered":"Singular Wod"},"content":{"rendered":"<p>[et_pb_section fb_built=\u00a0\u00bb1&Prime; _builder_version=\u00a0\u00bb4.17.4&Prime; _module_preset=\u00a0\u00bbdefault\u00a0\u00bb custom_padding=\u00a0\u00bb0px||||false|false\u00a0\u00bb locked=\u00a0\u00bboff\u00a0\u00bb global_colors_info=\u00a0\u00bb{}\u00a0\u00bb][et_pb_row _builder_version=\u00a0\u00bb4.17.4&Prime; _module_preset=\u00a0\u00bbdefault\u00a0\u00bb border_width_bottom=\u00a0\u00bb1px\u00a0\u00bb border_color_bottom=\u00a0\u00bbrgba(9,133,88,0.25)\u00a0\u00bb global_colors_info=\u00a0\u00bb{}\u00a0\u00bb][et_pb_column type=\u00a0\u00bb4_4&Prime; _builder_version=\u00a0\u00bb4.17.4&Prime; _module_preset=\u00a0\u00bbdefault\u00a0\u00bb global_colors_info=\u00a0\u00bb{}\u00a0\u00bb][et_pb_image src=\u00a0\u00bbhttps:\/\/resasports.com\/wp-content\/uploads\/2023\/01\/singular-wod-1.png\u00a0\u00bb title_text=\u00a0\u00bbsingular-wod\u00a0\u00bb align=\u00a0\u00bbright\u00a0\u00bb _builder_version=\u00a0\u00bb4.17.4&Prime; _module_preset=\u00a0\u00bbdefault\u00a0\u00bb max_width=\u00a0\u00bb25%\u00a0\u00bb global_colors_info=\u00a0\u00bb{}\u00a0\u00bb][\/et_pb_image][\/et_pb_column][\/et_pb_row][et_pb_row _builder_version=\u00a0\u00bb4.17.4&Prime; _module_preset=\u00a0\u00bbdefault\u00a0\u00bb global_colors_info=\u00a0\u00bb{}\u00a0\u00bb][et_pb_column type=\u00a0\u00bb4_4&Prime; _builder_version=\u00a0\u00bb4.17.4&Prime; _module_preset=\u00a0\u00bbdefault\u00a0\u00bb global_colors_info=\u00a0\u00bb{}\u00a0\u00bb][et_pb_text _builder_version=\u00a0\u00bb4.21.0&Prime; _module_preset=\u00a0\u00bbdefault\u00a0\u00bb header_2_font=\u00a0\u00bbRaleway|800|||||||\u00a0\u00bb header_2_text_color=\u00a0\u00bb#098558&Prime; header_2_font_size=\u00a0\u00bb40px\u00a0\u00bb background_enable_color=\u00a0\u00bboff\u00a0\u00bb custom_padding=\u00a0\u00bb||||true|false\u00a0\u00bb hover_enabled=\u00a0\u00bb0&Prime; locked=\u00a0\u00bboff\u00a0\u00bb global_colors_info=\u00a0\u00bb{}\u00a0\u00bb sticky_enabled=\u00a0\u00bb0&Prime;]<\/p>\n<h1 style=\"text-align: left\">Entra\u00eenez-vous avec le meilleur \u00e9quipement de Singular Wod et Resasports.<\/h1>\n<p>[\/et_pb_text][et_pb_image src=\u00a0\u00bbhttps:\/\/resasports.com\/wp-content\/uploads\/2023\/01\/02.png\u00a0\u00bb title_text=\u00a0\u00bb02&Prime; align=\u00a0\u00bbcenter\u00a0\u00bb _builder_version=\u00a0\u00bb4.17.4&Prime; _module_preset=\u00a0\u00bbdefault\u00a0\u00bb custom_padding=\u00a0\u00bb||||false|true\u00a0\u00bb global_colors_info=\u00a0\u00bb{}\u00a0\u00bb][\/et_pb_image][\/et_pb_column][\/et_pb_row][et_pb_row _builder_version=\u00a0\u00bb4.17.4&Prime; _module_preset=\u00a0\u00bbdefault\u00a0\u00bb global_colors_info=\u00a0\u00bb{}\u00a0\u00bb][et_pb_column type=\u00a0\u00bb4_4&Prime; _builder_version=\u00a0\u00bb4.17.4&Prime; _module_preset=\u00a0\u00bbdefault\u00a0\u00bb global_colors_info=\u00a0\u00bb{}\u00a0\u00bb][et_pb_text _builder_version=\u00a0\u00bb4.17.4&Prime; _module_preset=\u00a0\u00bbdefault\u00a0\u00bb text_font=\u00a0\u00bbRaleway||||||||\u00a0\u00bb text_text_color=\u00a0\u00bb#098558&Prime; text_font_size=\u00a0\u00bb16px\u00a0\u00bb global_colors_info=\u00a0\u00bb{}\u00a0\u00bb]<span data-sheets-value=\"{&quot;1&quot;:2,&quot;2&quot;:&quot;Nous nous sommes associ\u00e9s \u00e0 Singular WOD afin de vous proposer les meilleurs \u00e9quipements sportifs pour vos entra\u00eenements.&quot;}\" data-sheets-userformat=\"{&quot;2&quot;:769,&quot;3&quot;:{&quot;1&quot;:0},&quot;11&quot;:4,&quot;12&quot;:0}\">Nous nous sommes associ\u00e9s \u00e0 Singular WOD afin de vous proposer les meilleurs \u00e9quipements sportifs pour vos entra\u00eenements.<\/span><\/p>\n<p><span data-sheets-value=\"{&quot;1&quot;:2,&quot;2&quot;:&quot;En tant que membre de l'\u00e9quipe Resawod, vous b\u00e9n\u00e9ficiez d'un \u00e9quipement Singular WOD \u00e0 un prix imbattable :&quot;}\" data-sheets-userformat=\"{&quot;2&quot;:769,&quot;3&quot;:{&quot;1&quot;:0},&quot;11&quot;:4,&quot;12&quot;:0}\">Gr\u00e2ce \u00e0 notre Benefits Program, vous obtiendrez le mat\u00e9riel de Singular WOD \u00e0 un prix imbattable :<\/span><\/p>\n<ul class=\"p-rich_text_list p-rich_text_list__bullet\" data-stringify-type=\"unordered-list\" data-indent=\"0\" data-border=\"0\">\n<li data-stringify-indent=\"0\" data-stringify-border=\"0\">Racks<\/li>\n<li data-stringify-indent=\"0\" data-stringify-border=\"0\">Disques et kettlebells<\/li>\n<li data-stringify-indent=\"0\" data-stringify-border=\"0\">Gilets lest\u00e9s<\/li>\n<li data-stringify-indent=\"0\" data-stringify-border=\"0\">Barres olympiques<\/li>\n<li data-stringify-indent=\"0\" data-stringify-border=\"0\">Et des \u00e9quipements exclusifs pour Resasports<\/li>\n<\/ul>\n<div class=\"et_pb_section et_pb_section_0 partnersscreen-spacing et_pb_with_background et_section_regular\">\n<div class=\"et_pb_row et_pb_row_0 partnersrow-spacing et_pb_gutters4 et-last-child\">\n<div class=\"et_pb_column et_pb_column_1_2 et_pb_column_1  et_pb_css_mix_blend_mode_passthrough et-last-child\">\n<div class=\"et_pb_module et_pb_text et_pb_text_2  et_pb_text_align_left et_pb_bg_layout_light\">\n<div class=\"et_pb_text_inner\">\n<p><span data-sheets-value=\"{&quot;1&quot;:2,&quot;2&quot;:&quot;De plus, si vous inaugurez une nouvelle box, nous vous faisons une offre que vous ne pouvez pas refuser. Devenez une box \\&quot;Powered by Singular WOD\\&quot; avec Resawod.&quot;}\" data-sheets-userformat=\"{&quot;2&quot;:769,&quot;3&quot;:{&quot;1&quot;:0},&quot;11&quot;:4,&quot;12&quot;:0}\">De plus, si vous inaugurez une nouvelle box, nous vous faisons une offre que vous ne pouvez pas refuser. Devenez un centre\u00a0<strong>\u00ab\u00a0Powered by Singular WOD\u00a0\u00bb<\/strong> avec Resasports.<\/span><\/p>\n<\/div>\n<\/div>\n<\/div>\n<\/div>\n<\/div>\n<p>[\/et_pb_text][\/et_pb_column][\/et_pb_row][\/et_pb_section][et_pb_section fb_built=\u00a0\u00bb1&Prime; _builder_version=\u00a0\u00bb4.17.4&Prime; _module_preset=\u00a0\u00bbdefault\u00a0\u00bb background_enable_color=\u00a0\u00bboff\u00a0\u00bb locked=\u00a0\u00bboff\u00a0\u00bb global_colors_info=\u00a0\u00bb{}\u00a0\u00bb][et_pb_row column_structure=\u00a0\u00bb1_2,1_2&Prime; _builder_version=\u00a0\u00bb4.17.2&Prime; _module_preset=\u00a0\u00bbdefault\u00a0\u00bb global_colors_info=\u00a0\u00bb{}\u00a0\u00bb][et_pb_column type=\u00a0\u00bb1_2&Prime; _builder_version=\u00a0\u00bb4.17.2&Prime; _module_preset=\u00a0\u00bbdefault\u00a0\u00bb global_colors_info=\u00a0\u00bb{}\u00a0\u00bb][et_pb_image src=\u00a0\u00bbhttps:\/\/resasports.com\/wp-content\/uploads\/2021\/11\/form-phone-RS-07.png\u00a0\u00bb title_text=\u00a0\u00bbform-phone-RS-07&Prime; align=\u00a0\u00bbcenter\u00a0\u00bb _builder_version=\u00a0\u00bb4.17.4&Prime; _module_preset=\u00a0\u00bbdefault\u00a0\u00bb max_width=\u00a0\u00bb70%\u00a0\u00bb global_colors_info=\u00a0\u00bb{}\u00a0\u00bb][\/et_pb_image][\/et_pb_column][et_pb_column type=\u00a0\u00bb1_2&Prime; _builder_version=\u00a0\u00bb4.17.2&Prime; _module_preset=\u00a0\u00bbdefault\u00a0\u00bb global_colors_info=\u00a0\u00bb{}\u00a0\u00bb][et_pb_text content_tablet=\u00a0\u00bb<\/p>\n<h2>Leurs t\u00e9moignages sont de point, de jeu et de match<\/h2>\n<p>\u00a0\u00bb content_phone=\u00a0\u00bb\u00a0\u00bb content_last_edited=\u00a0\u00bbon|tablet\u00a0\u00bb _builder_version=\u00a0\u00bb4.17.4&Prime; _module_preset=\u00a0\u00bbdefault\u00a0\u00bb text_font=\u00a0\u00bbRaleway||||||||\u00a0\u00bb header_2_font=\u00a0\u00bbRaleway|900|||||||\u00a0\u00bb header_2_text_color=\u00a0\u00bb#122c34&Prime; header_2_font_size=\u00a0\u00bb24px\u00a0\u00bb custom_padding=\u00a0\u00bb35px||||false|false\u00a0\u00bb animation_direction=\u00a0\u00bbbottom\u00a0\u00bb locked=\u00a0\u00bboff\u00a0\u00bb global_colors_info=\u00a0\u00bb{}\u00a0\u00bb]<\/p>\n<h2><span data-sheets-value=\"{&quot;1&quot;:2,&quot;2&quot;:&quot;\u00bfQuieres saber m\u00e1s sobre este partnership?&quot;}\" data-sheets-userformat=\"{&quot;2&quot;:768,&quot;11&quot;:4,&quot;12&quot;:0}\">Voulez-vous en savoir plus sur ce Benefits Program ?<\/span><\/h2>\n<p>Remplissez le formulaire, et nous vous contacterons pour vous fournir toutes les informations sur la fa\u00e7on dont vous pouvez b\u00e9n\u00e9ficier de cette collaboration dans le cadre de notre Benefits Program, juste pour faire partie de l\u2019\u00e9quipe Resasports.[\/et_pb_text][et_pb_text _builder_version=\u00a0\u00bb4.17.2&Prime; _module_preset=\u00a0\u00bbdefault\u00a0\u00bb custom_padding=\u00a0\u00bb|10%||10%|false|true\u00a0\u00bb global_colors_info=\u00a0\u00bb{}\u00a0\u00bb]<\/p>\n\n\t\t\t\t\t<script>\n\t\t\t\t\t\twindow.hsFormsOnReady = window.hsFormsOnReady || [];\n\t\t\t\t\t\twindow.hsFormsOnReady.push(()=>{\n\t\t\t\t\t\t\thbspt.forms.create({\n\t\t\t\t\t\t\t\tportalId: 6234568,\n\t\t\t\t\t\t\t\tformId: \"90b23c5d-dcbf-4383-90f4-fd4078727746\",\n\t\t\t\t\t\t\t\ttarget: \"#hbspt-form-1776850560000-3730660230\",\n\t\t\t\t\t\t\t\tregion: \"na1\",\n\t\t\t\t\t\t\t\t\n\t\t\t\t\t\t})});\n\t\t\t\t\t<\/script>\n\t\t\t\t\t<div class=\"hbspt-form\" id=\"hbspt-form-1776850560000-3730660230\"><\/div>\n<p>[\/et_pb_text][\/et_pb_column][\/et_pb_row][\/et_pb_section]<\/p>\n","protected":false},"excerpt":{"rendered":"<p>Entra\u00eenez-vous avec le meilleur \u00e9quipement de Singular Wod et Resasports.Nous nous sommes associ\u00e9s \u00e0 Singular WOD afin de vous proposer les meilleurs \u00e9quipements sportifs pour vos entra\u00eenements. Gr\u00e2ce \u00e0 notre Benefits Program, vous obtiendrez le mat\u00e9riel de Singular WOD \u00e0 un prix imbattable : Racks Disques et kettlebells Gilets lest\u00e9s Barres olympiques Et des \u00e9quipements [&hellip;]<\/p>\n","protected":false},"author":3,"featured_media":0,"parent":0,"menu_order":0,"comment_status":"closed","ping_status":"closed","template":"","meta":{"_et_pb_use_builder":"on","_et_pb_old_content":"","_et_gb_content_width":"","content-type":"","footnotes":""},"class_list":["post-14291","page","type-page","status-publish","hentry"],"yoast_head":"<!-- This site is optimized with the Yoast SEO plugin v25.7 - https:\/\/yoast.com\/wordpress\/plugins\/seo\/ -->\n<title>Le meilleur \u00e9quipement de Singular Wod avec Resasports<\/title>\n<meta name=\"description\" content=\"Resasports s&#039;associe \u00e0 Singular WOD pour vous offrir le meilleur \u00e9quipement sportif pour vos entra\u00eenements gr\u00e2ce \u00e0 son programme d&#039;avantages.\" \/>\n<meta name=\"robots\" content=\"index, follow, max-snippet:-1, max-image-preview:large, max-video-preview:-1\" \/>\n<link rel=\"canonical\" href=\"https:\/\/resasports.com\/fr\/partner-singular-wod\/\" \/>\n<meta property=\"og:locale\" content=\"fr_FR\" \/>\n<meta property=\"og:type\" content=\"article\" \/>\n<meta property=\"og:title\" content=\"Le meilleur \u00e9quipement de Singular Wod avec Resasports\" \/>\n<meta property=\"og:description\" content=\"Resasports s&#039;associe \u00e0 Singular WOD pour vous offrir le meilleur \u00e9quipement sportif pour vos entra\u00eenements gr\u00e2ce \u00e0 son programme d&#039;avantages.\" \/>\n<meta property=\"og:url\" content=\"https:\/\/resasports.com\/fr\/partner-singular-wod\/\" \/>\n<meta property=\"og:site_name\" content=\"Resasports\" \/>\n<meta property=\"article:modified_time\" content=\"2023-10-26T07:52:28+00:00\" \/>\n<meta name=\"twitter:card\" content=\"summary_large_image\" \/>\n<meta name=\"twitter:label1\" content=\"Dur\u00e9e de lecture estim\u00e9e\" \/>\n\t<meta name=\"twitter:data1\" content=\"2 minutes\" \/>\n<script type=\"application\/ld+json\" class=\"yoast-schema-graph\">{\"@context\":\"https:\/\/schema.org\",\"@graph\":[{\"@type\":\"WebPage\",\"@id\":\"https:\/\/resasports.com\/fr\/partner-singular-wod\/\",\"url\":\"https:\/\/resasports.com\/fr\/partner-singular-wod\/\",\"name\":\"Le meilleur \u00e9quipement de Singular Wod avec Resasports\",\"isPartOf\":{\"@id\":\"https:\/\/resasports.com\/fr\/#website\"},\"datePublished\":\"2023-01-17T12:05:46+00:00\",\"dateModified\":\"2023-10-26T07:52:28+00:00\",\"description\":\"Resasports s'associe \u00e0 Singular WOD pour vous offrir le meilleur \u00e9quipement sportif pour vos entra\u00eenements gr\u00e2ce \u00e0 son programme d'avantages.\",\"breadcrumb\":{\"@id\":\"https:\/\/resasports.com\/fr\/partner-singular-wod\/#breadcrumb\"},\"inLanguage\":\"fr-FR\",\"potentialAction\":[{\"@type\":\"ReadAction\",\"target\":[\"https:\/\/resasports.com\/fr\/partner-singular-wod\/\"]}]},{\"@type\":\"BreadcrumbList\",\"@id\":\"https:\/\/resasports.com\/fr\/partner-singular-wod\/#breadcrumb\",\"itemListElement\":[{\"@type\":\"ListItem\",\"position\":1,\"name\":\"Portada\",\"item\":\"https:\/\/resasports.com\/fr\/\"},{\"@type\":\"ListItem\",\"position\":2,\"name\":\"Singular Wod\"}]},{\"@type\":\"WebSite\",\"@id\":\"https:\/\/resasports.com\/fr\/#website\",\"url\":\"https:\/\/resasports.com\/fr\/\",\"name\":\"Resasports\",\"description\":\"\",\"potentialAction\":[{\"@type\":\"SearchAction\",\"target\":{\"@type\":\"EntryPoint\",\"urlTemplate\":\"https:\/\/resasports.com\/fr\/?s={search_term_string}\"},\"query-input\":{\"@type\":\"PropertyValueSpecification\",\"valueRequired\":true,\"valueName\":\"search_term_string\"}}],\"inLanguage\":\"fr-FR\"}]}<\/script>\n<!-- \/ Yoast SEO plugin. -->","yoast_head_json":{"title":"Le meilleur \u00e9quipement de Singular Wod avec Resasports","description":"Resasports s'associe \u00e0 Singular WOD pour vous offrir le meilleur \u00e9quipement sportif pour vos entra\u00eenements gr\u00e2ce \u00e0 son programme d'avantages.","robots":{"index":"index","follow":"follow","max-snippet":"max-snippet:-1","max-image-preview":"max-image-preview:large","max-video-preview":"max-video-preview:-1"},"canonical":"https:\/\/resasports.com\/fr\/partner-singular-wod\/","og_locale":"fr_FR","og_type":"article","og_title":"Le meilleur \u00e9quipement de Singular Wod avec Resasports","og_description":"Resasports s'associe \u00e0 Singular WOD pour vous offrir le meilleur \u00e9quipement sportif pour vos entra\u00eenements gr\u00e2ce \u00e0 son programme d'avantages.","og_url":"https:\/\/resasports.com\/fr\/partner-singular-wod\/","og_site_name":"Resasports","article_modified_time":"2023-10-26T07:52:28+00:00","twitter_card":"summary_large_image","twitter_misc":{"Dur\u00e9e de lecture estim\u00e9e":"2 minutes"},"schema":{"@context":"https:\/\/schema.org","@graph":[{"@type":"WebPage","@id":"https:\/\/resasports.com\/fr\/partner-singular-wod\/","url":"https:\/\/resasports.com\/fr\/partner-singular-wod\/","name":"Le meilleur \u00e9quipement de Singular Wod avec Resasports","isPartOf":{"@id":"https:\/\/resasports.com\/fr\/#website"},"datePublished":"2023-01-17T12:05:46+00:00","dateModified":"2023-10-26T07:52:28+00:00","description":"Resasports s'associe \u00e0 Singular WOD pour vous offrir le meilleur \u00e9quipement sportif pour vos entra\u00eenements gr\u00e2ce \u00e0 son programme d'avantages.","breadcrumb":{"@id":"https:\/\/resasports.com\/fr\/partner-singular-wod\/#breadcrumb"},"inLanguage":"fr-FR","potentialAction":[{"@type":"ReadAction","target":["https:\/\/resasports.com\/fr\/partner-singular-wod\/"]}]},{"@type":"BreadcrumbList","@id":"https:\/\/resasports.com\/fr\/partner-singular-wod\/#breadcrumb","itemListElement":[{"@type":"ListItem","position":1,"name":"Portada","item":"https:\/\/resasports.com\/fr\/"},{"@type":"ListItem","position":2,"name":"Singular Wod"}]},{"@type":"WebSite","@id":"https:\/\/resasports.com\/fr\/#website","url":"https:\/\/resasports.com\/fr\/","name":"Resasports","description":"","potentialAction":[{"@type":"SearchAction","target":{"@type":"EntryPoint","urlTemplate":"https:\/\/resasports.com\/fr\/?s={search_term_string}"},"query-input":{"@type":"PropertyValueSpecification","valueRequired":true,"valueName":"search_term_string"}}],"inLanguage":"fr-FR"}]}},"_links":{"self":[{"href":"https:\/\/resasports.com\/fr\/wp-json\/wp\/v2\/pages\/14291","targetHints":{"allow":["GET"]}}],"collection":[{"href":"https:\/\/resasports.com\/fr\/wp-json\/wp\/v2\/pages"}],"about":[{"href":"https:\/\/resasports.com\/fr\/wp-json\/wp\/v2\/types\/page"}],"author":[{"embeddable":true,"href":"https:\/\/resasports.com\/fr\/wp-json\/wp\/v2\/users\/3"}],"replies":[{"embeddable":true,"href":"https:\/\/resasports.com\/fr\/wp-json\/wp\/v2\/comments?post=14291"}],"version-history":[{"count":19,"href":"https:\/\/resasports.com\/fr\/wp-json\/wp\/v2\/pages\/14291\/revisions"}],"predecessor-version":[{"id":20284,"href":"https:\/\/resasports.com\/fr\/wp-json\/wp\/v2\/pages\/14291\/revisions\/20284"}],"wp:attachment":[{"href":"https:\/\/resasports.com\/fr\/wp-json\/wp\/v2\/media?parent=14291"}],"curies":[{"name":"wp","href":"https:\/\/api.w.org\/{rel}","templated":true}]}}