{"id":14283,"date":"2023-01-17T12:02:15","date_gmt":"2023-01-17T12:02:15","guid":{"rendered":"https:\/\/resasports.com\/?page_id=14283"},"modified":"2023-08-08T10:08:40","modified_gmt":"2023-08-08T10:08:40","slug":"partner-fitness-kpi","status":"publish","type":"page","link":"https:\/\/resasports.com\/fr\/partner-fitness-kpi\/","title":{"rendered":"Fitness KPI"},"content":{"rendered":"<p>[et_pb_section fb_built=\u00a0\u00bb1&Prime; _builder_version=\u00a0\u00bb4.17.4&Prime; _module_preset=\u00a0\u00bbdefault\u00a0\u00bb custom_padding=\u00a0\u00bb0px||||false|false\u00a0\u00bb global_colors_info=\u00a0\u00bb{}\u00a0\u00bb][et_pb_row _builder_version=\u00a0\u00bb4.17.4&Prime; _module_preset=\u00a0\u00bbdefault\u00a0\u00bb border_width_bottom=\u00a0\u00bb1px\u00a0\u00bb border_color_bottom=\u00a0\u00bbrgba(9,133,88,0.25)\u00a0\u00bb global_colors_info=\u00a0\u00bb{}\u00a0\u00bb][et_pb_column type=\u00a0\u00bb4_4&Prime; _builder_version=\u00a0\u00bb4.17.4&Prime; _module_preset=\u00a0\u00bbdefault\u00a0\u00bb global_colors_info=\u00a0\u00bb{}\u00a0\u00bb][et_pb_image src=\u00a0\u00bbhttps:\/\/resasports.com\/wp-content\/uploads\/2023\/01\/FitnessKPI02.png\u00a0\u00bb title_text=\u00a0\u00bbFitnessKPI02&Prime; align=\u00a0\u00bbright\u00a0\u00bb _builder_version=\u00a0\u00bb4.17.4&Prime; _module_preset=\u00a0\u00bbdefault\u00a0\u00bb max_width=\u00a0\u00bb25%\u00a0\u00bb global_colors_info=\u00a0\u00bb{}\u00a0\u00bb][\/et_pb_image][\/et_pb_column][\/et_pb_row][et_pb_row _builder_version=\u00a0\u00bb4.17.4&Prime; _module_preset=\u00a0\u00bbdefault\u00a0\u00bb global_colors_info=\u00a0\u00bb{}\u00a0\u00bb][et_pb_column type=\u00a0\u00bb4_4&Prime; _builder_version=\u00a0\u00bb4.17.4&Prime; _module_preset=\u00a0\u00bbdefault\u00a0\u00bb global_colors_info=\u00a0\u00bb{}\u00a0\u00bb][et_pb_text _builder_version=\u00a0\u00bb4.17.4&Prime; _module_preset=\u00a0\u00bbdefault\u00a0\u00bb header_2_font=\u00a0\u00bbRaleway|800|||||||\u00a0\u00bb header_2_text_color=\u00a0\u00bb#098558&Prime; header_2_font_size=\u00a0\u00bb40px\u00a0\u00bb background_enable_color=\u00a0\u00bboff\u00a0\u00bb custom_padding=\u00a0\u00bb||||true|false\u00a0\u00bb locked=\u00a0\u00bboff\u00a0\u00bb global_colors_info=\u00a0\u00bb{}\u00a0\u00bb]<\/p>\n<h2 style=\"text-align: left\"><strong>Le contr\u00f4le de votre centre sportif avec Fitness KPI et Resasports.<\/strong><\/h2>\n<p>[\/et_pb_text][et_pb_image src=\u00a0\u00bbhttps:\/\/resasports.com\/wp-content\/uploads\/2023\/01\/01-1.png\u00a0\u00bb title_text=\u00a0\u00bb01&Prime; align=\u00a0\u00bbcenter\u00a0\u00bb _builder_version=\u00a0\u00bb4.17.4&Prime; _module_preset=\u00a0\u00bbdefault\u00a0\u00bb custom_padding=\u00a0\u00bb||||false|true\u00a0\u00bb global_colors_info=\u00a0\u00bb{}\u00a0\u00bb][\/et_pb_image][\/et_pb_column][\/et_pb_row][et_pb_row _builder_version=\u00a0\u00bb4.17.4&Prime; _module_preset=\u00a0\u00bbdefault\u00a0\u00bb global_colors_info=\u00a0\u00bb{}\u00a0\u00bb][et_pb_column type=\u00a0\u00bb4_4&Prime; _builder_version=\u00a0\u00bb4.17.4&Prime; _module_preset=\u00a0\u00bbdefault\u00a0\u00bb global_colors_info=\u00a0\u00bb{}\u00a0\u00bb][et_pb_text _builder_version=\u00a0\u00bb4.17.4&Prime; _module_preset=\u00a0\u00bbdefault\u00a0\u00bb text_font=\u00a0\u00bbRaleway||||||||\u00a0\u00bb text_text_color=\u00a0\u00bb#098558&Prime; text_font_size=\u00a0\u00bb16px\u00a0\u00bb hover_enabled=\u00a0\u00bb0&Prime; global_colors_info=\u00a0\u00bb{}\u00a0\u00bb sticky_enabled=\u00a0\u00bb0&Prime;]<\/p>\n<p data-pm-slice=\"1 1 []\"><span data-sheets-value=\"{&quot;1&quot;:2,&quot;2&quot;:&quot;La force du logiciel de gestion de centre sportif Resasports et la puissance de la business intelligence Fitness KPI, combin\u00e9es pour vous offrir le meilleur et le plus complet des syst\u00e8mes de gestion pour votre centre.&quot;}\" data-sheets-userformat=\"{&quot;2&quot;:769,&quot;3&quot;:{&quot;1&quot;:0},&quot;11&quot;:4,&quot;12&quot;:0}\">La force du logiciel de gestion de centre sportif Resasports et la puissance de la business intelligence Fitness KPI, combin\u00e9es pour vous offrir le meilleur et le plus complet des syst\u00e8mes de gestion pour votre centre.<\/span><\/p>\n<p>Obtenez des analyses et des statistiques d\u00e9taill\u00e9es sur :<\/p>\n<ul>\n<li style=\"list-style-type: none\">\n<ul>\n<li>Profil de membre<\/li>\n<li>Recrutement et fid\u00e9lisation<\/li>\n<li>Utilisation et acquisition<\/li>\n<li>\u00c9conomie et finances<\/li>\n<li>G\u00e9olocalisation<\/li>\n<li>Environnement de travail<\/li>\n<\/ul>\n<\/li>\n<\/ul>\n<p>La gestion de votre centre sportif, plus facile que jamais avec Resasports et Fitness KPI.<\/p>\n<p>[\/et_pb_text][\/et_pb_column][\/et_pb_row][\/et_pb_section][et_pb_section fb_built=\u00a0\u00bb1&Prime; _builder_version=\u00a0\u00bb4.17.4&Prime; _module_preset=\u00a0\u00bbdefault\u00a0\u00bb background_enable_color=\u00a0\u00bboff\u00a0\u00bb locked=\u00a0\u00bboff\u00a0\u00bb global_colors_info=\u00a0\u00bb{}\u00a0\u00bb][et_pb_row column_structure=\u00a0\u00bb1_2,1_2&Prime; _builder_version=\u00a0\u00bb4.17.2&Prime; _module_preset=\u00a0\u00bbdefault\u00a0\u00bb global_colors_info=\u00a0\u00bb{}\u00a0\u00bb][et_pb_column type=\u00a0\u00bb1_2&Prime; _builder_version=\u00a0\u00bb4.17.2&Prime; _module_preset=\u00a0\u00bbdefault\u00a0\u00bb global_colors_info=\u00a0\u00bb{}\u00a0\u00bb][et_pb_image src=\u00a0\u00bbhttps:\/\/resasports.com\/wp-content\/uploads\/2021\/11\/form-phone-RS-07.png\u00a0\u00bb title_text=\u00a0\u00bbform-phone-RS-07&Prime; align=\u00a0\u00bbcenter\u00a0\u00bb _builder_version=\u00a0\u00bb4.17.4&Prime; _module_preset=\u00a0\u00bbdefault\u00a0\u00bb max_width=\u00a0\u00bb70%\u00a0\u00bb global_colors_info=\u00a0\u00bb{}\u00a0\u00bb][\/et_pb_image][\/et_pb_column][et_pb_column type=\u00a0\u00bb1_2&Prime; _builder_version=\u00a0\u00bb4.17.2&Prime; _module_preset=\u00a0\u00bbdefault\u00a0\u00bb global_colors_info=\u00a0\u00bb{}\u00a0\u00bb][et_pb_text content_tablet=\u00a0\u00bb<\/p>\n<h2>Leurs t\u00e9moignages sont de point, de jeu et de match<\/h2>\n<p>\u00a0\u00bb content_phone=\u00a0\u00bb\u00a0\u00bb content_last_edited=\u00a0\u00bbon|tablet\u00a0\u00bb _builder_version=\u00a0\u00bb4.17.4&Prime; _module_preset=\u00a0\u00bbdefault\u00a0\u00bb text_font=\u00a0\u00bbRaleway||||||||\u00a0\u00bb header_2_font=\u00a0\u00bbRaleway|900|||||||\u00a0\u00bb header_2_text_color=\u00a0\u00bb#122c34&Prime; header_2_font_size=\u00a0\u00bb24px\u00a0\u00bb custom_padding=\u00a0\u00bb35px||||false|false\u00a0\u00bb animation_direction=\u00a0\u00bbbottom\u00a0\u00bb locked=\u00a0\u00bboff\u00a0\u00bb global_colors_info=\u00a0\u00bb{}\u00a0\u00bb]<\/p>\n<h2 style=\"text-align: left\">Voulez-vous en savoir plus sur ce Benefits Program?<\/h2>\n<div class=\"et_pb_module et_pb_text et_pb_text_3 et_pb_text_align_left et_pb_bg_layout_light et_multi_view__hover_selector et_multi_view__hovered\">\n<div class=\"et_pb_text_inner et_multi_view_swapped\" style=\"margin: 0px;padding: 0px;border: 0px;font-size: 14px;vertical-align: baseline;background: transparent;position: relative\" data-et-multi-view=\"{&quot;schema&quot;:{&quot;content&quot;:{&quot;desktop&quot;:&quot;&lt;h2 style=\\&quot;text-align: left\\&quot;&gt;Voulez-vous en savoir plus sur ce Benefits Program ?&lt;\\\/h2&gt;\\n&lt;p&gt;Remplissez le formulaire, et nous vous contacterons avec toutes les infromations sur la fa\u00e7on dont vous pouvez b\u00e9n\u00e9ficier de cette collaboration de notre Benefits Program juste pour faire partie de l\u2019\u00e9quipe Resasports.&quot;,&quot;tablet&quot;:&quot;&lt;h2&gt;Leurs t\u00e9moignages sont de point, de jeu et de match&lt;\\\/h2&gt;&quot;,&quot;phone&quot;:&quot;&quot;}},&quot;slug&quot;:&quot;et_pb_text&quot;}\" data-et-multi-view-load-tablet-hidden=\"true\" data-et-multi-view-load-phone-hidden=\"true\">Remplissez le formulaire, et nous vous contacterons avec toutes les infromations sur la fa\u00e7on dont vous pouvez b\u00e9n\u00e9ficier de cette collaboration de notre Benefits Program juste pour faire partie de l\u2019\u00e9quipe Resasports.<\/div>\n<\/div>\n<p>[\/et_pb_text][et_pb_text _builder_version=\u00a0\u00bb4.17.2&Prime; _module_preset=\u00a0\u00bbdefault\u00a0\u00bb custom_padding=\u00a0\u00bb|10%||10%|false|true\u00a0\u00bb global_colors_info=\u00a0\u00bb{}\u00a0\u00bb]<\/p>\n\n\t\t\t\t\t<script>\n\t\t\t\t\t\twindow.hsFormsOnReady = window.hsFormsOnReady || [];\n\t\t\t\t\t\twindow.hsFormsOnReady.push(()=>{\n\t\t\t\t\t\t\thbspt.forms.create({\n\t\t\t\t\t\t\t\tportalId: 6234568,\n\t\t\t\t\t\t\t\tformId: \"90b23c5d-dcbf-4383-90f4-fd4078727746\",\n\t\t\t\t\t\t\t\ttarget: \"#hbspt-form-1776212980000-7079021656\",\n\t\t\t\t\t\t\t\tregion: \"na1\",\n\t\t\t\t\t\t\t\t\n\t\t\t\t\t\t})});\n\t\t\t\t\t<\/script>\n\t\t\t\t\t<div class=\"hbspt-form\" id=\"hbspt-form-1776212980000-7079021656\"><\/div>\n<p>[\/et_pb_text][\/et_pb_column][\/et_pb_row][\/et_pb_section]<\/p>\n","protected":false},"excerpt":{"rendered":"<p>Le contr\u00f4le de votre centre sportif avec Fitness KPI et Resasports.La force du logiciel de gestion de centre sportif Resasports et la puissance de la business intelligence Fitness KPI, combin\u00e9es pour vous offrir le meilleur et le plus complet des syst\u00e8mes de gestion pour votre centre. Obtenez des analyses et des statistiques d\u00e9taill\u00e9es sur : [&hellip;]<\/p>\n","protected":false},"author":3,"featured_media":0,"parent":0,"menu_order":0,"comment_status":"closed","ping_status":"closed","template":"","meta":{"_et_pb_use_builder":"on","_et_pb_old_content":"","_et_gb_content_width":"","content-type":"","footnotes":""},"class_list":["post-14283","page","type-page","status-publish","hentry"],"yoast_head":"<!-- This site is optimized with the Yoast SEO plugin v25.7 - https:\/\/yoast.com\/wordpress\/plugins\/seo\/ -->\n<title>Le contr\u00f4le de votre centre sportif avec Fitness KPI et Resasports<\/title>\n<meta name=\"description\" content=\"La force du logiciel de gestion des centres sportifs Resasports et la puissance de l&#039;intelligence \u00e9conomique Fitness KPI.\" \/>\n<meta name=\"robots\" content=\"index, follow, max-snippet:-1, max-image-preview:large, max-video-preview:-1\" \/>\n<link rel=\"canonical\" href=\"https:\/\/resasports.com\/fr\/partner-fitness-kpi\/\" \/>\n<meta property=\"og:locale\" content=\"fr_FR\" \/>\n<meta property=\"og:type\" content=\"article\" \/>\n<meta property=\"og:title\" content=\"Le contr\u00f4le de votre centre sportif avec Fitness KPI et Resasports\" \/>\n<meta property=\"og:description\" content=\"La force du logiciel de gestion des centres sportifs Resasports et la puissance de l&#039;intelligence \u00e9conomique Fitness KPI.\" \/>\n<meta property=\"og:url\" content=\"https:\/\/resasports.com\/fr\/partner-fitness-kpi\/\" \/>\n<meta property=\"og:site_name\" content=\"Resasports\" \/>\n<meta property=\"article:modified_time\" content=\"2023-08-08T10:08:40+00:00\" \/>\n<meta name=\"twitter:card\" content=\"summary_large_image\" \/>\n<meta name=\"twitter:label1\" content=\"Dur\u00e9e de lecture estim\u00e9e\" \/>\n\t<meta name=\"twitter:data1\" content=\"3 minutes\" \/>\n<script type=\"application\/ld+json\" class=\"yoast-schema-graph\">{\"@context\":\"https:\/\/schema.org\",\"@graph\":[{\"@type\":\"WebPage\",\"@id\":\"https:\/\/resasports.com\/fr\/partner-fitness-kpi\/\",\"url\":\"https:\/\/resasports.com\/fr\/partner-fitness-kpi\/\",\"name\":\"Le contr\u00f4le de votre centre sportif avec Fitness KPI et Resasports\",\"isPartOf\":{\"@id\":\"https:\/\/resasports.com\/fr\/#website\"},\"datePublished\":\"2023-01-17T12:02:15+00:00\",\"dateModified\":\"2023-08-08T10:08:40+00:00\",\"description\":\"La force du logiciel de gestion des centres sportifs Resasports et la puissance de l'intelligence \u00e9conomique Fitness KPI.\",\"breadcrumb\":{\"@id\":\"https:\/\/resasports.com\/fr\/partner-fitness-kpi\/#breadcrumb\"},\"inLanguage\":\"fr-FR\",\"potentialAction\":[{\"@type\":\"ReadAction\",\"target\":[\"https:\/\/resasports.com\/fr\/partner-fitness-kpi\/\"]}]},{\"@type\":\"BreadcrumbList\",\"@id\":\"https:\/\/resasports.com\/fr\/partner-fitness-kpi\/#breadcrumb\",\"itemListElement\":[{\"@type\":\"ListItem\",\"position\":1,\"name\":\"Portada\",\"item\":\"https:\/\/resasports.com\/fr\/\"},{\"@type\":\"ListItem\",\"position\":2,\"name\":\"Fitness KPI\"}]},{\"@type\":\"WebSite\",\"@id\":\"https:\/\/resasports.com\/fr\/#website\",\"url\":\"https:\/\/resasports.com\/fr\/\",\"name\":\"Resasports\",\"description\":\"\",\"potentialAction\":[{\"@type\":\"SearchAction\",\"target\":{\"@type\":\"EntryPoint\",\"urlTemplate\":\"https:\/\/resasports.com\/fr\/?s={search_term_string}\"},\"query-input\":{\"@type\":\"PropertyValueSpecification\",\"valueRequired\":true,\"valueName\":\"search_term_string\"}}],\"inLanguage\":\"fr-FR\"}]}<\/script>\n<!-- \/ Yoast SEO plugin. -->","yoast_head_json":{"title":"Le contr\u00f4le de votre centre sportif avec Fitness KPI et Resasports","description":"La force du logiciel de gestion des centres sportifs Resasports et la puissance de l'intelligence \u00e9conomique Fitness KPI.","robots":{"index":"index","follow":"follow","max-snippet":"max-snippet:-1","max-image-preview":"max-image-preview:large","max-video-preview":"max-video-preview:-1"},"canonical":"https:\/\/resasports.com\/fr\/partner-fitness-kpi\/","og_locale":"fr_FR","og_type":"article","og_title":"Le contr\u00f4le de votre centre sportif avec Fitness KPI et Resasports","og_description":"La force du logiciel de gestion des centres sportifs Resasports et la puissance de l'intelligence \u00e9conomique Fitness KPI.","og_url":"https:\/\/resasports.com\/fr\/partner-fitness-kpi\/","og_site_name":"Resasports","article_modified_time":"2023-08-08T10:08:40+00:00","twitter_card":"summary_large_image","twitter_misc":{"Dur\u00e9e de lecture estim\u00e9e":"3 minutes"},"schema":{"@context":"https:\/\/schema.org","@graph":[{"@type":"WebPage","@id":"https:\/\/resasports.com\/fr\/partner-fitness-kpi\/","url":"https:\/\/resasports.com\/fr\/partner-fitness-kpi\/","name":"Le contr\u00f4le de votre centre sportif avec Fitness KPI et Resasports","isPartOf":{"@id":"https:\/\/resasports.com\/fr\/#website"},"datePublished":"2023-01-17T12:02:15+00:00","dateModified":"2023-08-08T10:08:40+00:00","description":"La force du logiciel de gestion des centres sportifs Resasports et la puissance de l'intelligence \u00e9conomique Fitness KPI.","breadcrumb":{"@id":"https:\/\/resasports.com\/fr\/partner-fitness-kpi\/#breadcrumb"},"inLanguage":"fr-FR","potentialAction":[{"@type":"ReadAction","target":["https:\/\/resasports.com\/fr\/partner-fitness-kpi\/"]}]},{"@type":"BreadcrumbList","@id":"https:\/\/resasports.com\/fr\/partner-fitness-kpi\/#breadcrumb","itemListElement":[{"@type":"ListItem","position":1,"name":"Portada","item":"https:\/\/resasports.com\/fr\/"},{"@type":"ListItem","position":2,"name":"Fitness KPI"}]},{"@type":"WebSite","@id":"https:\/\/resasports.com\/fr\/#website","url":"https:\/\/resasports.com\/fr\/","name":"Resasports","description":"","potentialAction":[{"@type":"SearchAction","target":{"@type":"EntryPoint","urlTemplate":"https:\/\/resasports.com\/fr\/?s={search_term_string}"},"query-input":{"@type":"PropertyValueSpecification","valueRequired":true,"valueName":"search_term_string"}}],"inLanguage":"fr-FR"}]}},"_links":{"self":[{"href":"https:\/\/resasports.com\/fr\/wp-json\/wp\/v2\/pages\/14283","targetHints":{"allow":["GET"]}}],"collection":[{"href":"https:\/\/resasports.com\/fr\/wp-json\/wp\/v2\/pages"}],"about":[{"href":"https:\/\/resasports.com\/fr\/wp-json\/wp\/v2\/types\/page"}],"author":[{"embeddable":true,"href":"https:\/\/resasports.com\/fr\/wp-json\/wp\/v2\/users\/3"}],"replies":[{"embeddable":true,"href":"https:\/\/resasports.com\/fr\/wp-json\/wp\/v2\/comments?post=14283"}],"version-history":[{"count":22,"href":"https:\/\/resasports.com\/fr\/wp-json\/wp\/v2\/pages\/14283\/revisions"}],"predecessor-version":[{"id":20292,"href":"https:\/\/resasports.com\/fr\/wp-json\/wp\/v2\/pages\/14283\/revisions\/20292"}],"wp:attachment":[{"href":"https:\/\/resasports.com\/fr\/wp-json\/wp\/v2\/media?parent=14283"}],"curies":[{"name":"wp","href":"https:\/\/api.w.org\/{rel}","templated":true}]}}