{"id":14277,"date":"2023-01-17T12:01:13","date_gmt":"2023-01-17T12:01:13","guid":{"rendered":"https:\/\/resasports.com\/?page_id=14277"},"modified":"2023-10-26T07:50:59","modified_gmt":"2023-10-26T07:50:59","slug":"partner-das-gate","status":"publish","type":"page","link":"https:\/\/resasports.com\/fr\/partner-das-gate\/","title":{"rendered":"DasGate"},"content":{"rendered":"<p>[et_pb_section fb_built=\u00a0\u00bb1&Prime; _builder_version=\u00a0\u00bb4.17.4&Prime; _module_preset=\u00a0\u00bbdefault\u00a0\u00bb custom_padding=\u00a0\u00bb0px||||false|false\u00a0\u00bb global_colors_info=\u00a0\u00bb{}\u00a0\u00bb][et_pb_row _builder_version=\u00a0\u00bb4.17.4&Prime; _module_preset=\u00a0\u00bbdefault\u00a0\u00bb border_width_bottom=\u00a0\u00bb1px\u00a0\u00bb border_color_bottom=\u00a0\u00bbrgba(9,133,88,0.25)\u00a0\u00bb global_colors_info=\u00a0\u00bb{}\u00a0\u00bb][et_pb_column type=\u00a0\u00bb4_4&Prime; _builder_version=\u00a0\u00bb4.17.4&Prime; _module_preset=\u00a0\u00bbdefault\u00a0\u00bb global_colors_info=\u00a0\u00bb{}\u00a0\u00bb][et_pb_image src=\u00a0\u00bbhttps:\/\/resasports.com\/wp-content\/uploads\/2023\/01\/dasgate-2.png\u00a0\u00bb title_text=\u00a0\u00bbdasgate\u00a0\u00bb align=\u00a0\u00bbright\u00a0\u00bb _builder_version=\u00a0\u00bb4.17.4&Prime; _module_preset=\u00a0\u00bbdefault\u00a0\u00bb max_width=\u00a0\u00bb25%\u00a0\u00bb global_colors_info=\u00a0\u00bb{}\u00a0\u00bb][\/et_pb_image][\/et_pb_column][\/et_pb_row][et_pb_row _builder_version=\u00a0\u00bb4.17.4&Prime; _module_preset=\u00a0\u00bbdefault\u00a0\u00bb global_colors_info=\u00a0\u00bb{}\u00a0\u00bb][et_pb_column type=\u00a0\u00bb4_4&Prime; _builder_version=\u00a0\u00bb4.17.4&Prime; _module_preset=\u00a0\u00bbdefault\u00a0\u00bb global_colors_info=\u00a0\u00bb{}\u00a0\u00bb][et_pb_text _builder_version=\u00a0\u00bb4.21.0&Prime; _module_preset=\u00a0\u00bbdefault\u00a0\u00bb header_2_font=\u00a0\u00bbRaleway|800|||||||\u00a0\u00bb header_2_text_color=\u00a0\u00bb#098558&Prime; header_2_font_size=\u00a0\u00bb40px\u00a0\u00bb background_enable_color=\u00a0\u00bboff\u00a0\u00bb custom_padding=\u00a0\u00bb||||true|false\u00a0\u00bb hover_enabled=\u00a0\u00bb0&Prime; locked=\u00a0\u00bboff\u00a0\u00bb global_colors_info=\u00a0\u00bb{}\u00a0\u00bb sticky_enabled=\u00a0\u00bb0&Prime;]<\/p>\n<h1 style=\"text-align: left\">La solution d&rsquo;acc\u00e8s la plus innovante pour les centres sportifs.<\/h1>\n<p>[\/et_pb_text][et_pb_image src=\u00a0\u00bbhttps:\/\/resasports.com\/wp-content\/uploads\/2023\/01\/03.png\u00a0\u00bb title_text=\u00a0\u00bb03&Prime; align=\u00a0\u00bbcenter\u00a0\u00bb _builder_version=\u00a0\u00bb4.17.4&Prime; _module_preset=\u00a0\u00bbdefault\u00a0\u00bb custom_padding=\u00a0\u00bb||||false|true\u00a0\u00bb global_colors_info=\u00a0\u00bb{}\u00a0\u00bb][\/et_pb_image][\/et_pb_column][\/et_pb_row][et_pb_row _builder_version=\u00a0\u00bb4.17.4&Prime; _module_preset=\u00a0\u00bbdefault\u00a0\u00bb global_colors_info=\u00a0\u00bb{}\u00a0\u00bb][et_pb_column type=\u00a0\u00bb4_4&Prime; _builder_version=\u00a0\u00bb4.17.4&Prime; _module_preset=\u00a0\u00bbdefault\u00a0\u00bb global_colors_info=\u00a0\u00bb{}\u00a0\u00bb][et_pb_text _builder_version=\u00a0\u00bb4.17.4&Prime; _module_preset=\u00a0\u00bbdefault\u00a0\u00bb text_font=\u00a0\u00bbRaleway||||||||\u00a0\u00bb text_text_color=\u00a0\u00bb#098558&Prime; text_font_size=\u00a0\u00bb16px\u00a0\u00bb global_colors_info=\u00a0\u00bb{}\u00a0\u00bb]<\/p>\n<p data-pm-slice=\"1 1 []\">Souscrivez, avec votre licence Resasports, votre syst\u00e8me d\u2019acc\u00e8s \u00e0 reconnaissance faciale dasGate et gagnez en s\u00e9curit\u00e9 dans votre centre sportif.<\/p>\n<p>Avantages pour votre club :<\/p>\n<ul>\n<li style=\"list-style-type: none\">\n<ul class=\"ProsemirrorEditor-list\">\n<li class=\"ProsemirrorEditor-listItem\" data-list-indent=\"1\" data-list-type=\"bulleted\">R\u00e9duction des co\u00fbts<\/li>\n<li class=\"ProsemirrorEditor-listItem\" data-list-indent=\"1\" data-list-type=\"bulleted\">S\u00e9curit\u00e9 accrue<\/li>\n<li class=\"ProsemirrorEditor-listItem\" data-list-indent=\"1\" data-list-type=\"bulleted\">Automatisation du centre sportif<\/li>\n<\/ul>\n<\/li>\n<\/ul>\n<p>Avantages pour votre client :<\/p>\n<ul>\n<li style=\"list-style-type: none\">\n<ul class=\"ProsemirrorEditor-list\">\n<li class=\"ProsemirrorEditor-listItem\" data-list-indent=\"1\" data-list-type=\"bulleted\">Am\u00e9liorer l&rsquo;exp\u00e9rience de l&rsquo;utilisateur<\/li>\n<li class=\"ProsemirrorEditor-listItem\" data-list-indent=\"1\" data-list-type=\"bulleted\">Acc\u00e9s en &lt;1 minute<\/li>\n<li class=\"ProsemirrorEditor-listItem\" data-list-indent=\"1\" data-list-type=\"bulleted\">100% priv\u00e9<\/li>\n<\/ul>\n<\/li>\n<\/ul>\n<p>Oubliez les cartes, les bracelets et les codes QR. Gr\u00e2ce \u00e0 Resasports, int\u00e9grez\u00a0<strong>votre contr\u00f4le d\u2019acc\u00e8s \u00e0 la reconnaissance faciale et b\u00e9n\u00e9ficiez de tous ses avantages.<\/strong><\/p>\n<p>[\/et_pb_text][\/et_pb_column][\/et_pb_row][\/et_pb_section][et_pb_section fb_built=\u00a0\u00bb1&Prime; _builder_version=\u00a0\u00bb4.17.4&Prime; _module_preset=\u00a0\u00bbdefault\u00a0\u00bb background_enable_color=\u00a0\u00bboff\u00a0\u00bb locked=\u00a0\u00bboff\u00a0\u00bb global_colors_info=\u00a0\u00bb{}\u00a0\u00bb][et_pb_row column_structure=\u00a0\u00bb1_2,1_2&Prime; _builder_version=\u00a0\u00bb4.17.2&Prime; _module_preset=\u00a0\u00bbdefault\u00a0\u00bb global_colors_info=\u00a0\u00bb{}\u00a0\u00bb][et_pb_column type=\u00a0\u00bb1_2&Prime; _builder_version=\u00a0\u00bb4.17.2&Prime; _module_preset=\u00a0\u00bbdefault\u00a0\u00bb global_colors_info=\u00a0\u00bb{}\u00a0\u00bb][et_pb_image src=\u00a0\u00bbhttps:\/\/resasports.com\/wp-content\/uploads\/2021\/11\/form-phone-RS-07.png\u00a0\u00bb title_text=\u00a0\u00bbform-phone-RS-07&Prime; align=\u00a0\u00bbcenter\u00a0\u00bb _builder_version=\u00a0\u00bb4.17.4&Prime; _module_preset=\u00a0\u00bbdefault\u00a0\u00bb max_width=\u00a0\u00bb70%\u00a0\u00bb global_colors_info=\u00a0\u00bb{}\u00a0\u00bb][\/et_pb_image][\/et_pb_column][et_pb_column type=\u00a0\u00bb1_2&Prime; _builder_version=\u00a0\u00bb4.17.2&Prime; _module_preset=\u00a0\u00bbdefault\u00a0\u00bb global_colors_info=\u00a0\u00bb{}\u00a0\u00bb][et_pb_text content_tablet=\u00a0\u00bb<\/p>\n<h2>Leurs t\u00e9moignages sont de point, de jeu et de match<\/h2>\n<p>\u00a0\u00bb content_phone=\u00a0\u00bb\u00a0\u00bb content_last_edited=\u00a0\u00bbon|tablet\u00a0\u00bb _builder_version=\u00a0\u00bb4.17.4&Prime; _module_preset=\u00a0\u00bbdefault\u00a0\u00bb text_font=\u00a0\u00bbRaleway||||||||\u00a0\u00bb header_2_font=\u00a0\u00bbRaleway|900|||||||\u00a0\u00bb header_2_text_color=\u00a0\u00bb#122c34&Prime; header_2_font_size=\u00a0\u00bb24px\u00a0\u00bb custom_padding=\u00a0\u00bb35px||||false|false\u00a0\u00bb animation_direction=\u00a0\u00bbbottom\u00a0\u00bb locked=\u00a0\u00bboff\u00a0\u00bb global_colors_info=\u00a0\u00bb{}\u00a0\u00bb]<\/p>\n<h2>Voulez-vous en savoir plus sur ce Benefits Program ?<\/h2>\n<div class=\"et_pb_module et_pb_text et_pb_text_3 et_pb_text_align_left et_pb_bg_layout_light et_multi_view__hover_selector et_multi_view__hovered\">\n<div class=\"et_pb_text_inner et_multi_view_swapped\" style=\"margin: 0px;padding: 0px;border: 0px;font-size: 14px;vertical-align: baseline;background: transparent;position: relative\" data-et-multi-view=\"{&quot;schema&quot;:{&quot;content&quot;:{&quot;desktop&quot;:&quot;&lt;h2 style=\\&quot;text-align: left\\&quot;&gt;Voulez-vous en savoir plus sur ce Benefits Program ?&lt;\\\/h2&gt;\\n&lt;p&gt;Remplissez le formulaire, et nous vous contacterons avec toutes les informations sur la fa\u00e7con dont vous pouvez b\u00e9n\u00e9ficier de cette collaboration de notre Benefits Program juste pour faire partie de l\u2019\u00e9quipe Resasports.&quot;,&quot;tablet&quot;:&quot;&lt;h2&gt;Leurs t\u00e9moignages sont de point, de jeu et de match&lt;\\\/h2&gt;&quot;,&quot;phone&quot;:&quot;&quot;}},&quot;slug&quot;:&quot;et_pb_text&quot;}\" data-et-multi-view-load-tablet-hidden=\"true\" data-et-multi-view-load-phone-hidden=\"true\">Remplissez le formulaire, et nous vous contacterons avec toutes les informations sur la fa\u00e7con dont vous pouvez b\u00e9n\u00e9ficier de cette collaboration de notre Benefits Program juste pour faire partie de l\u2019\u00e9quipe Resasports.<\/div>\n<\/div>\n<p>[\/et_pb_text][et_pb_text _builder_version=\u00a0\u00bb4.17.2&Prime; _module_preset=\u00a0\u00bbdefault\u00a0\u00bb custom_padding=\u00a0\u00bb|10%||10%|false|true\u00a0\u00bb global_colors_info=\u00a0\u00bb{}\u00a0\u00bb]<\/p>\n\n\t\t\t\t\t<script>\n\t\t\t\t\t\twindow.hsFormsOnReady = window.hsFormsOnReady || [];\n\t\t\t\t\t\twindow.hsFormsOnReady.push(()=>{\n\t\t\t\t\t\t\thbspt.forms.create({\n\t\t\t\t\t\t\t\tportalId: 6234568,\n\t\t\t\t\t\t\t\tformId: \"90b23c5d-dcbf-4383-90f4-fd4078727746\",\n\t\t\t\t\t\t\t\ttarget: \"#hbspt-form-1775998505000-0379102739\",\n\t\t\t\t\t\t\t\tregion: \"na1\",\n\t\t\t\t\t\t\t\t\n\t\t\t\t\t\t})});\n\t\t\t\t\t<\/script>\n\t\t\t\t\t<div class=\"hbspt-form\" id=\"hbspt-form-1775998505000-0379102739\"><\/div>\n<p>[\/et_pb_text][\/et_pb_column][\/et_pb_row][\/et_pb_section]<\/p>\n","protected":false},"excerpt":{"rendered":"<p>La solution d&rsquo;acc\u00e8s la plus innovante pour les centres sportifs.Souscrivez, avec votre licence Resasports, votre syst\u00e8me d\u2019acc\u00e8s \u00e0 reconnaissance faciale dasGate et gagnez en s\u00e9curit\u00e9 dans votre centre sportif. Avantages pour votre club : R\u00e9duction des co\u00fbts S\u00e9curit\u00e9 accrue Automatisation du centre sportif Avantages pour votre client : Am\u00e9liorer l&rsquo;exp\u00e9rience de l&rsquo;utilisateur Acc\u00e9s en &lt;1 [&hellip;]<\/p>\n","protected":false},"author":3,"featured_media":0,"parent":0,"menu_order":0,"comment_status":"closed","ping_status":"closed","template":"","meta":{"_et_pb_use_builder":"on","_et_pb_old_content":"","_et_gb_content_width":"","content-type":"","footnotes":""},"class_list":["post-14277","page","type-page","status-publish","hentry"],"yoast_head":"<!-- This site is optimized with the Yoast SEO plugin v25.7 - https:\/\/yoast.com\/wordpress\/plugins\/seo\/ -->\n<title>Partnership avec Das Gate - Resasports<\/title>\n<meta name=\"description\" content=\"La solution d\u2019acc\u00e8s la plus innovante pour les centres sportifs. D\u00e9couvrez DasGate, votre syst\u00e8me d\u2019acc\u00e8s \u00e0 reconnaissance faciale !\" \/>\n<meta name=\"robots\" content=\"index, follow, max-snippet:-1, max-image-preview:large, max-video-preview:-1\" \/>\n<link rel=\"canonical\" href=\"https:\/\/resasports.com\/fr\/partner-das-gate\/\" \/>\n<meta property=\"og:locale\" content=\"fr_FR\" \/>\n<meta property=\"og:type\" content=\"article\" \/>\n<meta property=\"og:title\" content=\"Partnership avec Das Gate - Resasports\" \/>\n<meta property=\"og:description\" content=\"La solution d\u2019acc\u00e8s la plus innovante pour les centres sportifs. D\u00e9couvrez DasGate, votre syst\u00e8me d\u2019acc\u00e8s \u00e0 reconnaissance faciale !\" \/>\n<meta property=\"og:url\" content=\"https:\/\/resasports.com\/fr\/partner-das-gate\/\" \/>\n<meta property=\"og:site_name\" content=\"Resasports\" \/>\n<meta property=\"article:modified_time\" content=\"2023-10-26T07:50:59+00:00\" \/>\n<meta name=\"twitter:card\" content=\"summary_large_image\" \/>\n<meta name=\"twitter:label1\" content=\"Dur\u00e9e de lecture estim\u00e9e\" \/>\n\t<meta name=\"twitter:data1\" content=\"2 minutes\" \/>\n<script type=\"application\/ld+json\" class=\"yoast-schema-graph\">{\"@context\":\"https:\/\/schema.org\",\"@graph\":[{\"@type\":\"WebPage\",\"@id\":\"https:\/\/resasports.com\/fr\/partner-das-gate\/\",\"url\":\"https:\/\/resasports.com\/fr\/partner-das-gate\/\",\"name\":\"Partnership avec Das Gate - Resasports\",\"isPartOf\":{\"@id\":\"https:\/\/resasports.com\/fr\/#website\"},\"datePublished\":\"2023-01-17T12:01:13+00:00\",\"dateModified\":\"2023-10-26T07:50:59+00:00\",\"description\":\"La solution d\u2019acc\u00e8s la plus innovante pour les centres sportifs. D\u00e9couvrez DasGate, votre syst\u00e8me d\u2019acc\u00e8s \u00e0 reconnaissance faciale !\",\"breadcrumb\":{\"@id\":\"https:\/\/resasports.com\/fr\/partner-das-gate\/#breadcrumb\"},\"inLanguage\":\"fr-FR\",\"potentialAction\":[{\"@type\":\"ReadAction\",\"target\":[\"https:\/\/resasports.com\/fr\/partner-das-gate\/\"]}]},{\"@type\":\"BreadcrumbList\",\"@id\":\"https:\/\/resasports.com\/fr\/partner-das-gate\/#breadcrumb\",\"itemListElement\":[{\"@type\":\"ListItem\",\"position\":1,\"name\":\"Portada\",\"item\":\"https:\/\/resasports.com\/fr\/\"},{\"@type\":\"ListItem\",\"position\":2,\"name\":\"DasGate\"}]},{\"@type\":\"WebSite\",\"@id\":\"https:\/\/resasports.com\/fr\/#website\",\"url\":\"https:\/\/resasports.com\/fr\/\",\"name\":\"Resasports\",\"description\":\"\",\"potentialAction\":[{\"@type\":\"SearchAction\",\"target\":{\"@type\":\"EntryPoint\",\"urlTemplate\":\"https:\/\/resasports.com\/fr\/?s={search_term_string}\"},\"query-input\":{\"@type\":\"PropertyValueSpecification\",\"valueRequired\":true,\"valueName\":\"search_term_string\"}}],\"inLanguage\":\"fr-FR\"}]}<\/script>\n<!-- \/ Yoast SEO plugin. -->","yoast_head_json":{"title":"Partnership avec Das Gate - Resasports","description":"La solution d\u2019acc\u00e8s la plus innovante pour les centres sportifs. D\u00e9couvrez DasGate, votre syst\u00e8me d\u2019acc\u00e8s \u00e0 reconnaissance faciale !","robots":{"index":"index","follow":"follow","max-snippet":"max-snippet:-1","max-image-preview":"max-image-preview:large","max-video-preview":"max-video-preview:-1"},"canonical":"https:\/\/resasports.com\/fr\/partner-das-gate\/","og_locale":"fr_FR","og_type":"article","og_title":"Partnership avec Das Gate - Resasports","og_description":"La solution d\u2019acc\u00e8s la plus innovante pour les centres sportifs. D\u00e9couvrez DasGate, votre syst\u00e8me d\u2019acc\u00e8s \u00e0 reconnaissance faciale !","og_url":"https:\/\/resasports.com\/fr\/partner-das-gate\/","og_site_name":"Resasports","article_modified_time":"2023-10-26T07:50:59+00:00","twitter_card":"summary_large_image","twitter_misc":{"Dur\u00e9e de lecture estim\u00e9e":"2 minutes"},"schema":{"@context":"https:\/\/schema.org","@graph":[{"@type":"WebPage","@id":"https:\/\/resasports.com\/fr\/partner-das-gate\/","url":"https:\/\/resasports.com\/fr\/partner-das-gate\/","name":"Partnership avec Das Gate - Resasports","isPartOf":{"@id":"https:\/\/resasports.com\/fr\/#website"},"datePublished":"2023-01-17T12:01:13+00:00","dateModified":"2023-10-26T07:50:59+00:00","description":"La solution d\u2019acc\u00e8s la plus innovante pour les centres sportifs. D\u00e9couvrez DasGate, votre syst\u00e8me d\u2019acc\u00e8s \u00e0 reconnaissance faciale !","breadcrumb":{"@id":"https:\/\/resasports.com\/fr\/partner-das-gate\/#breadcrumb"},"inLanguage":"fr-FR","potentialAction":[{"@type":"ReadAction","target":["https:\/\/resasports.com\/fr\/partner-das-gate\/"]}]},{"@type":"BreadcrumbList","@id":"https:\/\/resasports.com\/fr\/partner-das-gate\/#breadcrumb","itemListElement":[{"@type":"ListItem","position":1,"name":"Portada","item":"https:\/\/resasports.com\/fr\/"},{"@type":"ListItem","position":2,"name":"DasGate"}]},{"@type":"WebSite","@id":"https:\/\/resasports.com\/fr\/#website","url":"https:\/\/resasports.com\/fr\/","name":"Resasports","description":"","potentialAction":[{"@type":"SearchAction","target":{"@type":"EntryPoint","urlTemplate":"https:\/\/resasports.com\/fr\/?s={search_term_string}"},"query-input":{"@type":"PropertyValueSpecification","valueRequired":true,"valueName":"search_term_string"}}],"inLanguage":"fr-FR"}]}},"_links":{"self":[{"href":"https:\/\/resasports.com\/fr\/wp-json\/wp\/v2\/pages\/14277","targetHints":{"allow":["GET"]}}],"collection":[{"href":"https:\/\/resasports.com\/fr\/wp-json\/wp\/v2\/pages"}],"about":[{"href":"https:\/\/resasports.com\/fr\/wp-json\/wp\/v2\/types\/page"}],"author":[{"embeddable":true,"href":"https:\/\/resasports.com\/fr\/wp-json\/wp\/v2\/users\/3"}],"replies":[{"embeddable":true,"href":"https:\/\/resasports.com\/fr\/wp-json\/wp\/v2\/comments?post=14277"}],"version-history":[{"count":31,"href":"https:\/\/resasports.com\/fr\/wp-json\/wp\/v2\/pages\/14277\/revisions"}],"predecessor-version":[{"id":20321,"href":"https:\/\/resasports.com\/fr\/wp-json\/wp\/v2\/pages\/14277\/revisions\/20321"}],"wp:attachment":[{"href":"https:\/\/resasports.com\/fr\/wp-json\/wp\/v2\/media?parent=14277"}],"curies":[{"name":"wp","href":"https:\/\/api.w.org\/{rel}","templated":true}]}}