{"id":13646,"date":"2023-01-02T08:03:05","date_gmt":"2023-01-02T08:03:05","guid":{"rendered":"https:\/\/resasports.com\/?page_id=13646"},"modified":"2025-11-13T11:43:28","modified_gmt":"2025-11-13T10:43:28","slug":"demo","status":"publish","type":"page","link":"https:\/\/resasports.com\/fr\/demo\/","title":{"rendered":"Demo"},"content":{"rendered":"<p>[et_pb_section fb_built=\u00a0\u00bb1&Prime; specialty=\u00a0\u00bbon\u00a0\u00bb background_color_2=\u00a0\u00bb#f3f9f6&Prime; padding_top_2=\u00a0\u00bb3vh\u00a0\u00bb padding_right_1=\u00a0\u00bb10vw\u00a0\u00bb padding_right_2=\u00a0\u00bb1.5vw\u00a0\u00bb padding_bottom_2=\u00a0\u00bb3vh\u00a0\u00bb padding_left_1=\u00a0\u00bb10vw\u00a0\u00bb padding_left_2=\u00a0\u00bb1.5vw\u00a0\u00bb padding_top_bottom_link_1=\u00a0\u00bbtrue\u00a0\u00bb padding_top_bottom_link_2=\u00a0\u00bbfalse\u00a0\u00bb padding_left_right_link_1=\u00a0\u00bbtrue\u00a0\u00bb padding_left_right_link_2=\u00a0\u00bbtrue\u00a0\u00bb custom_css_main_1=\u00a0\u00bb\/*border-right-width: 0.5px;||border-right-style: solid;||border-color: #098558; *\/||||border-radius: 25px;\u00a0\u00bb custom_css_main_2=\u00a0\u00bbborder-radius: 25px;||\/*margin: auto;*\/||box-shadow: 0px 0px 15px 1px rgba(4,55,18,0.3);||\/*position: sticky;||top: 120px;*\/||\u00a0\u00bb disabled_on=\u00a0\u00bbon|off|off\u00a0\u00bb _builder_version=\u00a0\u00bb4.17.4&Prime; _module_preset=\u00a0\u00bbdefault\u00a0\u00bb background_color=\u00a0\u00bbRGBA(255,255,255,0)\u00a0\u00bb inner_width=\u00a0\u00bb100%\u00a0\u00bb inner_max_width=\u00a0\u00bb100%\u00a0\u00bb custom_margin=\u00a0\u00bb|5vw|||false|false\u00a0\u00bb custom_padding=\u00a0\u00bb15px||||false|false\u00a0\u00bb global_colors_info=\u00a0\u00bb{}\u00a0\u00bb][et_pb_column type=\u00a0\u00bb1_2&Prime; specialty_columns=\u00a0\u00bb2&Prime; _builder_version=\u00a0\u00bb4.16&Prime; custom_padding=\u00a0\u00bb|||\u00a0\u00bb global_colors_info=\u00a0\u00bb{}\u00a0\u00bb custom_padding__hover=\u00a0\u00bb|||\u00a0\u00bb][et_pb_row_inner _builder_version=\u00a0\u00bb4.17.4&Prime; _module_preset=\u00a0\u00bbdefault\u00a0\u00bb global_colors_info=\u00a0\u00bb{}\u00a0\u00bb][et_pb_column_inner saved_specialty_column_type=\u00a0\u00bb1_2&Prime; _builder_version=\u00a0\u00bb4.17.4&Prime; _module_preset=\u00a0\u00bbdefault\u00a0\u00bb global_colors_info=\u00a0\u00bb{}\u00a0\u00bb][et_pb_image src=\u00a0\u00bbhttps:\/\/resasports.com\/wp-content\/uploads\/2022\/09\/demo-form-image-01.png\u00a0\u00bb title_text=\u00a0\u00bbdemo form image 01&Prime; _builder_version=\u00a0\u00bb4.17.4&Prime; _module_preset=\u00a0\u00bbdefault\u00a0\u00bb global_colors_info=\u00a0\u00bb{}\u00a0\u00bb][\/et_pb_image][et_pb_text _builder_version=\u00a0\u00bb4.17.4&Prime; _module_preset=\u00a0\u00bbdefault\u00a0\u00bb header_font=\u00a0\u00bbRaleway|800|||||||\u00a0\u00bb header_text_color=\u00a0\u00bb#098558&Prime; header_font_size=\u00a0\u00bb45px\u00a0\u00bb global_colors_info=\u00a0\u00bb{}\u00a0\u00bb]<\/p>\n<h1><span data-sheets-value=\"{&quot;1&quot;:2,&quot;2&quot;:&quot;Nous vous montrons notre logiciel en direct&quot;}\" data-sheets-userformat=\"{&quot;2&quot;:769,&quot;3&quot;:{&quot;1&quot;:0},&quot;11&quot;:4,&quot;12&quot;:0}\">Nous vous montrons notre logiciel en direct<\/span><\/h1>\n<p>[\/et_pb_text][et_pb_text _builder_version=\u00a0\u00bb4.17.4&Prime; _module_preset=\u00a0\u00bbdefault\u00a0\u00bb text_font=\u00a0\u00bbRaleway||||||||\u00a0\u00bb text_text_color=\u00a0\u00bb#098558&Prime; text_font_size=\u00a0\u00bb16px\u00a0\u00bb global_colors_info=\u00a0\u00bb{}\u00a0\u00bb]<\/p>\n<p><span style=\"font-weight: 400\">La meilleure fa\u00e7on de voir par vous-m\u00eame si notre <\/span><b>logiciel de gestion des sports<\/b><span style=\"font-weight: 400\"> r\u00e9pond \u00e0 vos besoins est de nous contacter et de nous laisser vous montrer en direct toutes ses fonctionnalit\u00e9s.<\/span> Ainsi, vous pourrez d\u00e9couvrir par vous-m\u00eame le fonctionnement de Resasports et tout ce qu\u2019il a \u00e0 offrir.<\/p>\n<p>[\/et_pb_text][et_pb_text _builder_version=\u00a0\u00bb4.17.4&Prime; _module_preset=\u00a0\u00bbdefault\u00a0\u00bb text_font=\u00a0\u00bbRaleway||||||||\u00a0\u00bb text_text_color=\u00a0\u00bb#098558&Prime; text_font_size=\u00a0\u00bb16px\u00a0\u00bb header_2_font=\u00a0\u00bbRaleway|700|||||||\u00a0\u00bb header_2_text_color=\u00a0\u00bb#098558&Prime; global_colors_info=\u00a0\u00bb{}\u00a0\u00bb]<\/p>\n<h2>Connaissez les avis de ceux qui l\u2019ont d\u00e9j\u00e0 essay\u00e9.<\/h2>\n<p>[\/et_pb_text][et_pb_text _builder_version=\u00a0\u00bb4.17.4&Prime; _module_preset=\u00a0\u00bbdefault\u00a0\u00bb text_font=\u00a0\u00bbRaleway||||||||\u00a0\u00bb text_text_color=\u00a0\u00bb#098558&Prime; text_font_size=\u00a0\u00bb16px\u00a0\u00bb global_colors_info=\u00a0\u00bb{}\u00a0\u00bb]<\/p>\n<p><span style=\"font-weight: 400\">Nos clients sont les mieux plac\u00e9s pour vous dire comment ils fonctionnent avec Resasports et les avantages qu\u2019ils en retirent.<\/span><\/p>\n<p>[\/et_pb_text][\/et_pb_column_inner][\/et_pb_row_inner][et_pb_row_inner _builder_version=\u00a0\u00bb4.17.4&Prime; _module_preset=\u00a0\u00bbdefault\u00a0\u00bb custom_padding=\u00a0\u00bb|||3vw|false|false\u00a0\u00bb global_colors_info=\u00a0\u00bb{}\u00a0\u00bb][et_pb_column_inner saved_specialty_column_type=\u00a0\u00bb1_2&Prime; _builder_version=\u00a0\u00bb4.17.4&Prime; _module_preset=\u00a0\u00bbdefault\u00a0\u00bb global_colors_info=\u00a0\u00bb{}\u00a0\u00bb][et_pb_image src=\u00a0\u00bbhttps:\/\/resasports.com\/wp-content\/uploads\/2021\/11\/logo-A-vect-e1641313913574.jpg\u00a0\u00bb title_text=\u00a0\u00bblogo-A-vect\u00a0\u00bb _builder_version=\u00a0\u00bb4.17.4&Prime; _module_preset=\u00a0\u00bbdefault\u00a0\u00bb max_width=\u00a0\u00bb24%\u00a0\u00bb custom_margin=\u00a0\u00bb||||true|false\u00a0\u00bb custom_padding=\u00a0\u00bb0px||0px||true|false\u00a0\u00bb global_colors_info=\u00a0\u00bb{}\u00a0\u00bb][\/et_pb_image][et_pb_text _builder_version=\u00a0\u00bb4.17.4&Prime; _module_preset=\u00a0\u00bbdefault\u00a0\u00bb text_font=\u00a0\u00bbRaleway||||||||\u00a0\u00bb text_text_color=\u00a0\u00bb#02171C\u00a0\u00bb text_font_size=\u00a0\u00bb16px\u00a0\u00bb global_colors_info=\u00a0\u00bb{}\u00a0\u00bb]<\/p>\n<p>\u00abG\u00e9rer plus de 500 cours de natation, des couloirs de natation, un gymnase\u2026 nous a pris beaucoup de temps. Maintenant, avec Resasports, nous g\u00e9rons tout facilement et rapidement et nous avons plus de temps \u00e0 consacrer \u00e0 nos membres.\u00bb<\/p>\n<p>[\/et_pb_text][et_pb_text _builder_version=\u00a0\u00bb4.17.4&Prime; _module_preset=\u00a0\u00bbdefault\u00a0\u00bb text_font=\u00a0\u00bbRaleway||||||||\u00a0\u00bb text_text_color=\u00a0\u00bb#02171C\u00a0\u00bb text_font_size=\u00a0\u00bb16px\u00a0\u00bb global_colors_info=\u00a0\u00bb{}\u00a0\u00bb]<\/p>\n<p><strong><span class=\"et_pb_testimonial_author\">Lydia Cooper <\/span><\/strong><strong><em><span class=\"et_pb_testimonial_position\">Manager<\/span><span class=\"et_pb_testimonial_separator\">,<\/span>\u00a0<\/em><\/strong><\/p>\n<p><strong><em><span class=\"et_pb_testimonial_company\">Sylvestrian Leisure Centre<\/span><\/em><\/strong><\/p>\n<p>[\/et_pb_text][\/et_pb_column_inner][\/et_pb_row_inner][et_pb_row_inner _builder_version=\u00a0\u00bb4.17.4&Prime; _module_preset=\u00a0\u00bbdefault\u00a0\u00bb custom_margin=\u00a0\u00bb0px||0px||true|false\u00a0\u00bb custom_padding=\u00a0\u00bb0px||0px||true|false\u00a0\u00bb global_colors_info=\u00a0\u00bb{}\u00a0\u00bb][et_pb_column_inner saved_specialty_column_type=\u00a0\u00bb1_2&Prime; _builder_version=\u00a0\u00bb4.17.4&Prime; _module_preset=\u00a0\u00bbdefault\u00a0\u00bb global_colors_info=\u00a0\u00bb{}\u00a0\u00bb][et_pb_divider color=\u00a0\u00bb#098558&Prime; divider_position=\u00a0\u00bbcenter\u00a0\u00bb divider_weight=\u00a0\u00bb0.5px\u00a0\u00bb _builder_version=\u00a0\u00bb4.17.4&Prime; _module_preset=\u00a0\u00bbdefault\u00a0\u00bb max_width=\u00a0\u00bb75%\u00a0\u00bb module_alignment=\u00a0\u00bbcenter\u00a0\u00bb global_colors_info=\u00a0\u00bb{}\u00a0\u00bb][\/et_pb_divider][\/et_pb_column_inner][\/et_pb_row_inner][\/et_pb_column][et_pb_column type=\u00a0\u00bb1_2&Prime; _builder_version=\u00a0\u00bb4.16&Prime; custom_padding=\u00a0\u00bb|||\u00a0\u00bb global_colors_info=\u00a0\u00bb{}\u00a0\u00bb custom_padding__hover=\u00a0\u00bb|||\u00a0\u00bb][et_pb_text _builder_version=\u00a0\u00bb4.17.4&Prime; _module_preset=\u00a0\u00bbdefault\u00a0\u00bb header_font_size=\u00a0\u00bb35px\u00a0\u00bb header_2_font=\u00a0\u00bbRaleway|500|||||||\u00a0\u00bb header_2_text_color=\u00a0\u00bb#098558&Prime; header_2_font_size=\u00a0\u00bb42px\u00a0\u00bb background_enable_color=\u00a0\u00bboff\u00a0\u00bb width=\u00a0\u00bb100%\u00a0\u00bb max_width=\u00a0\u00bb100%\u00a0\u00bb custom_padding=\u00a0\u00bb||||false|false\u00a0\u00bb locked=\u00a0\u00bboff\u00a0\u00bb global_colors_info=\u00a0\u00bb{}\u00a0\u00bb]<\/p>\n<h2 style=\"text-align: center\">Je souhaite demander <span style=\"font-weight: bold\">une d\u00e9mo<\/span> <img loading=\"lazy\" decoding=\"async\" class=\"wp-image-9476 alignnone size-medium\" src=\"https:\/\/resasports.com\/wp-content\/uploads\/2022\/07\/01-300x300.png\" alt=\"\" width=\"31\" height=\"31\" \/><\/h2>\n<div class=\"divi-row-destination-right\">\u00a0<\/div>\n<p>[\/et_pb_text][et_pb_text _builder_version=\u00a0\u00bb4.17.4&Prime; _module_preset=\u00a0\u00bbdefault\u00a0\u00bb text_font=\u00a0\u00bbRaleway||||||||\u00a0\u00bb text_text_color=\u00a0\u00bb#098558&Prime; text_font_size=\u00a0\u00bb16px\u00a0\u00bb global_colors_info=\u00a0\u00bb{}\u00a0\u00bb]<\/p>\n<p style=\"text-align: center\"><span style=\"font-weight: 400\">Nous vous montrerons Resasports en direct, et nous r\u00e9pondrons \u00e0 toutes les questions que vous vous posez \u00e0 son sujet.Nous vous montrerons Resasports <strong>en direct<\/strong>, et nous r\u00e9pondrons \u00e0 toutes les questions que vous vous posez \u00e0 son sujet.<\/span><\/p>\n<p style=\"text-align: center\"><span style=\"font-weight: 400\">Apr\u00e8s avoir rempli le formulaire, vous recevrez une invitation directe par email pour prendre rendez-vous avec un membre de l&rsquo;\u00e9quipe. Si vous ne l&rsquo;avez pas re\u00e7u dans les minutes qui suivent, veuillez v\u00e9rifier dans Promotions et Spam.<\/span><\/p>\n<p>[\/et_pb_text][et_pb_text admin_label=\u00a0\u00bbForm\u00a0\u00bb _builder_version=\u00a0\u00bb4.27.4&Prime; _module_preset=\u00a0\u00bbdefault\u00a0\u00bb custom_padding=\u00a0\u00bb||||false|true\u00a0\u00bb hover_enabled=\u00a0\u00bb0&Prime; locked=\u00a0\u00bboff\u00a0\u00bb global_colors_info=\u00a0\u00bb{}\u00a0\u00bb sticky_enabled=\u00a0\u00bb0&Prime;]\n\t\t\t\t\t<script>\n\t\t\t\t\t\twindow.hsFormsOnReady = window.hsFormsOnReady || [];\n\t\t\t\t\t\twindow.hsFormsOnReady.push(()=>{\n\t\t\t\t\t\t\thbspt.forms.create({\n\t\t\t\t\t\t\t\tportalId: 6234568,\n\t\t\t\t\t\t\t\tformId: \"9a3c70a6-8b45-4ff0-99e8-31c5368217a0\",\n\t\t\t\t\t\t\t\ttarget: \"#hbspt-form-1776651483000-7554258731\",\n\t\t\t\t\t\t\t\tregion: \"na1\",\n\t\t\t\t\t\t\t\t\n\t\t\t\t\t\t})});\n\t\t\t\t\t<\/script>\n\t\t\t\t\t<div class=\"hbspt-form\" id=\"hbspt-form-1776651483000-7554258731\"><\/div>[\/et_pb_text][\/et_pb_column][\/et_pb_section][et_pb_section fb_built=\u00a0\u00bb1&Prime; disabled_on=\u00a0\u00bboff|on|on\u00a0\u00bb _builder_version=\u00a0\u00bb4.19.4&Prime; _module_preset=\u00a0\u00bbdefault\u00a0\u00bb background_color=\u00a0\u00bb#F3F9F6&Prime; custom_margin=\u00a0\u00bb||||false|false\u00a0\u00bb custom_padding=\u00a0\u00bb0px||||false|false\u00a0\u00bb global_colors_info=\u00a0\u00bb{}\u00a0\u00bb][et_pb_row _builder_version=\u00a0\u00bb4.19.4&Prime; _module_preset=\u00a0\u00bbdefault\u00a0\u00bb background_color=\u00a0\u00bb#F3F9F6&Prime; width=\u00a0\u00bb90%\u00a0\u00bb max_width=\u00a0\u00bb100%\u00a0\u00bb custom_padding=\u00a0\u00bb|20px||20px|false|true\u00a0\u00bb border_radii=\u00a0\u00bbon|32px|32px|32px|32px\u00a0\u00bb box_shadow_style=\u00a0\u00bbpreset3&Prime; box_shadow_color=\u00a0\u00bbrgba(9,133,88,0.65)\u00a0\u00bb global_colors_info=\u00a0\u00bb{}\u00a0\u00bb][et_pb_column type=\u00a0\u00bb4_4&Prime; _builder_version=\u00a0\u00bb4.19.4&Prime; _module_preset=\u00a0\u00bbdefault\u00a0\u00bb global_colors_info=\u00a0\u00bb{}\u00a0\u00bb][et_pb_text _builder_version=\u00a0\u00bb4.17.4&Prime; _module_preset=\u00a0\u00bbdefault\u00a0\u00bb header_font_size=\u00a0\u00bb35px\u00a0\u00bb header_2_font=\u00a0\u00bbRaleway|500|||||||\u00a0\u00bb header_2_text_color=\u00a0\u00bb#098558&Prime; header_2_font_size=\u00a0\u00bb42px\u00a0\u00bb background_enable_color=\u00a0\u00bboff\u00a0\u00bb width=\u00a0\u00bb100%\u00a0\u00bb max_width=\u00a0\u00bb100%\u00a0\u00bb custom_padding=\u00a0\u00bb||||false|false\u00a0\u00bb locked=\u00a0\u00bboff\u00a0\u00bb global_colors_info=\u00a0\u00bb{}\u00a0\u00bb]<\/p>\n<h2 style=\"text-align: center\">Je souhaite demander <span style=\"font-weight: bold\">une d\u00e9mo<\/span> <img loading=\"lazy\" decoding=\"async\" class=\"wp-image-9476 alignnone size-medium\" src=\"https:\/\/resasports.com\/wp-content\/uploads\/2022\/07\/01-300x300.png\" alt=\"\" width=\"31\" height=\"31\" \/><\/h2>\n<div class=\"divi-row-destination-right\">\u00a0<\/div>\n<p>[\/et_pb_text][et_pb_text _builder_version=\u00a0\u00bb4.17.4&Prime; _module_preset=\u00a0\u00bbdefault\u00a0\u00bb text_font=\u00a0\u00bbRaleway||||||||\u00a0\u00bb text_text_color=\u00a0\u00bb#098558&Prime; text_font_size=\u00a0\u00bb16px\u00a0\u00bb global_colors_info=\u00a0\u00bb{}\u00a0\u00bb]<\/p>\n<p style=\"text-align: center\"><span style=\"font-weight: 400\">Nous vous montrerons Resasports en direct, et nous r\u00e9pondrons \u00e0 toutes les questions que vous vous posez \u00e0 son sujet.Nous vous montrerons Resasports <strong>en direct<\/strong>, et nous r\u00e9pondrons \u00e0 toutes les questions que vous vous posez \u00e0 son sujet.<\/span><\/p>\n<p style=\"text-align: center\"><span style=\"font-weight: 400\">Apr\u00e8s avoir rempli le formulaire, vous recevrez une invitation directe par email pour prendre rendez-vous avec un membre de l&rsquo;\u00e9quipe. Si vous ne l&rsquo;avez pas re\u00e7u dans les minutes qui suivent, veuillez v\u00e9rifier dans Promotions et Spam.<\/span><\/p>\n<p>[\/et_pb_text][et_pb_text admin_label=\u00a0\u00bbForm\u00a0\u00bb _builder_version=\u00a0\u00bb4.19.4&Prime; _module_preset=\u00a0\u00bbdefault\u00a0\u00bb custom_padding=\u00a0\u00bb||||false|true\u00a0\u00bb locked=\u00a0\u00bboff\u00a0\u00bb global_colors_info=\u00a0\u00bb{}\u00a0\u00bb]<\/p>\n\n\t\t\t\t\t<script>\n\t\t\t\t\t\twindow.hsFormsOnReady = window.hsFormsOnReady || [];\n\t\t\t\t\t\twindow.hsFormsOnReady.push(()=>{\n\t\t\t\t\t\t\thbspt.forms.create({\n\t\t\t\t\t\t\t\tportalId: 6234568,\n\t\t\t\t\t\t\t\tformId: \"90b23c5d-dcbf-4383-90f4-fd4078727746\",\n\t\t\t\t\t\t\t\ttarget: \"#hbspt-form-1776651483000-9085886540\",\n\t\t\t\t\t\t\t\tregion: \"na1\",\n\t\t\t\t\t\t\t\t\n\t\t\t\t\t\t})});\n\t\t\t\t\t<\/script>\n\t\t\t\t\t<div class=\"hbspt-form\" id=\"hbspt-form-1776651483000-9085886540\"><\/div>\n<p>[\/et_pb_text][\/et_pb_column][\/et_pb_row][\/et_pb_section]<\/p>\n","protected":false},"excerpt":{"rendered":"<p>Nous vous montrons notre logiciel en directLa meilleure fa\u00e7on de voir par vous-m\u00eame si notre logiciel de gestion des sports r\u00e9pond \u00e0 vos besoins est de nous contacter et de nous laisser vous montrer en direct toutes ses fonctionnalit\u00e9s. Ainsi, vous pourrez d\u00e9couvrir par vous-m\u00eame le fonctionnement de Resasports et tout ce qu\u2019il a \u00e0 [&hellip;]<\/p>\n","protected":false},"author":3,"featured_media":0,"parent":0,"menu_order":0,"comment_status":"closed","ping_status":"closed","template":"","meta":{"_et_pb_use_builder":"on","_et_pb_old_content":"","_et_gb_content_width":"","content-type":"","footnotes":""},"class_list":["post-13646","page","type-page","status-publish","hentry"],"yoast_head":"<!-- This site is optimized with the Yoast SEO plugin v25.7 - https:\/\/yoast.com\/wordpress\/plugins\/seo\/ -->\n<title>Demandez votre d\u00e9mo gratuite - Resasports<\/title>\n<meta name=\"description\" content=\"Demandez votre d\u00e9mo gratuite et sans obligation et d\u00e9couvrez ce que Resasports peut faire pour votre centre sportif.\" \/>\n<meta name=\"robots\" content=\"index, follow, max-snippet:-1, max-image-preview:large, max-video-preview:-1\" \/>\n<link rel=\"canonical\" href=\"https:\/\/resasports.com\/fr\/demo\/\" \/>\n<meta property=\"og:locale\" content=\"fr_FR\" \/>\n<meta property=\"og:type\" content=\"article\" \/>\n<meta property=\"og:title\" content=\"Demandez votre d\u00e9mo gratuite - Resasports\" \/>\n<meta property=\"og:description\" content=\"Demandez votre d\u00e9mo gratuite et sans obligation et d\u00e9couvrez ce que Resasports peut faire pour votre centre sportif.\" \/>\n<meta property=\"og:url\" content=\"https:\/\/resasports.com\/fr\/demo\/\" \/>\n<meta property=\"og:site_name\" content=\"Resasports\" \/>\n<meta property=\"article:modified_time\" content=\"2025-11-13T10:43:28+00:00\" \/>\n<meta property=\"og:image\" content=\"https:\/\/resasports.com\/wp-content\/uploads\/2022\/07\/01-300x300.png\" \/>\n<meta name=\"twitter:card\" content=\"summary_large_image\" \/>\n<meta name=\"twitter:label1\" content=\"Dur\u00e9e de lecture estim\u00e9e\" \/>\n\t<meta name=\"twitter:data1\" content=\"6 minutes\" \/>\n<script type=\"application\/ld+json\" class=\"yoast-schema-graph\">{\"@context\":\"https:\/\/schema.org\",\"@graph\":[{\"@type\":\"WebPage\",\"@id\":\"https:\/\/resasports.com\/fr\/demo\/\",\"url\":\"https:\/\/resasports.com\/fr\/demo\/\",\"name\":\"Demandez votre d\u00e9mo gratuite - Resasports\",\"isPartOf\":{\"@id\":\"https:\/\/resasports.com\/fr\/#website\"},\"primaryImageOfPage\":{\"@id\":\"https:\/\/resasports.com\/fr\/demo\/#primaryimage\"},\"image\":{\"@id\":\"https:\/\/resasports.com\/fr\/demo\/#primaryimage\"},\"thumbnailUrl\":\"https:\/\/resasports.com\/wp-content\/uploads\/2022\/07\/01-300x300.png\",\"datePublished\":\"2023-01-02T08:03:05+00:00\",\"dateModified\":\"2025-11-13T10:43:28+00:00\",\"description\":\"Demandez votre d\u00e9mo gratuite et sans obligation et d\u00e9couvrez ce que Resasports peut faire pour votre centre sportif.\",\"breadcrumb\":{\"@id\":\"https:\/\/resasports.com\/fr\/demo\/#breadcrumb\"},\"inLanguage\":\"fr-FR\",\"potentialAction\":[{\"@type\":\"ReadAction\",\"target\":[\"https:\/\/resasports.com\/fr\/demo\/\"]}]},{\"@type\":\"ImageObject\",\"inLanguage\":\"fr-FR\",\"@id\":\"https:\/\/resasports.com\/fr\/demo\/#primaryimage\",\"url\":\"https:\/\/resasports.com\/wp-content\/uploads\/2022\/07\/01-300x300.png\",\"contentUrl\":\"https:\/\/resasports.com\/wp-content\/uploads\/2022\/07\/01-300x300.png\"},{\"@type\":\"BreadcrumbList\",\"@id\":\"https:\/\/resasports.com\/fr\/demo\/#breadcrumb\",\"itemListElement\":[{\"@type\":\"ListItem\",\"position\":1,\"name\":\"Portada\",\"item\":\"https:\/\/resasports.com\/fr\/\"},{\"@type\":\"ListItem\",\"position\":2,\"name\":\"Demo\"}]},{\"@type\":\"WebSite\",\"@id\":\"https:\/\/resasports.com\/fr\/#website\",\"url\":\"https:\/\/resasports.com\/fr\/\",\"name\":\"Resasports\",\"description\":\"\",\"potentialAction\":[{\"@type\":\"SearchAction\",\"target\":{\"@type\":\"EntryPoint\",\"urlTemplate\":\"https:\/\/resasports.com\/fr\/?s={search_term_string}\"},\"query-input\":{\"@type\":\"PropertyValueSpecification\",\"valueRequired\":true,\"valueName\":\"search_term_string\"}}],\"inLanguage\":\"fr-FR\"}]}<\/script>\n<!-- \/ Yoast SEO plugin. -->","yoast_head_json":{"title":"Demandez votre d\u00e9mo gratuite - Resasports","description":"Demandez votre d\u00e9mo gratuite et sans obligation et d\u00e9couvrez ce que Resasports peut faire pour votre centre sportif.","robots":{"index":"index","follow":"follow","max-snippet":"max-snippet:-1","max-image-preview":"max-image-preview:large","max-video-preview":"max-video-preview:-1"},"canonical":"https:\/\/resasports.com\/fr\/demo\/","og_locale":"fr_FR","og_type":"article","og_title":"Demandez votre d\u00e9mo gratuite - Resasports","og_description":"Demandez votre d\u00e9mo gratuite et sans obligation et d\u00e9couvrez ce que Resasports peut faire pour votre centre sportif.","og_url":"https:\/\/resasports.com\/fr\/demo\/","og_site_name":"Resasports","article_modified_time":"2025-11-13T10:43:28+00:00","og_image":[{"url":"https:\/\/resasports.com\/wp-content\/uploads\/2022\/07\/01-300x300.png","type":"","width":"","height":""}],"twitter_card":"summary_large_image","twitter_misc":{"Dur\u00e9e de lecture estim\u00e9e":"6 minutes"},"schema":{"@context":"https:\/\/schema.org","@graph":[{"@type":"WebPage","@id":"https:\/\/resasports.com\/fr\/demo\/","url":"https:\/\/resasports.com\/fr\/demo\/","name":"Demandez votre d\u00e9mo gratuite - Resasports","isPartOf":{"@id":"https:\/\/resasports.com\/fr\/#website"},"primaryImageOfPage":{"@id":"https:\/\/resasports.com\/fr\/demo\/#primaryimage"},"image":{"@id":"https:\/\/resasports.com\/fr\/demo\/#primaryimage"},"thumbnailUrl":"https:\/\/resasports.com\/wp-content\/uploads\/2022\/07\/01-300x300.png","datePublished":"2023-01-02T08:03:05+00:00","dateModified":"2025-11-13T10:43:28+00:00","description":"Demandez votre d\u00e9mo gratuite et sans obligation et d\u00e9couvrez ce que Resasports peut faire pour votre centre sportif.","breadcrumb":{"@id":"https:\/\/resasports.com\/fr\/demo\/#breadcrumb"},"inLanguage":"fr-FR","potentialAction":[{"@type":"ReadAction","target":["https:\/\/resasports.com\/fr\/demo\/"]}]},{"@type":"ImageObject","inLanguage":"fr-FR","@id":"https:\/\/resasports.com\/fr\/demo\/#primaryimage","url":"https:\/\/resasports.com\/wp-content\/uploads\/2022\/07\/01-300x300.png","contentUrl":"https:\/\/resasports.com\/wp-content\/uploads\/2022\/07\/01-300x300.png"},{"@type":"BreadcrumbList","@id":"https:\/\/resasports.com\/fr\/demo\/#breadcrumb","itemListElement":[{"@type":"ListItem","position":1,"name":"Portada","item":"https:\/\/resasports.com\/fr\/"},{"@type":"ListItem","position":2,"name":"Demo"}]},{"@type":"WebSite","@id":"https:\/\/resasports.com\/fr\/#website","url":"https:\/\/resasports.com\/fr\/","name":"Resasports","description":"","potentialAction":[{"@type":"SearchAction","target":{"@type":"EntryPoint","urlTemplate":"https:\/\/resasports.com\/fr\/?s={search_term_string}"},"query-input":{"@type":"PropertyValueSpecification","valueRequired":true,"valueName":"search_term_string"}}],"inLanguage":"fr-FR"}]}},"_links":{"self":[{"href":"https:\/\/resasports.com\/fr\/wp-json\/wp\/v2\/pages\/13646","targetHints":{"allow":["GET"]}}],"collection":[{"href":"https:\/\/resasports.com\/fr\/wp-json\/wp\/v2\/pages"}],"about":[{"href":"https:\/\/resasports.com\/fr\/wp-json\/wp\/v2\/types\/page"}],"author":[{"embeddable":true,"href":"https:\/\/resasports.com\/fr\/wp-json\/wp\/v2\/users\/3"}],"replies":[{"embeddable":true,"href":"https:\/\/resasports.com\/fr\/wp-json\/wp\/v2\/comments?post=13646"}],"version-history":[{"count":43,"href":"https:\/\/resasports.com\/fr\/wp-json\/wp\/v2\/pages\/13646\/revisions"}],"predecessor-version":[{"id":27711,"href":"https:\/\/resasports.com\/fr\/wp-json\/wp\/v2\/pages\/13646\/revisions\/27711"}],"wp:attachment":[{"href":"https:\/\/resasports.com\/fr\/wp-json\/wp\/v2\/media?parent=13646"}],"curies":[{"name":"wp","href":"https:\/\/api.w.org\/{rel}","templated":true}]}}