{"id":7419,"date":"2022-01-11T21:06:28","date_gmt":"2022-01-11T21:06:28","guid":{"rendered":"https:\/\/resasports.com\/home\/"},"modified":"2024-05-03T12:48:50","modified_gmt":"2024-05-03T12:48:50","slug":"home","status":"publish","type":"page","link":"https:\/\/resasports.com\/es\/","title":{"rendered":"Home"},"content":{"rendered":"<p>[et_pb_section fb_built=\u00bb1&#8243; disabled_on=\u00bbon|off|off\u00bb admin_label=\u00bbintro desktop\u00bb _builder_version=\u00bb4.16&#8243; _module_preset=\u00bbdefault\u00bb custom_margin=\u00bb0px||0px||true|false\u00bb custom_padding=\u00bb0px||0px||true|false\u00bb hover_transition_delay=\u00bb100ms\u00bb locked=\u00bboff\u00bb global_colors_info=\u00bb{}\u00bb][et_pb_row column_structure=\u00bb1_2,1_2&#8243; use_custom_gutter=\u00bbon\u00bb gutter_width=\u00bb1&#8243; _builder_version=\u00bb4.16&#8243; _module_preset=\u00bbdefault\u00bb width=\u00bb100%\u00bb max_width=\u00bb100%\u00bb height=\u00bb97vh\u00bb max_height=\u00bb100vh\u00bb custom_padding=\u00bb0px||0px||true|false\u00bb global_colors_info=\u00bb{}\u00bb][et_pb_column type=\u00bb1_2&#8243; module_class=\u00bbcursor\u00bb admin_label=\u00bbLeft\u00bb _builder_version=\u00bb4.16&#8243; _module_preset=\u00bbdefault\u00bb link_option_url=\u00bbhttps:\/\/social.resasports.com\/es\/\u00bb global_colors_info=\u00bb{}\u00bb][et_pb_text module_class=\u00bbnetwork cursor\u00bb _builder_version=\u00bb4.16&#8243; _module_preset=\u00bbdefault\u00bb text_font=\u00bbRaleway|500|||||||\u00bb text_text_color=\u00bb#122c34&#8243; header_font=\u00bbRaleway|900|||||||\u00bb header_text_color=\u00bb#122c34&#8243; header_font_size=\u00bb35px\u00bb background_color=\u00bb#e6faef\u00bb background_enable_image=\u00bboff\u00bb height=\u00bb97vh\u00bb max_height=\u00bb97vh\u00bb custom_margin=\u00bb||||true|false\u00bb custom_padding=\u00bb10%|10%||10%|false|false\u00bb link_option_url=\u00bbhttps:\/\/social.resasports.com\/es\/\u00bb border_width_left=\u00bb1px\u00bb border_color_left=\u00bb#FFFFFF\u00bb locked=\u00bboff\u00bb global_colors_info=\u00bb{}\u00bb background__hover_enabled=\u00bboff|desktop\u00bb background_image__hover=\u00bbhttps:\/\/resawod.com\/old\/wp-content\/uploads\/sites\/2\/2021\/09\/RS-active-BG.png\u00bb background_enable_image__hover=\u00bbon\u00bb]<\/p>\n<p><img decoding=\"async\" class=\"intro-logo\" src=\"https:\/\/resasports.com\/wp-content\/uploads\/2022\/01\/RS-network-logo.png\" \/><\/p>\n<h1>\u00bfBuscas un Centro<br \/>deportivo cerca de ti?<\/h1>\n<p>Practica tu deporte favorito<br \/>donde y cuando quieras con<br \/>Resasports.<\/p>\n<p><a href=\"https:\/\/social.resasports.com\/es\/\"><button class=\"intro-btn cursor-pointer\">Explorar<\/button><\/a><\/p>\n<p>[\/et_pb_text][\/et_pb_column][et_pb_column type=\u00bb1_2&#8243; module_class=\u00bbcursor\u00bb admin_label=\u00bbRight\u00bb _builder_version=\u00bb4.16&#8243; _dynamic_attributes=\u00bblink_option_url\u00bb _module_preset=\u00bbdefault\u00bb link_option_url=\u00bb@ET-DC@eyJkeW5hbWljIjp0cnVlLCJjb250ZW50IjoicG9zdF9saW5rX3VybF9wYWdlIiwic2V0dGluZ3MiOnsicG9zdF9pZCI6IjE1ODkifX0=@\u00bb global_colors_info=\u00bb{}\u00bb][et_pb_text module_class=\u00bbsoftware cursor\u00bb _builder_version=\u00bb4.21.0&#8243; _module_preset=\u00bbdefault\u00bb text_font=\u00bbRaleway|500|||||||\u00bb text_text_color=\u00bb#122c34&#8243; header_font=\u00bbRaleway|900|||||||\u00bb header_text_color=\u00bb#122c34&#8243; header_font_size=\u00bb35px\u00bb background_color=\u00bb#e8eaeb\u00bb background_enable_image=\u00bboff\u00bb height=\u00bb97vh\u00bb max_height=\u00bb97vh\u00bb custom_margin=\u00bb||||true|false\u00bb custom_padding=\u00bb10%|10%||10%|false|false\u00bb link_option_url=\u00bbhttps:\/\/resasports.com\/es\/software\/\u00bb hover_enabled=\u00bb0&#8243; border_width_right=\u00bb1px\u00bb border_color_right=\u00bb#FFFFFF\u00bb global_colors_info=\u00bb{}\u00bb background__hover_enabled=\u00bboff|desktop\u00bb background_image__hover=\u00bbhttps:\/\/resawod.com\/old\/wp-content\/uploads\/sites\/2\/2021\/09\/RW-active-BG-02.png\u00bb background_enable_image__hover=\u00bbon\u00bb sticky_enabled=\u00bb0&#8243;]<\/p>\n<p><img decoding=\"async\" class=\"intro-logo\" src=\"https:\/\/resasports.com\/wp-content\/uploads\/2022\/01\/RS-intro-logo.png\" \/><\/p>\n<h1>\u00bfGestionas un<\/h1>\n<h1>Centro deportivo?<\/h1>\n<p>Descubre Resasports, el software<br \/>especializado en gesti\u00f3n de<br \/>Centros deportivos.<\/p>\n<p><a href=\"https:\/\/resasports.com\/es\/software\/\"><button class=\"intro-btn cursor-pointer\">Quiero conocer el software<\/button><\/a><\/p>\n<p>[\/et_pb_text][\/et_pb_column][\/et_pb_row][\/et_pb_section][et_pb_section fb_built=\u00bb1&#8243; disabled_on=\u00bboff|on|on\u00bb admin_label=\u00bbintro mobile\u00bb _builder_version=\u00bb4.16&#8243; _module_preset=\u00bbdefault\u00bb custom_margin=\u00bb0px||0px||true|false\u00bb custom_padding=\u00bb0px||0px||true|false\u00bb locked=\u00bboff\u00bb global_colors_info=\u00bb{}\u00bb][et_pb_row column_structure=\u00bb1_2,1_2&#8243; use_custom_gutter=\u00bbon\u00bb gutter_width=\u00bb1&#8243; _builder_version=\u00bb4.16&#8243; _module_preset=\u00bbdefault\u00bb width=\u00bb100%\u00bb max_width=\u00bb100%\u00bb height=\u00bb60vh\u00bb max_height=\u00bb100vh\u00bb custom_padding=\u00bb0px||0px||true|false\u00bb global_colors_info=\u00bb{}\u00bb][et_pb_column type=\u00bb1_2&#8243; admin_label=\u00bbLeft\u00bb _builder_version=\u00bb4.16&#8243; _module_preset=\u00bbdefault\u00bb link_option_url=\u00bbhttps:\/\/social.resasports.com\/es\/\u00bb global_colors_info=\u00bb{}\u00bb][et_pb_text _builder_version=\u00bb4.16&#8243; _module_preset=\u00bbdefault\u00bb text_font=\u00bbRaleway|500|||||||\u00bb text_text_color=\u00bb#122c34&#8243; header_font=\u00bbRaleway|800|||||||\u00bb header_text_color=\u00bb#122c34&#8243; background_color=\u00bb#e6faef\u00bb background_image=\u00bbhttps:\/\/resawod.com\/old\/wp-content\/uploads\/sites\/2\/2021\/09\/network-device-BG-02.png\u00bb height=\u00bb55vh\u00bb max_height=\u00bb97vh\u00bb custom_margin=\u00bb||||true|false\u00bb custom_padding=\u00bb3%|35%||10%|false|false\u00bb link_option_url=\u00bbhttps:\/\/social.resasports.com\/es\/\u00bb border_color_all=\u00bbRGBA(0,0,0,0)\u00bb border_width_top=\u00bb1px\u00bb border_color_top=\u00bb#FFFFFF\u00bb border_color_right=\u00bb#FFFFFF\u00bb border_color_bottom=\u00bb#FFFFFF\u00bb border_color_left=\u00bb#FFFFFF\u00bb locked=\u00bboff\u00bb global_colors_info=\u00bb{}\u00bb background_image__hover=\u00bbhttps:\/\/resawod.com\/old\/wp-content\/uploads\/sites\/2\/2021\/09\/RS-active-mobile-BG-01.png\u00bb background_enable_image__hover=\u00bbon\u00bb background__hover_enabled=\u00bboff|hover\u00bb height__hover=\u00bb97vh\u00bb height__hover_enabled=\u00bboff|desktop\u00bb parallax__hover=\u00bboff\u00bb background_size__hover=\u00bbcover\u00bb]<\/p>\n<p><img decoding=\"async\" class=\"intro-logo-mobile\" src=\"https:\/\/resasports.com\/wp-content\/uploads\/2022\/01\/RS-network-logo.png\" \/><\/p>\n<h1>Buscas un Centro deportivo cerca de ti?<\/h1>\n<p>Practica tu deporte favorito<br \/>donde y cuando quieras con<br \/>Resasports.<\/p>\n<p><a href=\"https:\/\/social.resasports.com\/es\/\"><button class=\"intro-btn\">Explorar<\/button><\/a><\/p>\n<p>[\/et_pb_text][\/et_pb_column][et_pb_column type=\u00bb1_2&#8243; admin_label=\u00bbRight\u00bb _builder_version=\u00bb4.16&#8243; _module_preset=\u00bbdefault\u00bb global_colors_info=\u00bb{}\u00bb][et_pb_text _builder_version=\u00bb4.21.0&#8243; _dynamic_attributes=\u00bblink_option_url\u00bb _module_preset=\u00bbdefault\u00bb text_font=\u00bbRaleway|500|||||||\u00bb text_text_color=\u00bb#122c34&#8243; header_font=\u00bbRaleway|800|||||||\u00bb header_text_color=\u00bb#122c34&#8243; background_color=\u00bb#e8eaeb\u00bb background_image=\u00bbhttps:\/\/resawod.com\/old\/wp-content\/uploads\/sites\/2\/2021\/09\/software-device-BG.png\u00bb height=\u00bb55vh\u00bb max_height=\u00bb97vh\u00bb custom_margin=\u00bb||||true|false\u00bb custom_padding=\u00bb3%|40%||10%|false|false\u00bb link_option_url=\u00bb@ET-DC@eyJkeW5hbWljIjp0cnVlLCJjb250ZW50IjoicG9zdF9saW5rX3VybF9wYWdlIiwic2V0dGluZ3MiOnsicG9zdF9pZCI6IjkyNDQifX0=@\u00bb hover_enabled=\u00bb0&#8243; background_last_edited=\u00bboff|desktop\u00bb background_image_phone=\u00bbhttps:\/\/resawod.com\/old\/wp-content\/uploads\/sites\/2\/2021\/09\/RW-active-mobile-BG.png\u00bb background_enable_image_phone=\u00bbon\u00bb border_color_all=\u00bbRGBA(0,0,0,0)\u00bb border_color_right=\u00bb#FFFFFF\u00bb border_width_bottom=\u00bb1px\u00bb border_color_bottom=\u00bb#FFFFFF\u00bb global_colors_info=\u00bb{}\u00bb background__hover_enabled=\u00bboff|hover\u00bb background_image__hover=\u00bbhttps:\/\/resawod.com\/old\/wp-content\/uploads\/sites\/2\/2021\/09\/RW-active-BG-04.png\u00bb background_enable_image__hover=\u00bbon\u00bb height__hover_enabled=\u00bboff|desktop\u00bb height__hover=\u00bb97vh\u00bb background_size__hover=\u00bbcover\u00bb parallax__hover=\u00bboff\u00bb sticky_enabled=\u00bb0&#8243;]<\/p>\n<p><img decoding=\"async\" class=\"intro-logo-mobile\" src=\"https:\/\/resasports.com\/wp-content\/uploads\/2022\/01\/RS-intro-logo.png\" \/><\/p>\n<h1>Gestionas un Centro deportivo?<\/h1>\n<p>Descubre Resasports, el software especializado en gesti\u00f3n de Centros<br \/>deportivos.<\/p>\n<p><a href=\"https:\/\/resasports.com\/es\/software\/\"><button class=\"intro-btn\">Quiero conocer el software<\/button><\/a><\/p>\n<p>[\/et_pb_text][\/et_pb_column][\/et_pb_row][\/et_pb_section]<\/p>\n","protected":false},"excerpt":{"rendered":"<p>\u00bfBuscas un Centrodeportivo cerca de ti? Practica tu deporte favoritodonde y cuando quieras conResasports. Explorar \u00bfGestionas un Centro deportivo? Descubre Resasports, el softwareespecializado en gesti\u00f3n deCentros deportivos. Quiero conocer el software Buscas un Centro deportivo cerca de ti? Practica tu deporte favoritodonde y cuando quieras conResasports. Explorar Gestionas un Centro deportivo? Descubre Resasports, el software [&hellip;]<\/p>\n","protected":false},"author":3,"featured_media":0,"parent":0,"menu_order":0,"comment_status":"closed","ping_status":"closed","template":"page-template-blank.php","meta":{"_et_pb_use_builder":"on","_et_pb_old_content":"","_et_gb_content_width":"","content-type":"","footnotes":""},"class_list":["post-7419","page","type-page","status-publish","hentry"],"yoast_head":"<!-- This site is optimized with the Yoast SEO plugin v25.7 - https:\/\/yoast.com\/wordpress\/plugins\/seo\/ -->\n<title>Descubre Resasports<\/title>\n<meta name=\"description\" content=\"Resasports, el software para la gesti\u00f3n de tu centro deportivo, con presencia en m\u00e1s de 14 pa\u00edses y m\u00dfs de 600 centros deportivos.\" \/>\n<meta name=\"robots\" content=\"index, follow, max-snippet:-1, max-image-preview:large, max-video-preview:-1\" \/>\n<link rel=\"canonical\" href=\"https:\/\/resasports.com\/es\/\" \/>\n<meta property=\"og:locale\" content=\"es_ES\" \/>\n<meta property=\"og:type\" content=\"article\" \/>\n<meta property=\"og:title\" content=\"Descubre Resasports\" \/>\n<meta property=\"og:description\" content=\"Resasports, el software para la gesti\u00f3n de tu centro deportivo, con presencia en m\u00e1s de 14 pa\u00edses y m\u00dfs de 600 centros deportivos.\" \/>\n<meta property=\"og:url\" content=\"https:\/\/resasports.com\/es\/\" \/>\n<meta property=\"og:site_name\" content=\"Resasports\" \/>\n<meta property=\"article:modified_time\" content=\"2024-05-03T12:48:50+00:00\" \/>\n<meta property=\"og:image\" content=\"https:\/\/resasports.com\/wp-content\/uploads\/2022\/01\/RS-network-logo.png\" \/>\n<meta name=\"twitter:card\" content=\"summary_large_image\" \/>\n<meta name=\"twitter:label1\" content=\"Tiempo de lectura\" \/>\n\t<meta name=\"twitter:data1\" content=\"3 minutos\" \/>\n<script type=\"application\/ld+json\" class=\"yoast-schema-graph\">{\"@context\":\"https:\/\/schema.org\",\"@graph\":[{\"@type\":\"WebPage\",\"@id\":\"https:\/\/resasports.com\/es\/\",\"url\":\"https:\/\/resasports.com\/es\/\",\"name\":\"Descubre Resasports\",\"isPartOf\":{\"@id\":\"https:\/\/resasports.com\/es\/#website\"},\"primaryImageOfPage\":{\"@id\":\"https:\/\/resasports.com\/es\/#primaryimage\"},\"image\":{\"@id\":\"https:\/\/resasports.com\/es\/#primaryimage\"},\"thumbnailUrl\":\"https:\/\/resasports.com\/wp-content\/uploads\/2022\/01\/RS-network-logo.png\",\"datePublished\":\"2022-01-11T21:06:28+00:00\",\"dateModified\":\"2024-05-03T12:48:50+00:00\",\"description\":\"Resasports, el software para la gesti\u00f3n de tu centro deportivo, con presencia en m\u00e1s de 14 pa\u00edses y m\u00dfs de 600 centros deportivos.\",\"breadcrumb\":{\"@id\":\"https:\/\/resasports.com\/es\/#breadcrumb\"},\"inLanguage\":\"es\",\"potentialAction\":[{\"@type\":\"ReadAction\",\"target\":[\"https:\/\/resasports.com\/es\/\"]}]},{\"@type\":\"ImageObject\",\"inLanguage\":\"es\",\"@id\":\"https:\/\/resasports.com\/es\/#primaryimage\",\"url\":\"https:\/\/resasports.com\/wp-content\/uploads\/2022\/01\/RS-network-logo.png\",\"contentUrl\":\"https:\/\/resasports.com\/wp-content\/uploads\/2022\/01\/RS-network-logo.png\"},{\"@type\":\"BreadcrumbList\",\"@id\":\"https:\/\/resasports.com\/es\/#breadcrumb\",\"itemListElement\":[{\"@type\":\"ListItem\",\"position\":1,\"name\":\"Portada\",\"item\":\"https:\/\/resasports.com\/es\/\"},{\"@type\":\"ListItem\",\"position\":2,\"name\":\"Home\"}]},{\"@type\":\"WebSite\",\"@id\":\"https:\/\/resasports.com\/es\/#website\",\"url\":\"https:\/\/resasports.com\/es\/\",\"name\":\"Resasports\",\"description\":\"\",\"potentialAction\":[{\"@type\":\"SearchAction\",\"target\":{\"@type\":\"EntryPoint\",\"urlTemplate\":\"https:\/\/resasports.com\/es\/?s={search_term_string}\"},\"query-input\":{\"@type\":\"PropertyValueSpecification\",\"valueRequired\":true,\"valueName\":\"search_term_string\"}}],\"inLanguage\":\"es\"}]}<\/script>\n<!-- \/ Yoast SEO plugin. -->","yoast_head_json":{"title":"Descubre Resasports","description":"Resasports, el software para la gesti\u00f3n de tu centro deportivo, con presencia en m\u00e1s de 14 pa\u00edses y m\u00dfs de 600 centros deportivos.","robots":{"index":"index","follow":"follow","max-snippet":"max-snippet:-1","max-image-preview":"max-image-preview:large","max-video-preview":"max-video-preview:-1"},"canonical":"https:\/\/resasports.com\/es\/","og_locale":"es_ES","og_type":"article","og_title":"Descubre Resasports","og_description":"Resasports, el software para la gesti\u00f3n de tu centro deportivo, con presencia en m\u00e1s de 14 pa\u00edses y m\u00dfs de 600 centros deportivos.","og_url":"https:\/\/resasports.com\/es\/","og_site_name":"Resasports","article_modified_time":"2024-05-03T12:48:50+00:00","og_image":[{"url":"https:\/\/resasports.com\/wp-content\/uploads\/2022\/01\/RS-network-logo.png","type":"","width":"","height":""}],"twitter_card":"summary_large_image","twitter_misc":{"Tiempo de lectura":"3 minutos"},"schema":{"@context":"https:\/\/schema.org","@graph":[{"@type":"WebPage","@id":"https:\/\/resasports.com\/es\/","url":"https:\/\/resasports.com\/es\/","name":"Descubre Resasports","isPartOf":{"@id":"https:\/\/resasports.com\/es\/#website"},"primaryImageOfPage":{"@id":"https:\/\/resasports.com\/es\/#primaryimage"},"image":{"@id":"https:\/\/resasports.com\/es\/#primaryimage"},"thumbnailUrl":"https:\/\/resasports.com\/wp-content\/uploads\/2022\/01\/RS-network-logo.png","datePublished":"2022-01-11T21:06:28+00:00","dateModified":"2024-05-03T12:48:50+00:00","description":"Resasports, el software para la gesti\u00f3n de tu centro deportivo, con presencia en m\u00e1s de 14 pa\u00edses y m\u00dfs de 600 centros deportivos.","breadcrumb":{"@id":"https:\/\/resasports.com\/es\/#breadcrumb"},"inLanguage":"es","potentialAction":[{"@type":"ReadAction","target":["https:\/\/resasports.com\/es\/"]}]},{"@type":"ImageObject","inLanguage":"es","@id":"https:\/\/resasports.com\/es\/#primaryimage","url":"https:\/\/resasports.com\/wp-content\/uploads\/2022\/01\/RS-network-logo.png","contentUrl":"https:\/\/resasports.com\/wp-content\/uploads\/2022\/01\/RS-network-logo.png"},{"@type":"BreadcrumbList","@id":"https:\/\/resasports.com\/es\/#breadcrumb","itemListElement":[{"@type":"ListItem","position":1,"name":"Portada","item":"https:\/\/resasports.com\/es\/"},{"@type":"ListItem","position":2,"name":"Home"}]},{"@type":"WebSite","@id":"https:\/\/resasports.com\/es\/#website","url":"https:\/\/resasports.com\/es\/","name":"Resasports","description":"","potentialAction":[{"@type":"SearchAction","target":{"@type":"EntryPoint","urlTemplate":"https:\/\/resasports.com\/es\/?s={search_term_string}"},"query-input":{"@type":"PropertyValueSpecification","valueRequired":true,"valueName":"search_term_string"}}],"inLanguage":"es"}]}},"_links":{"self":[{"href":"https:\/\/resasports.com\/es\/wp-json\/wp\/v2\/pages\/7419","targetHints":{"allow":["GET"]}}],"collection":[{"href":"https:\/\/resasports.com\/es\/wp-json\/wp\/v2\/pages"}],"about":[{"href":"https:\/\/resasports.com\/es\/wp-json\/wp\/v2\/types\/page"}],"author":[{"embeddable":true,"href":"https:\/\/resasports.com\/es\/wp-json\/wp\/v2\/users\/3"}],"replies":[{"embeddable":true,"href":"https:\/\/resasports.com\/es\/wp-json\/wp\/v2\/comments?post=7419"}],"version-history":[{"count":53,"href":"https:\/\/resasports.com\/es\/wp-json\/wp\/v2\/pages\/7419\/revisions"}],"predecessor-version":[{"id":23761,"href":"https:\/\/resasports.com\/es\/wp-json\/wp\/v2\/pages\/7419\/revisions\/23761"}],"wp:attachment":[{"href":"https:\/\/resasports.com\/es\/wp-json\/wp\/v2\/media?parent=7419"}],"curies":[{"name":"wp","href":"https:\/\/api.w.org\/{rel}","templated":true}]}}