{"id":26380,"date":"2025-05-22T10:57:18","date_gmt":"2025-05-22T09:57:18","guid":{"rendered":"https:\/\/resasports.com\/?page_id=26380"},"modified":"2025-06-11T14:43:01","modified_gmt":"2025-06-11T13:43:01","slug":"solicitar-demo","status":"publish","type":"page","link":"https:\/\/resasports.com\/es\/club-padel\/solicitar-demo\/","title":{"rendered":"Demo &#8211; Club padel"},"content":{"rendered":"<p>[et_pb_section fb_built=\u00bb1&#8243; admin_label=\u00bbCaja &#8211; Texto Formulario\u00bb _builder_version=\u00bb4.27.4&#8243; _module_preset=\u00bbdefault\u00bb collapsed=\u00bboff\u00bb global_colors_info=\u00bb{}\u00bb][et_pb_row column_structure=\u00bb1_2,1_2&#8243; _builder_version=\u00bb4.27.4&#8243; _module_preset=\u00bbdefault\u00bb max_width=\u00bbnone\u00bb custom_padding=\u00bb||||false|false\u00bb border_color_top=\u00bbrgba(9,133,88,0.5)\u00bb global_colors_info=\u00bb{}\u00bb][et_pb_column type=\u00bb1_2&#8243; _builder_version=\u00bb4.17.4&#8243; _module_preset=\u00bbdefault\u00bb global_colors_info=\u00bb{}\u00bb][et_pb_text _builder_version=\u00bb4.27.4&#8243; _module_preset=\u00bbdefault\u00bb header_font=\u00bbRaleway||||||||\u00bb header_text_align=\u00bbleft\u00bb header_text_color=\u00bb#098558&#8243; header_font_size=\u00bb15px\u00bb background_color=\u00bbRGBA(255,255,255,0)\u00bb custom_margin=\u00bb||10px||false|false\u00bb custom_padding=\u00bb10px||||false|true\u00bb border_color_top=\u00bb#098558&#8243; border_width_bottom=\u00bb1px\u00bb border_color_bottom=\u00bb#098558&#8243; global_colors_info=\u00bb{}\u00bb]<\/p>\n<h1 style=\"text-align: left;\">Software de gesti\u00f3n de centros de P\u00e1del<\/h1>\n<p>[\/et_pb_text][et_pb_text content_tablet=\u00bb<\/p>\n<h2 style=%22text-align: left;%22>Haz crecer tu centro de P\u00e1del <span style=%22font-weight: 900;%22>automatizando tareas con Resasports <\/span><\/h2>\n<p>\u00bb content_phone=\u00bb<\/p>\n<h2 style=%22text-align: left;%22>Haz crecer tu centro de P\u00e1del <span style=%22font-weight: 900;%22>automatizando tareas con Resasports <\/span><\/h2>\n<p>\u00bb content_last_edited=\u00bbon|phone\u00bb _builder_version=\u00bb4.27.4&#8243; _module_preset=\u00bbdefault\u00bb header_font=\u00bbRaleway|500||on|||||\u00bb header_text_color=\u00bb#098558&#8243; header_font_size=\u00bb34px\u00bb header_2_font=\u00bbRaleway||||||||\u00bb header_2_text_color=\u00bb#098558&#8243; header_2_font_size=\u00bb34px\u00bb header_2_font_size_tablet=\u00bb34px\u00bb header_2_font_size_phone=\u00bb28px\u00bb header_2_font_size_last_edited=\u00bbon|phone\u00bb locked=\u00bboff\u00bb global_colors_info=\u00bb{}\u00bb]<\/p>\n<h2 style=\"text-align: left;\">Haz crecer tu centro de P\u00e1del <span style=\"font-weight: 900;\">automatizando tareas con Resasports <\/span><\/h2>\n<p>[\/et_pb_text][et_pb_text content_tablet=\u00bb<\/p>\n<p><span>Consigue aumentar la satisfacci\u00f3n de tus clientes mejorando lo m\u00e1s importante de tu negocio: la relaci\u00f3n con ellos.<\/span><\/p>\n<p>\u00bb content_last_edited=\u00bboff|desktop\u00bb _builder_version=\u00bb4.27.4&#8243; _module_preset=\u00bbdefault\u00bb text_font=\u00bbRaleway||||||||\u00bb text_text_color=\u00bb#098558&#8243; text_font_size=\u00bb16px\u00bb locked=\u00bboff\u00bb global_colors_info=\u00bb{}\u00bb]<\/p>\n<p style=\"text-align: left\"><span data-metadata=\"&lt;!--(figmeta)eyJmaWxlS2V5IjoiblpQZG82bkpsV3B6aWlGV1Q4Mmw2TiIsInBhc3RlSUQiOjE1NTEzMDc3NzEsImRhdGFUeXBlIjoic2NlbmUifQo=(\/figmeta)--&gt;\"><\/span><span>Consigue aumentar la satisfacci\u00f3n de tus clientes mejorando lo m\u00e1s importante de tu negocio: <strong>la relaci\u00f3n con ellos.<\/strong><\/span><\/p>\n<p>[\/et_pb_text][et_pb_image src=\u00bbhttps:\/\/resasports.com\/wp-content\/uploads\/2025\/05\/demo-padel.jpg\u00bb title_text=\u00bbdemo-padel\u00bb _builder_version=\u00bb4.27.4&#8243; _module_preset=\u00bbdefault\u00bb global_colors_info=\u00bb{}\u00bb][\/et_pb_image][\/et_pb_column][et_pb_column type=\u00bb1_2&#8243; _builder_version=\u00bb4.27.4&#8243; _module_preset=\u00bbdefault\u00bb custom_padding=\u00bb39px|39px|39px|39px|false|false\u00bb border_radii=\u00bbon|32px|32px|32px|32px\u00bb box_shadow_style=\u00bbpreset3&#8243; box_shadow_color=\u00bbrgba(9,133,88,0.65)\u00bb global_colors_info=\u00bb{}\u00bb][et_pb_text _builder_version=\u00bb4.27.4&#8243; _module_preset=\u00bbdefault\u00bb global_colors_info=\u00bb{}\u00bb][\/et_pb_text][et_pb_text _builder_version=\u00bb4.17.4&#8243; _module_preset=\u00bbdefault\u00bb header_font_size=\u00bb35px\u00bb header_2_font=\u00bbRaleway|500|||||||\u00bb header_2_text_color=\u00bb#098558&#8243; header_2_font_size=\u00bb42px\u00bb background_enable_color=\u00bboff\u00bb width=\u00bb100%\u00bb max_width=\u00bb100%\u00bb custom_padding=\u00bb||||false|false\u00bb locked=\u00bboff\u00bb global_colors_info=\u00bb{}\u00bb]<\/p>\n<h2 style=\"text-align: center\" data-mce-style=\"text-align: center;\">Quiero solicitar <span style=\"font-weight: bold\" data-mce-style=\"font-weight: bold;\">una demo<\/span> <img loading=\"lazy\" decoding=\"async\" class=\"wp-image-9476 alignnone size-medium\" src=\"https:\/\/resasports.com\/wp-content\/uploads\/2022\/07\/01-300x300.png\" alt=\"\" width=\"31\" height=\"31\" data-mce-src=\"https:\/\/resasports.com\/wp-content\/uploads\/2022\/07\/01-300x300.png\"><\/h2>\n<div class=\"divi-row-destination-right\"><\/div>\n<p>[\/et_pb_text][et_pb_text _builder_version=\u00bb4.17.4&#8243; _module_preset=\u00bbdefault\u00bb text_font=\u00bbRaleway||||||||\u00bb text_text_color=\u00bb#098558&#8243; text_font_size=\u00bb16px\u00bb locked=\u00bboff\u00bb global_colors_info=\u00bb{}\u00bb]<\/p>\n<p style=\"text-align: center\" data-mce-style=\"text-align: center;\"><span style=\"font-weight: 400\" data-mce-style=\"font-weight: 400;\">Te ense\u00f1aremos Resasports <\/span><b>en vivo y en directo<\/b><span style=\"font-weight: 400\" data-mce-style=\"font-weight: 400;\">, adem\u00e1s de resolver todas las dudas que te hayan podido surgir con respecto al mismo.<\/span><\/p>\n<p>[\/et_pb_text][et_pb_text admin_label=\u00bbForm\u00bb _builder_version=\u00bb4.27.4&#8243; _module_preset=\u00bbdefault\u00bb custom_padding=\u00bb||||false|true\u00bb locked=\u00bboff\u00bb global_colors_info=\u00bb{}\u00bb]\n\t\t\t\t\t<script>\n\t\t\t\t\t\twindow.hsFormsOnReady = window.hsFormsOnReady || [];\n\t\t\t\t\t\twindow.hsFormsOnReady.push(()=>{\n\t\t\t\t\t\t\thbspt.forms.create({\n\t\t\t\t\t\t\t\tportalId: 6234568,\n\t\t\t\t\t\t\t\tformId: \"e3d31373-aa7c-4ef0-be3f-b8ef6742d571\",\n\t\t\t\t\t\t\t\ttarget: \"#hbspt-form-1775291338000-3779648032\",\n\t\t\t\t\t\t\t\tregion: \"na1\",\n\t\t\t\t\t\t\t\t\n\t\t\t\t\t\t})});\n\t\t\t\t\t<\/script>\n\t\t\t\t\t<div class=\"hbspt-form\" id=\"hbspt-form-1775291338000-3779648032\"><\/div>[\/et_pb_text][\/et_pb_column][\/et_pb_row][\/et_pb_section]<\/p>\n","protected":false},"excerpt":{"rendered":"<p>Software de gesti\u00f3n de centros de P\u00e1delHaz crecer tu centro de P\u00e1del automatizando tareas con Resasports Consigue aumentar la satisfacci\u00f3n de tus clientes mejorando lo m\u00e1s importante de tu negocio: la relaci\u00f3n con ellos.Quiero solicitar una demo Te ense\u00f1aremos Resasports en vivo y en directo, adem\u00e1s de resolver todas las dudas que te hayan podido [&hellip;]<\/p>\n","protected":false},"author":12,"featured_media":0,"parent":13453,"menu_order":0,"comment_status":"closed","ping_status":"closed","template":"","meta":{"_et_pb_use_builder":"on","_et_pb_old_content":"","_et_gb_content_width":"","content-type":"","footnotes":""},"class_list":["post-26380","page","type-page","status-publish","hentry"],"yoast_head":"<!-- This site is optimized with the Yoast SEO plugin v25.7 - https:\/\/yoast.com\/wordpress\/plugins\/seo\/ -->\n<title>Demo - Club padel - Resasports<\/title>\n<meta name=\"robots\" content=\"index, follow, max-snippet:-1, max-image-preview:large, max-video-preview:-1\" \/>\n<link rel=\"canonical\" href=\"https:\/\/resasports.com\/es\/club-padel\/solicitar-demo\/\" \/>\n<meta property=\"og:locale\" content=\"es_ES\" \/>\n<meta property=\"og:type\" content=\"article\" \/>\n<meta property=\"og:title\" content=\"Demo - Club padel - Resasports\" \/>\n<meta property=\"og:description\" content=\"Software de gesti\u00f3n de centros de P\u00e1delHaz crecer tu centro de P\u00e1del automatizando tareas con Resasports Consigue aumentar la satisfacci\u00f3n de tus clientes mejorando lo m\u00e1s importante de tu negocio: la relaci\u00f3n con ellos.Quiero solicitar una demo Te ense\u00f1aremos Resasports en vivo y en directo, adem\u00e1s de resolver todas las dudas que te hayan podido [&hellip;]\" \/>\n<meta property=\"og:url\" content=\"https:\/\/resasports.com\/es\/club-padel\/solicitar-demo\/\" \/>\n<meta property=\"og:site_name\" content=\"Resasports\" \/>\n<meta property=\"article:modified_time\" content=\"2025-06-11T13:43:01+00:00\" \/>\n<meta property=\"og:image\" content=\"https:\/\/resasports.com\/wp-content\/uploads\/2022\/07\/01-300x300.png\" \/>\n<meta name=\"twitter:card\" content=\"summary_large_image\" \/>\n<script type=\"application\/ld+json\" class=\"yoast-schema-graph\">{\"@context\":\"https:\/\/schema.org\",\"@graph\":[{\"@type\":\"WebPage\",\"@id\":\"https:\/\/resasports.com\/es\/club-padel\/solicitar-demo\/\",\"url\":\"https:\/\/resasports.com\/es\/club-padel\/solicitar-demo\/\",\"name\":\"Demo - Club padel - Resasports\",\"isPartOf\":{\"@id\":\"https:\/\/resasports.com\/es\/#website\"},\"primaryImageOfPage\":{\"@id\":\"https:\/\/resasports.com\/es\/club-padel\/solicitar-demo\/#primaryimage\"},\"image\":{\"@id\":\"https:\/\/resasports.com\/es\/club-padel\/solicitar-demo\/#primaryimage\"},\"thumbnailUrl\":\"https:\/\/resasports.com\/wp-content\/uploads\/2022\/07\/01-300x300.png\",\"datePublished\":\"2025-05-22T09:57:18+00:00\",\"dateModified\":\"2025-06-11T13:43:01+00:00\",\"breadcrumb\":{\"@id\":\"https:\/\/resasports.com\/es\/club-padel\/solicitar-demo\/#breadcrumb\"},\"inLanguage\":\"es\",\"potentialAction\":[{\"@type\":\"ReadAction\",\"target\":[\"https:\/\/resasports.com\/es\/club-padel\/solicitar-demo\/\"]}]},{\"@type\":\"ImageObject\",\"inLanguage\":\"es\",\"@id\":\"https:\/\/resasports.com\/es\/club-padel\/solicitar-demo\/#primaryimage\",\"url\":\"https:\/\/resasports.com\/wp-content\/uploads\/2022\/07\/01-300x300.png\",\"contentUrl\":\"https:\/\/resasports.com\/wp-content\/uploads\/2022\/07\/01-300x300.png\"},{\"@type\":\"BreadcrumbList\",\"@id\":\"https:\/\/resasports.com\/es\/club-padel\/solicitar-demo\/#breadcrumb\",\"itemListElement\":[{\"@type\":\"ListItem\",\"position\":1,\"name\":\"Portada\",\"item\":\"https:\/\/resasports.com\/es\/\"},{\"@type\":\"ListItem\",\"position\":2,\"name\":\"Padel\",\"item\":\"https:\/\/resasports.com\/es\/club-padel\/\"},{\"@type\":\"ListItem\",\"position\":3,\"name\":\"Demo &#8211; Club padel\"}]},{\"@type\":\"WebSite\",\"@id\":\"https:\/\/resasports.com\/es\/#website\",\"url\":\"https:\/\/resasports.com\/es\/\",\"name\":\"Resasports\",\"description\":\"\",\"potentialAction\":[{\"@type\":\"SearchAction\",\"target\":{\"@type\":\"EntryPoint\",\"urlTemplate\":\"https:\/\/resasports.com\/es\/?s={search_term_string}\"},\"query-input\":{\"@type\":\"PropertyValueSpecification\",\"valueRequired\":true,\"valueName\":\"search_term_string\"}}],\"inLanguage\":\"es\"}]}<\/script>\n<!-- \/ Yoast SEO plugin. -->","yoast_head_json":{"title":"Demo - Club padel - Resasports","robots":{"index":"index","follow":"follow","max-snippet":"max-snippet:-1","max-image-preview":"max-image-preview:large","max-video-preview":"max-video-preview:-1"},"canonical":"https:\/\/resasports.com\/es\/club-padel\/solicitar-demo\/","og_locale":"es_ES","og_type":"article","og_title":"Demo - Club padel - Resasports","og_description":"Software de gesti\u00f3n de centros de P\u00e1delHaz crecer tu centro de P\u00e1del automatizando tareas con Resasports Consigue aumentar la satisfacci\u00f3n de tus clientes mejorando lo m\u00e1s importante de tu negocio: la relaci\u00f3n con ellos.Quiero solicitar una demo Te ense\u00f1aremos Resasports en vivo y en directo, adem\u00e1s de resolver todas las dudas que te hayan podido [&hellip;]","og_url":"https:\/\/resasports.com\/es\/club-padel\/solicitar-demo\/","og_site_name":"Resasports","article_modified_time":"2025-06-11T13:43:01+00:00","og_image":[{"url":"https:\/\/resasports.com\/wp-content\/uploads\/2022\/07\/01-300x300.png","type":"","width":"","height":""}],"twitter_card":"summary_large_image","schema":{"@context":"https:\/\/schema.org","@graph":[{"@type":"WebPage","@id":"https:\/\/resasports.com\/es\/club-padel\/solicitar-demo\/","url":"https:\/\/resasports.com\/es\/club-padel\/solicitar-demo\/","name":"Demo - Club padel - Resasports","isPartOf":{"@id":"https:\/\/resasports.com\/es\/#website"},"primaryImageOfPage":{"@id":"https:\/\/resasports.com\/es\/club-padel\/solicitar-demo\/#primaryimage"},"image":{"@id":"https:\/\/resasports.com\/es\/club-padel\/solicitar-demo\/#primaryimage"},"thumbnailUrl":"https:\/\/resasports.com\/wp-content\/uploads\/2022\/07\/01-300x300.png","datePublished":"2025-05-22T09:57:18+00:00","dateModified":"2025-06-11T13:43:01+00:00","breadcrumb":{"@id":"https:\/\/resasports.com\/es\/club-padel\/solicitar-demo\/#breadcrumb"},"inLanguage":"es","potentialAction":[{"@type":"ReadAction","target":["https:\/\/resasports.com\/es\/club-padel\/solicitar-demo\/"]}]},{"@type":"ImageObject","inLanguage":"es","@id":"https:\/\/resasports.com\/es\/club-padel\/solicitar-demo\/#primaryimage","url":"https:\/\/resasports.com\/wp-content\/uploads\/2022\/07\/01-300x300.png","contentUrl":"https:\/\/resasports.com\/wp-content\/uploads\/2022\/07\/01-300x300.png"},{"@type":"BreadcrumbList","@id":"https:\/\/resasports.com\/es\/club-padel\/solicitar-demo\/#breadcrumb","itemListElement":[{"@type":"ListItem","position":1,"name":"Portada","item":"https:\/\/resasports.com\/es\/"},{"@type":"ListItem","position":2,"name":"Padel","item":"https:\/\/resasports.com\/es\/club-padel\/"},{"@type":"ListItem","position":3,"name":"Demo &#8211; Club padel"}]},{"@type":"WebSite","@id":"https:\/\/resasports.com\/es\/#website","url":"https:\/\/resasports.com\/es\/","name":"Resasports","description":"","potentialAction":[{"@type":"SearchAction","target":{"@type":"EntryPoint","urlTemplate":"https:\/\/resasports.com\/es\/?s={search_term_string}"},"query-input":{"@type":"PropertyValueSpecification","valueRequired":true,"valueName":"search_term_string"}}],"inLanguage":"es"}]}},"_links":{"self":[{"href":"https:\/\/resasports.com\/es\/wp-json\/wp\/v2\/pages\/26380","targetHints":{"allow":["GET"]}}],"collection":[{"href":"https:\/\/resasports.com\/es\/wp-json\/wp\/v2\/pages"}],"about":[{"href":"https:\/\/resasports.com\/es\/wp-json\/wp\/v2\/types\/page"}],"author":[{"embeddable":true,"href":"https:\/\/resasports.com\/es\/wp-json\/wp\/v2\/users\/12"}],"replies":[{"embeddable":true,"href":"https:\/\/resasports.com\/es\/wp-json\/wp\/v2\/comments?post=26380"}],"version-history":[{"count":21,"href":"https:\/\/resasports.com\/es\/wp-json\/wp\/v2\/pages\/26380\/revisions"}],"predecessor-version":[{"id":27593,"href":"https:\/\/resasports.com\/es\/wp-json\/wp\/v2\/pages\/26380\/revisions\/27593"}],"up":[{"embeddable":true,"href":"https:\/\/resasports.com\/es\/wp-json\/wp\/v2\/pages\/13453"}],"wp:attachment":[{"href":"https:\/\/resasports.com\/es\/wp-json\/wp\/v2\/media?parent=26380"}],"curies":[{"name":"wp","href":"https:\/\/api.w.org\/{rel}","templated":true}]}}