{"id":17639,"date":"2023-02-17T12:33:27","date_gmt":"2023-02-17T12:33:27","guid":{"rendered":"https:\/\/resasports.com\/?page_id=17639"},"modified":"2024-08-19T07:27:22","modified_gmt":"2024-08-19T07:27:22","slug":"guia-retencion-centro-deportivo","status":"publish","type":"page","link":"https:\/\/resasports.com\/es\/guia-retencion-centro-deportivo\/","title":{"rendered":"Descarga tu Gu\u00eda para mejorar la retenci\u00f3n de usuarios en tu centro deportivo"},"content":{"rendered":"<p>[et_pb_section fb_built=\u00bb1&#8243; disabled_on=\u00bboff|off|off\u00bb admin_label=\u00bbSection\u00bb _builder_version=\u00bb4.19.4&#8243; _module_preset=\u00bbdefault\u00bb use_background_color_gradient=\u00bbon\u00bb background_color_gradient_direction=\u00bb90deg\u00bb background_color_gradient_stops=\u00bbrgba(205,245,221,0.8) 0%|rgba(243,249,246,0.6) 100%\u00bb background_color_gradient_overlays_image=\u00bbon\u00bb background_image=\u00bbhttps:\/\/resasports.com\/wp-content\/uploads\/2022\/09\/Rocodromo-image-home-01.png\u00bb custom_margin=\u00bb-100px||||false|false\u00bb background_color_phone=\u00bb#182b44&#8243; background_last_edited=\u00bbon|phone\u00bb background_enable_color_phone=\u00bbon\u00bb background_enable_image_phone=\u00bboff\u00bb parallax_phone=\u00bboff\u00bb background_size_phone=\u00bbcover\u00bb background_position_phone=\u00bbtop_left\u00bb locked=\u00bboff\u00bb global_colors_info=\u00bb{}\u00bb][et_pb_row column_structure=\u00bb1_2,1_2&#8243; admin_label=\u00bb1on1&#8243; _builder_version=\u00bb4.19.4&#8243; _module_preset=\u00bbdefault\u00bb background_color=\u00bbRGBA(0,0,0,0)\u00bb use_background_color_gradient=\u00bbon\u00bb background_color_gradient_stops=\u00bb#cdf5dd 39%|rgba(243,249,246,0.15) 92%\u00bb background_color_gradient_start=\u00bb#21405a\u00bb background_color_gradient_start_position=\u00bb39%\u00bb background_color_gradient_end=\u00bbrgba(255,255,255,0)\u00bb background_color_gradient_end_position=\u00bb92%\u00bb background_enable_image=\u00bboff\u00bb background_position=\u00bbtop_center\u00bb positioning=\u00bbnone\u00bb vertical_offset=\u00bb-410px\u00bb horizontal_offset=\u00bb-186px\u00bb z_index=\u00bb5&#8243; width=\u00bb100%\u00bb module_alignment=\u00bbcenter\u00bb custom_margin=\u00bb80px|411px||411px|false|true\u00bb custom_padding=\u00bb5%|5%|5%|5%|true|true\u00bb animation_direction=\u00bbbottom\u00bb border_radii=\u00bbon|25px|25px|25px|25px\u00bb collapsed=\u00bboff\u00bb global_colors_info=\u00bb{}\u00bb][et_pb_column type=\u00bb1_2&#8243; _builder_version=\u00bb4.16&#8243; _module_preset=\u00bbdefault\u00bb global_colors_info=\u00bb{}\u00bb][et_pb_text _builder_version=\u00bb4.19.4&#8243; _module_preset=\u00bbdefault\u00bb text_font=\u00bbRaleway||||||||\u00bb text_text_color=\u00bb#FFFFFF\u00bb header_font=\u00bbRaleway|700|||||||\u00bb header_text_color=\u00bb#122C34&#8243; header_font_size=\u00bb45px\u00bb header_2_text_color=\u00bb#122C34&#8243; header_2_font_size=\u00bb25px\u00bb custom_padding=\u00bb|25px|||false|false\u00bb custom_padding_tablet=\u00bb\u00bb custom_padding_phone=\u00bb|0%|||false|false\u00bb custom_padding_last_edited=\u00bbon|phone\u00bb text_font_size_tablet=\u00bb\u00bb text_font_size_phone=\u00bb\u00bb text_font_size_last_edited=\u00bbon|phone\u00bb header_font_size_tablet=\u00bb\u00bb header_font_size_phone=\u00bb2.3em\u00bb header_font_size_last_edited=\u00bbon|desktop\u00bb global_colors_info=\u00bb{}\u00bb]<\/p>\n<h1>\u00bfBuscas estrategias para fidelizar <span style=\"color: #098558\">a los clientes de tu centro deportivo?<\/span><\/h1>\n<h2>\u00a1Cons\u00edguelo con nuestra Gu\u00eda para mejorar la retenci\u00f3n de usuarios en tu centro deportivo<strong>!<\/strong><\/h2>\n<p>[\/et_pb_text][et_pb_divider color=\u00bb#098558&#8243; divider_position=\u00bbcenter\u00bb divider_weight=\u00bb2px\u00bb _builder_version=\u00bb4.19.4&#8243; _module_preset=\u00bbdefault\u00bb width=\u00bb50%\u00bb module_alignment=\u00bbleft\u00bb global_colors_info=\u00bb{}\u00bb][\/et_pb_divider][et_pb_text _builder_version=\u00bb4.19.4&#8243; _module_preset=\u00bbdefault\u00bb text_font=\u00bbRaleway|500|||||||\u00bb text_text_color=\u00bb#f8af20&#8243; header_3_font=\u00bb|700|||||||\u00bb header_3_text_color=\u00bb#098558&#8243; custom_padding=\u00bb||3vh||false|false\u00bb global_colors_info=\u00bb{}\u00bb]<\/p>\n<h3 style=\"text-align: left\">Con esta gu\u00eda aprender\u00e1s a:<\/h3>\n<p>[\/et_pb_text][et_pb_blurb title=\u00bbQu\u00e9 es la rotaci\u00f3n y por qu\u00e9 es importante analizarla\u00bb use_icon=\u00bbon\u00bb font_icon=\u00bb&#x52;||divi||400&#8243; icon_color=\u00bb#37D17A\u00bb icon_placement=\u00bbleft\u00bb _builder_version=\u00bb4.19.4&#8243; _module_preset=\u00bbdefault\u00bb header_font=\u00bbRaleway|600|||||||\u00bb header_text_color=\u00bb#122C34&#8243; header_font_size=\u00bb20px\u00bb body_text_color=\u00bb#dddfeb\u00bb body_font_size=\u00bb16px\u00bb body_line_height=\u00bb1.6em\u00bb global_colors_info=\u00bb{}\u00bb][\/et_pb_blurb][et_pb_blurb title=\u00bbC\u00f3mo calcular la tasa de rotaci\u00f3n de tu centro deportivo\u00bb use_icon=\u00bbon\u00bb font_icon=\u00bb&#x52;||divi||400&#8243; icon_color=\u00bb#37D17A\u00bb icon_placement=\u00bbleft\u00bb _builder_version=\u00bb4.19.4&#8243; _module_preset=\u00bbdefault\u00bb header_font=\u00bbRaleway|600|||||||\u00bb header_text_color=\u00bb#122C34&#8243; header_font_size=\u00bb20px\u00bb body_text_color=\u00bb#dddfeb\u00bb body_font_size=\u00bb16px\u00bb body_line_height=\u00bb1.6em\u00bb global_colors_info=\u00bb{}\u00bb][\/et_pb_blurb][et_pb_blurb title=\u00bbEstrategias eficaces para hacer frente a la rotaci\u00f3n y mejorar la fidelizaci\u00f3n de clientes\u00bb use_icon=\u00bbon\u00bb font_icon=\u00bb&#x52;||divi||400&#8243; icon_color=\u00bb#37D17A\u00bb icon_placement=\u00bbleft\u00bb _builder_version=\u00bb4.17.4&#8243; _module_preset=\u00bbdefault\u00bb header_font=\u00bbRaleway|600|||||||\u00bb header_text_color=\u00bb#122C34&#8243; header_font_size=\u00bb20px\u00bb body_text_color=\u00bb#dddfeb\u00bb body_font_size=\u00bb16px\u00bb body_line_height=\u00bb1.6em\u00bb global_colors_info=\u00bb{}\u00bb][\/et_pb_blurb][et_pb_text _builder_version=\u00bb4.19.4&#8243; _module_preset=\u00bbdefault\u00bb text_text_color=\u00bb#f8af20&#8243; header_font=\u00bbRaleway|800|||||||\u00bb header_text_color=\u00bb#f8af20&#8243; header_font_size=\u00bb24px\u00bb header_3_font=\u00bb|600|||||||\u00bb header_3_text_color=\u00bb#098558&#8243; global_colors_info=\u00bb{}\u00bb]<\/p>\n<h3 style=\"text-align: center\"><strong>\u00a1Descarga tu gu\u00eda ya!<br \/><\/strong><\/h3>\n<p>[\/et_pb_text][\/et_pb_column][et_pb_column type=\u00bb1_2&#8243; _builder_version=\u00bb4.16&#8243; _module_preset=\u00bbdefault\u00bb global_colors_info=\u00bb{}\u00bb][et_pb_text _builder_version=\u00bb4.19.4&#8243; _module_preset=\u00bbdefault\u00bb background_color=\u00bb#E8F9EF\u00bb custom_padding=\u00bb2.5%|5%|2.5%|5%|true|true\u00bb hover_enabled=\u00bb0&#8243; border_radii=\u00bbon|10px|10px|10px|10px\u00bb global_colors_info=\u00bb{}\u00bb sticky_enabled=\u00bb0&#8243;]<\/p>\n\n\t\t\t\t\t<script>\n\t\t\t\t\t\twindow.hsFormsOnReady = window.hsFormsOnReady || [];\n\t\t\t\t\t\twindow.hsFormsOnReady.push(()=>{\n\t\t\t\t\t\t\thbspt.forms.create({\n\t\t\t\t\t\t\t\tportalId: 6234568,\n\t\t\t\t\t\t\t\tformId: \"7ce32448-8881-4f07-b4aa-6b785da94fc4\",\n\t\t\t\t\t\t\t\ttarget: \"#hbspt-form-1776898687000-5328428628\",\n\t\t\t\t\t\t\t\tregion: \"na1\",\n\t\t\t\t\t\t\t\t\n\t\t\t\t\t\t})});\n\t\t\t\t\t<\/script>\n\t\t\t\t\t<div class=\"hbspt-form\" id=\"hbspt-form-1776898687000-5328428628\"><\/div>\n<p>[\/et_pb_text][\/et_pb_column][\/et_pb_row][\/et_pb_section]<\/p>\n","protected":false},"excerpt":{"rendered":"<p>\u00bfBuscas estrategias para fidelizar a los clientes de tu centro deportivo? \u00a1Cons\u00edguelo con nuestra Gu\u00eda para mejorar la retenci\u00f3n de usuarios en tu centro deportivo!Con esta gu\u00eda aprender\u00e1s a:\u00a1Descarga tu gu\u00eda ya!\n\t\t\t\t\t<script>\n\t\t\t\t\t\twindow.hsFormsOnReady = window.hsFormsOnReady || [];\n\t\t\t\t\t\twindow.hsFormsOnReady.push(()=>{\n\t\t\t\t\t\t\thbspt.forms.create({\n\t\t\t\t\t\t\t\tportalId: 6234568,\n\t\t\t\t\t\t\t\tformId: \"7ce32448-8881-4f07-b4aa-6b785da94fc4\",\n\t\t\t\t\t\t\t\ttarget: \"#hbspt-form-1776898687000-4149561762\",\n\t\t\t\t\t\t\t\tregion: \"na1\",\n\t\t\t\t\t\t\t\t\n\t\t\t\t\t\t})});\n\t\t\t\t\t<\/script>\n\t\t\t\t\t<div class=\"hbspt-form\" id=\"hbspt-form-1776898687000-4149561762\"><\/div><\/p>\n","protected":false},"author":5,"featured_media":19396,"parent":0,"menu_order":0,"comment_status":"closed","ping_status":"closed","template":"","meta":{"_et_pb_use_builder":"on","_et_pb_old_content":"","_et_gb_content_width":"","content-type":"","footnotes":""},"class_list":["post-17639","page","type-page","status-publish","has-post-thumbnail","hentry"],"yoast_head":"<!-- This site is optimized with the Yoast SEO plugin v25.7 - https:\/\/yoast.com\/wordpress\/plugins\/seo\/ -->\n<title>Descarga tu gu\u00eda para mejorar la retenci\u00f3n de usuarios en tu centro<\/title>\n<meta name=\"description\" content=\"En este ebook encontrar\u00e1s las claves fundamentales para plantear un plan de fidelizaci\u00f3n que te ayude a mejorar tu tasa de retenci\u00f3n.\" \/>\n<meta name=\"robots\" content=\"index, follow, max-snippet:-1, max-image-preview:large, max-video-preview:-1\" \/>\n<link rel=\"canonical\" href=\"https:\/\/resasports.com\/es\/guia-retencion-centro-deportivo\/\" \/>\n<meta property=\"og:locale\" content=\"es_ES\" \/>\n<meta property=\"og:type\" content=\"article\" \/>\n<meta property=\"og:title\" content=\"Descarga tu gu\u00eda para mejorar la retenci\u00f3n de usuarios en tu centro\" \/>\n<meta property=\"og:description\" content=\"En este ebook encontrar\u00e1s las claves fundamentales para plantear un plan de fidelizaci\u00f3n que te ayude a mejorar tu tasa de retenci\u00f3n.\" \/>\n<meta property=\"og:url\" content=\"https:\/\/resasports.com\/es\/guia-retencion-centro-deportivo\/\" \/>\n<meta property=\"og:site_name\" content=\"Resasports\" \/>\n<meta property=\"article:modified_time\" content=\"2024-08-19T07:27:22+00:00\" \/>\n<meta property=\"og:image\" content=\"https:\/\/resasports.com\/wp-content\/uploads\/2023\/02\/smartmockups_le8gh1n4.png\" \/>\n\t<meta property=\"og:image:width\" content=\"1006\" \/>\n\t<meta property=\"og:image:height\" content=\"785\" \/>\n\t<meta property=\"og:image:type\" content=\"image\/png\" \/>\n<meta name=\"twitter:card\" content=\"summary_large_image\" \/>\n<meta name=\"twitter:label1\" content=\"Tiempo de lectura\" \/>\n\t<meta name=\"twitter:data1\" content=\"2 minutos\" \/>\n<script type=\"application\/ld+json\" class=\"yoast-schema-graph\">{\"@context\":\"https:\/\/schema.org\",\"@graph\":[{\"@type\":\"WebPage\",\"@id\":\"https:\/\/resasports.com\/es\/guia-retencion-centro-deportivo\/\",\"url\":\"https:\/\/resasports.com\/es\/guia-retencion-centro-deportivo\/\",\"name\":\"Descarga tu gu\u00eda para mejorar la retenci\u00f3n de usuarios en tu centro\",\"isPartOf\":{\"@id\":\"https:\/\/resasports.com\/es\/#website\"},\"primaryImageOfPage\":{\"@id\":\"https:\/\/resasports.com\/es\/guia-retencion-centro-deportivo\/#primaryimage\"},\"image\":{\"@id\":\"https:\/\/resasports.com\/es\/guia-retencion-centro-deportivo\/#primaryimage\"},\"thumbnailUrl\":\"https:\/\/resasports.com\/wp-content\/uploads\/2023\/05\/smartmockups_li0c6cgk.png\",\"datePublished\":\"2023-02-17T12:33:27+00:00\",\"dateModified\":\"2024-08-19T07:27:22+00:00\",\"description\":\"En este ebook encontrar\u00e1s las claves fundamentales para plantear un plan de fidelizaci\u00f3n que te ayude a mejorar tu tasa de retenci\u00f3n.\",\"breadcrumb\":{\"@id\":\"https:\/\/resasports.com\/es\/guia-retencion-centro-deportivo\/#breadcrumb\"},\"inLanguage\":\"es\",\"potentialAction\":[{\"@type\":\"ReadAction\",\"target\":[\"https:\/\/resasports.com\/es\/guia-retencion-centro-deportivo\/\"]}]},{\"@type\":\"ImageObject\",\"inLanguage\":\"es\",\"@id\":\"https:\/\/resasports.com\/es\/guia-retencion-centro-deportivo\/#primaryimage\",\"url\":\"https:\/\/resasports.com\/wp-content\/uploads\/2023\/05\/smartmockups_li0c6cgk.png\",\"contentUrl\":\"https:\/\/resasports.com\/wp-content\/uploads\/2023\/05\/smartmockups_li0c6cgk.png\",\"width\":1006,\"height\":785,\"caption\":\"Retenci\u00f3n centro deportivo\"},{\"@type\":\"BreadcrumbList\",\"@id\":\"https:\/\/resasports.com\/es\/guia-retencion-centro-deportivo\/#breadcrumb\",\"itemListElement\":[{\"@type\":\"ListItem\",\"position\":1,\"name\":\"Portada\",\"item\":\"https:\/\/resasports.com\/es\/\"},{\"@type\":\"ListItem\",\"position\":2,\"name\":\"Descarga tu Gu\u00eda para mejorar la retenci\u00f3n de usuarios en tu centro deportivo\"}]},{\"@type\":\"WebSite\",\"@id\":\"https:\/\/resasports.com\/es\/#website\",\"url\":\"https:\/\/resasports.com\/es\/\",\"name\":\"Resasports\",\"description\":\"\",\"potentialAction\":[{\"@type\":\"SearchAction\",\"target\":{\"@type\":\"EntryPoint\",\"urlTemplate\":\"https:\/\/resasports.com\/es\/?s={search_term_string}\"},\"query-input\":{\"@type\":\"PropertyValueSpecification\",\"valueRequired\":true,\"valueName\":\"search_term_string\"}}],\"inLanguage\":\"es\"}]}<\/script>\n<!-- \/ Yoast SEO plugin. -->","yoast_head_json":{"title":"Descarga tu gu\u00eda para mejorar la retenci\u00f3n de usuarios en tu centro","description":"En este ebook encontrar\u00e1s las claves fundamentales para plantear un plan de fidelizaci\u00f3n que te ayude a mejorar tu tasa de retenci\u00f3n.","robots":{"index":"index","follow":"follow","max-snippet":"max-snippet:-1","max-image-preview":"max-image-preview:large","max-video-preview":"max-video-preview:-1"},"canonical":"https:\/\/resasports.com\/es\/guia-retencion-centro-deportivo\/","og_locale":"es_ES","og_type":"article","og_title":"Descarga tu gu\u00eda para mejorar la retenci\u00f3n de usuarios en tu centro","og_description":"En este ebook encontrar\u00e1s las claves fundamentales para plantear un plan de fidelizaci\u00f3n que te ayude a mejorar tu tasa de retenci\u00f3n.","og_url":"https:\/\/resasports.com\/es\/guia-retencion-centro-deportivo\/","og_site_name":"Resasports","article_modified_time":"2024-08-19T07:27:22+00:00","og_image":[{"width":1006,"height":785,"url":"https:\/\/resasports.com\/wp-content\/uploads\/2023\/02\/smartmockups_le8gh1n4.png","type":"image\/png"}],"twitter_card":"summary_large_image","twitter_misc":{"Tiempo de lectura":"2 minutos"},"schema":{"@context":"https:\/\/schema.org","@graph":[{"@type":"WebPage","@id":"https:\/\/resasports.com\/es\/guia-retencion-centro-deportivo\/","url":"https:\/\/resasports.com\/es\/guia-retencion-centro-deportivo\/","name":"Descarga tu gu\u00eda para mejorar la retenci\u00f3n de usuarios en tu centro","isPartOf":{"@id":"https:\/\/resasports.com\/es\/#website"},"primaryImageOfPage":{"@id":"https:\/\/resasports.com\/es\/guia-retencion-centro-deportivo\/#primaryimage"},"image":{"@id":"https:\/\/resasports.com\/es\/guia-retencion-centro-deportivo\/#primaryimage"},"thumbnailUrl":"https:\/\/resasports.com\/wp-content\/uploads\/2023\/05\/smartmockups_li0c6cgk.png","datePublished":"2023-02-17T12:33:27+00:00","dateModified":"2024-08-19T07:27:22+00:00","description":"En este ebook encontrar\u00e1s las claves fundamentales para plantear un plan de fidelizaci\u00f3n que te ayude a mejorar tu tasa de retenci\u00f3n.","breadcrumb":{"@id":"https:\/\/resasports.com\/es\/guia-retencion-centro-deportivo\/#breadcrumb"},"inLanguage":"es","potentialAction":[{"@type":"ReadAction","target":["https:\/\/resasports.com\/es\/guia-retencion-centro-deportivo\/"]}]},{"@type":"ImageObject","inLanguage":"es","@id":"https:\/\/resasports.com\/es\/guia-retencion-centro-deportivo\/#primaryimage","url":"https:\/\/resasports.com\/wp-content\/uploads\/2023\/05\/smartmockups_li0c6cgk.png","contentUrl":"https:\/\/resasports.com\/wp-content\/uploads\/2023\/05\/smartmockups_li0c6cgk.png","width":1006,"height":785,"caption":"Retenci\u00f3n centro deportivo"},{"@type":"BreadcrumbList","@id":"https:\/\/resasports.com\/es\/guia-retencion-centro-deportivo\/#breadcrumb","itemListElement":[{"@type":"ListItem","position":1,"name":"Portada","item":"https:\/\/resasports.com\/es\/"},{"@type":"ListItem","position":2,"name":"Descarga tu Gu\u00eda para mejorar la retenci\u00f3n de usuarios en tu centro deportivo"}]},{"@type":"WebSite","@id":"https:\/\/resasports.com\/es\/#website","url":"https:\/\/resasports.com\/es\/","name":"Resasports","description":"","potentialAction":[{"@type":"SearchAction","target":{"@type":"EntryPoint","urlTemplate":"https:\/\/resasports.com\/es\/?s={search_term_string}"},"query-input":{"@type":"PropertyValueSpecification","valueRequired":true,"valueName":"search_term_string"}}],"inLanguage":"es"}]}},"_links":{"self":[{"href":"https:\/\/resasports.com\/es\/wp-json\/wp\/v2\/pages\/17639","targetHints":{"allow":["GET"]}}],"collection":[{"href":"https:\/\/resasports.com\/es\/wp-json\/wp\/v2\/pages"}],"about":[{"href":"https:\/\/resasports.com\/es\/wp-json\/wp\/v2\/types\/page"}],"author":[{"embeddable":true,"href":"https:\/\/resasports.com\/es\/wp-json\/wp\/v2\/users\/5"}],"replies":[{"embeddable":true,"href":"https:\/\/resasports.com\/es\/wp-json\/wp\/v2\/comments?post=17639"}],"version-history":[{"count":18,"href":"https:\/\/resasports.com\/es\/wp-json\/wp\/v2\/pages\/17639\/revisions"}],"predecessor-version":[{"id":25265,"href":"https:\/\/resasports.com\/es\/wp-json\/wp\/v2\/pages\/17639\/revisions\/25265"}],"wp:featuredmedia":[{"embeddable":true,"href":"https:\/\/resasports.com\/es\/wp-json\/wp\/v2\/media\/19396"}],"wp:attachment":[{"href":"https:\/\/resasports.com\/es\/wp-json\/wp\/v2\/media?parent=17639"}],"curies":[{"name":"wp","href":"https:\/\/api.w.org\/{rel}","templated":true}]}}