{"id":14329,"date":"2023-01-17T11:49:30","date_gmt":"2023-01-17T11:49:30","guid":{"rendered":"https:\/\/resasports.com\/?page_id=14329"},"modified":"2023-08-08T09:39:48","modified_gmt":"2023-08-08T09:39:48","slug":"partner-singular-wod","status":"publish","type":"page","link":"https:\/\/resasports.com\/es\/partner-singular-wod\/","title":{"rendered":"Singular Wod"},"content":{"rendered":"<p>[et_pb_section fb_built=\u00bb1&#8243; _builder_version=\u00bb4.17.4&#8243; _module_preset=\u00bbdefault\u00bb custom_padding=\u00bb0px||||false|false\u00bb locked=\u00bboff\u00bb global_colors_info=\u00bb{}\u00bb][et_pb_row _builder_version=\u00bb4.17.4&#8243; _module_preset=\u00bbdefault\u00bb border_width_bottom=\u00bb1px\u00bb border_color_bottom=\u00bbrgba(9,133,88,0.25)\u00bb global_colors_info=\u00bb{}\u00bb][et_pb_column type=\u00bb4_4&#8243; _builder_version=\u00bb4.17.4&#8243; _module_preset=\u00bbdefault\u00bb global_colors_info=\u00bb{}\u00bb][et_pb_image src=\u00bbhttps:\/\/resasports.com\/wp-content\/uploads\/2023\/01\/singular-wod-1.png\u00bb title_text=\u00bbsingular-wod\u00bb align=\u00bbright\u00bb _builder_version=\u00bb4.17.4&#8243; _module_preset=\u00bbdefault\u00bb max_width=\u00bb25%\u00bb global_colors_info=\u00bb{}\u00bb][\/et_pb_image][\/et_pb_column][\/et_pb_row][et_pb_row _builder_version=\u00bb4.17.4&#8243; _module_preset=\u00bbdefault\u00bb global_colors_info=\u00bb{}\u00bb][et_pb_column type=\u00bb4_4&#8243; _builder_version=\u00bb4.17.4&#8243; _module_preset=\u00bbdefault\u00bb global_colors_info=\u00bb{}\u00bb][et_pb_text _builder_version=\u00bb4.21.0&#8243; _module_preset=\u00bbdefault\u00bb header_2_font=\u00bbRaleway|800|||||||\u00bb header_2_text_color=\u00bb#098558&#8243; header_2_font_size=\u00bb40px\u00bb background_enable_color=\u00bboff\u00bb custom_padding=\u00bb||||true|false\u00bb hover_enabled=\u00bb0&#8243; locked=\u00bboff\u00bb global_colors_info=\u00bb{}\u00bb sticky_enabled=\u00bb0&#8243;]<\/p>\n<h1 style=\"text-align: left\">Entrena con el mejor material de la mano de Singular Wod y Resasports.<\/h1>\n<p>[\/et_pb_text][et_pb_image src=\u00bbhttps:\/\/resasports.com\/wp-content\/uploads\/2023\/01\/02.png\u00bb title_text=\u00bb02&#8243; align=\u00bbcenter\u00bb _builder_version=\u00bb4.17.4&#8243; _module_preset=\u00bbdefault\u00bb custom_padding=\u00bb||||false|true\u00bb global_colors_info=\u00bb{}\u00bb][\/et_pb_image][\/et_pb_column][\/et_pb_row][et_pb_row _builder_version=\u00bb4.17.4&#8243; _module_preset=\u00bbdefault\u00bb global_colors_info=\u00bb{}\u00bb][et_pb_column type=\u00bb4_4&#8243; _builder_version=\u00bb4.17.4&#8243; _module_preset=\u00bbdefault\u00bb global_colors_info=\u00bb{}\u00bb][et_pb_text _builder_version=\u00bb4.17.4&#8243; _module_preset=\u00bbdefault\u00bb text_font=\u00bbRaleway||||||||\u00bb text_text_color=\u00bb#098558&#8243; text_font_size=\u00bb16px\u00bb global_colors_info=\u00bb{}\u00bb]<\/p>\n<p>Nos unimos a Singular WOD para ofrecerte el mejor material deportivo para tus entrenamientos.<\/p>\n<p>Gracias a nuestro Benefits Program, conseguir\u00e1s material de Singular WOD a un precio inigualable:<\/p>\n<ul class=\"p-rich_text_list p-rich_text_list__bullet\" data-stringify-type=\"unordered-list\" data-indent=\"0\" data-border=\"0\">\n<li data-stringify-indent=\"0\" data-stringify-border=\"0\">Racks<\/li>\n<li data-stringify-indent=\"0\" data-stringify-border=\"0\">Discos y kettlebells<\/li>\n<li data-stringify-indent=\"0\" data-stringify-border=\"0\">Chalecos lastrados<\/li>\n<li data-stringify-indent=\"0\" data-stringify-border=\"0\">Barras ol\u00edmpicas<\/li>\n<li data-stringify-indent=\"0\" data-stringify-border=\"0\">Y material exclusivo para Resasports<\/li>\n<\/ul>\n<p>Adem\u00e1s, si vas a abrir un nuevo box, tenemos una oferta que no podr\u00e1s rechazar. Convi\u00e9rtete en un gym <strong>\u00abPowered by Singular WOD\u00bb<\/strong> de la mano de Resasports.<\/p>\n<p>[\/et_pb_text][\/et_pb_column][\/et_pb_row][\/et_pb_section][et_pb_section fb_built=\u00bb1&#8243; _builder_version=\u00bb4.17.4&#8243; _module_preset=\u00bbdefault\u00bb background_enable_color=\u00bboff\u00bb locked=\u00bboff\u00bb global_colors_info=\u00bb{}\u00bb][et_pb_row column_structure=\u00bb1_2,1_2&#8243; _builder_version=\u00bb4.17.2&#8243; _module_preset=\u00bbdefault\u00bb global_colors_info=\u00bb{}\u00bb][et_pb_column type=\u00bb1_2&#8243; _builder_version=\u00bb4.17.2&#8243; _module_preset=\u00bbdefault\u00bb global_colors_info=\u00bb{}\u00bb][et_pb_image src=\u00bbhttps:\/\/resasports.com\/wp-content\/uploads\/2021\/11\/form-phone-RS-07.png\u00bb title_text=\u00bbform-phone-RS-07&#8243; align=\u00bbcenter\u00bb _builder_version=\u00bb4.17.4&#8243; _module_preset=\u00bbdefault\u00bb max_width=\u00bb70%\u00bb global_colors_info=\u00bb{}\u00bb][\/et_pb_image][\/et_pb_column][et_pb_column type=\u00bb1_2&#8243; _builder_version=\u00bb4.17.2&#8243; _module_preset=\u00bbdefault\u00bb global_colors_info=\u00bb{}\u00bb][et_pb_text content_tablet=\u00bb<\/p>\n<h2>Sus testimonios son de punto, juego y partido<\/h2>\n<p>\u00bb content_phone=\u00bb\u00bb content_last_edited=\u00bbon|tablet\u00bb _builder_version=\u00bb4.17.4&#8243; _module_preset=\u00bbdefault\u00bb text_font=\u00bbRaleway||||||||\u00bb header_2_font=\u00bbRaleway|900|||||||\u00bb header_2_text_color=\u00bb#122c34&#8243; header_2_font_size=\u00bb24px\u00bb custom_padding=\u00bb35px||||false|false\u00bb animation_direction=\u00bbbottom\u00bb locked=\u00bboff\u00bb global_colors_info=\u00bb{}\u00bb]<\/p>\n<h2 style=\"text-align: left\">\u00bfQuieres saber m\u00e1s sobre nuestro Benefits Program?<\/h2>\n<p>Rellena el formulario, y te contactaremos con toda la informaci\u00f3n sobre c\u00f3mo puedes beneficiarte de esta colaboraci\u00f3n dentro del Benefits Program s\u00f3lo por formar parte del Team Resasports.<\/p>\n<p>[\/et_pb_text][et_pb_text _builder_version=\u00bb4.17.2&#8243; _module_preset=\u00bbdefault\u00bb custom_padding=\u00bb|10%||10%|false|true\u00bb global_colors_info=\u00bb{}\u00bb]<\/p>\n\n\t\t\t\t\t<script>\n\t\t\t\t\t\twindow.hsFormsOnReady = window.hsFormsOnReady || [];\n\t\t\t\t\t\twindow.hsFormsOnReady.push(()=>{\n\t\t\t\t\t\t\thbspt.forms.create({\n\t\t\t\t\t\t\t\tportalId: 6234568,\n\t\t\t\t\t\t\t\tformId: \"a8930460-ff1a-4ef1-93b6-eb2590bc4ac5\",\n\t\t\t\t\t\t\t\ttarget: \"#hbspt-form-1776225639000-2995169927\",\n\t\t\t\t\t\t\t\tregion: \"na1\",\n\t\t\t\t\t\t\t\t\n\t\t\t\t\t\t})});\n\t\t\t\t\t<\/script>\n\t\t\t\t\t<div class=\"hbspt-form\" id=\"hbspt-form-1776225639000-2995169927\"><\/div>\n<p>[\/et_pb_text][\/et_pb_column][\/et_pb_row][\/et_pb_section]<\/p>\n","protected":false},"excerpt":{"rendered":"<p>Entrena con el mejor material de la mano de Singular Wod y Resasports.Nos unimos a Singular WOD para ofrecerte el mejor material deportivo para tus entrenamientos. Gracias a nuestro Benefits Program, conseguir\u00e1s material de Singular WOD a un precio inigualable: Racks Discos y kettlebells Chalecos lastrados Barras ol\u00edmpicas Y material exclusivo para Resasports Adem\u00e1s, si [&hellip;]<\/p>\n","protected":false},"author":3,"featured_media":0,"parent":0,"menu_order":0,"comment_status":"closed","ping_status":"closed","template":"","meta":{"_et_pb_use_builder":"on","_et_pb_old_content":"","_et_gb_content_width":"","content-type":"","footnotes":""},"class_list":["post-14329","page","type-page","status-publish","hentry"],"yoast_head":"<!-- This site is optimized with the Yoast SEO plugin v25.7 - https:\/\/yoast.com\/wordpress\/plugins\/seo\/ -->\n<title>Entrena con el mejor material de Singular Wod con Resasports.<\/title>\n<meta name=\"description\" content=\"Resasports se une a Singular WOD para ofrecerte el mejor equipamiento deportivo para tus entrenamientos\" \/>\n<meta name=\"robots\" content=\"index, follow, max-snippet:-1, max-image-preview:large, max-video-preview:-1\" \/>\n<link rel=\"canonical\" href=\"https:\/\/resasports.com\/es\/partner-singular-wod\/\" \/>\n<meta property=\"og:locale\" content=\"es_ES\" \/>\n<meta property=\"og:type\" content=\"article\" \/>\n<meta property=\"og:title\" content=\"Entrena con el mejor material de Singular Wod con Resasports.\" \/>\n<meta property=\"og:description\" content=\"Resasports se une a Singular WOD para ofrecerte el mejor equipamiento deportivo para tus entrenamientos\" \/>\n<meta property=\"og:url\" content=\"https:\/\/resasports.com\/es\/partner-singular-wod\/\" \/>\n<meta property=\"og:site_name\" content=\"Resasports\" \/>\n<meta property=\"article:modified_time\" content=\"2023-08-08T09:39:48+00:00\" \/>\n<meta name=\"twitter:card\" content=\"summary_large_image\" \/>\n<meta name=\"twitter:label1\" content=\"Tiempo de lectura\" \/>\n\t<meta name=\"twitter:data1\" content=\"2 minutos\" \/>\n<script type=\"application\/ld+json\" class=\"yoast-schema-graph\">{\"@context\":\"https:\/\/schema.org\",\"@graph\":[{\"@type\":\"WebPage\",\"@id\":\"https:\/\/resasports.com\/es\/partner-singular-wod\/\",\"url\":\"https:\/\/resasports.com\/es\/partner-singular-wod\/\",\"name\":\"Entrena con el mejor material de Singular Wod con Resasports.\",\"isPartOf\":{\"@id\":\"https:\/\/resasports.com\/es\/#website\"},\"datePublished\":\"2023-01-17T11:49:30+00:00\",\"dateModified\":\"2023-08-08T09:39:48+00:00\",\"description\":\"Resasports se une a Singular WOD para ofrecerte el mejor equipamiento deportivo para tus entrenamientos\",\"breadcrumb\":{\"@id\":\"https:\/\/resasports.com\/es\/partner-singular-wod\/#breadcrumb\"},\"inLanguage\":\"es\",\"potentialAction\":[{\"@type\":\"ReadAction\",\"target\":[\"https:\/\/resasports.com\/es\/partner-singular-wod\/\"]}]},{\"@type\":\"BreadcrumbList\",\"@id\":\"https:\/\/resasports.com\/es\/partner-singular-wod\/#breadcrumb\",\"itemListElement\":[{\"@type\":\"ListItem\",\"position\":1,\"name\":\"Portada\",\"item\":\"https:\/\/resasports.com\/es\/\"},{\"@type\":\"ListItem\",\"position\":2,\"name\":\"Singular Wod\"}]},{\"@type\":\"WebSite\",\"@id\":\"https:\/\/resasports.com\/es\/#website\",\"url\":\"https:\/\/resasports.com\/es\/\",\"name\":\"Resasports\",\"description\":\"\",\"potentialAction\":[{\"@type\":\"SearchAction\",\"target\":{\"@type\":\"EntryPoint\",\"urlTemplate\":\"https:\/\/resasports.com\/es\/?s={search_term_string}\"},\"query-input\":{\"@type\":\"PropertyValueSpecification\",\"valueRequired\":true,\"valueName\":\"search_term_string\"}}],\"inLanguage\":\"es\"}]}<\/script>\n<!-- \/ Yoast SEO plugin. -->","yoast_head_json":{"title":"Entrena con el mejor material de Singular Wod con Resasports.","description":"Resasports se une a Singular WOD para ofrecerte el mejor equipamiento deportivo para tus entrenamientos","robots":{"index":"index","follow":"follow","max-snippet":"max-snippet:-1","max-image-preview":"max-image-preview:large","max-video-preview":"max-video-preview:-1"},"canonical":"https:\/\/resasports.com\/es\/partner-singular-wod\/","og_locale":"es_ES","og_type":"article","og_title":"Entrena con el mejor material de Singular Wod con Resasports.","og_description":"Resasports se une a Singular WOD para ofrecerte el mejor equipamiento deportivo para tus entrenamientos","og_url":"https:\/\/resasports.com\/es\/partner-singular-wod\/","og_site_name":"Resasports","article_modified_time":"2023-08-08T09:39:48+00:00","twitter_card":"summary_large_image","twitter_misc":{"Tiempo de lectura":"2 minutos"},"schema":{"@context":"https:\/\/schema.org","@graph":[{"@type":"WebPage","@id":"https:\/\/resasports.com\/es\/partner-singular-wod\/","url":"https:\/\/resasports.com\/es\/partner-singular-wod\/","name":"Entrena con el mejor material de Singular Wod con Resasports.","isPartOf":{"@id":"https:\/\/resasports.com\/es\/#website"},"datePublished":"2023-01-17T11:49:30+00:00","dateModified":"2023-08-08T09:39:48+00:00","description":"Resasports se une a Singular WOD para ofrecerte el mejor equipamiento deportivo para tus entrenamientos","breadcrumb":{"@id":"https:\/\/resasports.com\/es\/partner-singular-wod\/#breadcrumb"},"inLanguage":"es","potentialAction":[{"@type":"ReadAction","target":["https:\/\/resasports.com\/es\/partner-singular-wod\/"]}]},{"@type":"BreadcrumbList","@id":"https:\/\/resasports.com\/es\/partner-singular-wod\/#breadcrumb","itemListElement":[{"@type":"ListItem","position":1,"name":"Portada","item":"https:\/\/resasports.com\/es\/"},{"@type":"ListItem","position":2,"name":"Singular Wod"}]},{"@type":"WebSite","@id":"https:\/\/resasports.com\/es\/#website","url":"https:\/\/resasports.com\/es\/","name":"Resasports","description":"","potentialAction":[{"@type":"SearchAction","target":{"@type":"EntryPoint","urlTemplate":"https:\/\/resasports.com\/es\/?s={search_term_string}"},"query-input":{"@type":"PropertyValueSpecification","valueRequired":true,"valueName":"search_term_string"}}],"inLanguage":"es"}]}},"_links":{"self":[{"href":"https:\/\/resasports.com\/es\/wp-json\/wp\/v2\/pages\/14329","targetHints":{"allow":["GET"]}}],"collection":[{"href":"https:\/\/resasports.com\/es\/wp-json\/wp\/v2\/pages"}],"about":[{"href":"https:\/\/resasports.com\/es\/wp-json\/wp\/v2\/types\/page"}],"author":[{"embeddable":true,"href":"https:\/\/resasports.com\/es\/wp-json\/wp\/v2\/users\/3"}],"replies":[{"embeddable":true,"href":"https:\/\/resasports.com\/es\/wp-json\/wp\/v2\/comments?post=14329"}],"version-history":[{"count":22,"href":"https:\/\/resasports.com\/es\/wp-json\/wp\/v2\/pages\/14329\/revisions"}],"predecessor-version":[{"id":20280,"href":"https:\/\/resasports.com\/es\/wp-json\/wp\/v2\/pages\/14329\/revisions\/20280"}],"wp:attachment":[{"href":"https:\/\/resasports.com\/es\/wp-json\/wp\/v2\/media?parent=14329"}],"curies":[{"name":"wp","href":"https:\/\/api.w.org\/{rel}","templated":true}]}}