{"id":14245,"date":"2023-01-17T11:46:52","date_gmt":"2023-01-17T11:46:52","guid":{"rendered":"https:\/\/resasports.com\/?page_id=14245"},"modified":"2023-08-08T10:04:18","modified_gmt":"2023-08-08T10:04:18","slug":"partner-fitness-kpi","status":"publish","type":"page","link":"https:\/\/resasports.com\/es\/partner-fitness-kpi\/","title":{"rendered":"Fitness KPI"},"content":{"rendered":"<p>[et_pb_section fb_built=\u00bb1&#8243; _builder_version=\u00bb4.17.4&#8243; _module_preset=\u00bbdefault\u00bb custom_padding=\u00bb0px||||false|false\u00bb global_colors_info=\u00bb{}\u00bb][et_pb_row _builder_version=\u00bb4.17.4&#8243; _module_preset=\u00bbdefault\u00bb border_width_bottom=\u00bb1px\u00bb border_color_bottom=\u00bbrgba(9,133,88,0.25)\u00bb global_colors_info=\u00bb{}\u00bb][et_pb_column type=\u00bb4_4&#8243; _builder_version=\u00bb4.17.4&#8243; _module_preset=\u00bbdefault\u00bb global_colors_info=\u00bb{}\u00bb][et_pb_image src=\u00bbhttps:\/\/resasports.com\/wp-content\/uploads\/2023\/01\/FitnessKPI02.png\u00bb title_text=\u00bbFitnessKPI02&#8243; align=\u00bbright\u00bb _builder_version=\u00bb4.17.4&#8243; _module_preset=\u00bbdefault\u00bb max_width=\u00bb25%\u00bb global_colors_info=\u00bb{}\u00bb][\/et_pb_image][\/et_pb_column][\/et_pb_row][et_pb_row _builder_version=\u00bb4.17.4&#8243; _module_preset=\u00bbdefault\u00bb global_colors_info=\u00bb{}\u00bb][et_pb_column type=\u00bb4_4&#8243; _builder_version=\u00bb4.17.4&#8243; _module_preset=\u00bbdefault\u00bb global_colors_info=\u00bb{}\u00bb][et_pb_text _builder_version=\u00bb4.17.4&#8243; _module_preset=\u00bbdefault\u00bb header_2_font=\u00bbRaleway|800|||||||\u00bb header_2_text_color=\u00bb#098558&#8243; header_2_font_size=\u00bb40px\u00bb background_enable_color=\u00bboff\u00bb custom_padding=\u00bb||||true|false\u00bb locked=\u00bboff\u00bb global_colors_info=\u00bb{}\u00bb]<\/p>\n<h2 style=\"text-align: left\"><strong>El control de tu centro deportivo con Fitness KPI y resasports<\/strong><\/h2>\n<p>[\/et_pb_text][et_pb_image src=\u00bbhttps:\/\/resasports.com\/wp-content\/uploads\/2023\/01\/01-1.png\u00bb title_text=\u00bb01&#8243; align=\u00bbcenter\u00bb _builder_version=\u00bb4.17.4&#8243; _module_preset=\u00bbdefault\u00bb custom_padding=\u00bb||||false|true\u00bb global_colors_info=\u00bb{}\u00bb][\/et_pb_image][\/et_pb_column][\/et_pb_row][et_pb_row _builder_version=\u00bb4.17.4&#8243; _module_preset=\u00bbdefault\u00bb global_colors_info=\u00bb{}\u00bb][et_pb_column type=\u00bb4_4&#8243; _builder_version=\u00bb4.17.4&#8243; _module_preset=\u00bbdefault\u00bb global_colors_info=\u00bb{}\u00bb][et_pb_text _builder_version=\u00bb4.17.4&#8243; _module_preset=\u00bbdefault\u00bb text_font=\u00bbRaleway||||||||\u00bb text_text_color=\u00bb#098558&#8243; text_font_size=\u00bb16px\u00bb hover_enabled=\u00bb0&#8243; global_colors_info=\u00bb{}\u00bb sticky_enabled=\u00bb0&#8243;]<\/p>\n<p>El Business Intelligence especializado en centros deportivos, con inteligencia artificial.<\/p>\n<p data-pm-slice=\"1 1 []\">La fuerza del software de gesti\u00f3n de centros deportivos Resasports y el poder del business intelligence de Fitness KPI, unidos para ofrecerte la herramienta de gesti\u00f3n, an\u00e1lisis y predicci\u00f3n de resultados m\u00e1s potente del mercado.<\/p>\n<p>Obt\u00e9n anal\u00edticas y estad\u00edsticas detalladas de:<\/p>\n<ul>\n<li style=\"list-style-type: none\">\n<ul>\n<li>Perfil de socios<\/li>\n<li>Captaci\u00f3n y fidelizaci\u00f3n<\/li>\n<li>Utilizaci\u00f3n y captaci\u00f3n<\/li>\n<li>Econ\u00f3mico y financiero<\/li>\n<li>Geolocaclizaci\u00f3n<\/li>\n<li>Clima laboral y satisfacci\u00f3n de socios (NPS)<\/li>\n<\/ul>\n<\/li>\n<\/ul>\n<p>La IA de FitnessKPI analiza miles de datos por segundo para ti:<\/p>\n<ul>\n<li style=\"list-style-type: none\">\n<ul>\n<li>Vigilancia 24\/7. Asistente virtual que vigila tu negocio comunic\u00e1ndote que est\u00e1 pasando.<\/li>\n<li>Sistema que te permite conocer los datos en socios, altas, bajas e ingresos.<\/li>\n<li>Consultor\u00eda virtual. An\u00e1lisis de datos y propuesta de acciones de mejora.<\/li>\n<li>Algoritmo que predice el nombre de las personas que se dar\u00e1n de baja en los pr\u00f3ximos 3 meses.<\/li>\n<\/ul>\n<\/li>\n<\/ul>\n<p>La gesti\u00f3n de tu centro deportivo, m\u00e1s f\u00e1cil que nunca con Resasports y Fitness KPI.<\/p>\n<p>[\/et_pb_text][\/et_pb_column][\/et_pb_row][\/et_pb_section][et_pb_section fb_built=\u00bb1&#8243; _builder_version=\u00bb4.17.4&#8243; _module_preset=\u00bbdefault\u00bb background_enable_color=\u00bboff\u00bb locked=\u00bboff\u00bb global_colors_info=\u00bb{}\u00bb][et_pb_row column_structure=\u00bb1_2,1_2&#8243; _builder_version=\u00bb4.17.2&#8243; _module_preset=\u00bbdefault\u00bb global_colors_info=\u00bb{}\u00bb][et_pb_column type=\u00bb1_2&#8243; _builder_version=\u00bb4.17.2&#8243; _module_preset=\u00bbdefault\u00bb global_colors_info=\u00bb{}\u00bb][et_pb_image src=\u00bbhttps:\/\/resasports.com\/wp-content\/uploads\/2021\/11\/form-phone-RS-07.png\u00bb title_text=\u00bbform-phone-RS-07&#8243; align=\u00bbcenter\u00bb _builder_version=\u00bb4.17.4&#8243; _module_preset=\u00bbdefault\u00bb max_width=\u00bb70%\u00bb global_colors_info=\u00bb{}\u00bb][\/et_pb_image][\/et_pb_column][et_pb_column type=\u00bb1_2&#8243; _builder_version=\u00bb4.17.2&#8243; _module_preset=\u00bbdefault\u00bb global_colors_info=\u00bb{}\u00bb][et_pb_text content_tablet=\u00bb<\/p>\n<h2>Sus testimonios son de punto, juego y partido<\/h2>\n<p>\u00bb content_phone=\u00bb\u00bb content_last_edited=\u00bbon|tablet\u00bb _builder_version=\u00bb4.17.4&#8243; _module_preset=\u00bbdefault\u00bb text_font=\u00bbRaleway||||||||\u00bb header_2_font=\u00bbRaleway|900|||||||\u00bb header_2_text_color=\u00bb#122c34&#8243; header_2_font_size=\u00bb24px\u00bb custom_padding=\u00bb35px||||false|false\u00bb animation_direction=\u00bbbottom\u00bb locked=\u00bboff\u00bb global_colors_info=\u00bb{}\u00bb]<\/p>\n<h2 style=\"text-align: left\">\u00bfQuieres saber m\u00e1s sobre nuestro Benefits Program?<\/h2>\n<p>Rellena el formulario, y te contactaremos con toda la informaci\u00f3n sobre c\u00f3mo puedes beneficiarte de esta colaboraci\u00f3n dentro del Benefits Program s\u00f3lo por formar parte del Team Resasports.<\/p>\n<p>[\/et_pb_text][et_pb_text _builder_version=\u00bb4.17.2&#8243; _module_preset=\u00bbdefault\u00bb custom_padding=\u00bb|10%||10%|false|true\u00bb global_colors_info=\u00bb{}\u00bb]<\/p>\n\n\t\t\t\t\t<script>\n\t\t\t\t\t\twindow.hsFormsOnReady = window.hsFormsOnReady || [];\n\t\t\t\t\t\twindow.hsFormsOnReady.push(()=>{\n\t\t\t\t\t\t\thbspt.forms.create({\n\t\t\t\t\t\t\t\tportalId: 6234568,\n\t\t\t\t\t\t\t\tformId: \"a8930460-ff1a-4ef1-93b6-eb2590bc4ac5\",\n\t\t\t\t\t\t\t\ttarget: \"#hbspt-form-1775743368000-7982270671\",\n\t\t\t\t\t\t\t\tregion: \"na1\",\n\t\t\t\t\t\t\t\t\n\t\t\t\t\t\t})});\n\t\t\t\t\t<\/script>\n\t\t\t\t\t<div class=\"hbspt-form\" id=\"hbspt-form-1775743368000-7982270671\"><\/div>\n<p>[\/et_pb_text][\/et_pb_column][\/et_pb_row][\/et_pb_section]<\/p>\n","protected":false},"excerpt":{"rendered":"<p>El control de tu centro deportivo con Fitness KPI y resasportsEl Business Intelligence especializado en centros deportivos, con inteligencia artificial. La fuerza del software de gesti\u00f3n de centros deportivos Resasports y el poder del business intelligence de Fitness KPI, unidos para ofrecerte la herramienta de gesti\u00f3n, an\u00e1lisis y predicci\u00f3n de resultados m\u00e1s potente del mercado. [&hellip;]<\/p>\n","protected":false},"author":3,"featured_media":0,"parent":0,"menu_order":0,"comment_status":"closed","ping_status":"closed","template":"","meta":{"_et_pb_use_builder":"on","_et_pb_old_content":"","_et_gb_content_width":"","content-type":"","footnotes":""},"class_list":["post-14245","page","type-page","status-publish","hentry"],"yoast_head":"<!-- This site is optimized with the Yoast SEO plugin v25.7 - https:\/\/yoast.com\/wordpress\/plugins\/seo\/ -->\n<title>El control de tu centro deportivo con Fitness KPI y Resasports<\/title>\n<meta name=\"description\" content=\"La fuerza del software de gesti\u00f3n de centros deportivos Resasports y el poder del business intelligence de Fitness KPI.\" \/>\n<meta name=\"robots\" content=\"index, follow, max-snippet:-1, max-image-preview:large, max-video-preview:-1\" \/>\n<link rel=\"canonical\" href=\"https:\/\/resasports.com\/es\/partner-fitness-kpi\/\" \/>\n<meta property=\"og:locale\" content=\"es_ES\" \/>\n<meta property=\"og:type\" content=\"article\" \/>\n<meta property=\"og:title\" content=\"El control de tu centro deportivo con Fitness KPI y Resasports\" \/>\n<meta property=\"og:description\" content=\"La fuerza del software de gesti\u00f3n de centros deportivos Resasports y el poder del business intelligence de Fitness KPI.\" \/>\n<meta property=\"og:url\" content=\"https:\/\/resasports.com\/es\/partner-fitness-kpi\/\" \/>\n<meta property=\"og:site_name\" content=\"Resasports\" \/>\n<meta property=\"article:modified_time\" content=\"2023-08-08T10:04:18+00:00\" \/>\n<meta name=\"twitter:card\" content=\"summary_large_image\" \/>\n<meta name=\"twitter:label1\" content=\"Tiempo de lectura\" \/>\n\t<meta name=\"twitter:data1\" content=\"2 minutos\" \/>\n<script type=\"application\/ld+json\" class=\"yoast-schema-graph\">{\"@context\":\"https:\/\/schema.org\",\"@graph\":[{\"@type\":\"WebPage\",\"@id\":\"https:\/\/resasports.com\/es\/partner-fitness-kpi\/\",\"url\":\"https:\/\/resasports.com\/es\/partner-fitness-kpi\/\",\"name\":\"El control de tu centro deportivo con Fitness KPI y Resasports\",\"isPartOf\":{\"@id\":\"https:\/\/resasports.com\/es\/#website\"},\"datePublished\":\"2023-01-17T11:46:52+00:00\",\"dateModified\":\"2023-08-08T10:04:18+00:00\",\"description\":\"La fuerza del software de gesti\u00f3n de centros deportivos Resasports y el poder del business intelligence de Fitness KPI.\",\"breadcrumb\":{\"@id\":\"https:\/\/resasports.com\/es\/partner-fitness-kpi\/#breadcrumb\"},\"inLanguage\":\"es\",\"potentialAction\":[{\"@type\":\"ReadAction\",\"target\":[\"https:\/\/resasports.com\/es\/partner-fitness-kpi\/\"]}]},{\"@type\":\"BreadcrumbList\",\"@id\":\"https:\/\/resasports.com\/es\/partner-fitness-kpi\/#breadcrumb\",\"itemListElement\":[{\"@type\":\"ListItem\",\"position\":1,\"name\":\"Portada\",\"item\":\"https:\/\/resasports.com\/es\/\"},{\"@type\":\"ListItem\",\"position\":2,\"name\":\"Fitness KPI\"}]},{\"@type\":\"WebSite\",\"@id\":\"https:\/\/resasports.com\/es\/#website\",\"url\":\"https:\/\/resasports.com\/es\/\",\"name\":\"Resasports\",\"description\":\"\",\"potentialAction\":[{\"@type\":\"SearchAction\",\"target\":{\"@type\":\"EntryPoint\",\"urlTemplate\":\"https:\/\/resasports.com\/es\/?s={search_term_string}\"},\"query-input\":{\"@type\":\"PropertyValueSpecification\",\"valueRequired\":true,\"valueName\":\"search_term_string\"}}],\"inLanguage\":\"es\"}]}<\/script>\n<!-- \/ Yoast SEO plugin. -->","yoast_head_json":{"title":"El control de tu centro deportivo con Fitness KPI y Resasports","description":"La fuerza del software de gesti\u00f3n de centros deportivos Resasports y el poder del business intelligence de Fitness KPI.","robots":{"index":"index","follow":"follow","max-snippet":"max-snippet:-1","max-image-preview":"max-image-preview:large","max-video-preview":"max-video-preview:-1"},"canonical":"https:\/\/resasports.com\/es\/partner-fitness-kpi\/","og_locale":"es_ES","og_type":"article","og_title":"El control de tu centro deportivo con Fitness KPI y Resasports","og_description":"La fuerza del software de gesti\u00f3n de centros deportivos Resasports y el poder del business intelligence de Fitness KPI.","og_url":"https:\/\/resasports.com\/es\/partner-fitness-kpi\/","og_site_name":"Resasports","article_modified_time":"2023-08-08T10:04:18+00:00","twitter_card":"summary_large_image","twitter_misc":{"Tiempo de lectura":"2 minutos"},"schema":{"@context":"https:\/\/schema.org","@graph":[{"@type":"WebPage","@id":"https:\/\/resasports.com\/es\/partner-fitness-kpi\/","url":"https:\/\/resasports.com\/es\/partner-fitness-kpi\/","name":"El control de tu centro deportivo con Fitness KPI y Resasports","isPartOf":{"@id":"https:\/\/resasports.com\/es\/#website"},"datePublished":"2023-01-17T11:46:52+00:00","dateModified":"2023-08-08T10:04:18+00:00","description":"La fuerza del software de gesti\u00f3n de centros deportivos Resasports y el poder del business intelligence de Fitness KPI.","breadcrumb":{"@id":"https:\/\/resasports.com\/es\/partner-fitness-kpi\/#breadcrumb"},"inLanguage":"es","potentialAction":[{"@type":"ReadAction","target":["https:\/\/resasports.com\/es\/partner-fitness-kpi\/"]}]},{"@type":"BreadcrumbList","@id":"https:\/\/resasports.com\/es\/partner-fitness-kpi\/#breadcrumb","itemListElement":[{"@type":"ListItem","position":1,"name":"Portada","item":"https:\/\/resasports.com\/es\/"},{"@type":"ListItem","position":2,"name":"Fitness KPI"}]},{"@type":"WebSite","@id":"https:\/\/resasports.com\/es\/#website","url":"https:\/\/resasports.com\/es\/","name":"Resasports","description":"","potentialAction":[{"@type":"SearchAction","target":{"@type":"EntryPoint","urlTemplate":"https:\/\/resasports.com\/es\/?s={search_term_string}"},"query-input":{"@type":"PropertyValueSpecification","valueRequired":true,"valueName":"search_term_string"}}],"inLanguage":"es"}]}},"_links":{"self":[{"href":"https:\/\/resasports.com\/es\/wp-json\/wp\/v2\/pages\/14245","targetHints":{"allow":["GET"]}}],"collection":[{"href":"https:\/\/resasports.com\/es\/wp-json\/wp\/v2\/pages"}],"about":[{"href":"https:\/\/resasports.com\/es\/wp-json\/wp\/v2\/types\/page"}],"author":[{"embeddable":true,"href":"https:\/\/resasports.com\/es\/wp-json\/wp\/v2\/users\/3"}],"replies":[{"embeddable":true,"href":"https:\/\/resasports.com\/es\/wp-json\/wp\/v2\/comments?post=14245"}],"version-history":[{"count":27,"href":"https:\/\/resasports.com\/es\/wp-json\/wp\/v2\/pages\/14245\/revisions"}],"predecessor-version":[{"id":20288,"href":"https:\/\/resasports.com\/es\/wp-json\/wp\/v2\/pages\/14245\/revisions\/20288"}],"wp:attachment":[{"href":"https:\/\/resasports.com\/es\/wp-json\/wp\/v2\/media?parent=14245"}],"curies":[{"name":"wp","href":"https:\/\/api.w.org\/{rel}","templated":true}]}}