{"id":14227,"date":"2023-01-17T11:44:54","date_gmt":"2023-01-17T11:44:54","guid":{"rendered":"https:\/\/resasports.com\/?page_id=14227"},"modified":"2023-10-10T15:18:07","modified_gmt":"2023-10-10T15:18:07","slug":"partner-das-gate","status":"publish","type":"page","link":"https:\/\/resasports.com\/es\/partner-das-gate\/","title":{"rendered":"Das Gate"},"content":{"rendered":"<p>[et_pb_section fb_built=\u00bb1&#8243; _builder_version=\u00bb4.17.4&#8243; _module_preset=\u00bbdefault\u00bb custom_padding=\u00bb0px||||false|false\u00bb global_colors_info=\u00bb{}\u00bb][et_pb_row _builder_version=\u00bb4.17.4&#8243; _module_preset=\u00bbdefault\u00bb border_width_bottom=\u00bb1px\u00bb border_color_bottom=\u00bbrgba(9,133,88,0.25)\u00bb global_colors_info=\u00bb{}\u00bb][et_pb_column type=\u00bb4_4&#8243; _builder_version=\u00bb4.17.4&#8243; _module_preset=\u00bbdefault\u00bb global_colors_info=\u00bb{}\u00bb][et_pb_image src=\u00bbhttps:\/\/resasports.com\/wp-content\/uploads\/2023\/01\/dasgate-2.png\u00bb title_text=\u00bbdasgate\u00bb align=\u00bbright\u00bb _builder_version=\u00bb4.17.4&#8243; _module_preset=\u00bbdefault\u00bb max_width=\u00bb25%\u00bb global_colors_info=\u00bb{}\u00bb][\/et_pb_image][\/et_pb_column][\/et_pb_row][et_pb_row _builder_version=\u00bb4.17.4&#8243; _module_preset=\u00bbdefault\u00bb global_colors_info=\u00bb{}\u00bb][et_pb_column type=\u00bb4_4&#8243; _builder_version=\u00bb4.17.4&#8243; _module_preset=\u00bbdefault\u00bb global_colors_info=\u00bb{}\u00bb][et_pb_text _builder_version=\u00bb4.21.0&#8243; _module_preset=\u00bbdefault\u00bb header_2_font=\u00bbRaleway|800|||||||\u00bb header_2_text_color=\u00bb#098558&#8243; header_2_font_size=\u00bb40px\u00bb background_enable_color=\u00bboff\u00bb custom_padding=\u00bb||||true|false\u00bb hover_enabled=\u00bb0&#8243; locked=\u00bboff\u00bb global_colors_info=\u00bb{}\u00bb sticky_enabled=\u00bb0&#8243;]<\/p>\n<h1 style=\"text-align: left\">La soluci\u00f3n de accesos para centros deportivos m\u00e1s innovadora.<\/h1>\n<p>[\/et_pb_text][et_pb_image src=\u00bbhttps:\/\/resasports.com\/wp-content\/uploads\/2023\/01\/03.png\u00bb title_text=\u00bb03&#8243; align=\u00bbcenter\u00bb _builder_version=\u00bb4.17.4&#8243; _module_preset=\u00bbdefault\u00bb custom_padding=\u00bb||||false|true\u00bb global_colors_info=\u00bb{}\u00bb][\/et_pb_image][\/et_pb_column][\/et_pb_row][et_pb_row _builder_version=\u00bb4.17.4&#8243; _module_preset=\u00bbdefault\u00bb global_colors_info=\u00bb{}\u00bb][et_pb_column type=\u00bb4_4&#8243; _builder_version=\u00bb4.17.4&#8243; _module_preset=\u00bbdefault\u00bb global_colors_info=\u00bb{}\u00bb][et_pb_text _builder_version=\u00bb4.17.4&#8243; _module_preset=\u00bbdefault\u00bb text_font=\u00bbRaleway||||||||\u00bb text_text_color=\u00bb#098558&#8243; text_font_size=\u00bb16px\u00bb global_colors_info=\u00bb{}\u00bb]<\/p>\n<p data-pm-slice=\"1 1 []\">Contrata con tu licencia Resasports tu sistema de acceso con reconocimiento facial de Das Gate y gana seguridad en tu centro deportivo.<\/p>\n<p>Beneficios para tu club:<\/p>\n<ul>\n<li style=\"list-style-type: none\">\n<ul class=\"ProsemirrorEditor-list\">\n<li class=\"ProsemirrorEditor-listItem\" data-list-indent=\"1\" data-list-type=\"bulleted\">Ahorro de costes<\/li>\n<li class=\"ProsemirrorEditor-listItem\" data-list-indent=\"1\" data-list-type=\"bulleted\">Aumento de la seguridad<\/li>\n<li class=\"ProsemirrorEditor-listItem\" data-list-indent=\"1\" data-list-type=\"bulleted\">Automatizaci\u00f3n del centro deportivo<\/li>\n<\/ul>\n<\/li>\n<\/ul>\n<p>Beneficios para tu cliente:<\/p>\n<ul>\n<li style=\"list-style-type: none\">\n<ul class=\"ProsemirrorEditor-list\">\n<li class=\"ProsemirrorEditor-listItem\" data-list-indent=\"1\" data-list-type=\"bulleted\">Mejora la experiencia de usuario<\/li>\n<li class=\"ProsemirrorEditor-listItem\" data-list-indent=\"1\" data-list-type=\"bulleted\">Acceso en &lt;1 minuto<\/li>\n<li class=\"ProsemirrorEditor-listItem\" data-list-indent=\"1\" data-list-type=\"bulleted\">100% privado<\/li>\n<\/ul>\n<\/li>\n<\/ul>\n<p>Olv\u00eddate de las tarjetas, pulseras y QRs. Integra tu <strong>control de accesos con reconocimiento facial con Resasports<\/strong> y benef\u00edciate de todas sus ventajas.<\/p>\n<p>[\/et_pb_text][\/et_pb_column][\/et_pb_row][\/et_pb_section][et_pb_section fb_built=\u00bb1&#8243; _builder_version=\u00bb4.17.4&#8243; _module_preset=\u00bbdefault\u00bb background_enable_color=\u00bboff\u00bb locked=\u00bboff\u00bb global_colors_info=\u00bb{}\u00bb][et_pb_row column_structure=\u00bb1_2,1_2&#8243; _builder_version=\u00bb4.17.2&#8243; _module_preset=\u00bbdefault\u00bb global_colors_info=\u00bb{}\u00bb][et_pb_column type=\u00bb1_2&#8243; _builder_version=\u00bb4.17.2&#8243; _module_preset=\u00bbdefault\u00bb global_colors_info=\u00bb{}\u00bb][et_pb_image src=\u00bbhttps:\/\/resasports.com\/wp-content\/uploads\/2021\/11\/form-phone-RS-07.png\u00bb title_text=\u00bbform-phone-RS-07&#8243; align=\u00bbcenter\u00bb _builder_version=\u00bb4.17.4&#8243; _module_preset=\u00bbdefault\u00bb max_width=\u00bb70%\u00bb global_colors_info=\u00bb{}\u00bb][\/et_pb_image][\/et_pb_column][et_pb_column type=\u00bb1_2&#8243; _builder_version=\u00bb4.17.2&#8243; _module_preset=\u00bbdefault\u00bb global_colors_info=\u00bb{}\u00bb][et_pb_text content_tablet=\u00bb<\/p>\n<h2>Sus testimonios son de punto, juego y partido<\/h2>\n<p>\u00bb content_phone=\u00bb\u00bb content_last_edited=\u00bbon|tablet\u00bb _builder_version=\u00bb4.17.4&#8243; _module_preset=\u00bbdefault\u00bb text_font=\u00bbRaleway||||||||\u00bb header_2_font=\u00bbRaleway|900|||||||\u00bb header_2_text_color=\u00bb#122c34&#8243; header_2_font_size=\u00bb24px\u00bb custom_padding=\u00bb35px||||false|false\u00bb animation_direction=\u00bbbottom\u00bb locked=\u00bboff\u00bb global_colors_info=\u00bb{}\u00bb]<\/p>\n<h2 style=\"text-align: left\">\u00bfQuieres saber m\u00e1s sobre nuestro Benefits Program?<\/h2>\n<p><span>Rellena el formulario, y te contactaremos con toda la informaci\u00f3n sobre c\u00f3mo puedes beneficiarte de esta colaboraci\u00f3n dentro del Benefits Program s\u00f3lo por formar parte del Team Resasports.<\/span><\/p>\n<p>[\/et_pb_text][et_pb_text _builder_version=\u00bb4.17.2&#8243; _module_preset=\u00bbdefault\u00bb custom_padding=\u00bb|10%||10%|false|true\u00bb global_colors_info=\u00bb{}\u00bb]<\/p>\n\n\t\t\t\t\t<script>\n\t\t\t\t\t\twindow.hsFormsOnReady = window.hsFormsOnReady || [];\n\t\t\t\t\t\twindow.hsFormsOnReady.push(()=>{\n\t\t\t\t\t\t\thbspt.forms.create({\n\t\t\t\t\t\t\t\tportalId: 6234568,\n\t\t\t\t\t\t\t\tformId: \"a8930460-ff1a-4ef1-93b6-eb2590bc4ac5\",\n\t\t\t\t\t\t\t\ttarget: \"#hbspt-form-1775314872000-1856856467\",\n\t\t\t\t\t\t\t\tregion: \"na1\",\n\t\t\t\t\t\t\t\t\n\t\t\t\t\t\t})});\n\t\t\t\t\t<\/script>\n\t\t\t\t\t<div class=\"hbspt-form\" id=\"hbspt-form-1775314872000-1856856467\"><\/div>\n<p>[\/et_pb_text][\/et_pb_column][\/et_pb_row][\/et_pb_section]<\/p>\n","protected":false},"excerpt":{"rendered":"<p>La soluci\u00f3n de accesos para centros deportivos m\u00e1s innovadora.Contrata con tu licencia Resasports tu sistema de acceso con reconocimiento facial de Das Gate y gana seguridad en tu centro deportivo. Beneficios para tu club: Ahorro de costes Aumento de la seguridad Automatizaci\u00f3n del centro deportivo Beneficios para tu cliente: Mejora la experiencia de usuario Acceso [&hellip;]<\/p>\n","protected":false},"author":3,"featured_media":0,"parent":0,"menu_order":0,"comment_status":"closed","ping_status":"closed","template":"","meta":{"_et_pb_use_builder":"on","_et_pb_old_content":"","_et_gb_content_width":"","content-type":"","footnotes":""},"class_list":["post-14227","page","type-page","status-publish","hentry"],"yoast_head":"<!-- This site is optimized with the Yoast SEO plugin v25.7 - https:\/\/yoast.com\/wordpress\/plugins\/seo\/ -->\n<title>Partnership con Das Gate - Resasports<\/title>\n<meta name=\"description\" content=\"Obt\u00e9n el sistema de reconocimiento facial DasGate y actaliza tu control de acceso de tu centro deportivo con tu licencia de Resasports. \u00a1Comienza hoy mismo!\" \/>\n<meta name=\"robots\" content=\"index, follow, max-snippet:-1, max-image-preview:large, max-video-preview:-1\" \/>\n<link rel=\"canonical\" href=\"https:\/\/resasports.com\/es\/partner-das-gate\/\" \/>\n<meta property=\"og:locale\" content=\"es_ES\" \/>\n<meta property=\"og:type\" content=\"article\" \/>\n<meta property=\"og:title\" content=\"Partnership con Das Gate - Resasports\" \/>\n<meta property=\"og:description\" content=\"Obt\u00e9n el sistema de reconocimiento facial DasGate y actaliza tu control de acceso de tu centro deportivo con tu licencia de Resasports. \u00a1Comienza hoy mismo!\" \/>\n<meta property=\"og:url\" content=\"https:\/\/resasports.com\/es\/partner-das-gate\/\" \/>\n<meta property=\"og:site_name\" content=\"Resasports\" \/>\n<meta property=\"article:modified_time\" content=\"2023-10-10T15:18:07+00:00\" \/>\n<meta name=\"twitter:card\" content=\"summary_large_image\" \/>\n<meta name=\"twitter:label1\" content=\"Tiempo de lectura\" \/>\n\t<meta name=\"twitter:data1\" content=\"2 minutos\" \/>\n<script type=\"application\/ld+json\" class=\"yoast-schema-graph\">{\"@context\":\"https:\/\/schema.org\",\"@graph\":[{\"@type\":\"WebPage\",\"@id\":\"https:\/\/resasports.com\/es\/partner-das-gate\/\",\"url\":\"https:\/\/resasports.com\/es\/partner-das-gate\/\",\"name\":\"Partnership con Das Gate - Resasports\",\"isPartOf\":{\"@id\":\"https:\/\/resasports.com\/es\/#website\"},\"datePublished\":\"2023-01-17T11:44:54+00:00\",\"dateModified\":\"2023-10-10T15:18:07+00:00\",\"description\":\"Obt\u00e9n el sistema de reconocimiento facial DasGate y actaliza tu control de acceso de tu centro deportivo con tu licencia de Resasports. \u00a1Comienza hoy mismo!\",\"breadcrumb\":{\"@id\":\"https:\/\/resasports.com\/es\/partner-das-gate\/#breadcrumb\"},\"inLanguage\":\"es\",\"potentialAction\":[{\"@type\":\"ReadAction\",\"target\":[\"https:\/\/resasports.com\/es\/partner-das-gate\/\"]}]},{\"@type\":\"BreadcrumbList\",\"@id\":\"https:\/\/resasports.com\/es\/partner-das-gate\/#breadcrumb\",\"itemListElement\":[{\"@type\":\"ListItem\",\"position\":1,\"name\":\"Portada\",\"item\":\"https:\/\/resasports.com\/es\/\"},{\"@type\":\"ListItem\",\"position\":2,\"name\":\"Das Gate\"}]},{\"@type\":\"WebSite\",\"@id\":\"https:\/\/resasports.com\/es\/#website\",\"url\":\"https:\/\/resasports.com\/es\/\",\"name\":\"Resasports\",\"description\":\"\",\"potentialAction\":[{\"@type\":\"SearchAction\",\"target\":{\"@type\":\"EntryPoint\",\"urlTemplate\":\"https:\/\/resasports.com\/es\/?s={search_term_string}\"},\"query-input\":{\"@type\":\"PropertyValueSpecification\",\"valueRequired\":true,\"valueName\":\"search_term_string\"}}],\"inLanguage\":\"es\"}]}<\/script>\n<!-- \/ Yoast SEO plugin. -->","yoast_head_json":{"title":"Partnership con Das Gate - Resasports","description":"Obt\u00e9n el sistema de reconocimiento facial DasGate y actaliza tu control de acceso de tu centro deportivo con tu licencia de Resasports. \u00a1Comienza hoy mismo!","robots":{"index":"index","follow":"follow","max-snippet":"max-snippet:-1","max-image-preview":"max-image-preview:large","max-video-preview":"max-video-preview:-1"},"canonical":"https:\/\/resasports.com\/es\/partner-das-gate\/","og_locale":"es_ES","og_type":"article","og_title":"Partnership con Das Gate - Resasports","og_description":"Obt\u00e9n el sistema de reconocimiento facial DasGate y actaliza tu control de acceso de tu centro deportivo con tu licencia de Resasports. \u00a1Comienza hoy mismo!","og_url":"https:\/\/resasports.com\/es\/partner-das-gate\/","og_site_name":"Resasports","article_modified_time":"2023-10-10T15:18:07+00:00","twitter_card":"summary_large_image","twitter_misc":{"Tiempo de lectura":"2 minutos"},"schema":{"@context":"https:\/\/schema.org","@graph":[{"@type":"WebPage","@id":"https:\/\/resasports.com\/es\/partner-das-gate\/","url":"https:\/\/resasports.com\/es\/partner-das-gate\/","name":"Partnership con Das Gate - Resasports","isPartOf":{"@id":"https:\/\/resasports.com\/es\/#website"},"datePublished":"2023-01-17T11:44:54+00:00","dateModified":"2023-10-10T15:18:07+00:00","description":"Obt\u00e9n el sistema de reconocimiento facial DasGate y actaliza tu control de acceso de tu centro deportivo con tu licencia de Resasports. \u00a1Comienza hoy mismo!","breadcrumb":{"@id":"https:\/\/resasports.com\/es\/partner-das-gate\/#breadcrumb"},"inLanguage":"es","potentialAction":[{"@type":"ReadAction","target":["https:\/\/resasports.com\/es\/partner-das-gate\/"]}]},{"@type":"BreadcrumbList","@id":"https:\/\/resasports.com\/es\/partner-das-gate\/#breadcrumb","itemListElement":[{"@type":"ListItem","position":1,"name":"Portada","item":"https:\/\/resasports.com\/es\/"},{"@type":"ListItem","position":2,"name":"Das Gate"}]},{"@type":"WebSite","@id":"https:\/\/resasports.com\/es\/#website","url":"https:\/\/resasports.com\/es\/","name":"Resasports","description":"","potentialAction":[{"@type":"SearchAction","target":{"@type":"EntryPoint","urlTemplate":"https:\/\/resasports.com\/es\/?s={search_term_string}"},"query-input":{"@type":"PropertyValueSpecification","valueRequired":true,"valueName":"search_term_string"}}],"inLanguage":"es"}]}},"_links":{"self":[{"href":"https:\/\/resasports.com\/es\/wp-json\/wp\/v2\/pages\/14227","targetHints":{"allow":["GET"]}}],"collection":[{"href":"https:\/\/resasports.com\/es\/wp-json\/wp\/v2\/pages"}],"about":[{"href":"https:\/\/resasports.com\/es\/wp-json\/wp\/v2\/types\/page"}],"author":[{"embeddable":true,"href":"https:\/\/resasports.com\/es\/wp-json\/wp\/v2\/users\/3"}],"replies":[{"embeddable":true,"href":"https:\/\/resasports.com\/es\/wp-json\/wp\/v2\/comments?post=14227"}],"version-history":[{"count":22,"href":"https:\/\/resasports.com\/es\/wp-json\/wp\/v2\/pages\/14227\/revisions"}],"predecessor-version":[{"id":20319,"href":"https:\/\/resasports.com\/es\/wp-json\/wp\/v2\/pages\/14227\/revisions\/20319"}],"wp:attachment":[{"href":"https:\/\/resasports.com\/es\/wp-json\/wp\/v2\/media?parent=14227"}],"curies":[{"name":"wp","href":"https:\/\/api.w.org\/{rel}","templated":true}]}}