{"id":13434,"date":"2023-01-02T08:03:05","date_gmt":"2023-01-02T08:03:05","guid":{"rendered":"https:\/\/resasports.com\/?page_id=13434"},"modified":"2025-11-13T11:42:17","modified_gmt":"2025-11-13T10:42:17","slug":"demo","status":"publish","type":"page","link":"https:\/\/resasports.com\/es\/demo\/","title":{"rendered":"Demo"},"content":{"rendered":"<p>[et_pb_section fb_built=\u00bb1&#8243; specialty=\u00bbon\u00bb background_color_2=\u00bb#f3f9f6&#8243; padding_top_2=\u00bb3vh\u00bb padding_right_1=\u00bb10vw\u00bb padding_right_2=\u00bb1.5vw\u00bb padding_bottom_2=\u00bb3vh\u00bb padding_left_1=\u00bb10vw\u00bb padding_left_2=\u00bb1.5vw\u00bb padding_top_bottom_link_1=\u00bbtrue\u00bb padding_top_bottom_link_2=\u00bbfalse\u00bb padding_left_right_link_1=\u00bbtrue\u00bb padding_left_right_link_2=\u00bbtrue\u00bb custom_css_main_1=\u00bb\/*border-right-width: 0.5px;||border-right-style: solid;||border-color: #098558; *\/||||border-radius: 25px;\u00bb custom_css_main_2=\u00bbborder-radius: 25px;||\/*margin: auto;*\/||box-shadow: 0px 0px 15px 1px rgba(4,55,18,0.3);||\/*position: sticky;||top: 120px;*\/||\u00bb disabled_on=\u00bbon|off|off\u00bb _builder_version=\u00bb4.17.4&#8243; _module_preset=\u00bbdefault\u00bb background_color=\u00bbRGBA(255,255,255,0)\u00bb inner_width=\u00bb100%\u00bb inner_max_width=\u00bb100%\u00bb custom_margin=\u00bb|5vw|||false|false\u00bb custom_padding=\u00bb15px||||false|false\u00bb global_colors_info=\u00bb{}\u00bb][et_pb_column type=\u00bb1_2&#8243; specialty_columns=\u00bb2&#8243; _builder_version=\u00bb4.16&#8243; custom_padding=\u00bb|||\u00bb global_colors_info=\u00bb{}\u00bb custom_padding__hover=\u00bb|||\u00bb][et_pb_row_inner _builder_version=\u00bb4.17.4&#8243; _module_preset=\u00bbdefault\u00bb global_colors_info=\u00bb{}\u00bb][et_pb_column_inner saved_specialty_column_type=\u00bb1_2&#8243; _builder_version=\u00bb4.17.4&#8243; _module_preset=\u00bbdefault\u00bb global_colors_info=\u00bb{}\u00bb][et_pb_image src=\u00bbhttps:\/\/resasports.com\/wp-content\/uploads\/2022\/09\/demo-form-image-01.png\u00bb title_text=\u00bbdemo form image 01&#8243; _builder_version=\u00bb4.17.4&#8243; _module_preset=\u00bbdefault\u00bb global_colors_info=\u00bb{}\u00bb][\/et_pb_image][et_pb_text _builder_version=\u00bb4.17.4&#8243; _module_preset=\u00bbdefault\u00bb header_font=\u00bbRaleway|800|||||||\u00bb header_text_color=\u00bb#098558&#8243; header_font_size=\u00bb45px\u00bb global_colors_info=\u00bb{}\u00bb]<\/p>\n<h1>Te ense\u00f1amos nuestro software en directo<\/h1>\n<p>[\/et_pb_text][et_pb_text _builder_version=\u00bb4.17.4&#8243; _module_preset=\u00bbdefault\u00bb text_font=\u00bbRaleway||||||||\u00bb text_text_color=\u00bb#098558&#8243; text_font_size=\u00bb16px\u00bb global_colors_info=\u00bb{}\u00bb]<\/p>\n<p><span style=\"font-weight: 400\" data-mce-style=\"font-weight: 400;\">La mejor manera de que puedas comprobar por ti mismo\/a si nuestro <\/span><b>Software de gesti\u00f3n deportiva<\/b><span style=\"font-weight: 400\" data-mce-style=\"font-weight: 400;\"> encaja con tus necesidades es que te pongas en contacto con nosotros y te ense\u00f1emos en directo todas sus funcionalidades.&nbsp;<\/span> De esta forma, podr\u00e1s conocer por ti mismo c\u00f3mo funciona Resasports y todo lo que puede ofrecerte.<\/p>\n<p>[\/et_pb_text][et_pb_text _builder_version=\u00bb4.17.4&#8243; _module_preset=\u00bbdefault\u00bb text_font=\u00bbRaleway||||||||\u00bb text_text_color=\u00bb#098558&#8243; text_font_size=\u00bb16px\u00bb header_2_font=\u00bbRaleway|700|||||||\u00bb header_2_text_color=\u00bb#098558&#8243; global_colors_info=\u00bb{}\u00bb]<\/p>\n<h2>Conoce la opini\u00f3n de los que ya lo han probado<\/h2>\n<p>[\/et_pb_text][et_pb_text _builder_version=\u00bb4.17.4&#8243; _module_preset=\u00bbdefault\u00bb text_font=\u00bbRaleway||||||||\u00bb text_text_color=\u00bb#098558&#8243; text_font_size=\u00bb16px\u00bb global_colors_info=\u00bb{}\u00bb]<\/p>\n<p><span style=\"font-weight: 400\" data-mce-style=\"font-weight: 400;\">Nuestros clientes son los que mejor pueden explicarte qu\u00e9 tal les va con Resasports y todo lo que han conseguido gracias al software.<\/span><\/p>\n<p>[\/et_pb_text][\/et_pb_column_inner][\/et_pb_row_inner][et_pb_row_inner _builder_version=\u00bb4.17.4&#8243; _module_preset=\u00bbdefault\u00bb custom_padding=\u00bb|||3vw|false|false\u00bb global_colors_info=\u00bb{}\u00bb][et_pb_column_inner saved_specialty_column_type=\u00bb1_2&#8243; _builder_version=\u00bb4.17.4&#8243; _module_preset=\u00bbdefault\u00bb global_colors_info=\u00bb{}\u00bb][et_pb_image src=\u00bbhttps:\/\/resasports.com\/wp-content\/uploads\/2021\/11\/logo-A-vect-e1641313913574.jpg\u00bb title_text=\u00bblogo-A-vect\u00bb _builder_version=\u00bb4.17.4&#8243; _module_preset=\u00bbdefault\u00bb max_width=\u00bb24%\u00bb custom_margin=\u00bb||||true|false\u00bb custom_padding=\u00bb0px||0px||true|false\u00bb global_colors_info=\u00bb{}\u00bb][\/et_pb_image][et_pb_text _builder_version=\u00bb4.17.4&#8243; _module_preset=\u00bbdefault\u00bb text_font=\u00bbRaleway||||||||\u00bb text_text_color=\u00bb#02171C\u00bb text_font_size=\u00bb16px\u00bb global_colors_info=\u00bb{}\u00bb]<\/p>\n<p>\u00abGestionar m\u00e1s de 500 cursos de nataci\u00f3n, pistas, gimnasio\u2026 nos llevaba mucho tiempo. Ahora, con Resasports, gestionamos todo de una forma f\u00e1cil y r\u00e1pida y tenemos m\u00e1s timpo para dedicar a los socios\u00bb<\/p>\n<p>[\/et_pb_text][et_pb_text _builder_version=\u00bb4.17.4&#8243; _module_preset=\u00bbdefault\u00bb text_font=\u00bbRaleway||||||||\u00bb text_text_color=\u00bb#02171C\u00bb text_font_size=\u00bb16px\u00bb global_colors_info=\u00bb{}\u00bb]<\/p>\n<p><strong><span class=\"et_pb_testimonial_author\">Lydia Cooper <\/span><\/strong><strong><em><span class=\"et_pb_testimonial_position\">Manager<\/span><span class=\"et_pb_testimonial_separator\">,<\/span>&nbsp;<span class=\"et_pb_testimonial_company\">Sylvestrian Leisure Centre<\/span><\/em><\/strong><\/p>\n<p>[\/et_pb_text][\/et_pb_column_inner][\/et_pb_row_inner][et_pb_row_inner _builder_version=\u00bb4.17.4&#8243; _module_preset=\u00bbdefault\u00bb custom_margin=\u00bb0px||0px||true|false\u00bb custom_padding=\u00bb0px||0px||true|false\u00bb global_colors_info=\u00bb{}\u00bb][et_pb_column_inner saved_specialty_column_type=\u00bb1_2&#8243; _builder_version=\u00bb4.17.4&#8243; _module_preset=\u00bbdefault\u00bb global_colors_info=\u00bb{}\u00bb][et_pb_divider color=\u00bb#098558&#8243; divider_position=\u00bbcenter\u00bb divider_weight=\u00bb0.5px\u00bb _builder_version=\u00bb4.17.4&#8243; _module_preset=\u00bbdefault\u00bb max_width=\u00bb75%\u00bb module_alignment=\u00bbcenter\u00bb global_colors_info=\u00bb{}\u00bb][\/et_pb_divider][\/et_pb_column_inner][\/et_pb_row_inner][\/et_pb_column][et_pb_column type=\u00bb1_2&#8243; _builder_version=\u00bb4.16&#8243; custom_padding=\u00bb|||\u00bb global_colors_info=\u00bb{}\u00bb custom_padding__hover=\u00bb|||\u00bb][et_pb_text _builder_version=\u00bb4.17.4&#8243; _module_preset=\u00bbdefault\u00bb header_font_size=\u00bb35px\u00bb header_2_font=\u00bbRaleway|500|||||||\u00bb header_2_text_color=\u00bb#098558&#8243; header_2_font_size=\u00bb42px\u00bb background_enable_color=\u00bboff\u00bb width=\u00bb100%\u00bb max_width=\u00bb100%\u00bb custom_padding=\u00bb||||false|false\u00bb locked=\u00bboff\u00bb global_colors_info=\u00bb{}\u00bb]<\/p>\n<h2 style=\"text-align: center\" data-mce-style=\"text-align: center;\">Quiero solicitar <span style=\"font-weight: bold\" data-mce-style=\"font-weight: bold;\">una demo<\/span> <img loading=\"lazy\" decoding=\"async\" class=\"wp-image-9476 alignnone size-medium\" src=\"https:\/\/resasports.com\/wp-content\/uploads\/2022\/07\/01-300x300.png\" alt=\"\" width=\"31\" height=\"31\" data-mce-src=\"https:\/\/resasports.com\/wp-content\/uploads\/2022\/07\/01-300x300.png\"><\/h2>\n<div class=\"divi-row-destination-right\"><\/div>\n<p>[\/et_pb_text][et_pb_text _builder_version=\u00bb4.17.4&#8243; _module_preset=\u00bbdefault\u00bb text_font=\u00bbRaleway||||||||\u00bb text_text_color=\u00bb#098558&#8243; text_font_size=\u00bb16px\u00bb global_colors_info=\u00bb{}\u00bb]<\/p>\n<p style=\"text-align: center\" data-mce-style=\"text-align: center;\"><span style=\"font-weight: 400\" data-mce-style=\"font-weight: 400;\">Te ense\u00f1aremos Resasports <\/span><b>en vivo y en directo<\/b><span style=\"font-weight: 400\" data-mce-style=\"font-weight: 400;\">, adem\u00e1s de resolver todas las dudas que te hayan podido surgir con respecto al mismo.<\/span><\/p>\n<p>[\/et_pb_text][et_pb_text admin_label=\u00bbForm\u00bb _builder_version=\u00bb4.27.4&#8243; _module_preset=\u00bbdefault\u00bb custom_padding=\u00bb||||false|true\u00bb hover_enabled=\u00bb0&#8243; locked=\u00bboff\u00bb global_colors_info=\u00bb{}\u00bb sticky_enabled=\u00bb0&#8243;]\n\t\t\t\t\t<script>\n\t\t\t\t\t\twindow.hsFormsOnReady = window.hsFormsOnReady || [];\n\t\t\t\t\t\twindow.hsFormsOnReady.push(()=>{\n\t\t\t\t\t\t\thbspt.forms.create({\n\t\t\t\t\t\t\t\tportalId: 6234568,\n\t\t\t\t\t\t\t\tformId: \"b9d45090-ec0a-427d-8cb0-6e7279daccf4\",\n\t\t\t\t\t\t\t\ttarget: \"#hbspt-form-1776291403000-1874429553\",\n\t\t\t\t\t\t\t\tregion: \"na1\",\n\t\t\t\t\t\t\t\t\n\t\t\t\t\t\t})});\n\t\t\t\t\t<\/script>\n\t\t\t\t\t<div class=\"hbspt-form\" id=\"hbspt-form-1776291403000-1874429553\"><\/div>[\/et_pb_text][\/et_pb_column][\/et_pb_section][et_pb_section fb_built=\u00bb1&#8243; disabled_on=\u00bboff|on|on\u00bb _builder_version=\u00bb4.19.4&#8243; _module_preset=\u00bbdefault\u00bb background_color=\u00bb#F3F9F6&#8243; custom_margin=\u00bb||||false|false\u00bb custom_padding=\u00bb0px||||false|false\u00bb global_colors_info=\u00bb{}\u00bb][et_pb_row _builder_version=\u00bb4.19.4&#8243; _module_preset=\u00bbdefault\u00bb background_color=\u00bb#F3F9F6&#8243; width=\u00bb90%\u00bb max_width=\u00bb100%\u00bb custom_padding=\u00bb|20px||20px|false|true\u00bb border_radii=\u00bbon|32px|32px|32px|32px\u00bb box_shadow_style=\u00bbpreset3&#8243; box_shadow_color=\u00bbrgba(9,133,88,0.65)\u00bb global_colors_info=\u00bb{}\u00bb][et_pb_column type=\u00bb4_4&#8243; _builder_version=\u00bb4.19.4&#8243; _module_preset=\u00bbdefault\u00bb global_colors_info=\u00bb{}\u00bb][et_pb_text _builder_version=\u00bb4.17.4&#8243; _module_preset=\u00bbdefault\u00bb header_font_size=\u00bb35px\u00bb header_2_font=\u00bbRaleway|500|||||||\u00bb header_2_text_color=\u00bb#098558&#8243; header_2_font_size=\u00bb42px\u00bb background_enable_color=\u00bboff\u00bb width=\u00bb100%\u00bb max_width=\u00bb100%\u00bb custom_padding=\u00bb||||false|false\u00bb locked=\u00bboff\u00bb global_colors_info=\u00bb{}\u00bb]<\/p>\n<h2 style=\"text-align: center\" data-mce-style=\"text-align: center;\">Quiero solicitar <span style=\"font-weight: bold\" data-mce-style=\"font-weight: bold;\">una demo<\/span> <img loading=\"lazy\" decoding=\"async\" class=\"wp-image-9476 alignnone size-medium\" src=\"https:\/\/resasports.com\/wp-content\/uploads\/2022\/07\/01-300x300.png\" alt=\"\" width=\"31\" height=\"31\" data-mce-src=\"https:\/\/resasports.com\/wp-content\/uploads\/2022\/07\/01-300x300.png\"><\/h2>\n<div class=\"divi-row-destination-right\"><\/div>\n<p>[\/et_pb_text][et_pb_text _builder_version=\u00bb4.17.4&#8243; _module_preset=\u00bbdefault\u00bb text_font=\u00bbRaleway||||||||\u00bb text_text_color=\u00bb#098558&#8243; text_font_size=\u00bb16px\u00bb global_colors_info=\u00bb{}\u00bb]<\/p>\n<p style=\"text-align: center\" data-mce-style=\"text-align: center;\"><span style=\"font-weight: 400\" data-mce-style=\"font-weight: 400;\">Te ense\u00f1aremos Resasports <\/span><b>en vivo y en directo<\/b><span style=\"font-weight: 400\" data-mce-style=\"font-weight: 400;\">, adem\u00e1s de resolver todas las dudas que te hayan podido surgir con respecto al mismo.<\/span><\/p>\n<p>[\/et_pb_text][et_pb_text admin_label=\u00bbForm\u00bb _builder_version=\u00bb4.19.4&#8243; _module_preset=\u00bbdefault\u00bb custom_padding=\u00bb||||false|true\u00bb locked=\u00bboff\u00bb global_colors_info=\u00bb{}\u00bb]<\/p>\n\n\t\t\t\t\t<script>\n\t\t\t\t\t\twindow.hsFormsOnReady = window.hsFormsOnReady || [];\n\t\t\t\t\t\twindow.hsFormsOnReady.push(()=>{\n\t\t\t\t\t\t\thbspt.forms.create({\n\t\t\t\t\t\t\t\tportalId: 6234568,\n\t\t\t\t\t\t\t\tformId: \"0660f538-e429-40ab-88c0-411117fe3959\",\n\t\t\t\t\t\t\t\ttarget: \"#hbspt-form-1776291403000-3516755827\",\n\t\t\t\t\t\t\t\tregion: \"na1\",\n\t\t\t\t\t\t\t\t\n\t\t\t\t\t\t})});\n\t\t\t\t\t<\/script>\n\t\t\t\t\t<div class=\"hbspt-form\" id=\"hbspt-form-1776291403000-3516755827\"><\/div>\n<p>[\/et_pb_text][\/et_pb_column][\/et_pb_row][\/et_pb_section]<\/p>\n","protected":false},"excerpt":{"rendered":"<p>Te ense\u00f1amos nuestro software en directoLa mejor manera de que puedas comprobar por ti mismo\/a si nuestro Software de gesti\u00f3n deportiva encaja con tus necesidades es que te pongas en contacto con nosotros y te ense\u00f1emos en directo todas sus funcionalidades.&nbsp; De esta forma, podr\u00e1s conocer por ti mismo c\u00f3mo funciona Resasports y todo lo [&hellip;]<\/p>\n","protected":false},"author":3,"featured_media":0,"parent":0,"menu_order":0,"comment_status":"closed","ping_status":"closed","template":"","meta":{"_et_pb_use_builder":"on","_et_pb_old_content":"","_et_gb_content_width":"","content-type":"","footnotes":""},"class_list":["post-13434","page","type-page","status-publish","hentry"],"yoast_head":"<!-- This site is optimized with the Yoast SEO plugin v25.7 - https:\/\/yoast.com\/wordpress\/plugins\/seo\/ -->\n<title>Solicita tu demo gratuita - Resasports<\/title>\n<meta name=\"description\" content=\"Solicita tu demo gratuita y sin compromiso y conoce todo lo que Resasports puede hacer por tu centro deportivo.\" \/>\n<meta name=\"robots\" content=\"index, follow, max-snippet:-1, max-image-preview:large, max-video-preview:-1\" \/>\n<link rel=\"canonical\" href=\"https:\/\/resasports.com\/es\/demo\/\" \/>\n<meta property=\"og:locale\" content=\"es_ES\" \/>\n<meta property=\"og:type\" content=\"article\" \/>\n<meta property=\"og:title\" content=\"Solicita tu demo gratuita - Resasports\" \/>\n<meta property=\"og:description\" content=\"Solicita tu demo gratuita y sin compromiso y conoce todo lo que Resasports puede hacer por tu centro deportivo.\" \/>\n<meta property=\"og:url\" content=\"https:\/\/resasports.com\/es\/demo\/\" \/>\n<meta property=\"og:site_name\" content=\"Resasports\" \/>\n<meta property=\"article:modified_time\" content=\"2025-11-13T10:42:17+00:00\" \/>\n<meta property=\"og:image\" content=\"https:\/\/resasports.com\/wp-content\/uploads\/2022\/07\/01-300x300.png\" \/>\n<meta name=\"twitter:card\" content=\"summary_large_image\" \/>\n<meta name=\"twitter:label1\" content=\"Tiempo de lectura\" \/>\n\t<meta name=\"twitter:data1\" content=\"5 minutos\" \/>\n<script type=\"application\/ld+json\" class=\"yoast-schema-graph\">{\"@context\":\"https:\/\/schema.org\",\"@graph\":[{\"@type\":\"WebPage\",\"@id\":\"https:\/\/resasports.com\/es\/demo\/\",\"url\":\"https:\/\/resasports.com\/es\/demo\/\",\"name\":\"Solicita tu demo gratuita - Resasports\",\"isPartOf\":{\"@id\":\"https:\/\/resasports.com\/es\/#website\"},\"primaryImageOfPage\":{\"@id\":\"https:\/\/resasports.com\/es\/demo\/#primaryimage\"},\"image\":{\"@id\":\"https:\/\/resasports.com\/es\/demo\/#primaryimage\"},\"thumbnailUrl\":\"https:\/\/resasports.com\/wp-content\/uploads\/2022\/07\/01-300x300.png\",\"datePublished\":\"2023-01-02T08:03:05+00:00\",\"dateModified\":\"2025-11-13T10:42:17+00:00\",\"description\":\"Solicita tu demo gratuita y sin compromiso y conoce todo lo que Resasports puede hacer por tu centro deportivo.\",\"breadcrumb\":{\"@id\":\"https:\/\/resasports.com\/es\/demo\/#breadcrumb\"},\"inLanguage\":\"es\",\"potentialAction\":[{\"@type\":\"ReadAction\",\"target\":[\"https:\/\/resasports.com\/es\/demo\/\"]}]},{\"@type\":\"ImageObject\",\"inLanguage\":\"es\",\"@id\":\"https:\/\/resasports.com\/es\/demo\/#primaryimage\",\"url\":\"https:\/\/resasports.com\/wp-content\/uploads\/2022\/07\/01-300x300.png\",\"contentUrl\":\"https:\/\/resasports.com\/wp-content\/uploads\/2022\/07\/01-300x300.png\"},{\"@type\":\"BreadcrumbList\",\"@id\":\"https:\/\/resasports.com\/es\/demo\/#breadcrumb\",\"itemListElement\":[{\"@type\":\"ListItem\",\"position\":1,\"name\":\"Portada\",\"item\":\"https:\/\/resasports.com\/es\/\"},{\"@type\":\"ListItem\",\"position\":2,\"name\":\"Demo\"}]},{\"@type\":\"WebSite\",\"@id\":\"https:\/\/resasports.com\/es\/#website\",\"url\":\"https:\/\/resasports.com\/es\/\",\"name\":\"Resasports\",\"description\":\"\",\"potentialAction\":[{\"@type\":\"SearchAction\",\"target\":{\"@type\":\"EntryPoint\",\"urlTemplate\":\"https:\/\/resasports.com\/es\/?s={search_term_string}\"},\"query-input\":{\"@type\":\"PropertyValueSpecification\",\"valueRequired\":true,\"valueName\":\"search_term_string\"}}],\"inLanguage\":\"es\"}]}<\/script>\n<!-- \/ Yoast SEO plugin. -->","yoast_head_json":{"title":"Solicita tu demo gratuita - Resasports","description":"Solicita tu demo gratuita y sin compromiso y conoce todo lo que Resasports puede hacer por tu centro deportivo.","robots":{"index":"index","follow":"follow","max-snippet":"max-snippet:-1","max-image-preview":"max-image-preview:large","max-video-preview":"max-video-preview:-1"},"canonical":"https:\/\/resasports.com\/es\/demo\/","og_locale":"es_ES","og_type":"article","og_title":"Solicita tu demo gratuita - Resasports","og_description":"Solicita tu demo gratuita y sin compromiso y conoce todo lo que Resasports puede hacer por tu centro deportivo.","og_url":"https:\/\/resasports.com\/es\/demo\/","og_site_name":"Resasports","article_modified_time":"2025-11-13T10:42:17+00:00","og_image":[{"url":"https:\/\/resasports.com\/wp-content\/uploads\/2022\/07\/01-300x300.png","type":"","width":"","height":""}],"twitter_card":"summary_large_image","twitter_misc":{"Tiempo de lectura":"5 minutos"},"schema":{"@context":"https:\/\/schema.org","@graph":[{"@type":"WebPage","@id":"https:\/\/resasports.com\/es\/demo\/","url":"https:\/\/resasports.com\/es\/demo\/","name":"Solicita tu demo gratuita - Resasports","isPartOf":{"@id":"https:\/\/resasports.com\/es\/#website"},"primaryImageOfPage":{"@id":"https:\/\/resasports.com\/es\/demo\/#primaryimage"},"image":{"@id":"https:\/\/resasports.com\/es\/demo\/#primaryimage"},"thumbnailUrl":"https:\/\/resasports.com\/wp-content\/uploads\/2022\/07\/01-300x300.png","datePublished":"2023-01-02T08:03:05+00:00","dateModified":"2025-11-13T10:42:17+00:00","description":"Solicita tu demo gratuita y sin compromiso y conoce todo lo que Resasports puede hacer por tu centro deportivo.","breadcrumb":{"@id":"https:\/\/resasports.com\/es\/demo\/#breadcrumb"},"inLanguage":"es","potentialAction":[{"@type":"ReadAction","target":["https:\/\/resasports.com\/es\/demo\/"]}]},{"@type":"ImageObject","inLanguage":"es","@id":"https:\/\/resasports.com\/es\/demo\/#primaryimage","url":"https:\/\/resasports.com\/wp-content\/uploads\/2022\/07\/01-300x300.png","contentUrl":"https:\/\/resasports.com\/wp-content\/uploads\/2022\/07\/01-300x300.png"},{"@type":"BreadcrumbList","@id":"https:\/\/resasports.com\/es\/demo\/#breadcrumb","itemListElement":[{"@type":"ListItem","position":1,"name":"Portada","item":"https:\/\/resasports.com\/es\/"},{"@type":"ListItem","position":2,"name":"Demo"}]},{"@type":"WebSite","@id":"https:\/\/resasports.com\/es\/#website","url":"https:\/\/resasports.com\/es\/","name":"Resasports","description":"","potentialAction":[{"@type":"SearchAction","target":{"@type":"EntryPoint","urlTemplate":"https:\/\/resasports.com\/es\/?s={search_term_string}"},"query-input":{"@type":"PropertyValueSpecification","valueRequired":true,"valueName":"search_term_string"}}],"inLanguage":"es"}]}},"_links":{"self":[{"href":"https:\/\/resasports.com\/es\/wp-json\/wp\/v2\/pages\/13434","targetHints":{"allow":["GET"]}}],"collection":[{"href":"https:\/\/resasports.com\/es\/wp-json\/wp\/v2\/pages"}],"about":[{"href":"https:\/\/resasports.com\/es\/wp-json\/wp\/v2\/types\/page"}],"author":[{"embeddable":true,"href":"https:\/\/resasports.com\/es\/wp-json\/wp\/v2\/users\/3"}],"replies":[{"embeddable":true,"href":"https:\/\/resasports.com\/es\/wp-json\/wp\/v2\/comments?post=13434"}],"version-history":[{"count":51,"href":"https:\/\/resasports.com\/es\/wp-json\/wp\/v2\/pages\/13434\/revisions"}],"predecessor-version":[{"id":27710,"href":"https:\/\/resasports.com\/es\/wp-json\/wp\/v2\/pages\/13434\/revisions\/27710"}],"wp:attachment":[{"href":"https:\/\/resasports.com\/es\/wp-json\/wp\/v2\/media?parent=13434"}],"curies":[{"name":"wp","href":"https:\/\/api.w.org\/{rel}","templated":true}]}}