{"id":7494,"date":"2022-01-12T07:38:57","date_gmt":"2022-01-12T07:38:57","guid":{"rendered":"https:\/\/resasports.com\/home\/"},"modified":"2024-06-24T11:02:22","modified_gmt":"2024-06-24T11:02:22","slug":"home","status":"publish","type":"page","link":"https:\/\/resasports.com\/de\/","title":{"rendered":"Home"},"content":{"rendered":"<p>[et_pb_section fb_built=&#8220;1&#8243; disabled_on=&#8220;on|off|off&#8220; admin_label=&#8220;intro desktop&#8220; _builder_version=&#8220;4.16&#8243; _module_preset=&#8220;default&#8220; custom_margin=&#8220;0px||0px||true|false&#8220; custom_padding=&#8220;0px||0px||true|false&#8220; hover_transition_delay=&#8220;100ms&#8220; locked=&#8220;off&#8220; global_colors_info=&#8220;{}&#8220;][et_pb_row column_structure=&#8220;1_2,1_2&#8243; use_custom_gutter=&#8220;on&#8220; gutter_width=&#8220;1&#8243; _builder_version=&#8220;4.16&#8243; _module_preset=&#8220;default&#8220; width=&#8220;100%&#8220; max_width=&#8220;100%&#8220; height=&#8220;97vh&#8220; max_height=&#8220;100vh&#8220; custom_padding=&#8220;0px||0px||true|false&#8220; global_colors_info=&#8220;{}&#8220;][et_pb_column type=&#8220;1_2&#8243; module_class=&#8220;cursor&#8220; admin_label=&#8220;Left&#8220; _builder_version=&#8220;4.16&#8243; _module_preset=&#8220;default&#8220; link_option_url=&#8220;https:\/\/social.resasports.com\/de\/&#8220; global_colors_info=&#8220;{}&#8220;][et_pb_text module_class=&#8220;network cursor&#8220; _builder_version=&#8220;4.22.1&#8243; _module_preset=&#8220;default&#8220; text_font=&#8220;Raleway|500|||||||&#8220; text_text_color=&#8220;#122c34&#8243; header_font=&#8220;Raleway|900|||||||&#8220; header_text_color=&#8220;#122c34&#8243; header_font_size=&#8220;35px&#8220; background_color=&#8220;#e6faef&#8220; background_enable_image=&#8220;off&#8220; height=&#8220;97vh&#8220; max_height=&#8220;97vh&#8220; custom_margin=&#8220;||||true|false&#8220; custom_padding=&#8220;10%|10%||10%|false|false&#8220; link_option_url=&#8220;https:\/\/social.resasports.com\/de\/&#8220; hover_enabled=&#8220;0&#8243; border_width_left=&#8220;1px&#8220; border_color_left=&#8220;#FFFFFF&#8220; locked=&#8220;off&#8220; global_colors_info=&#8220;{}&#8220; background__hover_enabled=&#8220;off|desktop&#8220; background_image__hover=&#8220;https:\/\/resawod.com\/old\/wp-content\/uploads\/sites\/2\/2021\/09\/RS-active-BG.png&#8220; background_enable_image__hover=&#8220;on&#8220; sticky_enabled=&#8220;0&#8243;]<\/p>\n<p><img decoding=\"async\" class=\"intro-logo\" src=\"https:\/\/resasports.com\/wp-content\/uploads\/2022\/01\/RS-network-logo.png\" \/><\/p>\n<h1>Bist du auf der Suche nach<\/h1>\n<h1>einem Sportzentrum in deiner N\u00e4he?<\/h1>\n<p>\u00dcbe dein Sport aus wo und wann du willst mit Resasports.<\/p>\n<p><a href=\"https:\/\/social.resasports.com\/de\/\"><button class=\"intro-btn cursor-pointer\" data-gramm=\"false\">Erkunden<\/button><\/a><\/p>\n<p>[\/et_pb_text][\/et_pb_column][et_pb_column type=&#8220;1_2&#8243; module_class=&#8220;cursor&#8220; admin_label=&#8220;Right&#8220; _builder_version=&#8220;4.16&#8243; _dynamic_attributes=&#8220;link_option_url&#8220; _module_preset=&#8220;default&#8220; link_option_url=&#8220;@ET-DC@eyJkeW5hbWljIjp0cnVlLCJjb250ZW50IjoicG9zdF9saW5rX3VybF9wYWdlIiwic2V0dGluZ3MiOnsicG9zdF9pZCI6IjE1ODkifX0=@&#8220; global_colors_info=&#8220;{}&#8220;][et_pb_text module_class=&#8220;software cursor&#8220; _builder_version=&#8220;4.21.0&#8243; _module_preset=&#8220;default&#8220; text_font=&#8220;Raleway|500|||||||&#8220; text_text_color=&#8220;#122c34&#8243; header_font=&#8220;Raleway|900|||||||&#8220; header_text_color=&#8220;#122c34&#8243; header_font_size=&#8220;35px&#8220; background_color=&#8220;#e8eaeb&#8220; background_enable_image=&#8220;off&#8220; height=&#8220;97vh&#8220; max_height=&#8220;97vh&#8220; custom_margin=&#8220;||||true|false&#8220; custom_padding=&#8220;10%|10%||10%|false|false&#8220; link_option_url=&#8220;https:\/\/resasports.com\/de\/verwaltung\/&#8220; border_width_right=&#8220;1px&#8220; border_color_right=&#8220;#FFFFFF&#8220; global_colors_info=&#8220;{}&#8220; background__hover_enabled=&#8220;off|desktop&#8220; background_image__hover=&#8220;https:\/\/resawod.com\/old\/wp-content\/uploads\/sites\/2\/2021\/09\/RW-active-BG-02.png&#8220; background_enable_image__hover=&#8220;on&#8220;]<\/p>\n<p><img decoding=\"async\" class=\"intro-logo\" src=\"https:\/\/resasports.com\/wp-content\/uploads\/2022\/01\/RS-intro-logo.png\" \/><\/p>\n<h1>Verwaltest du ein<\/h1>\n<h1>Sportzentrum?<\/h1>\n<p>Entdecke Resasports, die spezialisierte Software f\u00fcr die Verwaltung von Sportzentren.<\/p>\n<p><a href=\"https:\/\/resasports.com\/de\/verwaltung\/\"><button class=\"intro-btn cursor-pointer\">Ich m\u00f6chte mehr \u00fcber die Software herausfinden<\/button><\/a><\/p>\n<p>[\/et_pb_text][\/et_pb_column][\/et_pb_row][\/et_pb_section][et_pb_section fb_built=&#8220;1&#8243; disabled_on=&#8220;off|on|on&#8220; admin_label=&#8220;intro mobile&#8220; _builder_version=&#8220;4.16&#8243; _module_preset=&#8220;default&#8220; custom_margin=&#8220;0px||0px||true|false&#8220; custom_padding=&#8220;0px||0px||true|false&#8220; locked=&#8220;off&#8220; global_colors_info=&#8220;{}&#8220;][et_pb_row column_structure=&#8220;1_2,1_2&#8243; use_custom_gutter=&#8220;on&#8220; gutter_width=&#8220;1&#8243; _builder_version=&#8220;4.16&#8243; _module_preset=&#8220;default&#8220; width=&#8220;100%&#8220; max_width=&#8220;100%&#8220; height=&#8220;60vh&#8220; max_height=&#8220;100vh&#8220; custom_padding=&#8220;0px||0px||true|false&#8220; global_colors_info=&#8220;{}&#8220;][et_pb_column type=&#8220;1_2&#8243; admin_label=&#8220;Left&#8220; _builder_version=&#8220;4.16&#8243; _module_preset=&#8220;default&#8220; link_option_url=&#8220;https:\/\/social.resasports.com\/de\/&#8220; global_colors_info=&#8220;{}&#8220;][et_pb_text _builder_version=&#8220;4.16&#8243; _module_preset=&#8220;default&#8220; text_font=&#8220;Raleway|500|||||||&#8220; text_text_color=&#8220;#122c34&#8243; header_font=&#8220;Raleway|800|||||||&#8220; header_text_color=&#8220;#122c34&#8243; background_color=&#8220;#e6faef&#8220; background_image=&#8220;https:\/\/resawod.com\/old\/wp-content\/uploads\/sites\/2\/2021\/09\/network-device-BG-02.png&#8220; height=&#8220;55vh&#8220; max_height=&#8220;97vh&#8220; custom_margin=&#8220;||||true|false&#8220; custom_padding=&#8220;3%|35%||10%|false|false&#8220; link_option_url=&#8220;https:\/\/social.resasports.com\/de\/&#8220; border_color_all=&#8220;RGBA(0,0,0,0)&#8220; border_width_top=&#8220;1px&#8220; border_color_top=&#8220;#FFFFFF&#8220; border_color_right=&#8220;#FFFFFF&#8220; border_color_bottom=&#8220;#FFFFFF&#8220; border_color_left=&#8220;#FFFFFF&#8220; locked=&#8220;off&#8220; global_colors_info=&#8220;{}&#8220; background_image__hover=&#8220;https:\/\/resawod.com\/old\/wp-content\/uploads\/sites\/2\/2021\/09\/RS-active-mobile-BG-01.png&#8220; background_enable_image__hover=&#8220;on&#8220; background__hover_enabled=&#8220;off|hover&#8220; height__hover=&#8220;97vh&#8220; height__hover_enabled=&#8220;off|desktop&#8220; parallax__hover=&#8220;off&#8220; background_size__hover=&#8220;cover&#8220;]<\/p>\n<p><img decoding=\"async\" class=\"intro-logo-mobile\" src=\"https:\/\/resasports.com\/wp-content\/uploads\/2022\/01\/RS-network-logo.png\" \/><\/p>\n<h1>Suchst du eine Sportstudios in deiner N\u00e4he?<\/h1>\n<p>\u00dcbe deinen Lieblingssport aus<br \/>wo und wann du willst mit<br \/>Resasports.<\/p>\n<p><a href=\"https:\/\/social.resasports.com\/de\/\"><button class=\"intro-btn\">Erkunden<\/button><\/a><\/p>\n<p>[\/et_pb_text][\/et_pb_column][et_pb_column type=&#8220;1_2&#8243; admin_label=&#8220;Right&#8220; _builder_version=&#8220;4.16&#8243; _module_preset=&#8220;default&#8220; global_colors_info=&#8220;{}&#8220;][et_pb_text _builder_version=&#8220;4.21.0&#8243; _dynamic_attributes=&#8220;link_option_url&#8220; _module_preset=&#8220;default&#8220; text_font=&#8220;Raleway|500|||||||&#8220; text_text_color=&#8220;#122c34&#8243; header_font=&#8220;Raleway|800|||||||&#8220; header_text_color=&#8220;#122c34&#8243; background_color=&#8220;#e8eaeb&#8220; background_image=&#8220;https:\/\/resawod.com\/old\/wp-content\/uploads\/sites\/2\/2021\/09\/software-device-BG.png&#8220; height=&#8220;55vh&#8220; max_height=&#8220;97vh&#8220; custom_margin=&#8220;||||true|false&#8220; custom_padding=&#8220;3%|40%||10%|false|false&#8220; link_option_url=&#8220;@ET-DC@eyJkeW5hbWljIjp0cnVlLCJjb250ZW50IjoicG9zdF9saW5rX3VybF9wYWdlIiwic2V0dGluZ3MiOnsicG9zdF9pZCI6IjkyNDQifX0=@&#8220; background_last_edited=&#8220;off|desktop&#8220; background_image_phone=&#8220;https:\/\/resawod.com\/old\/wp-content\/uploads\/sites\/2\/2021\/09\/RW-active-mobile-BG.png&#8220; background_enable_image_phone=&#8220;on&#8220; border_color_all=&#8220;RGBA(0,0,0,0)&#8220; border_color_right=&#8220;#FFFFFF&#8220; border_width_bottom=&#8220;1px&#8220; border_color_bottom=&#8220;#FFFFFF&#8220; global_colors_info=&#8220;{}&#8220; background__hover_enabled=&#8220;off|hover&#8220; background_image__hover=&#8220;https:\/\/resawod.com\/old\/wp-content\/uploads\/sites\/2\/2021\/09\/RW-active-BG-04.png&#8220; background_enable_image__hover=&#8220;on&#8220; height__hover_enabled=&#8220;off|desktop&#8220; height__hover=&#8220;97vh&#8220; background_size__hover=&#8220;cover&#8220; parallax__hover=&#8220;off&#8220;]<\/p>\n<p><img decoding=\"async\" class=\"intro-logo-mobile\" src=\"https:\/\/resasports.com\/wp-content\/uploads\/2022\/01\/RS-intro-logo.png\" \/><\/p>\n<h1>Verwaltest du eine Sportstudios?<\/h1>\n<p>Entdecke Resasports, die spezialisierte Software f\u00fcr die Verwaltung von<br \/>Sportstudios.<\/p>\n<p><a href=\"https:\/\/resasports.com\/de\/verwaltung\/\"><button class=\"intro-btn\">Ich m\u00f6chte mehr \u00fcber die Software herausfinden<\/button><\/a><\/p>\n<p>[\/et_pb_text][\/et_pb_column][\/et_pb_row][\/et_pb_section]<\/p>\n","protected":false},"excerpt":{"rendered":"<p>Bist du auf der Suche nach einem Sportzentrum in deiner N\u00e4he? \u00dcbe dein Sport aus wo und wann du willst mit Resasports. Erkunden Verwaltest du ein Sportzentrum? Entdecke Resasports, die spezialisierte Software f\u00fcr die Verwaltung von Sportzentren. Ich m\u00f6chte mehr \u00fcber die Software herausfinden Suchst du eine Sportstudios in deiner N\u00e4he? \u00dcbe deinen Lieblingssport auswo [&hellip;]<\/p>\n","protected":false},"author":3,"featured_media":0,"parent":0,"menu_order":0,"comment_status":"closed","ping_status":"closed","template":"page-template-blank.php","meta":{"_et_pb_use_builder":"on","_et_pb_old_content":"","_et_gb_content_width":"","content-type":"","footnotes":""},"class_list":["post-7494","page","type-page","status-publish","hentry"],"yoast_head":"<!-- This site is optimized with the Yoast SEO plugin v25.7 - https:\/\/yoast.com\/wordpress\/plugins\/seo\/ -->\n<title>Entdecken Sie Resasports<\/title>\n<meta name=\"description\" content=\"Bist du auf der Suche nach einem Sportzentrum in deiner N\u00e4he?\u00dcbe dein Sport aus wo und wann du willst mit Resasports.\" \/>\n<meta name=\"robots\" content=\"index, follow, max-snippet:-1, max-image-preview:large, max-video-preview:-1\" \/>\n<link rel=\"canonical\" href=\"https:\/\/resasports.com\/de\/\" \/>\n<meta property=\"og:locale\" content=\"de_DE\" \/>\n<meta property=\"og:type\" content=\"article\" \/>\n<meta property=\"og:title\" content=\"Entdecken Sie Resasports\" \/>\n<meta property=\"og:description\" content=\"Bist du auf der Suche nach einem Sportzentrum in deiner N\u00e4he?\u00dcbe dein Sport aus wo und wann du willst mit Resasports.\" \/>\n<meta property=\"og:url\" content=\"https:\/\/resasports.com\/de\/\" \/>\n<meta property=\"og:site_name\" content=\"Resasports\" \/>\n<meta property=\"article:modified_time\" content=\"2024-06-24T11:02:22+00:00\" \/>\n<meta property=\"og:image\" content=\"https:\/\/resasports.com\/wp-content\/uploads\/2022\/01\/RS-network-logo.png\" \/>\n<meta name=\"twitter:card\" content=\"summary_large_image\" \/>\n<meta name=\"twitter:label1\" content=\"Gesch\u00e4tzte Lesezeit\" \/>\n\t<meta name=\"twitter:data1\" content=\"3\u00a0Minuten\" \/>\n<script type=\"application\/ld+json\" class=\"yoast-schema-graph\">{\"@context\":\"https:\/\/schema.org\",\"@graph\":[{\"@type\":\"WebPage\",\"@id\":\"https:\/\/resasports.com\/de\/\",\"url\":\"https:\/\/resasports.com\/de\/\",\"name\":\"Entdecken Sie Resasports\",\"isPartOf\":{\"@id\":\"https:\/\/resasports.com\/de\/#website\"},\"primaryImageOfPage\":{\"@id\":\"https:\/\/resasports.com\/de\/#primaryimage\"},\"image\":{\"@id\":\"https:\/\/resasports.com\/de\/#primaryimage\"},\"thumbnailUrl\":\"https:\/\/resasports.com\/wp-content\/uploads\/2022\/01\/RS-network-logo.png\",\"datePublished\":\"2022-01-12T07:38:57+00:00\",\"dateModified\":\"2024-06-24T11:02:22+00:00\",\"description\":\"Bist du auf der Suche nach einem Sportzentrum in deiner N\u00e4he?\u00dcbe dein Sport aus wo und wann du willst mit Resasports.\",\"breadcrumb\":{\"@id\":\"https:\/\/resasports.com\/de\/#breadcrumb\"},\"inLanguage\":\"de\",\"potentialAction\":[{\"@type\":\"ReadAction\",\"target\":[\"https:\/\/resasports.com\/de\/\"]}]},{\"@type\":\"ImageObject\",\"inLanguage\":\"de\",\"@id\":\"https:\/\/resasports.com\/de\/#primaryimage\",\"url\":\"https:\/\/resasports.com\/wp-content\/uploads\/2022\/01\/RS-network-logo.png\",\"contentUrl\":\"https:\/\/resasports.com\/wp-content\/uploads\/2022\/01\/RS-network-logo.png\"},{\"@type\":\"BreadcrumbList\",\"@id\":\"https:\/\/resasports.com\/de\/#breadcrumb\",\"itemListElement\":[{\"@type\":\"ListItem\",\"position\":1,\"name\":\"Portada\",\"item\":\"https:\/\/resasports.com\/de\/\"},{\"@type\":\"ListItem\",\"position\":2,\"name\":\"Home\"}]},{\"@type\":\"WebSite\",\"@id\":\"https:\/\/resasports.com\/de\/#website\",\"url\":\"https:\/\/resasports.com\/de\/\",\"name\":\"Resasports\",\"description\":\"\",\"potentialAction\":[{\"@type\":\"SearchAction\",\"target\":{\"@type\":\"EntryPoint\",\"urlTemplate\":\"https:\/\/resasports.com\/de\/?s={search_term_string}\"},\"query-input\":{\"@type\":\"PropertyValueSpecification\",\"valueRequired\":true,\"valueName\":\"search_term_string\"}}],\"inLanguage\":\"de\"}]}<\/script>\n<!-- \/ Yoast SEO plugin. -->","yoast_head_json":{"title":"Entdecken Sie Resasports","description":"Bist du auf der Suche nach einem Sportzentrum in deiner N\u00e4he?\u00dcbe dein Sport aus wo und wann du willst mit Resasports.","robots":{"index":"index","follow":"follow","max-snippet":"max-snippet:-1","max-image-preview":"max-image-preview:large","max-video-preview":"max-video-preview:-1"},"canonical":"https:\/\/resasports.com\/de\/","og_locale":"de_DE","og_type":"article","og_title":"Entdecken Sie Resasports","og_description":"Bist du auf der Suche nach einem Sportzentrum in deiner N\u00e4he?\u00dcbe dein Sport aus wo und wann du willst mit Resasports.","og_url":"https:\/\/resasports.com\/de\/","og_site_name":"Resasports","article_modified_time":"2024-06-24T11:02:22+00:00","og_image":[{"url":"https:\/\/resasports.com\/wp-content\/uploads\/2022\/01\/RS-network-logo.png","type":"","width":"","height":""}],"twitter_card":"summary_large_image","twitter_misc":{"Gesch\u00e4tzte Lesezeit":"3\u00a0Minuten"},"schema":{"@context":"https:\/\/schema.org","@graph":[{"@type":"WebPage","@id":"https:\/\/resasports.com\/de\/","url":"https:\/\/resasports.com\/de\/","name":"Entdecken Sie Resasports","isPartOf":{"@id":"https:\/\/resasports.com\/de\/#website"},"primaryImageOfPage":{"@id":"https:\/\/resasports.com\/de\/#primaryimage"},"image":{"@id":"https:\/\/resasports.com\/de\/#primaryimage"},"thumbnailUrl":"https:\/\/resasports.com\/wp-content\/uploads\/2022\/01\/RS-network-logo.png","datePublished":"2022-01-12T07:38:57+00:00","dateModified":"2024-06-24T11:02:22+00:00","description":"Bist du auf der Suche nach einem Sportzentrum in deiner N\u00e4he?\u00dcbe dein Sport aus wo und wann du willst mit Resasports.","breadcrumb":{"@id":"https:\/\/resasports.com\/de\/#breadcrumb"},"inLanguage":"de","potentialAction":[{"@type":"ReadAction","target":["https:\/\/resasports.com\/de\/"]}]},{"@type":"ImageObject","inLanguage":"de","@id":"https:\/\/resasports.com\/de\/#primaryimage","url":"https:\/\/resasports.com\/wp-content\/uploads\/2022\/01\/RS-network-logo.png","contentUrl":"https:\/\/resasports.com\/wp-content\/uploads\/2022\/01\/RS-network-logo.png"},{"@type":"BreadcrumbList","@id":"https:\/\/resasports.com\/de\/#breadcrumb","itemListElement":[{"@type":"ListItem","position":1,"name":"Portada","item":"https:\/\/resasports.com\/de\/"},{"@type":"ListItem","position":2,"name":"Home"}]},{"@type":"WebSite","@id":"https:\/\/resasports.com\/de\/#website","url":"https:\/\/resasports.com\/de\/","name":"Resasports","description":"","potentialAction":[{"@type":"SearchAction","target":{"@type":"EntryPoint","urlTemplate":"https:\/\/resasports.com\/de\/?s={search_term_string}"},"query-input":{"@type":"PropertyValueSpecification","valueRequired":true,"valueName":"search_term_string"}}],"inLanguage":"de"}]}},"_links":{"self":[{"href":"https:\/\/resasports.com\/de\/wp-json\/wp\/v2\/pages\/7494","targetHints":{"allow":["GET"]}}],"collection":[{"href":"https:\/\/resasports.com\/de\/wp-json\/wp\/v2\/pages"}],"about":[{"href":"https:\/\/resasports.com\/de\/wp-json\/wp\/v2\/types\/page"}],"author":[{"embeddable":true,"href":"https:\/\/resasports.com\/de\/wp-json\/wp\/v2\/users\/3"}],"replies":[{"embeddable":true,"href":"https:\/\/resasports.com\/de\/wp-json\/wp\/v2\/comments?post=7494"}],"version-history":[{"count":51,"href":"https:\/\/resasports.com\/de\/wp-json\/wp\/v2\/pages\/7494\/revisions"}],"predecessor-version":[{"id":24671,"href":"https:\/\/resasports.com\/de\/wp-json\/wp\/v2\/pages\/7494\/revisions\/24671"}],"wp:attachment":[{"href":"https:\/\/resasports.com\/de\/wp-json\/wp\/v2\/media?parent=7494"}],"curies":[{"name":"wp","href":"https:\/\/api.w.org\/{rel}","templated":true}]}}