{"id":14323,"date":"2023-01-17T12:16:31","date_gmt":"2023-01-17T12:16:31","guid":{"rendered":"https:\/\/resasports.com\/?page_id=14323"},"modified":"2023-10-10T15:13:52","modified_gmt":"2023-10-10T15:13:52","slug":"partner-singular-wod","status":"publish","type":"page","link":"https:\/\/resasports.com\/de\/partner-singular-wod\/","title":{"rendered":"Singular Wod"},"content":{"rendered":"<p>[et_pb_section fb_built=&#8220;1&#8243; _builder_version=&#8220;4.17.4&#8243; _module_preset=&#8220;default&#8220; custom_padding=&#8220;0px||||false|false&#8220; locked=&#8220;off&#8220; global_colors_info=&#8220;{}&#8220;][et_pb_row _builder_version=&#8220;4.17.4&#8243; _module_preset=&#8220;default&#8220; border_width_bottom=&#8220;1px&#8220; border_color_bottom=&#8220;rgba(9,133,88,0.25)&#8220; global_colors_info=&#8220;{}&#8220;][et_pb_column type=&#8220;4_4&#8243; _builder_version=&#8220;4.17.4&#8243; _module_preset=&#8220;default&#8220; global_colors_info=&#8220;{}&#8220;][et_pb_image src=&#8220;https:\/\/resasports.com\/wp-content\/uploads\/2023\/01\/singular-wod-1.png&#8220; title_text=&#8220;singular-wod&#8220; align=&#8220;right&#8220; _builder_version=&#8220;4.17.4&#8243; _module_preset=&#8220;default&#8220; max_width=&#8220;25%&#8220; global_colors_info=&#8220;{}&#8220;][\/et_pb_image][\/et_pb_column][\/et_pb_row][et_pb_row _builder_version=&#8220;4.17.4&#8243; _module_preset=&#8220;default&#8220; global_colors_info=&#8220;{}&#8220;][et_pb_column type=&#8220;4_4&#8243; _builder_version=&#8220;4.17.4&#8243; _module_preset=&#8220;default&#8220; global_colors_info=&#8220;{}&#8220;][et_pb_text _builder_version=&#8220;4.21.0&#8243; _module_preset=&#8220;default&#8220; header_2_font=&#8220;Raleway|800|||||||&#8220; header_2_text_color=&#8220;#098558&#8243; header_2_font_size=&#8220;40px&#8220; background_enable_color=&#8220;off&#8220; custom_padding=&#8220;||||true|false&#8220; hover_enabled=&#8220;0&#8243; locked=&#8220;off&#8220; global_colors_info=&#8220;{}&#8220; sticky_enabled=&#8220;0&#8243;]<\/p>\n<h1 style=\"text-align: left\">Trainiere mit dem besten Material von Singular Wod und Resasports.<\/h1>\n<p>[\/et_pb_text][et_pb_image src=&#8220;https:\/\/resasports.com\/wp-content\/uploads\/2023\/01\/02.png&#8220; title_text=&#8220;02&#8243; align=&#8220;center&#8220; _builder_version=&#8220;4.17.4&#8243; _module_preset=&#8220;default&#8220; custom_padding=&#8220;||||false|true&#8220; global_colors_info=&#8220;{}&#8220;][\/et_pb_image][\/et_pb_column][\/et_pb_row][et_pb_row _builder_version=&#8220;4.17.4&#8243; _module_preset=&#8220;default&#8220; global_colors_info=&#8220;{}&#8220;][et_pb_column type=&#8220;4_4&#8243; _builder_version=&#8220;4.17.4&#8243; _module_preset=&#8220;default&#8220; global_colors_info=&#8220;{}&#8220;][et_pb_text _builder_version=&#8220;4.17.4&#8243; _module_preset=&#8220;default&#8220; text_font=&#8220;Raleway||||||||&#8220; text_text_color=&#8220;#098558&#8243; text_font_size=&#8220;16px&#8220; global_colors_info=&#8220;{}&#8220;]<span data-sheets-value=\"{&quot;1&quot;:2,&quot;2&quot;:&quot;Wir haben uns Singular WOD angeschlossen, um Ihnen die besten Sportger\u00e4te f\u00fcr Ihr Training anzubieten.&quot;}\" data-sheets-userformat=\"{&quot;2&quot;:769,&quot;3&quot;:{&quot;1&quot;:0},&quot;11&quot;:4,&quot;12&quot;:0}\">Wir haben uns Singular WOD angeschlossen, um Ihnen die besten Sportger\u00e4te f\u00fcr Ihr Training anzubieten.<\/span><\/p>\n<p><span data-sheets-value=\"{&quot;1&quot;:2,&quot;2&quot;:&quot;Nur weil du Teil des Team Resawod bist, bekommst du Singular WOD Ausr\u00fcstung zu einem unschlagbaren Preis:&quot;}\" data-sheets-userformat=\"{&quot;2&quot;:769,&quot;3&quot;:{&quot;1&quot;:0},&quot;11&quot;:4,&quot;12&quot;:0}\">Dank unseres Benefits Program erhalten Sie einzigartiges WOD-Material zu einem unschlagbaren Preis:<\/span><\/p>\n<ul class=\"p-rich_text_list p-rich_text_list__bullet\" data-stringify-type=\"unordered-list\" data-indent=\"0\" data-border=\"0\">\n<li data-stringify-indent=\"0\" data-stringify-border=\"0\">Gestelle<\/li>\n<li data-stringify-indent=\"0\" data-stringify-border=\"0\">Platten und Kettlebells<\/li>\n<li data-stringify-indent=\"0\" data-stringify-border=\"0\">Gewichtswesten<\/li>\n<li data-stringify-indent=\"0\" data-stringify-border=\"0\">Olympiast\u00e4be<\/li>\n<li data-stringify-indent=\"0\" data-stringify-border=\"0\"><span data-sheets-value=\"{&quot;1&quot;:2,&quot;2&quot;:&quot;Und exklusive Ausr\u00fcstung f\u00fcr Team Resawod&quot;}\" data-sheets-userformat=\"{&quot;2&quot;:513,&quot;3&quot;:{&quot;1&quot;:0},&quot;12&quot;:0}\">Und exklusive Ausr\u00fcstung f\u00fcr Resasports<\/span><\/li>\n<\/ul>\n<div class=\"et_pb_section et_pb_section_0 partnersscreen-spacing et_pb_with_background et_section_regular\">\n<div class=\"et_pb_row et_pb_row_0 partnersrow-spacing et_pb_gutters4 et-last-child\">\n<div class=\"et_pb_column et_pb_column_1_2 et_pb_column_1  et_pb_css_mix_blend_mode_passthrough et-last-child\">\n<div class=\"et_pb_module et_pb_text et_pb_text_2  et_pb_text_align_left et_pb_bg_layout_light\">\n<div class=\"et_pb_text_inner\">\n<p>Und wenn Sie eine neue Box er\u00f6ffnen, haben wir ein Angebot, das Sie nicht ablehnen k\u00f6nnen. Werden Sie eine Sportzentrum &#8222;<strong>Powered by Singular WOD<\/strong>\u201c mit Resasports.<\/p>\n<\/div>\n<\/div>\n<\/div>\n<\/div>\n<\/div>\n<p>[\/et_pb_text][\/et_pb_column][\/et_pb_row][\/et_pb_section][et_pb_section fb_built=&#8220;1&#8243; _builder_version=&#8220;4.17.4&#8243; _module_preset=&#8220;default&#8220; background_enable_color=&#8220;off&#8220; locked=&#8220;off&#8220; global_colors_info=&#8220;{}&#8220;][et_pb_row column_structure=&#8220;1_2,1_2&#8243; _builder_version=&#8220;4.17.2&#8243; _module_preset=&#8220;default&#8220; global_colors_info=&#8220;{}&#8220;][et_pb_column type=&#8220;1_2&#8243; _builder_version=&#8220;4.17.2&#8243; _module_preset=&#8220;default&#8220; global_colors_info=&#8220;{}&#8220;][et_pb_image src=&#8220;https:\/\/resasports.com\/wp-content\/uploads\/2021\/11\/form-phone-RS-07.png&#8220; title_text=&#8220;form-phone-RS-07&#8243; align=&#8220;center&#8220; _builder_version=&#8220;4.17.4&#8243; _module_preset=&#8220;default&#8220; max_width=&#8220;70%&#8220; global_colors_info=&#8220;{}&#8220;][\/et_pb_image][\/et_pb_column][et_pb_column type=&#8220;1_2&#8243; _builder_version=&#8220;4.17.2&#8243; _module_preset=&#8220;default&#8220; global_colors_info=&#8220;{}&#8220;][et_pb_text content_tablet=&#8220;<\/p>\n<h2>Ihre Zeugnisse sind Punkt, Spiel und Treffer<\/h2>\n<p>&#8220; content_phone=&#8220;&#8220; content_last_edited=&#8220;on|tablet&#8220; _builder_version=&#8220;4.17.4&#8243; _module_preset=&#8220;default&#8220; text_font=&#8220;Raleway||||||||&#8220; header_2_font=&#8220;Raleway|900|||||||&#8220; header_2_text_color=&#8220;#122c34&#8243; header_2_font_size=&#8220;24px&#8220; custom_padding=&#8220;35px||||false|false&#8220; animation_direction=&#8220;bottom&#8220; locked=&#8220;off&#8220; global_colors_info=&#8220;{}&#8220;]<\/p>\n<h2><span data-sheets-value=\"{&quot;1&quot;:2,&quot;2&quot;:&quot;M\u00f6chten Sie mehr \u00fcber diese Partnerschaft erfahren?&quot;}\" data-sheets-userformat=\"{&quot;2&quot;:513,&quot;3&quot;:{&quot;1&quot;:0},&quot;12&quot;:0}\">M\u00f6chten Sie mehr \u00fcber diese Benefits Program erfahren?<\/span><\/h2>\n<div class=\"et_pb_module et_pb_text et_pb_text_3  et_pb_text_align_left et_pb_bg_layout_light\">\n<div class=\"et_pb_text_inner\" style=\"margin: 0px;padding: 0px;border: 0px;font-size: 14px;vertical-align: baseline;background: transparent;position: relative\" data-et-multi-view=\"{&quot;schema&quot;:{&quot;content&quot;:{&quot;desktop&quot;:&quot;&lt;h2 style=\\&quot;text-align: left\\&quot;&gt;&lt;span data-sheets-value=\\&quot;{&quot;1&quot;:2,&quot;2&quot;:&quot;M\u00f6chten Sie mehr \u00fcber diese Partnerschaft erfahren?&quot;}\\&quot; data-sheets-userformat=\\&quot;{&quot;2&quot;:513,&quot;3&quot;:{&quot;1&quot;:0},&quot;12&quot;:0}\\&quot;&gt;M\u00f6chten Sie mehr \u00fcber diese Benefits Program erfahren?&lt;\\\/span&gt;&lt;\\\/h2&gt;\\n&lt;div class=\\&quot;et_pb_module et_pb_text et_pb_text_3 et_pb_text_align_left et_pb_bg_layout_light\\&quot;&gt;\\n&lt;div class=\\&quot;et_pb_text_inner\\&quot; style=\\&quot;margin: 0px;padding: 0px;border: 0px;font-size: 14px;vertical-align: baseline;background: transparent\\&quot; data-et-multi-view=\\&quot;{&quot;schema&quot;:{&quot;content&quot;:{&quot;desktop&quot;:&quot;&amp;lt;h2 style=\\&quot;text-align: left\\&quot;&amp;gt;&amp;lt;span data-sheets-value=\\&quot;{&quot;1&quot;:2,&quot;2&quot;:&quot;M\u00f6chten Sie mehr \u00fcber diese Partnerschaft erfahren?&quot;}\\&quot; data-sheets-userformat=\\&quot;{&quot;2&quot;:513,&quot;3&quot;:{&quot;1&quot;:0},&quot;12&quot;:0}\\&quot;&amp;gt;M\u00f6chten Sie mehr \u00fcber dieses Benefits Program erfahren?&amp;lt;\\\/span&amp;gt;&amp;lt;\\\/h2&amp;gt;\\r\\n&amp;lt;span data-sheets-value=\\&quot;{&quot;1&quot;:2,&quot;2&quot;:&quot;F\u00fcllen Sie das Formular aus, und wir werden uns mit Ihnen in Verbindung setzen, um Ihnen alle Informationen dar\u00fcber zukommen zu lassen, wie Sie von dieser Partnerschaft profitieren k\u00f6nnen, exklusiv weil Sie Teil des Team Resawod sind.&quot;}\\&quot; data-sheets-userformat=\\&quot;{&quot;2&quot;:769,&quot;3&quot;:{&quot;1&quot;:0},&quot;11&quot;:4,&quot;12&quot;:0}\\&quot;&amp;gt;F\u00fcllen Sie das Formular aus, und wir werden uns mit Ihnen in Verbindung setzen, um Ihnen alle Informationen dar\u00fcber zukommen zu lassen, wie Sie von dieser Zusammenarbeit im Rahmen unseres Benefits Program profitieren k\u00a8\u00a8onnen, nur weil Sie Teil des Team Resawod sind&amp;lt;\\\/span&amp;gt;&amp;lt;span data-sheets-value=\\&quot;{&quot;1&quot;:2,&quot;2&quot;:&quot;F\u00fcllen Sie das Formular aus, und wir werden uns mit Ihnen in Verbindung setzen, um Ihnen alle Informationen dar\u00fcber zukommen zu lassen, wie Sie von dieser Partnerschaft profitieren k\u00f6nnen, exklusiv weil Sie Teil des Team Resawod sind.&quot;}\\&quot; data-sheets-userformat=\\&quot;{&quot;2&quot;:769,&quot;3&quot;:{&quot;1&quot;:0},&quot;11&quot;:4,&quot;12&quot;:0}\\&quot;&amp;gt;.&amp;lt;\\\/span&amp;gt;&quot;,&quot;tablet&quot;:&quot;&amp;lt;h2&amp;gt;Ihre Zeugnisse sind von Bedeutung, Spiel und Wettkampf&amp;lt;\\\/h2&amp;gt;&quot;,&quot;phone&quot;:&quot;&quot;}},&quot;slug&quot;:&quot;et_pb_text&quot;}\\&quot; data-et-multi-view-load-tablet-hidden=\\&quot;true\\&quot; data-et-multi-view-load-phone-hidden=\\&quot;true\\&quot;&gt;&lt;span data-sheets-value=\\&quot;{&quot;1&quot;:2,&quot;2&quot;:&quot;F\u00fcllen Sie das Formular aus, und wir werden uns mit Ihnen in Verbindung setzen, um Ihnen alle Informationen dar\u00fcber zukommen zu lassen, wie Sie von dieser Partnerschaft profitieren k\u00f6nnen, exklusiv weil Sie Teil des Team Resawod sind.&quot;}\\&quot; data-sheets-userformat=\\&quot;{&quot;2&quot;:769,&quot;3&quot;:{&quot;1&quot;:0},&quot;11&quot;:4,&quot;12&quot;:0}\\&quot;&gt;F\u00fcllen Sie das Formular aus, und wir werden uns mit Ihnen in Verbindung setzen, um Ihnen alle Informationen dar\u00fcber zukommen zu lassen, wie Sie von dieser Zusammenarbeit im Rahmen unseres Benefits Program profitieren k\u00f6nnen, nur weil Sie Teil des Team Resasports sind&lt;\\\/span&gt;&lt;span data-sheets-value=\\&quot;{&quot;1&quot;:2,&quot;2&quot;:&quot;F\u00fcllen Sie das Formular aus, und wir werden uns mit Ihnen in Verbindung setzen, um Ihnen alle Informationen dar\u00fcber zukommen zu lassen, wie Sie von dieser Partnerschaft profitieren k\u00f6nnen, exklusiv weil Sie Teil des Team Resawod sind.&quot;}\\&quot; data-sheets-userformat=\\&quot;{&quot;2&quot;:769,&quot;3&quot;:{&quot;1&quot;:0},&quot;11&quot;:4,&quot;12&quot;:0}\\&quot;&gt;.&lt;\\\/span&gt;&lt;\\\/div&gt;\\n&lt;\\\/div&gt;\\n&lt;div class=\\&quot;et_pb_module et_pb_text et_pb_text_4 et_pb_text_align_left et_pb_bg_layout_light\\&quot;&gt;\\n&lt;div class=\\&quot;et_pb_text_inner\\&quot;&gt;\\n&lt;div id=\\&quot;hbspt-form-1663227966000-3359285841\\&quot; class=\\&quot;hbspt-form\\&quot;&gt;&lt;\\\/div&gt;\\n&lt;\\\/div&gt;\\n&lt;\\\/div&gt;&quot;,&quot;tablet&quot;:&quot;&lt;h2&gt;Ihre Zeugnisse sind von Bedeutung, Spiel und Wettkampf&lt;\\\/h2&gt;&quot;,&quot;phone&quot;:&quot;&quot;}},&quot;slug&quot;:&quot;et_pb_text&quot;}\" data-et-multi-view-load-tablet-hidden=\"true\" data-et-multi-view-load-phone-hidden=\"true\">\n<div class=\"et_pb_module et_pb_text et_pb_text_3 et_pb_text_align_left et_pb_bg_layout_light\">\n<div class=\"et_pb_text_inner\" style=\"margin: 0px;padding: 0px;border: 0px;font-size: 14px;vertical-align: baseline;background: transparent;position: relative\" data-et-multi-view=\"{&quot;schema&quot;:{&quot;content&quot;:{&quot;desktop&quot;:&quot;&lt;h2 style=\\&quot;text-align: left\\&quot;&gt;&lt;span data-sheets-value=\\&quot;{&quot;1&quot;:2,&quot;2&quot;:&quot;M\u00f6chten Sie mehr \u00fcber diese Partnerschaft erfahren?&quot;}\\&quot; data-sheets-userformat=\\&quot;{&quot;2&quot;:513,&quot;3&quot;:{&quot;1&quot;:0},&quot;12&quot;:0}\\&quot;&gt;M\u00f6chten Sie mehr \u00fcber dieses Benefits Program erfahren?&lt;\\\/span&gt;&lt;\\\/h2&gt;\\r\\n&lt;span data-sheets-value=\\&quot;{&quot;1&quot;:2,&quot;2&quot;:&quot;F\u00fcllen Sie das Formular aus, und wir werden uns mit Ihnen in Verbindung setzen, um Ihnen alle Informationen dar\u00fcber zukommen zu lassen, wie Sie von dieser Partnerschaft profitieren k\u00f6nnen, exklusiv weil Sie Teil des Team Resawod sind.&quot;}\\&quot; data-sheets-userformat=\\&quot;{&quot;2&quot;:769,&quot;3&quot;:{&quot;1&quot;:0},&quot;11&quot;:4,&quot;12&quot;:0}\\&quot;&gt;F\u00fcllen Sie das Formular aus, und wir werden uns mit Ihnen in Verbindung setzen, um Ihnen alle Informationen dar\u00fcber zukommen zu lassen, wie Sie von dieser Zusammenarbeit im Rahmen unseres Benefits Program profitieren k\u00a8\u00a8onnen, nur weil Sie Teil des Team Resawod sind&lt;\\\/span&gt;&lt;span data-sheets-value=\\&quot;{&quot;1&quot;:2,&quot;2&quot;:&quot;F\u00fcllen Sie das Formular aus, und wir werden uns mit Ihnen in Verbindung setzen, um Ihnen alle Informationen dar\u00fcber zukommen zu lassen, wie Sie von dieser Partnerschaft profitieren k\u00f6nnen, exklusiv weil Sie Teil des Team Resawod sind.&quot;}\\&quot; data-sheets-userformat=\\&quot;{&quot;2&quot;:769,&quot;3&quot;:{&quot;1&quot;:0},&quot;11&quot;:4,&quot;12&quot;:0}\\&quot;&gt;.&lt;\\\/span&gt;&quot;,&quot;tablet&quot;:&quot;&lt;h2&gt;Ihre Zeugnisse sind von Bedeutung, Spiel und Wettkampf&lt;\\\/h2&gt;&quot;,&quot;phone&quot;:&quot;&quot;}},&quot;slug&quot;:&quot;et_pb_text&quot;}\" data-et-multi-view-load-tablet-hidden=\"true\" data-et-multi-view-load-phone-hidden=\"true\"><span data-sheets-value=\"{&quot;1&quot;:2,&quot;2&quot;:&quot;F\u00fcllen Sie das Formular aus, und wir werden uns mit Ihnen in Verbindung setzen, um Ihnen alle Informationen dar\u00fcber zukommen zu lassen, wie Sie von dieser Partnerschaft profitieren k\u00f6nnen, exklusiv weil Sie Teil des Team Resawod sind.&quot;}\" data-sheets-userformat=\"{&quot;2&quot;:769,&quot;3&quot;:{&quot;1&quot;:0},&quot;11&quot;:4,&quot;12&quot;:0}\">F\u00fcllen Sie das Formular aus, und wir werden uns mit Ihnen in Verbindung setzen, um Ihnen alle Informationen dar\u00fcber zukommen zu lassen, wie Sie von dieser Zusammenarbeit im Rahmen unseres Benefits Program profitieren k\u00f6nnen, nur weil Sie Teil des Team Resasports sind<\/span><span data-sheets-value=\"{&quot;1&quot;:2,&quot;2&quot;:&quot;F\u00fcllen Sie das Formular aus, und wir werden uns mit Ihnen in Verbindung setzen, um Ihnen alle Informationen dar\u00fcber zukommen zu lassen, wie Sie von dieser Partnerschaft profitieren k\u00f6nnen, exklusiv weil Sie Teil des Team Resawod sind.&quot;}\" data-sheets-userformat=\"{&quot;2&quot;:769,&quot;3&quot;:{&quot;1&quot;:0},&quot;11&quot;:4,&quot;12&quot;:0}\">.<\/span><\/div>\n<\/div>\n<\/div>\n<\/div>\n<p>[\/et_pb_text][et_pb_text _builder_version=&#8220;4.17.2&#8243; _module_preset=&#8220;default&#8220; custom_padding=&#8220;|10%||10%|false|true&#8220; global_colors_info=&#8220;{}&#8220;]<\/p>\n\n\t\t\t\t\t<script>\n\t\t\t\t\t\twindow.hsFormsOnReady = window.hsFormsOnReady || [];\n\t\t\t\t\t\twindow.hsFormsOnReady.push(()=>{\n\t\t\t\t\t\t\thbspt.forms.create({\n\t\t\t\t\t\t\t\tportalId: 6234568,\n\t\t\t\t\t\t\t\tformId: \"be9d2ba2-3b55-46f5-a601-6aad19a80908\",\n\t\t\t\t\t\t\t\ttarget: \"#hbspt-form-1775648853000-5637234657\",\n\t\t\t\t\t\t\t\tregion: \"na1\",\n\t\t\t\t\t\t\t\t\n\t\t\t\t\t\t})});\n\t\t\t\t\t<\/script>\n\t\t\t\t\t<div class=\"hbspt-form\" id=\"hbspt-form-1775648853000-5637234657\"><\/div>\n<p>[\/et_pb_text][\/et_pb_column][\/et_pb_row][\/et_pb_section]<\/p>\n","protected":false},"excerpt":{"rendered":"<p>Trainiere mit dem besten Material von Singular Wod und Resasports.Wir haben uns Singular WOD angeschlossen, um Ihnen die besten Sportger\u00e4te f\u00fcr Ihr Training anzubieten. Dank unseres Benefits Program erhalten Sie einzigartiges WOD-Material zu einem unschlagbaren Preis: Gestelle Platten und Kettlebells Gewichtswesten Olympiast\u00e4be Und exklusive Ausr\u00fcstung f\u00fcr Resasports Und wenn Sie eine neue Box er\u00f6ffnen, haben [&hellip;]<\/p>\n","protected":false},"author":3,"featured_media":0,"parent":0,"menu_order":0,"comment_status":"closed","ping_status":"closed","template":"","meta":{"_et_pb_use_builder":"on","_et_pb_old_content":"","_et_gb_content_width":"","content-type":"","footnotes":""},"class_list":["post-14323","page","type-page","status-publish","hentry"],"yoast_head":"<!-- This site is optimized with the Yoast SEO plugin v25.7 - https:\/\/yoast.com\/wordpress\/plugins\/seo\/ -->\n<title>Trainieren Sie mit der besten Material Singular Wod mit Resasports<\/title>\n<meta name=\"description\" content=\"Resasports schlie\u00dft sich Singular WOD an, um Ihnen dank seines Vorteilsprogramms die besten Sportger\u00e4te f\u00fcr Ihr Training anzubieten.\" \/>\n<meta name=\"robots\" content=\"index, follow, max-snippet:-1, max-image-preview:large, max-video-preview:-1\" \/>\n<link rel=\"canonical\" href=\"https:\/\/resasports.com\/de\/partner-singular-wod\/\" \/>\n<meta property=\"og:locale\" content=\"de_DE\" \/>\n<meta property=\"og:type\" content=\"article\" \/>\n<meta property=\"og:title\" content=\"Trainieren Sie mit der besten Material Singular Wod mit Resasports\" \/>\n<meta property=\"og:description\" content=\"Resasports schlie\u00dft sich Singular WOD an, um Ihnen dank seines Vorteilsprogramms die besten Sportger\u00e4te f\u00fcr Ihr Training anzubieten.\" \/>\n<meta property=\"og:url\" content=\"https:\/\/resasports.com\/de\/partner-singular-wod\/\" \/>\n<meta property=\"og:site_name\" content=\"Resasports\" \/>\n<meta property=\"article:modified_time\" content=\"2023-10-10T15:13:52+00:00\" \/>\n<meta name=\"twitter:card\" content=\"summary_large_image\" \/>\n<meta name=\"twitter:label1\" content=\"Gesch\u00e4tzte Lesezeit\" \/>\n\t<meta name=\"twitter:data1\" content=\"3\u00a0Minuten\" \/>\n<script type=\"application\/ld+json\" class=\"yoast-schema-graph\">{\"@context\":\"https:\/\/schema.org\",\"@graph\":[{\"@type\":\"WebPage\",\"@id\":\"https:\/\/resasports.com\/de\/partner-singular-wod\/\",\"url\":\"https:\/\/resasports.com\/de\/partner-singular-wod\/\",\"name\":\"Trainieren Sie mit der besten Material Singular Wod mit Resasports\",\"isPartOf\":{\"@id\":\"https:\/\/resasports.com\/de\/#website\"},\"datePublished\":\"2023-01-17T12:16:31+00:00\",\"dateModified\":\"2023-10-10T15:13:52+00:00\",\"description\":\"Resasports schlie\u00dft sich Singular WOD an, um Ihnen dank seines Vorteilsprogramms die besten Sportger\u00e4te f\u00fcr Ihr Training anzubieten.\",\"breadcrumb\":{\"@id\":\"https:\/\/resasports.com\/de\/partner-singular-wod\/#breadcrumb\"},\"inLanguage\":\"de\",\"potentialAction\":[{\"@type\":\"ReadAction\",\"target\":[\"https:\/\/resasports.com\/de\/partner-singular-wod\/\"]}]},{\"@type\":\"BreadcrumbList\",\"@id\":\"https:\/\/resasports.com\/de\/partner-singular-wod\/#breadcrumb\",\"itemListElement\":[{\"@type\":\"ListItem\",\"position\":1,\"name\":\"Portada\",\"item\":\"https:\/\/resasports.com\/de\/\"},{\"@type\":\"ListItem\",\"position\":2,\"name\":\"Singular Wod\"}]},{\"@type\":\"WebSite\",\"@id\":\"https:\/\/resasports.com\/de\/#website\",\"url\":\"https:\/\/resasports.com\/de\/\",\"name\":\"Resasports\",\"description\":\"\",\"potentialAction\":[{\"@type\":\"SearchAction\",\"target\":{\"@type\":\"EntryPoint\",\"urlTemplate\":\"https:\/\/resasports.com\/de\/?s={search_term_string}\"},\"query-input\":{\"@type\":\"PropertyValueSpecification\",\"valueRequired\":true,\"valueName\":\"search_term_string\"}}],\"inLanguage\":\"de\"}]}<\/script>\n<!-- \/ Yoast SEO plugin. -->","yoast_head_json":{"title":"Trainieren Sie mit der besten Material Singular Wod mit Resasports","description":"Resasports schlie\u00dft sich Singular WOD an, um Ihnen dank seines Vorteilsprogramms die besten Sportger\u00e4te f\u00fcr Ihr Training anzubieten.","robots":{"index":"index","follow":"follow","max-snippet":"max-snippet:-1","max-image-preview":"max-image-preview:large","max-video-preview":"max-video-preview:-1"},"canonical":"https:\/\/resasports.com\/de\/partner-singular-wod\/","og_locale":"de_DE","og_type":"article","og_title":"Trainieren Sie mit der besten Material Singular Wod mit Resasports","og_description":"Resasports schlie\u00dft sich Singular WOD an, um Ihnen dank seines Vorteilsprogramms die besten Sportger\u00e4te f\u00fcr Ihr Training anzubieten.","og_url":"https:\/\/resasports.com\/de\/partner-singular-wod\/","og_site_name":"Resasports","article_modified_time":"2023-10-10T15:13:52+00:00","twitter_card":"summary_large_image","twitter_misc":{"Gesch\u00e4tzte Lesezeit":"3\u00a0Minuten"},"schema":{"@context":"https:\/\/schema.org","@graph":[{"@type":"WebPage","@id":"https:\/\/resasports.com\/de\/partner-singular-wod\/","url":"https:\/\/resasports.com\/de\/partner-singular-wod\/","name":"Trainieren Sie mit der besten Material Singular Wod mit Resasports","isPartOf":{"@id":"https:\/\/resasports.com\/de\/#website"},"datePublished":"2023-01-17T12:16:31+00:00","dateModified":"2023-10-10T15:13:52+00:00","description":"Resasports schlie\u00dft sich Singular WOD an, um Ihnen dank seines Vorteilsprogramms die besten Sportger\u00e4te f\u00fcr Ihr Training anzubieten.","breadcrumb":{"@id":"https:\/\/resasports.com\/de\/partner-singular-wod\/#breadcrumb"},"inLanguage":"de","potentialAction":[{"@type":"ReadAction","target":["https:\/\/resasports.com\/de\/partner-singular-wod\/"]}]},{"@type":"BreadcrumbList","@id":"https:\/\/resasports.com\/de\/partner-singular-wod\/#breadcrumb","itemListElement":[{"@type":"ListItem","position":1,"name":"Portada","item":"https:\/\/resasports.com\/de\/"},{"@type":"ListItem","position":2,"name":"Singular Wod"}]},{"@type":"WebSite","@id":"https:\/\/resasports.com\/de\/#website","url":"https:\/\/resasports.com\/de\/","name":"Resasports","description":"","potentialAction":[{"@type":"SearchAction","target":{"@type":"EntryPoint","urlTemplate":"https:\/\/resasports.com\/de\/?s={search_term_string}"},"query-input":{"@type":"PropertyValueSpecification","valueRequired":true,"valueName":"search_term_string"}}],"inLanguage":"de"}]}},"_links":{"self":[{"href":"https:\/\/resasports.com\/de\/wp-json\/wp\/v2\/pages\/14323","targetHints":{"allow":["GET"]}}],"collection":[{"href":"https:\/\/resasports.com\/de\/wp-json\/wp\/v2\/pages"}],"about":[{"href":"https:\/\/resasports.com\/de\/wp-json\/wp\/v2\/types\/page"}],"author":[{"embeddable":true,"href":"https:\/\/resasports.com\/de\/wp-json\/wp\/v2\/users\/3"}],"replies":[{"embeddable":true,"href":"https:\/\/resasports.com\/de\/wp-json\/wp\/v2\/comments?post=14323"}],"version-history":[{"count":18,"href":"https:\/\/resasports.com\/de\/wp-json\/wp\/v2\/pages\/14323\/revisions"}],"predecessor-version":[{"id":21005,"href":"https:\/\/resasports.com\/de\/wp-json\/wp\/v2\/pages\/14323\/revisions\/21005"}],"wp:attachment":[{"href":"https:\/\/resasports.com\/de\/wp-json\/wp\/v2\/media?parent=14323"}],"curies":[{"name":"wp","href":"https:\/\/api.w.org\/{rel}","templated":true}]}}