{"id":14316,"date":"2023-01-17T12:09:23","date_gmt":"2023-01-17T12:09:23","guid":{"rendered":"https:\/\/resasports.com\/?page_id=14316"},"modified":"2023-08-08T10:06:52","modified_gmt":"2023-08-08T10:06:52","slug":"partner-fitness-kpi","status":"publish","type":"page","link":"https:\/\/resasports.com\/de\/partner-fitness-kpi\/","title":{"rendered":"Fitness KPI"},"content":{"rendered":"<p>[et_pb_section fb_built=&#8220;1&#8243; _builder_version=&#8220;4.17.4&#8243; _module_preset=&#8220;default&#8220; custom_padding=&#8220;0px||||false|false&#8220; global_colors_info=&#8220;{}&#8220;][et_pb_row _builder_version=&#8220;4.17.4&#8243; _module_preset=&#8220;default&#8220; border_width_bottom=&#8220;1px&#8220; border_color_bottom=&#8220;rgba(9,133,88,0.25)&#8220; global_colors_info=&#8220;{}&#8220;][et_pb_column type=&#8220;4_4&#8243; _builder_version=&#8220;4.17.4&#8243; _module_preset=&#8220;default&#8220; global_colors_info=&#8220;{}&#8220;][et_pb_image src=&#8220;https:\/\/resasports.com\/wp-content\/uploads\/2023\/01\/FitnessKPI02.png&#8220; title_text=&#8220;FitnessKPI02&#8243; align=&#8220;right&#8220; _builder_version=&#8220;4.17.4&#8243; _module_preset=&#8220;default&#8220; max_width=&#8220;25%&#8220; global_colors_info=&#8220;{}&#8220;][\/et_pb_image][\/et_pb_column][\/et_pb_row][et_pb_row _builder_version=&#8220;4.17.4&#8243; _module_preset=&#8220;default&#8220; global_colors_info=&#8220;{}&#8220;][et_pb_column type=&#8220;4_4&#8243; _builder_version=&#8220;4.17.4&#8243; _module_preset=&#8220;default&#8220; global_colors_info=&#8220;{}&#8220;][et_pb_text _builder_version=&#8220;4.17.4&#8243; _module_preset=&#8220;default&#8220; header_2_font=&#8220;Raleway|800|||||||&#8220; header_2_text_color=&#8220;#098558&#8243; header_2_font_size=&#8220;40px&#8220; background_enable_color=&#8220;off&#8220; custom_padding=&#8220;||||true|false&#8220; locked=&#8220;off&#8220; global_colors_info=&#8220;{}&#8220;]<\/p>\n<h2 style=\"text-align: left\"><strong>Kontrollieren Sie Ihr Sportzentrum mit Fitness KPI und Resasports.<\/strong><\/h2>\n<p>[\/et_pb_text][et_pb_image src=&#8220;https:\/\/resasports.com\/wp-content\/uploads\/2023\/01\/01-1.png&#8220; title_text=&#8220;01&#8243; align=&#8220;center&#8220; _builder_version=&#8220;4.17.4&#8243; _module_preset=&#8220;default&#8220; custom_padding=&#8220;||||false|true&#8220; global_colors_info=&#8220;{}&#8220;][\/et_pb_image][\/et_pb_column][\/et_pb_row][et_pb_row _builder_version=&#8220;4.17.4&#8243; _module_preset=&#8220;default&#8220; global_colors_info=&#8220;{}&#8220;][et_pb_column type=&#8220;4_4&#8243; _builder_version=&#8220;4.17.4&#8243; _module_preset=&#8220;default&#8220; global_colors_info=&#8220;{}&#8220;][et_pb_text _builder_version=&#8220;4.17.4&#8243; _module_preset=&#8220;default&#8220; text_font=&#8220;Raleway||||||||&#8220; text_text_color=&#8220;#098558&#8243; text_font_size=&#8220;16px&#8220; hover_enabled=&#8220;0&#8243; global_colors_info=&#8220;{}&#8220; sticky_enabled=&#8220;0&#8243;]<\/p>\n<p data-pm-slice=\"1 1 []\">Die St\u00e4rke der Resasports Software f\u00fcr die Verwaltung von Sportzentren und die Kraft der Fitness KPI Business Intelligence, kombiniert um Ihnen das beste und vollst\u00e4ndigste Verwaltungssystem f\u00fcr Ihr Zentrum anzubieten.<\/p>\n<p>Erhalten Sie detaillierte Analysen und Statistiken f\u00fcr:<\/p>\n<ul>\n<li style=\"list-style-type: none\">\n<ul>\n<li>Mitgliederprofil<\/li>\n<li>Rekrutierung und Loyalit\u00e4t<\/li>\n<li>Inanspruchnahme und Rekrutierung<\/li>\n<li>Wirtschaft und Finanzen<\/li>\n<li>Geolocation<\/li>\n<li>Arbeitsklima<\/li>\n<\/ul>\n<\/li>\n<\/ul>\n<p>Die Verwaltung Ihres Sportzentrums, einfacher denn je mit Resasports und Fitness KPI.<\/p>\n<p>[\/et_pb_text][\/et_pb_column][\/et_pb_row][\/et_pb_section][et_pb_section fb_built=&#8220;1&#8243; _builder_version=&#8220;4.17.4&#8243; _module_preset=&#8220;default&#8220; background_enable_color=&#8220;off&#8220; locked=&#8220;off&#8220; global_colors_info=&#8220;{}&#8220;][et_pb_row column_structure=&#8220;1_2,1_2&#8243; _builder_version=&#8220;4.17.2&#8243; _module_preset=&#8220;default&#8220; global_colors_info=&#8220;{}&#8220;][et_pb_column type=&#8220;1_2&#8243; _builder_version=&#8220;4.17.2&#8243; _module_preset=&#8220;default&#8220; global_colors_info=&#8220;{}&#8220;][et_pb_image src=&#8220;https:\/\/resasports.com\/wp-content\/uploads\/2021\/11\/form-phone-RS-07.png&#8220; title_text=&#8220;form-phone-RS-07&#8243; align=&#8220;center&#8220; _builder_version=&#8220;4.17.4&#8243; _module_preset=&#8220;default&#8220; max_width=&#8220;70%&#8220; global_colors_info=&#8220;{}&#8220;][\/et_pb_image][\/et_pb_column][et_pb_column type=&#8220;1_2&#8243; _builder_version=&#8220;4.17.2&#8243; _module_preset=&#8220;default&#8220; global_colors_info=&#8220;{}&#8220;][et_pb_text content_tablet=&#8220;<\/p>\n<h2>Ihre Zeugnisse sind Punkt, Spiel und Sieg<\/h2>\n<p>&#8220; content_phone=&#8220;&#8220; content_last_edited=&#8220;on|tablet&#8220; _builder_version=&#8220;4.17.4&#8243; _module_preset=&#8220;default&#8220; text_font=&#8220;Raleway||||||||&#8220; header_2_font=&#8220;Raleway|900|||||||&#8220; header_2_text_color=&#8220;#122c34&#8243; header_2_font_size=&#8220;24px&#8220; custom_padding=&#8220;35px||||false|false&#8220; animation_direction=&#8220;bottom&#8220; locked=&#8220;off&#8220; global_colors_info=&#8220;{}&#8220;]<\/p>\n<h2>M\u00f6chten Sie mehr \u00fcber dieses Benefits Program erfahren?<\/h2>\n<p>F\u00fcllen Sie das Formular aus, und wir werden uns mit Ihnen in Verbindung setzen, um Ihnen alle Informationen dar\u00fcber zukommen zu lasser, wie Sie von dieser Zusammenarbeit und unserem Benefits Program profitieren k\u00f6nnen, nur weil Sie Teil des Team Resasports sind.<\/p>\n<p>[\/et_pb_text][et_pb_text _builder_version=&#8220;4.17.2&#8243; _module_preset=&#8220;default&#8220; custom_padding=&#8220;|10%||10%|false|true&#8220; global_colors_info=&#8220;{}&#8220;]<\/p>\n\n\t\t\t\t\t<script>\n\t\t\t\t\t\twindow.hsFormsOnReady = window.hsFormsOnReady || [];\n\t\t\t\t\t\twindow.hsFormsOnReady.push(()=>{\n\t\t\t\t\t\t\thbspt.forms.create({\n\t\t\t\t\t\t\t\tportalId: 6234568,\n\t\t\t\t\t\t\t\tformId: \"be9d2ba2-3b55-46f5-a601-6aad19a80908\",\n\t\t\t\t\t\t\t\ttarget: \"#hbspt-form-1775582037000-3625552329\",\n\t\t\t\t\t\t\t\tregion: \"na1\",\n\t\t\t\t\t\t\t\t\n\t\t\t\t\t\t})});\n\t\t\t\t\t<\/script>\n\t\t\t\t\t<div class=\"hbspt-form\" id=\"hbspt-form-1775582037000-3625552329\"><\/div>\n<p>[\/et_pb_text][\/et_pb_column][\/et_pb_row][\/et_pb_section]<\/p>\n","protected":false},"excerpt":{"rendered":"<p>Kontrollieren Sie Ihr Sportzentrum mit Fitness KPI und Resasports.Die St\u00e4rke der Resasports Software f\u00fcr die Verwaltung von Sportzentren und die Kraft der Fitness KPI Business Intelligence, kombiniert um Ihnen das beste und vollst\u00e4ndigste Verwaltungssystem f\u00fcr Ihr Zentrum anzubieten. Erhalten Sie detaillierte Analysen und Statistiken f\u00fcr: Mitgliederprofil Rekrutierung und Loyalit\u00e4t Inanspruchnahme und Rekrutierung Wirtschaft und Finanzen [&hellip;]<\/p>\n","protected":false},"author":3,"featured_media":0,"parent":0,"menu_order":0,"comment_status":"closed","ping_status":"closed","template":"","meta":{"_et_pb_use_builder":"on","_et_pb_old_content":"","_et_gb_content_width":"","content-type":"","footnotes":""},"class_list":["post-14316","page","type-page","status-publish","hentry"],"yoast_head":"<!-- This site is optimized with the Yoast SEO plugin v25.7 - https:\/\/yoast.com\/wordpress\/plugins\/seo\/ -->\n<title>Die Kontrolle \u00fcber Ihr Sportzentrum mit Fitness KPI und Resasports<\/title>\n<meta name=\"description\" content=\"Die St\u00e4rke der Resasports Sportzentrum Management Software und die Macht der Fitness KPI Business Intelligence.\" \/>\n<meta name=\"robots\" content=\"index, follow, max-snippet:-1, max-image-preview:large, max-video-preview:-1\" \/>\n<link rel=\"canonical\" href=\"https:\/\/resasports.com\/de\/partner-fitness-kpi\/\" \/>\n<meta property=\"og:locale\" content=\"de_DE\" \/>\n<meta property=\"og:type\" content=\"article\" \/>\n<meta property=\"og:title\" content=\"Die Kontrolle \u00fcber Ihr Sportzentrum mit Fitness KPI und Resasports\" \/>\n<meta property=\"og:description\" content=\"Die St\u00e4rke der Resasports Sportzentrum Management Software und die Macht der Fitness KPI Business Intelligence.\" \/>\n<meta property=\"og:url\" content=\"https:\/\/resasports.com\/de\/partner-fitness-kpi\/\" \/>\n<meta property=\"og:site_name\" content=\"Resasports\" \/>\n<meta property=\"article:modified_time\" content=\"2023-08-08T10:06:52+00:00\" \/>\n<meta name=\"twitter:card\" content=\"summary_large_image\" \/>\n<meta name=\"twitter:label1\" content=\"Gesch\u00e4tzte Lesezeit\" \/>\n\t<meta name=\"twitter:data1\" content=\"3\u00a0Minuten\" \/>\n<script type=\"application\/ld+json\" class=\"yoast-schema-graph\">{\"@context\":\"https:\/\/schema.org\",\"@graph\":[{\"@type\":\"WebPage\",\"@id\":\"https:\/\/resasports.com\/de\/partner-fitness-kpi\/\",\"url\":\"https:\/\/resasports.com\/de\/partner-fitness-kpi\/\",\"name\":\"Die Kontrolle \u00fcber Ihr Sportzentrum mit Fitness KPI und Resasports\",\"isPartOf\":{\"@id\":\"https:\/\/resasports.com\/de\/#website\"},\"datePublished\":\"2023-01-17T12:09:23+00:00\",\"dateModified\":\"2023-08-08T10:06:52+00:00\",\"description\":\"Die St\u00e4rke der Resasports Sportzentrum Management Software und die Macht der Fitness KPI Business Intelligence.\",\"breadcrumb\":{\"@id\":\"https:\/\/resasports.com\/de\/partner-fitness-kpi\/#breadcrumb\"},\"inLanguage\":\"de\",\"potentialAction\":[{\"@type\":\"ReadAction\",\"target\":[\"https:\/\/resasports.com\/de\/partner-fitness-kpi\/\"]}]},{\"@type\":\"BreadcrumbList\",\"@id\":\"https:\/\/resasports.com\/de\/partner-fitness-kpi\/#breadcrumb\",\"itemListElement\":[{\"@type\":\"ListItem\",\"position\":1,\"name\":\"Portada\",\"item\":\"https:\/\/resasports.com\/de\/\"},{\"@type\":\"ListItem\",\"position\":2,\"name\":\"Fitness KPI\"}]},{\"@type\":\"WebSite\",\"@id\":\"https:\/\/resasports.com\/de\/#website\",\"url\":\"https:\/\/resasports.com\/de\/\",\"name\":\"Resasports\",\"description\":\"\",\"potentialAction\":[{\"@type\":\"SearchAction\",\"target\":{\"@type\":\"EntryPoint\",\"urlTemplate\":\"https:\/\/resasports.com\/de\/?s={search_term_string}\"},\"query-input\":{\"@type\":\"PropertyValueSpecification\",\"valueRequired\":true,\"valueName\":\"search_term_string\"}}],\"inLanguage\":\"de\"}]}<\/script>\n<!-- \/ Yoast SEO plugin. -->","yoast_head_json":{"title":"Die Kontrolle \u00fcber Ihr Sportzentrum mit Fitness KPI und Resasports","description":"Die St\u00e4rke der Resasports Sportzentrum Management Software und die Macht der Fitness KPI Business Intelligence.","robots":{"index":"index","follow":"follow","max-snippet":"max-snippet:-1","max-image-preview":"max-image-preview:large","max-video-preview":"max-video-preview:-1"},"canonical":"https:\/\/resasports.com\/de\/partner-fitness-kpi\/","og_locale":"de_DE","og_type":"article","og_title":"Die Kontrolle \u00fcber Ihr Sportzentrum mit Fitness KPI und Resasports","og_description":"Die St\u00e4rke der Resasports Sportzentrum Management Software und die Macht der Fitness KPI Business Intelligence.","og_url":"https:\/\/resasports.com\/de\/partner-fitness-kpi\/","og_site_name":"Resasports","article_modified_time":"2023-08-08T10:06:52+00:00","twitter_card":"summary_large_image","twitter_misc":{"Gesch\u00e4tzte Lesezeit":"3\u00a0Minuten"},"schema":{"@context":"https:\/\/schema.org","@graph":[{"@type":"WebPage","@id":"https:\/\/resasports.com\/de\/partner-fitness-kpi\/","url":"https:\/\/resasports.com\/de\/partner-fitness-kpi\/","name":"Die Kontrolle \u00fcber Ihr Sportzentrum mit Fitness KPI und Resasports","isPartOf":{"@id":"https:\/\/resasports.com\/de\/#website"},"datePublished":"2023-01-17T12:09:23+00:00","dateModified":"2023-08-08T10:06:52+00:00","description":"Die St\u00e4rke der Resasports Sportzentrum Management Software und die Macht der Fitness KPI Business Intelligence.","breadcrumb":{"@id":"https:\/\/resasports.com\/de\/partner-fitness-kpi\/#breadcrumb"},"inLanguage":"de","potentialAction":[{"@type":"ReadAction","target":["https:\/\/resasports.com\/de\/partner-fitness-kpi\/"]}]},{"@type":"BreadcrumbList","@id":"https:\/\/resasports.com\/de\/partner-fitness-kpi\/#breadcrumb","itemListElement":[{"@type":"ListItem","position":1,"name":"Portada","item":"https:\/\/resasports.com\/de\/"},{"@type":"ListItem","position":2,"name":"Fitness KPI"}]},{"@type":"WebSite","@id":"https:\/\/resasports.com\/de\/#website","url":"https:\/\/resasports.com\/de\/","name":"Resasports","description":"","potentialAction":[{"@type":"SearchAction","target":{"@type":"EntryPoint","urlTemplate":"https:\/\/resasports.com\/de\/?s={search_term_string}"},"query-input":{"@type":"PropertyValueSpecification","valueRequired":true,"valueName":"search_term_string"}}],"inLanguage":"de"}]}},"_links":{"self":[{"href":"https:\/\/resasports.com\/de\/wp-json\/wp\/v2\/pages\/14316","targetHints":{"allow":["GET"]}}],"collection":[{"href":"https:\/\/resasports.com\/de\/wp-json\/wp\/v2\/pages"}],"about":[{"href":"https:\/\/resasports.com\/de\/wp-json\/wp\/v2\/types\/page"}],"author":[{"embeddable":true,"href":"https:\/\/resasports.com\/de\/wp-json\/wp\/v2\/users\/3"}],"replies":[{"embeddable":true,"href":"https:\/\/resasports.com\/de\/wp-json\/wp\/v2\/comments?post=14316"}],"version-history":[{"count":24,"href":"https:\/\/resasports.com\/de\/wp-json\/wp\/v2\/pages\/14316\/revisions"}],"predecessor-version":[{"id":20290,"href":"https:\/\/resasports.com\/de\/wp-json\/wp\/v2\/pages\/14316\/revisions\/20290"}],"wp:attachment":[{"href":"https:\/\/resasports.com\/de\/wp-json\/wp\/v2\/media?parent=14316"}],"curies":[{"name":"wp","href":"https:\/\/api.w.org\/{rel}","templated":true}]}}