{"id":14309,"date":"2023-01-17T12:08:20","date_gmt":"2023-01-17T12:08:20","guid":{"rendered":"https:\/\/resasports.com\/?page_id=14309"},"modified":"2023-10-27T07:01:15","modified_gmt":"2023-10-27T07:01:15","slug":"partner-das-gate","status":"publish","type":"page","link":"https:\/\/resasports.com\/de\/partner-das-gate\/","title":{"rendered":"DasGate"},"content":{"rendered":"<p>[et_pb_section fb_built=&#8220;1&#8243; _builder_version=&#8220;4.17.4&#8243; _module_preset=&#8220;default&#8220; custom_padding=&#8220;0px||||false|false&#8220; global_colors_info=&#8220;{}&#8220;][et_pb_row _builder_version=&#8220;4.17.4&#8243; _module_preset=&#8220;default&#8220; border_width_bottom=&#8220;1px&#8220; border_color_bottom=&#8220;rgba(9,133,88,0.25)&#8220; global_colors_info=&#8220;{}&#8220;][et_pb_column type=&#8220;4_4&#8243; _builder_version=&#8220;4.17.4&#8243; _module_preset=&#8220;default&#8220; global_colors_info=&#8220;{}&#8220;][et_pb_image src=&#8220;https:\/\/resasports.com\/wp-content\/uploads\/2023\/01\/dasgate-2.png&#8220; title_text=&#8220;dasgate&#8220; align=&#8220;right&#8220; _builder_version=&#8220;4.17.4&#8243; _module_preset=&#8220;default&#8220; max_width=&#8220;25%&#8220; global_colors_info=&#8220;{}&#8220;][\/et_pb_image][\/et_pb_column][\/et_pb_row][et_pb_row _builder_version=&#8220;4.17.4&#8243; _module_preset=&#8220;default&#8220; global_colors_info=&#8220;{}&#8220;][et_pb_column type=&#8220;4_4&#8243; _builder_version=&#8220;4.17.4&#8243; _module_preset=&#8220;default&#8220; global_colors_info=&#8220;{}&#8220;][et_pb_text _builder_version=&#8220;4.21.0&#8243; _module_preset=&#8220;default&#8220; header_2_font=&#8220;Raleway|800|||||||&#8220; header_2_text_color=&#8220;#098558&#8243; header_2_font_size=&#8220;40px&#8220; background_enable_color=&#8220;off&#8220; custom_padding=&#8220;||||true|false&#8220; hover_enabled=&#8220;0&#8243; locked=&#8220;off&#8220; global_colors_info=&#8220;{}&#8220; sticky_enabled=&#8220;0&#8243;]<\/p>\n<h1 style=\"text-align: left\">Die innovativste Zugangsl\u00f6sung f\u00fcr Sportzentren.<\/h1>\n<p>[\/et_pb_text][et_pb_image src=&#8220;https:\/\/resasports.com\/wp-content\/uploads\/2023\/01\/03.png&#8220; title_text=&#8220;03&#8243; align=&#8220;center&#8220; _builder_version=&#8220;4.17.4&#8243; _module_preset=&#8220;default&#8220; custom_padding=&#8220;||||false|true&#8220; global_colors_info=&#8220;{}&#8220;][\/et_pb_image][\/et_pb_column][\/et_pb_row][et_pb_row _builder_version=&#8220;4.17.4&#8243; _module_preset=&#8220;default&#8220; global_colors_info=&#8220;{}&#8220;][et_pb_column type=&#8220;4_4&#8243; _builder_version=&#8220;4.17.4&#8243; _module_preset=&#8220;default&#8220; global_colors_info=&#8220;{}&#8220;][et_pb_text _builder_version=&#8220;4.17.4&#8243; _module_preset=&#8220;default&#8220; text_font=&#8220;Raleway||||||||&#8220; text_text_color=&#8220;#098558&#8243; text_font_size=&#8220;16px&#8220; global_colors_info=&#8220;{}&#8220;]<\/p>\n<p data-pm-slice=\"1 1 []\">Schlie\u00dfen Sie mit Ihrer Resasports-Lizenz Ihr dasGate Gesichtserkennungs-Zutrittssystem ab und gewinnen Sie Sicherheit in Ihrem Sportzentrum.<\/p>\n<p>Vorteile f\u00fcr Ihr Zentrum:<\/p>\n<ul>\n<li style=\"list-style-type: none\">\n<ul class=\"ProsemirrorEditor-list\">\n<li class=\"ProsemirrorEditor-listItem\" data-list-indent=\"1\" data-list-type=\"bulleted\">Kosteneinsparungen<\/li>\n<li class=\"ProsemirrorEditor-listItem\" data-list-indent=\"1\" data-list-type=\"bulleted\">Mehr Sicherheit<\/li>\n<li class=\"ProsemirrorEditor-listItem\" data-list-indent=\"1\" data-list-type=\"bulleted\">Automatisierung des Sportzentrums<\/li>\n<\/ul>\n<\/li>\n<\/ul>\n<p>Vortaile f\u00fcr Ihren Kunden:<\/p>\n<ul>\n<li style=\"list-style-type: none\">\n<ul class=\"ProsemirrorEditor-list\">\n<li class=\"ProsemirrorEditor-listItem\" data-list-indent=\"1\" data-list-type=\"bulleted\">Verbesserte Benutzerfreundlichkeit<\/li>\n<li class=\"ProsemirrorEditor-listItem\" data-list-indent=\"1\" data-list-type=\"bulleted\">Zugang in &lt;1 Minute<\/li>\n<li class=\"ProsemirrorEditor-listItem\" data-list-indent=\"1\" data-list-type=\"bulleted\">100% privat<\/li>\n<\/ul>\n<\/li>\n<\/ul>\n<div class=\"et_pb_section et_pb_section_0 partnersscreen-spacing et_pb_with_background et_section_regular\">\n<div class=\"et_pb_row et_pb_row_0 partnersrow-spacing et_pb_gutters4 et-last-child\">\n<div class=\"et_pb_column et_pb_column_1_2 et_pb_column_1 et_pb_css_mix_blend_mode_passthrough et-last-child\">\n<div class=\"et_pb_module et_pb_text et_pb_text_2 et_pb_text_align_left et_pb_bg_layout_light\">\n<div class=\"et_pb_text_inner\">Vergessen Sie Karten, Armb\u00e4nder und QRs. Integrieren Sie Ihre <strong>Zugangskontrolle mit Gesichtserkennung mit Resasports<\/strong> und profitieren Sie von all seinen Vorteilen.<\/div>\n<\/div>\n<\/div>\n<\/div>\n<\/div>\n<p>[\/et_pb_text][\/et_pb_column][\/et_pb_row][\/et_pb_section][et_pb_section fb_built=&#8220;1&#8243; _builder_version=&#8220;4.17.4&#8243; _module_preset=&#8220;default&#8220; background_enable_color=&#8220;off&#8220; locked=&#8220;off&#8220; global_colors_info=&#8220;{}&#8220;][et_pb_row column_structure=&#8220;1_2,1_2&#8243; _builder_version=&#8220;4.17.2&#8243; _module_preset=&#8220;default&#8220; global_colors_info=&#8220;{}&#8220;][et_pb_column type=&#8220;1_2&#8243; _builder_version=&#8220;4.17.2&#8243; _module_preset=&#8220;default&#8220; global_colors_info=&#8220;{}&#8220;][et_pb_image src=&#8220;https:\/\/resasports.com\/wp-content\/uploads\/2021\/11\/form-phone-RS-07.png&#8220; title_text=&#8220;form-phone-RS-07&#8243; align=&#8220;center&#8220; _builder_version=&#8220;4.17.4&#8243; _module_preset=&#8220;default&#8220; max_width=&#8220;70%&#8220; global_colors_info=&#8220;{}&#8220;][\/et_pb_image][\/et_pb_column][et_pb_column type=&#8220;1_2&#8243; _builder_version=&#8220;4.17.2&#8243; _module_preset=&#8220;default&#8220; global_colors_info=&#8220;{}&#8220;][et_pb_text content_tablet=&#8220;<\/p>\n<h2>Ihre Zeugnisse sind Punkt, Spiel und Sieg<\/h2>\n<p>&#8220; content_phone=&#8220;&#8220; content_last_edited=&#8220;on|tablet&#8220; _builder_version=&#8220;4.17.4&#8243; _module_preset=&#8220;default&#8220; text_font=&#8220;Raleway||||||||&#8220; header_2_font=&#8220;Raleway|900|||||||&#8220; header_2_text_color=&#8220;#122c34&#8243; header_2_font_size=&#8220;24px&#8220; custom_padding=&#8220;35px||||false|false&#8220; animation_direction=&#8220;bottom&#8220; locked=&#8220;off&#8220; global_colors_info=&#8220;{}&#8220;]<\/p>\n<h2>M\u00f6chten Sie mehr \u00fcber diese Benefits Program erfahren?<\/h2>\n<div class=\"et_pb_module et_pb_text et_pb_text_3 et_pb_text_align_left et_pb_bg_layout_light et_multi_view__hover_selector et_multi_view__hovered\">\n<div class=\"et_pb_text_inner et_multi_view_swapped\" style=\"margin: 0px;padding: 0px;border: 0px;font-size: 14px;vertical-align: baseline;background: transparent;position: relative\" data-et-multi-view=\"{&quot;schema&quot;:{&quot;content&quot;:{&quot;desktop&quot;:&quot;&lt;h2 style=\\&quot;text-align: left\\&quot;&gt;M\u00f6chten Sie mehr \u00fcber diese Benefits Program erfahren?&lt;\\\/h2&gt;\\n&lt;p&gt;F\u00fcllen Sie das Formular aus, und wir werden uns mit Ihnen in Verbindung setzen, um Ihnen alle Informationen dar\u00fcber zukommen zu lassen, wie Sie von dieser Zusammenarbeit im Rahmen unseres Benefits Program profitieren k\u00f6nnen, nur weil Sie Teil des Team Resasports sind.&quot;,&quot;tablet&quot;:&quot;&lt;h2&gt;Ihre Zeugnisse sind von Bedeutung, Spiel und Wettkampf&lt;\\\/h2&gt;&quot;,&quot;phone&quot;:&quot;&quot;}},&quot;slug&quot;:&quot;et_pb_text&quot;}\" data-et-multi-view-load-tablet-hidden=\"true\" data-et-multi-view-load-phone-hidden=\"true\">\n<p>F\u00fcllen Sie das Formular aus, und wir werden uns mit Ihnen in Verbindung setzen, um Ihnen alle Informationen dar\u00fcber zukommen zu lassen, wie Sie von dieser Zusammenarbeit im Rahmen unseres Benefits Program profitieren k\u00f6nnen, nur weil Sie Teil des Team Resasports sind.<\/p>\n<\/div>\n<\/div>\n<p>[\/et_pb_text][et_pb_text _builder_version=&#8220;4.17.2&#8243; _module_preset=&#8220;default&#8220; custom_padding=&#8220;|10%||10%|false|true&#8220; global_colors_info=&#8220;{}&#8220;]<\/p>\n\n\t\t\t\t\t<script>\n\t\t\t\t\t\twindow.hsFormsOnReady = window.hsFormsOnReady || [];\n\t\t\t\t\t\twindow.hsFormsOnReady.push(()=>{\n\t\t\t\t\t\t\thbspt.forms.create({\n\t\t\t\t\t\t\t\tportalId: 6234568,\n\t\t\t\t\t\t\t\tformId: \"be9d2ba2-3b55-46f5-a601-6aad19a80908\",\n\t\t\t\t\t\t\t\ttarget: \"#hbspt-form-1775787738000-6044136353\",\n\t\t\t\t\t\t\t\tregion: \"na1\",\n\t\t\t\t\t\t\t\t\n\t\t\t\t\t\t})});\n\t\t\t\t\t<\/script>\n\t\t\t\t\t<div class=\"hbspt-form\" id=\"hbspt-form-1775787738000-6044136353\"><\/div>\n<p>[\/et_pb_text][\/et_pb_column][\/et_pb_row][\/et_pb_section]<\/p>\n","protected":false},"excerpt":{"rendered":"<p>Die innovativste Zugangsl\u00f6sung f\u00fcr Sportzentren.Schlie\u00dfen Sie mit Ihrer Resasports-Lizenz Ihr dasGate Gesichtserkennungs-Zutrittssystem ab und gewinnen Sie Sicherheit in Ihrem Sportzentrum. Vorteile f\u00fcr Ihr Zentrum: Kosteneinsparungen Mehr Sicherheit Automatisierung des Sportzentrums Vortaile f\u00fcr Ihren Kunden: Verbesserte Benutzerfreundlichkeit Zugang in &lt;1 Minute 100% privat Vergessen Sie Karten, Armb\u00e4nder und QRs. Integrieren Sie Ihre Zugangskontrolle mit Gesichtserkennung mit [&hellip;]<\/p>\n","protected":false},"author":3,"featured_media":0,"parent":0,"menu_order":0,"comment_status":"closed","ping_status":"closed","template":"","meta":{"_et_pb_use_builder":"on","_et_pb_old_content":"","_et_gb_content_width":"","content-type":"","footnotes":""},"class_list":["post-14309","page","type-page","status-publish","hentry"],"yoast_head":"<!-- This site is optimized with the Yoast SEO plugin v25.7 - https:\/\/yoast.com\/wordpress\/plugins\/seo\/ -->\n<title>Partnerschaft mit Das Gate - Resasports<\/title>\n<meta name=\"description\" content=\"Die innovativste Zugangsl\u00f6sung f\u00fcr Sportzentren. F\u00fcgen Sie Ihrem Zentrum dasGate Gesichtserkennungs-Zutrittssystem mit Resasports hinzu.\" \/>\n<meta name=\"robots\" content=\"index, follow, max-snippet:-1, max-image-preview:large, max-video-preview:-1\" \/>\n<link rel=\"canonical\" href=\"https:\/\/resasports.com\/de\/partner-das-gate\/\" \/>\n<meta property=\"og:locale\" content=\"de_DE\" \/>\n<meta property=\"og:type\" content=\"article\" \/>\n<meta property=\"og:title\" content=\"Partnerschaft mit Das Gate - Resasports\" \/>\n<meta property=\"og:description\" content=\"Die innovativste Zugangsl\u00f6sung f\u00fcr Sportzentren. F\u00fcgen Sie Ihrem Zentrum dasGate Gesichtserkennungs-Zutrittssystem mit Resasports hinzu.\" \/>\n<meta property=\"og:url\" content=\"https:\/\/resasports.com\/de\/partner-das-gate\/\" \/>\n<meta property=\"og:site_name\" content=\"Resasports\" \/>\n<meta property=\"article:modified_time\" content=\"2023-10-27T07:01:15+00:00\" \/>\n<meta name=\"twitter:card\" content=\"summary_large_image\" \/>\n<meta name=\"twitter:label1\" content=\"Gesch\u00e4tzte Lesezeit\" \/>\n\t<meta name=\"twitter:data1\" content=\"2\u00a0Minuten\" \/>\n<script type=\"application\/ld+json\" class=\"yoast-schema-graph\">{\"@context\":\"https:\/\/schema.org\",\"@graph\":[{\"@type\":\"WebPage\",\"@id\":\"https:\/\/resasports.com\/de\/partner-das-gate\/\",\"url\":\"https:\/\/resasports.com\/de\/partner-das-gate\/\",\"name\":\"Partnerschaft mit Das Gate - Resasports\",\"isPartOf\":{\"@id\":\"https:\/\/resasports.com\/de\/#website\"},\"datePublished\":\"2023-01-17T12:08:20+00:00\",\"dateModified\":\"2023-10-27T07:01:15+00:00\",\"description\":\"Die innovativste Zugangsl\u00f6sung f\u00fcr Sportzentren. F\u00fcgen Sie Ihrem Zentrum dasGate Gesichtserkennungs-Zutrittssystem mit Resasports hinzu.\",\"breadcrumb\":{\"@id\":\"https:\/\/resasports.com\/de\/partner-das-gate\/#breadcrumb\"},\"inLanguage\":\"de\",\"potentialAction\":[{\"@type\":\"ReadAction\",\"target\":[\"https:\/\/resasports.com\/de\/partner-das-gate\/\"]}]},{\"@type\":\"BreadcrumbList\",\"@id\":\"https:\/\/resasports.com\/de\/partner-das-gate\/#breadcrumb\",\"itemListElement\":[{\"@type\":\"ListItem\",\"position\":1,\"name\":\"Portada\",\"item\":\"https:\/\/resasports.com\/de\/\"},{\"@type\":\"ListItem\",\"position\":2,\"name\":\"DasGate\"}]},{\"@type\":\"WebSite\",\"@id\":\"https:\/\/resasports.com\/de\/#website\",\"url\":\"https:\/\/resasports.com\/de\/\",\"name\":\"Resasports\",\"description\":\"\",\"potentialAction\":[{\"@type\":\"SearchAction\",\"target\":{\"@type\":\"EntryPoint\",\"urlTemplate\":\"https:\/\/resasports.com\/de\/?s={search_term_string}\"},\"query-input\":{\"@type\":\"PropertyValueSpecification\",\"valueRequired\":true,\"valueName\":\"search_term_string\"}}],\"inLanguage\":\"de\"}]}<\/script>\n<!-- \/ Yoast SEO plugin. -->","yoast_head_json":{"title":"Partnerschaft mit Das Gate - Resasports","description":"Die innovativste Zugangsl\u00f6sung f\u00fcr Sportzentren. F\u00fcgen Sie Ihrem Zentrum dasGate Gesichtserkennungs-Zutrittssystem mit Resasports hinzu.","robots":{"index":"index","follow":"follow","max-snippet":"max-snippet:-1","max-image-preview":"max-image-preview:large","max-video-preview":"max-video-preview:-1"},"canonical":"https:\/\/resasports.com\/de\/partner-das-gate\/","og_locale":"de_DE","og_type":"article","og_title":"Partnerschaft mit Das Gate - Resasports","og_description":"Die innovativste Zugangsl\u00f6sung f\u00fcr Sportzentren. F\u00fcgen Sie Ihrem Zentrum dasGate Gesichtserkennungs-Zutrittssystem mit Resasports hinzu.","og_url":"https:\/\/resasports.com\/de\/partner-das-gate\/","og_site_name":"Resasports","article_modified_time":"2023-10-27T07:01:15+00:00","twitter_card":"summary_large_image","twitter_misc":{"Gesch\u00e4tzte Lesezeit":"2\u00a0Minuten"},"schema":{"@context":"https:\/\/schema.org","@graph":[{"@type":"WebPage","@id":"https:\/\/resasports.com\/de\/partner-das-gate\/","url":"https:\/\/resasports.com\/de\/partner-das-gate\/","name":"Partnerschaft mit Das Gate - Resasports","isPartOf":{"@id":"https:\/\/resasports.com\/de\/#website"},"datePublished":"2023-01-17T12:08:20+00:00","dateModified":"2023-10-27T07:01:15+00:00","description":"Die innovativste Zugangsl\u00f6sung f\u00fcr Sportzentren. F\u00fcgen Sie Ihrem Zentrum dasGate Gesichtserkennungs-Zutrittssystem mit Resasports hinzu.","breadcrumb":{"@id":"https:\/\/resasports.com\/de\/partner-das-gate\/#breadcrumb"},"inLanguage":"de","potentialAction":[{"@type":"ReadAction","target":["https:\/\/resasports.com\/de\/partner-das-gate\/"]}]},{"@type":"BreadcrumbList","@id":"https:\/\/resasports.com\/de\/partner-das-gate\/#breadcrumb","itemListElement":[{"@type":"ListItem","position":1,"name":"Portada","item":"https:\/\/resasports.com\/de\/"},{"@type":"ListItem","position":2,"name":"DasGate"}]},{"@type":"WebSite","@id":"https:\/\/resasports.com\/de\/#website","url":"https:\/\/resasports.com\/de\/","name":"Resasports","description":"","potentialAction":[{"@type":"SearchAction","target":{"@type":"EntryPoint","urlTemplate":"https:\/\/resasports.com\/de\/?s={search_term_string}"},"query-input":{"@type":"PropertyValueSpecification","valueRequired":true,"valueName":"search_term_string"}}],"inLanguage":"de"}]}},"_links":{"self":[{"href":"https:\/\/resasports.com\/de\/wp-json\/wp\/v2\/pages\/14309","targetHints":{"allow":["GET"]}}],"collection":[{"href":"https:\/\/resasports.com\/de\/wp-json\/wp\/v2\/pages"}],"about":[{"href":"https:\/\/resasports.com\/de\/wp-json\/wp\/v2\/types\/page"}],"author":[{"embeddable":true,"href":"https:\/\/resasports.com\/de\/wp-json\/wp\/v2\/users\/3"}],"replies":[{"embeddable":true,"href":"https:\/\/resasports.com\/de\/wp-json\/wp\/v2\/comments?post=14309"}],"version-history":[{"count":22,"href":"https:\/\/resasports.com\/de\/wp-json\/wp\/v2\/pages\/14309\/revisions"}],"predecessor-version":[{"id":20317,"href":"https:\/\/resasports.com\/de\/wp-json\/wp\/v2\/pages\/14309\/revisions\/20317"}],"wp:attachment":[{"href":"https:\/\/resasports.com\/de\/wp-json\/wp\/v2\/media?parent=14309"}],"curies":[{"name":"wp","href":"https:\/\/api.w.org\/{rel}","templated":true}]}}